{"id":16364,"date":"2020-02-14T14:43:48","date_gmt":"2020-02-14T21:43:48","guid":{"rendered":"https:\/\/springs.flywheelstaging.com\/abogado-de-accidente-de-omision-de-ceder-el-paso-en-pueblo\/"},"modified":"2023-09-01T07:11:34","modified_gmt":"2023-09-01T14:11:34","slug":"abogado-de-accidente-de-omision-de-ceder-el-paso-en-pueblo","status":"publish","type":"page","link":"https:\/\/springslawgroup.com\/es\/pueblo-abogado-de-lesiones-personales\/abogado-de-accidentes-de-coche-en-pueblo\/abogado-de-accidente-de-omision-de-ceder-el-paso-en-pueblo\/","title":{"rendered":"Abogado especializado en accidentes por no ceder el paso de Pueblo"},"content":{"rendered":"<p>Adem\u00e1s de las leyes que proh\u00edben el exceso de velocidad, la <a href=\"https:\/\/springslawgroup.com\/es\/pueblo-abogado-de-lesiones-personales\/abogado-de-accidentes-de-coche-en-pueblo\/accidentes-por-conducir-ebrio-en-pueblo\/\">conducci\u00f3n alcoholizada<\/a> y el <a href=\"https:\/\/springslawgroup.com\/es\/pueblo-abogado-de-lesiones-personales\/abogado-de-accidentes-de-coche-en-pueblo\/pueblo-accidentes-de-coche-causados-por-mensajes-de-texto-y-la-conduccion\/\">env\u00edo de mensajes de texto al volante<\/a>, la legislaci\u00f3n estatal impone diversas normas que establecen el comportamiento adecuado al volante. Las normas m\u00e1s importantes son las que establecen qui\u00e9n tiene derecho de paso en determinadas circunstancias y qu\u00e9 se espera que hagan los conductores con y sin derecho de paso en esas situaciones.<\/p>\n<p>Un <a href=\"https:\/\/springslawgroup.com\/es\/pueblo-abogado-de-lesiones-personales\/abogado-de-accidentes-de-coche-en-pueblo\/\">abogado especializado en accidentes automovil\u00edsticos<\/a> podr\u00eda utilizar pruebas de violaci\u00f3n del derecho de paso para argumentar negligencia por parte de otro conductor y solicitar una indemnizaci\u00f3n por da\u00f1os y perjuicios para la parte perjudicada. Si se involucr\u00f3 en un accidente en el que otro automovilista no cedi\u00f3 el paso, un abogado especializado en este tipo de accidentes de Pueblo podr\u00eda ayudarle.<\/p>\n<h2>C\u00f3mo una violaci\u00f3n de la ley de tr\u00e1fico implica negligencia legal en Pueblo<\/h2>\n<p>La secci\u00f3n 10.2 del <a href=\"https:\/\/www.colorado.gov\/pacific\/sites\/default\/files\/DriverHandbook.pdf\" target=\"_blank\" rel=\"noopener\">Manual del Conductor de Colorado<\/a> establece varias normas de derecho de paso que aplican a conductores en Pueblo. Por ejemplo, en una intersecci\u00f3n de cuatro v\u00edas, los conductores deben ceder el paso al automovilista que haya llegado primero a la intersecci\u00f3n o, si se aproximan dos o m\u00e1s veh\u00edculos al mismo tiempo, al conductor de la derecha.<\/p>\n<p>Un conductor que atraviesa una intersecci\u00f3n sin tener preferencia de paso se incorpora peligrosamente a una autopista, se cruza con alguien al cambiar de carril o realiza cualquier otra acci\u00f3n que infrinja las normas de circulaci\u00f3n puede provocar un choque grave. Si un individuo causa un accidente debido a este comportamiento imprudente, esta persona puede considerarse legalmente negligente.<\/p>\n<p>Estas situaciones pueden constituir un incumplimiento del deber de diligencia razonable al volante. Adem\u00e1s, si el accidente resultante provoca lesiones a otro conductor, esa persona lesionada podr\u00eda presentar una demanda para obtener una indemnizaci\u00f3n civil. Un abogado experto en Pueblo podr\u00eda evaluar un caso de accidente por no ceder el paso y ayudar a la parte lesionada a demostrar la responsabilidad de otra persona.<\/p>\n<h2>Da\u00f1os indemnizables en un caso de incumplimiento del derecho de paso<\/h2>\n<p>Dado que Colorado es un estado de culpa cuando se trata de litigios despu\u00e9s de accidentes automovil\u00edsticos, una persona lesionada tiene la opci\u00f3n de presentar una demanda directamente contra una parte responsable de todas sus p\u00e9rdidas relacionadas. A diferencia de un acuerdo con el seguro, una demanda de terceros o un acuerdo privado permite al demandante solicitar tanto da\u00f1os econ\u00f3micos como no econ\u00f3micos.<\/p>\n<p>Algunos de los da\u00f1os econ\u00f3micos que un demandante puede recuperar incluyen salarios perdidos, gastos m\u00e9dicos tanto a corto como a largo plazo, costos de reparaci\u00f3n o sustituci\u00f3n por da\u00f1os a su veh\u00edculo y p\u00e9rdida de capacidad de ganancia futura. Por otra parte, los da\u00f1os no econ\u00f3micos no tienen un valor monetario exacto, pero un abogado experto podr\u00eda incluir p\u00e9rdidas como el dolor y el sufrimiento, la p\u00e9rdida del disfrute de la vida y la p\u00e9rdida de tiempo con la familia en la demanda de indemnizaci\u00f3n.<\/p>\n<p>En raras ocasiones, un tribunal civil puede optar por imponer una indemnizaci\u00f3n punitiva a un demandado que haya actuado de forma particularmente atroz o con malicia impl\u00edcita. Un abogado de Pueblo podr\u00eda ayudar a alguien lesionado en un accidente por no ceder el paso a determinar qu\u00e9 da\u00f1os podr\u00eda recuperar.<\/p>\n<h2>Hable con un abogado especializado en accidentes por no ceder el paso de Pueblo y obtenga m\u00e1s informaci\u00f3n<\/h2>\n<p>Aunque todos los residentes de Colorado deben demostrar el conocimiento de las reglas de la carretera para recibir una licencia de conducir, no todo el mundo sigue estas leyes en todo momento. Si alguien no cede el paso y, como resultado, causa un accidente, usted podr\u00eda sufrir lesiones graves y necesitar asistencia jur\u00eddica con experiencia.<\/p>\n<p>Una vez contratado, un abogado especializado en accidentes por no ceder el paso de Pueblo podr\u00eda ayudarle a analizar sus da\u00f1os indemnizables, demostrar la responsabilidad civil de otro conductor y trabajar con usted para obtener la compensaci\u00f3n financiera adecuada. Llame hoy mismo y estudie sus opciones legales.<\/p>\n","protected":false},"excerpt":{"rendered":"<p>Adem\u00e1s de las leyes que proh\u00edben el exceso de velocidad, la conducci\u00f3n alcoholizada y el env\u00edo de mensajes de texto&nbsp;<a class=\"moretag\" href=\"https:\/\/springslawgroup.com\/es\/pueblo-abogado-de-lesiones-personales\/abogado-de-accidentes-de-coche-en-pueblo\/abogado-de-accidente-de-omision-de-ceder-el-paso-en-pueblo\/\"> Read More&#8230;<\/a><\/p>\n","protected":false},"author":32,"featured_media":0,"parent":16983,"menu_order":0,"comment_status":"closed","ping_status":"closed","template":"landingpage.php","meta":{"_acf_changed":false,"inline_featured_image":false,"footnotes":""},"categories":[],"tags":[],"class_list":["post-16364","page","type-page","status-publish","hentry"],"acf":{"key_takeaways":null,"_litigation_personal_injury_contents_new":{"_litigation_personal_injury_title_new":"","_litigation_personal_injury_discription_new":"","_litigation_personal_injury_discription_new_copy":"","_litigation_video_url_new":"","add_button":false},"_header_sub_header_content_new":null,"_litigation_frequently_asked_questions_new":null,"lawsuit_updates":null,"_litigation_related_posts_relation":null,"acf-references":""},"_links":{"self":[{"href":"https:\/\/springslawgroup.com\/es\/wp-json\/wp\/v2\/pages\/16364","targetHints":{"allow":["GET"]}}],"collection":[{"href":"https:\/\/springslawgroup.com\/es\/wp-json\/wp\/v2\/pages"}],"about":[{"href":"https:\/\/springslawgroup.com\/es\/wp-json\/wp\/v2\/types\/page"}],"author":[{"embeddable":true,"href":"https:\/\/springslawgroup.com\/es\/wp-json\/wp\/v2\/users\/32"}],"replies":[{"embeddable":true,"href":"https:\/\/springslawgroup.com\/es\/wp-json\/wp\/v2\/comments?post=16364"}],"version-history":[{"count":1,"href":"https:\/\/springslawgroup.com\/es\/wp-json\/wp\/v2\/pages\/16364\/revisions"}],"predecessor-version":[{"id":17172,"href":"https:\/\/springslawgroup.com\/es\/wp-json\/wp\/v2\/pages\/16364\/revisions\/17172"}],"up":[{"embeddable":true,"href":"https:\/\/springslawgroup.com\/es\/wp-json\/wp\/v2\/pages\/16983"}],"wp:attachment":[{"href":"https:\/\/springslawgroup.com\/es\/wp-json\/wp\/v2\/media?parent=16364"}],"wp:term":[{"taxonomy":"category","embeddable":true,"href":"https:\/\/springslawgroup.com\/es\/wp-json\/wp\/v2\/categories?post=16364"},{"taxonomy":"post_tag","embeddable":true,"href":"https:\/\/springslawgroup.com\/es\/wp-json\/wp\/v2\/tags?post=16364"}],"curies":[{"name":"wp","href":"https:\/\/api.w.org\/{rel}","templated":true}]}}