{"id":16363,"date":"2020-03-05T15:43:12","date_gmt":"2020-03-05T22:43:12","guid":{"rendered":"https:\/\/springs.flywheelstaging.com\/accidentes-causados-por-la-fatiga-del-conductor-del-camion-en-colorado-springs\/"},"modified":"2023-10-20T14:01:06","modified_gmt":"2023-10-20T21:01:06","slug":"accidentes-causados-por-la-fatiga-del-conductor-del-camion-en-colorado-springs","status":"publish","type":"page","link":"https:\/\/springslawgroup.com\/es\/colorado-springs-abogado-de-accidente-de-camion\/accidentes-causados-por-la-fatiga-del-conductor-del-camion-en-colorado-springs\/","title":{"rendered":"Accidentes Causados por la Fatiga del Conductor del Cami\u00f3n en Colorado Springs"},"content":{"rendered":"<p>El mayor peligro de los camioneros que conducen demasiado cansados es que su tiempo de reacci\u00f3n puede disminuir dr\u00e1sticamente o desaparecer por completo si se quedan dormidos. Esto significa que si un camionero tiene que hacer una maniobra r\u00e1pida, puede no ser capaz de hacerlo y causar un accidente como resultado. Estas situaciones pueden ser tan graves como conducir ebrio, dependiendo del nivel de fatiga del conductor. Si usted estuvo en un accidente causado por la fatiga del conductor de un cami\u00f3n en Colorado Springs, nuestro equipo de <a href=\"https:\/\/springslawgroup.com\/es\/colorado-springs-abogado-de-accidente-de-camion\/\">abogados<\/a> dedicados podr\u00eda ayudarle a trav\u00e9s del proceso de reclamos y responsabilizar a la parte negligente.<\/p>\n<h2>\u00bfCu\u00e1les son las Normas que Evitan la Fatiga del Conductor de Cami\u00f3n?<\/h2>\n<p>Diversas normas y reglamentos estatales y federales est\u00e1n concebidos para evitar la fatiga del conductor. Algunas de estas regulaciones incluyen limitaciones en las horas conducidas, restricciones en ciertos medicamentos y sustancias que pueden producir somnolencia, y regulaciones en los turnos de trabajo. Adem\u00e1s, cada empresa tiene sus propias normas y reglamentos.<\/p>\n<p>Un abogado con experiencia en Colorado Springs podr\u00eda revisar las directrices federales, estatales e internas de la empresa que se aplicar\u00edan a un caso particular de fatiga del conductor del cami\u00f3n para determinar si hubo una violaci\u00f3n de cualquiera de estas normas. La infracci\u00f3n de cualquiera de estas normas constituye una prueba de negligencia o imprudencia.<\/p>\n<h2>\u00bfPor Qu\u00e9 los Camioneros Conducen Cuando est\u00e1n Demasiado Cansados?<\/h2>\n<p>En Colorado Springs, la principal causa de accidentes por fatiga de los camioneros es la falta de sue\u00f1o o descanso. Es posible que los camioneros no duerman lo suficiente porque est\u00e1n intentando cumplir plazos o tiempos de llegada con las entregas. Es posible que los camioneros intenten apresurarse y se salten importantes periodos de descanso o sue\u00f1o, lo que puede provocar altos niveles de fatiga y m\u00e1s errores. Adem\u00e1s, una empresa de transporte puede presionar o exigir a sus empleados que trabajen para cumplir los plazos aunque hayan superado el n\u00famero m\u00e1ximo de horas que tienen permitido conducir.<\/p>\n<h2>Responsabilidad de la Compa\u00f1\u00eda de Camiones en Casos de Colorado Springs<\/h2>\n<p>Las expectativas de una empresa respecto a sus conductores pueden ser poco razonables en determinadas circunstancias, lo que puede provocar m\u00e1s accidentes. Si un abogado puede demostrar que una empresa de transporte sab\u00eda o deber\u00eda haber sabido que estas pr\u00e1cticas llevar\u00edan a sus camioneros a conducir cuando est\u00e1n demasiado cansados, la empresa podr\u00eda ser responsable. Esto se debe a que es un delito elegir conducir estando demasiado cansado o poner a alguien a sabiendas en esta peligrosa situaci\u00f3n.<\/p>\n<p>Hay diferentes niveles de responsabilidad en cualquier caso, incluidos los casos de accidentes de cami\u00f3n. Por lo tanto, si un conductor fatigado es responsable, entonces su empleador puede ser parcialmente responsable tambi\u00e9n a trav\u00e9s de la responsabilidad indirecta. Esto significa que, aunque la empresa de camiones no haya hecho nada malo, pero como emplea al conductor, es responsable de sus errores mientras trabajaba. Si la empresa de transportes estableci\u00f3 normas o reglamentos adicionales o dio instrucciones al conductor que pusieron en peligro a otras personas, el tribunal puede conceder una indemnizaci\u00f3n por da\u00f1os y perjuicios contra esta parte en lugar de contra el camionero.<\/p>\n<h2>Contacte a Nuestros Abogados de Colorado Springs para Aprender M\u00e1s Sobre las Colisiones Causadas por la Fatiga del Camionero<\/h2>\n<p>Los casos de accidentes causados por la fatiga del conductor del cami\u00f3n en Colorado Springs pueden ser complicados de seguir porque hay muchas capas de responsabilidad y de seguros, as\u00ed como diversos reglamentos estatales y federales aplicables. Por lo tanto, la parte lesionada debe contratar a un abogado que tenga experiencia con estos accidentes y pueda ayudarle a navegar por todas las diferentes complejidades. Para obtener ayuda con su caso, llame a nuestra firma hoy.<\/p>\n","protected":false},"excerpt":{"rendered":"<p>El mayor peligro de los camioneros que conducen demasiado cansados es que su tiempo de reacci\u00f3n puede disminuir dr\u00e1sticamente o&nbsp;<a class=\"moretag\" href=\"https:\/\/springslawgroup.com\/es\/colorado-springs-abogado-de-accidente-de-camion\/accidentes-causados-por-la-fatiga-del-conductor-del-camion-en-colorado-springs\/\"> Read More&#8230;<\/a><\/p>\n","protected":false},"author":32,"featured_media":0,"parent":16697,"menu_order":0,"comment_status":"closed","ping_status":"closed","template":"landingpage.php","meta":{"_acf_changed":false,"inline_featured_image":false,"footnotes":""},"categories":[],"tags":[],"class_list":["post-16363","page","type-page","status-publish","hentry"],"acf":{"key_takeaways":null,"_litigation_personal_injury_contents_new":{"_litigation_personal_injury_title_new":"","_litigation_personal_injury_discription_new":"","_litigation_personal_injury_discription_new_copy":"","_litigation_video_url_new":"","add_button":false},"_header_sub_header_content_new":null,"_litigation_frequently_asked_questions_new":null,"lawsuit_updates":null,"_litigation_related_posts_relation":null,"acf-references":""},"_links":{"self":[{"href":"https:\/\/springslawgroup.com\/es\/wp-json\/wp\/v2\/pages\/16363","targetHints":{"allow":["GET"]}}],"collection":[{"href":"https:\/\/springslawgroup.com\/es\/wp-json\/wp\/v2\/pages"}],"about":[{"href":"https:\/\/springslawgroup.com\/es\/wp-json\/wp\/v2\/types\/page"}],"author":[{"embeddable":true,"href":"https:\/\/springslawgroup.com\/es\/wp-json\/wp\/v2\/users\/32"}],"replies":[{"embeddable":true,"href":"https:\/\/springslawgroup.com\/es\/wp-json\/wp\/v2\/comments?post=16363"}],"version-history":[{"count":3,"href":"https:\/\/springslawgroup.com\/es\/wp-json\/wp\/v2\/pages\/16363\/revisions"}],"predecessor-version":[{"id":18025,"href":"https:\/\/springslawgroup.com\/es\/wp-json\/wp\/v2\/pages\/16363\/revisions\/18025"}],"up":[{"embeddable":true,"href":"https:\/\/springslawgroup.com\/es\/wp-json\/wp\/v2\/pages\/16697"}],"wp:attachment":[{"href":"https:\/\/springslawgroup.com\/es\/wp-json\/wp\/v2\/media?parent=16363"}],"wp:term":[{"taxonomy":"category","embeddable":true,"href":"https:\/\/springslawgroup.com\/es\/wp-json\/wp\/v2\/categories?post=16363"},{"taxonomy":"post_tag","embeddable":true,"href":"https:\/\/springslawgroup.com\/es\/wp-json\/wp\/v2\/tags?post=16363"}],"curies":[{"name":"wp","href":"https:\/\/api.w.org\/{rel}","templated":true}]}}