{"id":16362,"date":"2020-03-06T16:11:59","date_gmt":"2020-03-06T23:11:59","guid":{"rendered":"https:\/\/springs.flywheelstaging.com\/estatuto-de-limitaciones-para-los-casos-del-accidente-de-coche-de-colorado-springs\/"},"modified":"2023-10-20T14:19:25","modified_gmt":"2023-10-20T21:19:25","slug":"estatuto-de-limitaciones-para-los-casos-del-accidente-de-coche-de-colorado-springs","status":"publish","type":"page","link":"https:\/\/springslawgroup.com\/es\/colorado-springs-abogado-de-accidente-de-auto\/estatuto-de-limitaciones-para-los-casos-del-accidente-de-coche-de-colorado-springs\/","title":{"rendered":"Estatuto de Limitaciones para los Casos de Accidente de Coche en Colorado Springs"},"content":{"rendered":"<p>Tal como se define en la ley de Colorado Springs, el <a href=\"https:\/\/advance.lexis.com\/documentpage\/?pdmfid=1000516&amp;crid=61b19fb7-3ab5-4c39-bb16-fdeac4232e34&amp;config=014FJAAyNGJkY2Y4Zi1mNjgyLTRkN2YtYmE4OS03NTYzNzYzOTg0OGEKAFBvZENhdGFsb2d592qv2Kywlf8caKqYROP5&amp;pddocfullpath=%2Fshared%2Fdocument%2Fstatutes-legislation%2Furn%3AcontentItem%3A5X45-0DD1-JS0R-23D9-00008-00&amp;pddocid=urn%3AcontentItem%3A5X45-0DD1-JS0R-23D9-00008-00&amp;pdcontentcomponentid=234176&amp;pdteaserkey=sr0&amp;pditab=allpods&amp;ecomp=h567kkk&amp;earg=sr0&amp;prid=d4ccedb4-c8d7-4959-8726-839bb45dce91\" target=\"_blank\" rel=\"noopener\">Estatuto Revisado de Colorado \u00a713-80-101<\/a> establece que determinadas acciones civiles, incluidas las relativas a accidentes de veh\u00edculos de motor, deben iniciarse en un plazo de tres a\u00f1os a partir de la fecha del incidente en cuesti\u00f3n. Cuando alguien incumple este plazo, arriesga su oportunidad de solicitar una indemnizaci\u00f3n. Por lo tanto, si usted necesita ayuda para cumplir con el estatuto de limitaciones en Colorado Springs por un caso de accidente de coche, debe contratar a uno de nuestros <a href=\"https:\/\/springslawgroup.com\/es\/colorado-springs-car-accident-lawyer-5\/\">abogados dedicados a accidentes de autom\u00f3viles.<\/a><\/p>\n<h2>Estatuto de Limitaciones para Casos de Accidente de Coche en Colorado Springs<\/h2>\n<p>Es importante tener en cuenta que hay un estatuto diferente de limitaciones para los diferentes tipos de casos en Colorado Springs. El plazo de prescripci\u00f3n de tres a\u00f1os se aplica a los casos de acciones contractuales, fraude, tergiversaci\u00f3n, ocultaci\u00f3n o por lesiones corporales o da\u00f1os materiales causados por un veh\u00edculo de motor.<\/p>\n<p>Se aplica un plazo de prescripci\u00f3n de dos a\u00f1os a los resbalones y ca\u00eddas, a todas las acciones por responsabilidad objetiva o por omisi\u00f3n de instrucci\u00f3n o advertencia, y a todos los casos contra el p\u00fablico o una entidad gubernamental. La ley da un plazo de un a\u00f1o para todos los casos de agresi\u00f3n, lesiones, detenci\u00f3n ilegal, detenci\u00f3n ilegal, difamaci\u00f3n y calumnia. Estas acciones tambi\u00e9n pueden incluir las emprendidas contra alguaciles, m\u00e9dicos forenses, agentes de polic\u00eda, bomberos, guardias nacionales o cualquier otra autoridad encargada de hacer cumplir la ley.<\/p>\n<h2>\u00bfEn qu\u00e9 se Diferencia el Plazo de Prescripci\u00f3n para un Menor o una Persona con Discapacidad?<\/h2>\n<p>En Colorado Springs, el estatuto de limitaciones difiere para los menores y las personas con discapacidad que han sufrido p\u00e9rdidas en un accidente de coche. En el caso de menores o personas con discapacidad, el tribunal puede ampliar, pausar o detener el plazo de prescripci\u00f3n hasta que el menor cumpla 18 a\u00f1os o la persona con discapacidad recupere su competencia mental. Un menor dispone de dos a\u00f1os desde que cumple los 18 para interponer una demanda por da\u00f1os y perjuicios.<\/p>\n<h2>Encontrar Informaci\u00f3n sobre el Estatuto de Limitaciones en Colorado Springs<\/h2>\n<p>Antes de hablar a un abogado, una persona podr\u00eda averiguar sobre el estatuto de limitaciones de Colorado Springs buscando en p\u00e1ginas web y v\u00eddeos hechos por un abogado. Muchos tienen v\u00eddeos de preguntas frecuentes sobre diversos temas, incluida la prescripci\u00f3n. Sin embargo, estos plazos legales pueden cambiar en funci\u00f3n de las particularidades de cada caso. Por lo tanto, si alguien tiene una pregunta acerca de su caso de accidente de auto individual, es importante<a href=\"https:\/\/springslawgroup.com\/es\/colorado-springs-abogado-de-accidente-de-auto\/contratar-a-un-abogado-de-accidentes-de-coche-de-colorado-springs\/\"> hablar con un abogado con conocimientos.<\/a><\/p>\n<h2>\u00bfQu\u00e9 Ocurre si el Juicio Prescribe?<\/h2>\n<p>Si el juicio va m\u00e1s all\u00e1 del estatuto de limitaciones, el demandante todav\u00eda puede proceder con la b\u00fasqueda de <a href=\"https:\/\/springslawgroup.com\/es\/colorado-springs-abogado-de-accidente-de-auto\/danos-recuperables-despues-de-un-accidente-de-coche-en-colorado-springs\/\">da\u00f1os y perjuicios<\/a> despu\u00e9s de un accidente de coche en Colorado Springs. Sin embargo, si alguien no presenta su caso antes de que prescriba, el tribunal puede desestimarlo. Si alguien no presenta un reclamo antes de que prescriba, podr\u00eda quedar totalmente excluido de la indemnizaci\u00f3n.<\/p>\n<h2>Hable con un Abogado en Colorado Springs para Aprender M\u00e1s sobre el Plazo Legal para los Casos de Accidente de Coche<\/h2>\n<p>Recomendamos contratar los servicios de un abogado con experiencia cuando se trata con el estatuto de limitaciones para los casos de accidente de coche en Colorado Springs, porque la presentaci\u00f3n de una demanda es un proceso complicado. Un abogado experto en lesiones podr\u00eda ayudarle, orientarle en ese proceso y asegurarse de que se re\u00fane toda la documentaci\u00f3n adecuada, tanto antes como en el momento de presentar la demanda. Adem\u00e1s, un abogado podr\u00eda asegurarse de que el demandante no incumple el plazo de prescripci\u00f3n y de que se cumplen todos los dem\u00e1s plazos de su caso. Para obtener ayuda en su caso, programe una consulta inicial con uno de nuestros abogados.<\/p>\n","protected":false},"excerpt":{"rendered":"<p>Tal como se define en la ley de Colorado Springs, el Estatuto Revisado de Colorado \u00a713-80-101 establece que determinadas acciones&nbsp;<a class=\"moretag\" href=\"https:\/\/springslawgroup.com\/es\/colorado-springs-abogado-de-accidente-de-auto\/estatuto-de-limitaciones-para-los-casos-del-accidente-de-coche-de-colorado-springs\/\"> Read More&#8230;<\/a><\/p>\n","protected":false},"author":32,"featured_media":0,"parent":16694,"menu_order":0,"comment_status":"closed","ping_status":"closed","template":"landingpage.php","meta":{"_acf_changed":false,"inline_featured_image":false,"footnotes":""},"categories":[],"tags":[],"class_list":["post-16362","page","type-page","status-publish","hentry"],"acf":{"key_takeaways":null,"_litigation_personal_injury_contents_new":{"_litigation_personal_injury_title_new":"","_litigation_personal_injury_discription_new":"","_litigation_personal_injury_discription_new_copy":"","_litigation_video_url_new":"","add_button":false},"_header_sub_header_content_new":null,"_litigation_frequently_asked_questions_new":null,"lawsuit_updates":null,"_litigation_related_posts_relation":null,"acf-references":""},"_links":{"self":[{"href":"https:\/\/springslawgroup.com\/es\/wp-json\/wp\/v2\/pages\/16362","targetHints":{"allow":["GET"]}}],"collection":[{"href":"https:\/\/springslawgroup.com\/es\/wp-json\/wp\/v2\/pages"}],"about":[{"href":"https:\/\/springslawgroup.com\/es\/wp-json\/wp\/v2\/types\/page"}],"author":[{"embeddable":true,"href":"https:\/\/springslawgroup.com\/es\/wp-json\/wp\/v2\/users\/32"}],"replies":[{"embeddable":true,"href":"https:\/\/springslawgroup.com\/es\/wp-json\/wp\/v2\/comments?post=16362"}],"version-history":[{"count":4,"href":"https:\/\/springslawgroup.com\/es\/wp-json\/wp\/v2\/pages\/16362\/revisions"}],"predecessor-version":[{"id":18065,"href":"https:\/\/springslawgroup.com\/es\/wp-json\/wp\/v2\/pages\/16362\/revisions\/18065"}],"up":[{"embeddable":true,"href":"https:\/\/springslawgroup.com\/es\/wp-json\/wp\/v2\/pages\/16694"}],"wp:attachment":[{"href":"https:\/\/springslawgroup.com\/es\/wp-json\/wp\/v2\/media?parent=16362"}],"wp:term":[{"taxonomy":"category","embeddable":true,"href":"https:\/\/springslawgroup.com\/es\/wp-json\/wp\/v2\/categories?post=16362"},{"taxonomy":"post_tag","embeddable":true,"href":"https:\/\/springslawgroup.com\/es\/wp-json\/wp\/v2\/tags?post=16362"}],"curies":[{"name":"wp","href":"https:\/\/api.w.org\/{rel}","templated":true}]}}