{"id":16361,"date":"2020-03-09T14:26:59","date_gmt":"2020-03-09T21:26:59","guid":{"rendered":"https:\/\/springs.flywheelstaging.com\/colisiones-laterales-del-carro-de-colorado-springs\/"},"modified":"2023-10-20T14:08:01","modified_gmt":"2023-10-20T21:08:01","slug":"colisiones-laterales-del-carro-de-colorado-springs","status":"publish","type":"page","link":"https:\/\/springslawgroup.com\/es\/colorado-springs-abogado-de-accidente-de-camion\/colisiones-laterales-del-carro-de-colorado-springs\/","title":{"rendered":"Colisiones Laterales de Cami\u00f3n en Colorado Springs"},"content":{"rendered":"<p>Una colisi\u00f3n lateral, o accidente en T, suele producirse cuando un veh\u00edculo choca contra el lateral del otro en un \u00e1ngulo de m\u00e1s o menos 90 grados. Este tipo de accidente puede ocurrir porque un camionero se salt\u00f3 un sem\u00e1foro en rojo o una se\u00f1al de stop, o porque no cedi\u00f3 el paso y gir\u00f3 delante de otro veh\u00edculo.<\/p>\n<p>Las colisiones de camiones de impacto lateral en Colorado Springs pueden ser extremadamente peligrosas y puede resultar en lesiones a largo plazo, si no permanente. Afortunadamente, nuestro equipo de <a href=\"https:\/\/springslawgroup.com\/es\/colorado-springs-abogado-de-accidente-de-camion\/\">abogados<\/a> podr\u00eda ayudarle a emprender acciones legales contra el camionero que le atropell\u00f3 y obtener una indemnizaci\u00f3n justa.<\/p>\n<h2>Qu\u00e9 Hacer Despu\u00e9s de una Colisi\u00f3n de Cami\u00f3n T-Bone en Colorado Springs<\/h2>\n<p>Inmediatamente despu\u00e9s de una colisi\u00f3n de impacto lateral con un cami\u00f3n semi en Colorado Springs, una persona debe cuidar de s\u00ed misma, asegurarse de que est\u00e1 a salvo y determinar el tipo de atenci\u00f3n m\u00e9dica de emergencia que necesita. Es posible que necesiten una ambulancia o personal de emergencias para sacarlos del veh\u00edculo. Si es posible, los implicados en estos accidentes deben alejarse de otros coches en la carretera, ya que los dem\u00e1s conductores no son tan cuidadosos como deber\u00edan cerca de los lugares de colisi\u00f3n. Tambi\u00e9n es importante controlar a los dem\u00e1s conductores si pueden hacerlo sin peligro.<\/p>\n<h2>Efectos Comunes de los Accidentes de Cami\u00f3n con Impacto Lateral<\/h2>\n<p>Los efectos habituales de las colisiones laterales incluyen da\u00f1os en el veh\u00edculo. Puede haber da\u00f1os en el lateral de un veh\u00edculo o en la parte delantera del otro. Adem\u00e1s, algunas personas pueden sufrir lesiones como latigazo cervical, que es un tipo com\u00fan de lesi\u00f3n en un accidente T-bone. Si un motorista es golpeado lateralmente, su cabeza puede ir de lado a lado debido al impulso, o si es embestido por el lateral del cami\u00f3n que gira delante de \u00e9l, puede sufrir un latigazo cervical de adelante hacia atr\u00e1s. Las personas tambi\u00e9n pueden sufrir lesiones por los airbags, laceraciones al golpearse partes del cuerpo con piezas del interior del coche o al golpearse la rodilla contra el salpicadero.<\/p>\n<h2>El Rol de un Abogado<\/h2>\n<p>En Colorado Springs, uno de los pasos iniciales que un abogado puede tomar despu\u00e9s de un accidente de cami\u00f3n de impacto lateral es investigar para determinar c\u00f3mo ocurri\u00f3 el accidente, la causa o causas, qui\u00e9nes estuvieron involucrados, y otra informaci\u00f3n pertinente.<\/p>\n<p>Luego, un abogado debe asegurarse de que el demandante y sus seres queridos reciben el tratamiento m\u00e9dico adecuado. Eso puede ocurrir en los casos en que el seguro m\u00e9dico de una persona no cubre todo su tratamiento o no tiene dinero suficiente para pagarlo. Cuando esta es la situaci\u00f3n, un abogado podr\u00eda gestionar los embargos por tratamiento m\u00e9dico para que el demandante pueda recibir el tratamiento que necesita, y luego pagar utilizando el acuerdo o la indemnizaci\u00f3n del jurado.<\/p>\n<p>Es importante que una persona contacte a un abogado de Colorado Springs temprano en caso de accidente de cami\u00f3n T-bone, porque la mayor\u00eda de los problemas que se presentan pueden ser m\u00ednimos si se tratan temprano. Un abogado con experiencia podr\u00eda ayudar a evitar estos problemas o a resolverlos r\u00e1pidamente. Los mayores problemas que surgen cuando la persona espera a ponerse en contacto con un abogado es que maneja mal una parte de su caso, lo que agrava a\u00fan m\u00e1s el problema.<\/p>\n<h2>Contacte a un Abogado de Colorado Springs Despu\u00e9s de un Accidente de T-Bone o de Impacto Lateral con un Cami\u00f3n<\/h2>\n<p>Si usted estuvo implicado en un accidente del cami\u00f3n de impacto lateral en Colorado Springs, debe hablar con un representante legal de nuestro equipo. Podr\u00edamos ayudarle a superar cualquier obst\u00e1culo legal para que pueda centrarse principalmente en su recuperaci\u00f3n f\u00edsica y emocional. Llame hoy mismo para empezar con su caso.<\/p>\n","protected":false},"excerpt":{"rendered":"<p>Una colisi\u00f3n lateral, o accidente en T, suele producirse cuando un veh\u00edculo choca contra el lateral del otro en un&nbsp;<a class=\"moretag\" href=\"https:\/\/springslawgroup.com\/es\/colorado-springs-abogado-de-accidente-de-camion\/colisiones-laterales-del-carro-de-colorado-springs\/\"> Read More&#8230;<\/a><\/p>\n","protected":false},"author":32,"featured_media":0,"parent":16697,"menu_order":0,"comment_status":"closed","ping_status":"closed","template":"landingpage.php","meta":{"_acf_changed":false,"inline_featured_image":false,"footnotes":""},"categories":[],"tags":[],"class_list":["post-16361","page","type-page","status-publish","hentry"],"acf":{"key_takeaways":null,"_litigation_personal_injury_contents_new":{"_litigation_personal_injury_title_new":"","_litigation_personal_injury_discription_new":"","_litigation_personal_injury_discription_new_copy":"","_litigation_video_url_new":"","add_button":false},"_header_sub_header_content_new":null,"_litigation_frequently_asked_questions_new":null,"lawsuit_updates":null,"_litigation_related_posts_relation":null,"acf-references":""},"_links":{"self":[{"href":"https:\/\/springslawgroup.com\/es\/wp-json\/wp\/v2\/pages\/16361","targetHints":{"allow":["GET"]}}],"collection":[{"href":"https:\/\/springslawgroup.com\/es\/wp-json\/wp\/v2\/pages"}],"about":[{"href":"https:\/\/springslawgroup.com\/es\/wp-json\/wp\/v2\/types\/page"}],"author":[{"embeddable":true,"href":"https:\/\/springslawgroup.com\/es\/wp-json\/wp\/v2\/users\/32"}],"replies":[{"embeddable":true,"href":"https:\/\/springslawgroup.com\/es\/wp-json\/wp\/v2\/comments?post=16361"}],"version-history":[{"count":3,"href":"https:\/\/springslawgroup.com\/es\/wp-json\/wp\/v2\/pages\/16361\/revisions"}],"predecessor-version":[{"id":18038,"href":"https:\/\/springslawgroup.com\/es\/wp-json\/wp\/v2\/pages\/16361\/revisions\/18038"}],"up":[{"embeddable":true,"href":"https:\/\/springslawgroup.com\/es\/wp-json\/wp\/v2\/pages\/16697"}],"wp:attachment":[{"href":"https:\/\/springslawgroup.com\/es\/wp-json\/wp\/v2\/media?parent=16361"}],"wp:term":[{"taxonomy":"category","embeddable":true,"href":"https:\/\/springslawgroup.com\/es\/wp-json\/wp\/v2\/categories?post=16361"},{"taxonomy":"post_tag","embeddable":true,"href":"https:\/\/springslawgroup.com\/es\/wp-json\/wp\/v2\/tags?post=16361"}],"curies":[{"name":"wp","href":"https:\/\/api.w.org\/{rel}","templated":true}]}}