{"id":16360,"date":"2020-03-10T12:49:56","date_gmt":"2020-03-10T19:49:56","guid":{"rendered":"https:\/\/springs.flywheelstaging.com\/responsabilidad-en-casos-del-accidente-del-carro-de-colorado-springs\/"},"modified":"2023-10-20T14:13:22","modified_gmt":"2023-10-20T21:13:22","slug":"responsabilidad-en-casos-del-accidente-del-carro-de-colorado-springs","status":"publish","type":"page","link":"https:\/\/springslawgroup.com\/es\/colorado-springs-abogado-de-accidente-de-camion\/responsabilidad-en-casos-del-accidente-del-carro-de-colorado-springs\/","title":{"rendered":"Responsabilidad en Casos de Accidente de Cami\u00f3n en Colorado Springs"},"content":{"rendered":"<p>La causa m\u00e1s com\u00fan de los accidentes de cami\u00f3n es el comportamiento negligente. Algunos de estos comportamientos pueden ser que el camionero no preste suficiente atenci\u00f3n, conduzca en estado de embriaguez, se exceda de velocidad, se salte las se\u00f1ales de stop o los sem\u00e1foros en rojo, conduzca con una iluminaci\u00f3n inadecuada o maneje su veh\u00edculo <a href=\"https:\/\/springslawgroup.com\/es\/colorado-springs-abogado-de-accidente-de-camion\/accidentes-causados-por-la-fatiga-del-conductor-del-camion-en-colorado-springs\/\">con fatiga<\/a>.<\/p>\n<p>Dependiendo de c\u00f3mo un <a href=\"https:\/\/springslawgroup.com\/es\/colorado-springs-abogado-de-accidente-de-camion\/\">camionero caus\u00f3 el accidente<\/a>, una persona puede tener derecho a diferentes tipos de da\u00f1os y perjuicios. Por ejemplo, un demandante puede obtener m\u00e1s dinero en los casos en que existan factores agravantes, como la conducci\u00f3n bajo los efectos del alcohol o el consumo de drogas. Debido a todos estos diversos factores que entran en la determinaci\u00f3n de la responsabilidad en casos del accidente de cami\u00f3n de Colorado Springs, un individuo debe hablar con uno de nuestros representantes legales sobre su situaci\u00f3n.<\/p>\n<h2>\u00bfQu\u00e9 Factores Intervienen en la Determinaci\u00f3n de la Responsabilidad tras un Accidente de Semi Cami\u00f3n?<\/h2>\n<p>En Colorado Springs, la mayor\u00eda de los factores considerados al determinar la responsabilidad en un caso de accidente de cami\u00f3n son de sentido com\u00fan. Si el conductor del cami\u00f3n y el automovilista lesionado cometen un error, el tribunal sopesar\u00e1 las acciones de ambas partes para determinar si un error fue igual, menos o m\u00e1s importante en la causa del accidente.<\/p>\n<p>Si ambos se saltan una se\u00f1al de stop y chocan entre s\u00ed, el tribunal puede considerar que el demandante y el camionero son igualmente negligentes, y ninguno podr\u00e1 cobrar del otro. Si el conductor del cami\u00f3n estaba intoxicado, pero el otro conductor iba a gran velocidad, esto puede trasladar la negligencia al conductor del cami\u00f3n porque sus acciones fueron la causa principal del accidente. Cada accidente es \u00fanico, por lo que la parte lesionada debe contratar a un abogado con experiencia que pueda examinar todos los factores que entran en juego.<\/p>\n<h2>El Rol de la Negligencia Comparativa en Casos de Colorado Springs<\/h2>\n<p>Colorado Springs es una jurisdicci\u00f3n de negligencia comparativa. Si alguien es parcialmente culpable de su accidente de cami\u00f3n, el tribunal puede reducir sus da\u00f1os por su porcentaje de culpa, hasta el 50 por ciento. Por ejemplo, si un demandante tiene un 25% de culpa en el accidente, el camionero s\u00f3lo puede pagar el 75% de los da\u00f1os del demandante. Por el contrario, si la parte perjudicada tiene un 50 % o m\u00e1s de culpa, no recibe indemnizaci\u00f3n alguna.<\/p>\n<p>Si la compa\u00f1\u00eda de seguros acusa al demandante de negligencia comparativa, eso no significa necesariamente que tenga parte de culpa. S\u00f3lo significa que la empresa esgrimir\u00e1 este argumento. Sin embargo, un abogado experto podr\u00eda preparar una defensa para estos argumentos. El abogado puede contratar a los expertos adecuados o presentar los argumentos apropiados para combatir la determinaci\u00f3n de negligencia comparativa por parte de la compa\u00f1\u00eda de seguros.<\/p>\n<h2>Contacte a un Abogado para Discutir sobre Responsabilidad en Casos de Accidentes de Cami\u00f3n en Colorado Springs<\/h2>\n<p>La responsabilidad en los casos de accidentes de camiones en Colorado Springs es una parte importante pero compleja del reclamo de la parte lesionada. Si no se culpa a las partes apropiadas, es posible que el demandante no pueda recibir el importe \u00edntegro de los da\u00f1os y perjuicios. Por lo tanto, si usted estuvo involucrado en una colisi\u00f3n con un conductor de cami\u00f3n negligente, debe hablar con uno de los abogados de nuestra firma. Podr\u00edamos guiarle a trav\u00e9s del proceso de reclamo y preparar un caso s\u00f3lido en su nombre.<\/p>\n","protected":false},"excerpt":{"rendered":"<p>La causa m\u00e1s com\u00fan de los accidentes de cami\u00f3n es el comportamiento negligente. Algunos de estos comportamientos pueden ser que&nbsp;<a class=\"moretag\" href=\"https:\/\/springslawgroup.com\/es\/colorado-springs-abogado-de-accidente-de-camion\/responsabilidad-en-casos-del-accidente-del-carro-de-colorado-springs\/\"> Read More&#8230;<\/a><\/p>\n","protected":false},"author":32,"featured_media":0,"parent":16697,"menu_order":0,"comment_status":"closed","ping_status":"closed","template":"landingpage.php","meta":{"_acf_changed":false,"inline_featured_image":false,"footnotes":""},"categories":[],"tags":[],"class_list":["post-16360","page","type-page","status-publish","hentry"],"acf":{"key_takeaways":null,"_litigation_personal_injury_contents_new":{"_litigation_personal_injury_title_new":"","_litigation_personal_injury_discription_new":"","_litigation_personal_injury_discription_new_copy":"","_litigation_video_url_new":"","add_button":false},"_header_sub_header_content_new":null,"_litigation_frequently_asked_questions_new":null,"lawsuit_updates":null,"_litigation_related_posts_relation":null,"acf-references":""},"_links":{"self":[{"href":"https:\/\/springslawgroup.com\/es\/wp-json\/wp\/v2\/pages\/16360","targetHints":{"allow":["GET"]}}],"collection":[{"href":"https:\/\/springslawgroup.com\/es\/wp-json\/wp\/v2\/pages"}],"about":[{"href":"https:\/\/springslawgroup.com\/es\/wp-json\/wp\/v2\/types\/page"}],"author":[{"embeddable":true,"href":"https:\/\/springslawgroup.com\/es\/wp-json\/wp\/v2\/users\/32"}],"replies":[{"embeddable":true,"href":"https:\/\/springslawgroup.com\/es\/wp-json\/wp\/v2\/comments?post=16360"}],"version-history":[{"count":3,"href":"https:\/\/springslawgroup.com\/es\/wp-json\/wp\/v2\/pages\/16360\/revisions"}],"predecessor-version":[{"id":18050,"href":"https:\/\/springslawgroup.com\/es\/wp-json\/wp\/v2\/pages\/16360\/revisions\/18050"}],"up":[{"embeddable":true,"href":"https:\/\/springslawgroup.com\/es\/wp-json\/wp\/v2\/pages\/16697"}],"wp:attachment":[{"href":"https:\/\/springslawgroup.com\/es\/wp-json\/wp\/v2\/media?parent=16360"}],"wp:term":[{"taxonomy":"category","embeddable":true,"href":"https:\/\/springslawgroup.com\/es\/wp-json\/wp\/v2\/categories?post=16360"},{"taxonomy":"post_tag","embeddable":true,"href":"https:\/\/springslawgroup.com\/es\/wp-json\/wp\/v2\/tags?post=16360"}],"curies":[{"name":"wp","href":"https:\/\/api.w.org\/{rel}","templated":true}]}}