{"id":16359,"date":"2020-02-26T14:45:36","date_gmt":"2020-02-26T21:45:36","guid":{"rendered":"https:\/\/springs.flywheelstaging.com\/colorado-springs-abogado-de-accidente-de-estacionamiento\/"},"modified":"2023-09-01T07:13:58","modified_gmt":"2023-09-01T14:13:58","slug":"colorado-springs-abogado-de-accidente-de-estacionamiento","status":"publish","type":"page","link":"https:\/\/springslawgroup.com\/es\/colorado-springs-abogado-de-accidente-de-auto\/colorado-springs-abogado-de-accidente-de-estacionamiento\/","title":{"rendered":"Abogado especializado en accidentes en aparcamientos de Colorado Springs"},"content":{"rendered":"<p>Los accidentes automovil\u00edsticos graves pueden ocurrir en cualquier lugar y en diversas condiciones. Los aparcamientos pueden ser un lugar especialmente peligroso en el que pueden producirse accidentes debido al n\u00famero de veh\u00edculos y peatones en un mismo espacio. Si se involucr\u00f3 en este tipo de accidentes, un abogado especializado en accidentes en aparcamientos de Colorado Springs podr\u00eda ayudarle a explorar sus opciones legales. Nuestros <a href=\"https:\/\/springslawgroup.com\/es\/colorado-springs-car-accident-lawyer-5\/\">abogados especializados en accidentes en aparcamientos<\/a> comprenden los matices legales de estos casos y podr\u00edan trabajar para preparar una s\u00f3lida demanda por da\u00f1os y perjuicios en su nombre.<\/p>\n<h2>Choques comunes en aparcamientos de Colorado Springs<\/h2>\n<p>Por lo general, en un aparcamiento pueden producirse ciertos tipos de accidentes. Por ejemplo, dos conductores que chocan entre s\u00ed. Otro podr\u00eda ocurrir cuando un autom\u00f3vil que sale del aparcamiento es <a href=\"https:\/\/springslawgroup.com\/es\/colorado-springs-abogado-de-accidente-de-auto\/abogado-de-colision-trasera-de-colorado-springs\/\">embestido por detr\u00e1s por otro conductor.<\/a><\/p>\n<p>Un caso frecuente sucede cuando alguien que est\u00e1 aparcando da marcha atr\u00e1s y golpea a un conductor que va por el carril transversal detr\u00e1s de \u00e9l. Adem\u00e1s, estos choques pueden producirse cuando un conductor se adelanta a toda velocidad fuera de su sitio y golpea a un motorista o <a href=\"https:\/\/springslawgroup.com\/es\/abogado-de-accidente-de-peatones-de-colorado-springs\/\">peat\u00f3n<\/a> que viene por el carril. Otro accidente com\u00fan en zonas de aparcamiento sucede cuando dos automovilistas intentan aparcar en el mismo sitio y chocan entre s\u00ed. Un abogado de Colorado Springs podr\u00eda revisar los detalles de un accidente en aparcamiento o garaje y construir un caso con base en c\u00f3mo se produjo el choque.<\/p>\n<h2>\u00bfC\u00f3mo influyen la velocidad baja y los peatones en un accidente en aparcamiento?<\/h2>\n<p>Los l\u00edmites de velocidad m\u00e1s lentos y el mayor n\u00famero de peatones influyen en el cambio de las normas y en la forma de conducir para garantizar la seguridad de los dem\u00e1s. Los conductores no deben circular a gran velocidad por el aparcamiento debido a lo compacto que es y a la cantidad de peatones que hay. Tambi\u00e9n deben estar atentos cuando conducen y, por lo tanto, <a href=\"https:\/\/springslawgroup.com\/es\/colorado-springs-abogado-de-accidente-de-auto\/accidentes-de-coche-en-colorado-springs-que-implican-el-uso-del-telefono-movil\/\">no deben enviar mensajes de texto ni utilizar el celular mientras est\u00e1n al volante<\/a>.<\/p>\n<p>Adem\u00e1s, los peatones tienen el deber de ser conscientes de su entorno en un aparcamiento. De hecho, deben mirar bien y prestar atenci\u00f3n a d\u00f3nde van y a lo que hacen los veh\u00edculos cercanos.<\/p>\n<h2>\u00bfEn qu\u00e9 difiere un accidente en aparcamiento de uno en la c\u00eda p\u00fablica?<\/h2>\n<p>La respuesta a un accidente en un aparcamiento difiere de la que se dar\u00eda tras un accidente en carretera, ya que una zona de aparcamiento suele considerarse propiedad privada. A menudo, la polic\u00eda no investiga los accidentes en aparcamientos porque se trata de una propiedad privada. Cuando se produce un accidente en la v\u00eda p\u00fablica, se llama a la polic\u00eda y esta elabora un atestado. No obstante, todas las partes implicadas deben intercambiar informaci\u00f3n de contacto y del seguro, tomar fotos del accidente y hablar con los testigos si se involucran en un accidente en un aparcamiento.<\/p>\n<p>Es importante se\u00f1alar que si una parte lesionada decide demandar al propietario de un aparcamiento porque cree que esta persona es culpable, el demandante tendr\u00eda que demostrar que hab\u00eda una condici\u00f3n defectuosa en la propiedad de la que el propietario del aparcamiento sab\u00eda o deber\u00eda haber sabido. Esto convertir\u00eda al accidente en un caso de responsabilidad del local y no en un caso t\u00edpico de accidente automovil\u00edstico.<\/p>\n<h2>El seguro en accidentes en aparcamientos<\/h2>\n<p>Las compa\u00f1\u00edas de seguros tratan a los accidentes en aparcamiento al cuestionar la responsabilidad o la culpa de las partes. Sin embargo, con informes detallados, fotos, declaraciones de testigos e informaci\u00f3n intercambiada, la responsabilidad puede no ser un problema. En general, es importante recopilar toda la informaci\u00f3n posible en el lugar de los hechos. Un abogado especializado en accidentes en aparcamientos de Colorado Springs podr\u00eda ayudarle a preparar un caso para presentar con una compa\u00f1\u00eda de seguros.<\/p>\n<h2>Asignaci\u00f3n de la culpa en los casos de Colorado Springs<\/h2>\n<p>Puede ser dif\u00edcil determinar la culpa en algunos accidentes en aparcamientos. Por ejemplo, un conductor que golpea por detr\u00e1s a otro en un aparcamiento suele ser el culpable. Alternativamente, un peat\u00f3n que camina por el aparcamiento puede no ser negligente al principio, pero sus acciones posteriores pueden mostrar alguna culpa. Estas acciones pueden incluir mirar el celular o estar completamente distra\u00eddos de su entorno.<\/p>\n<p>Dos veh\u00edculos que intentan aparcar en el mismo lugar suelen ser igualmente culpables. Un conductor que se sale y golpea al autom\u00f3vil que circula por el carril de paso tiene m\u00e1s probabilidades de ser culpable. Un recordatorio importante es que todos los casos de accidentes en aparcamientos se basan en hecho y deben consultarse con un abogado de Colorado Springs.<\/p>\n<h2>Contrate a un abogado especializado en accidentes en aparcamientos de Colorado Springs<\/h2>\n<p>Los tipos de cualidades y experiencias que una persona debe buscar al contratar a un abogado para que los represente en un caso de accidente en aparcamiento incluyen buenas habilidades de comunicaci\u00f3n, un o\u00eddo comprensivo y un deseo de abogar por sus clientes.<\/p>\n<p>Nuestros abogados especializados en accidentes en aparcamientos de Colorado Springs tienen los recursos para investigar estos casos y proporcionar el asesoramiento adecuado. Si necesita ayuda con su demanda, programe hoy mismo una consulta inicial sobre su caso.<\/p>\n","protected":false},"excerpt":{"rendered":"<p>Los accidentes automovil\u00edsticos graves pueden ocurrir en cualquier lugar y en diversas condiciones. Los aparcamientos pueden ser un lugar especialmente&nbsp;<a class=\"moretag\" href=\"https:\/\/springslawgroup.com\/es\/colorado-springs-abogado-de-accidente-de-auto\/colorado-springs-abogado-de-accidente-de-estacionamiento\/\"> Read More&#8230;<\/a><\/p>\n","protected":false},"author":32,"featured_media":0,"parent":16694,"menu_order":0,"comment_status":"closed","ping_status":"closed","template":"landingpage.php","meta":{"_acf_changed":false,"inline_featured_image":false,"footnotes":""},"categories":[],"tags":[],"class_list":["post-16359","page","type-page","status-publish","hentry"],"acf":{"key_takeaways":null,"_litigation_personal_injury_contents_new":{"_litigation_personal_injury_title_new":"","_litigation_personal_injury_discription_new":"","_litigation_personal_injury_discription_new_copy":"","_litigation_video_url_new":"","add_button":false},"_header_sub_header_content_new":null,"_litigation_frequently_asked_questions_new":null,"lawsuit_updates":null,"_litigation_related_posts_relation":null,"acf-references":""},"_links":{"self":[{"href":"https:\/\/springslawgroup.com\/es\/wp-json\/wp\/v2\/pages\/16359","targetHints":{"allow":["GET"]}}],"collection":[{"href":"https:\/\/springslawgroup.com\/es\/wp-json\/wp\/v2\/pages"}],"about":[{"href":"https:\/\/springslawgroup.com\/es\/wp-json\/wp\/v2\/types\/page"}],"author":[{"embeddable":true,"href":"https:\/\/springslawgroup.com\/es\/wp-json\/wp\/v2\/users\/32"}],"replies":[{"embeddable":true,"href":"https:\/\/springslawgroup.com\/es\/wp-json\/wp\/v2\/comments?post=16359"}],"version-history":[{"count":3,"href":"https:\/\/springslawgroup.com\/es\/wp-json\/wp\/v2\/pages\/16359\/revisions"}],"predecessor-version":[{"id":17771,"href":"https:\/\/springslawgroup.com\/es\/wp-json\/wp\/v2\/pages\/16359\/revisions\/17771"}],"up":[{"embeddable":true,"href":"https:\/\/springslawgroup.com\/es\/wp-json\/wp\/v2\/pages\/16694"}],"wp:attachment":[{"href":"https:\/\/springslawgroup.com\/es\/wp-json\/wp\/v2\/media?parent=16359"}],"wp:term":[{"taxonomy":"category","embeddable":true,"href":"https:\/\/springslawgroup.com\/es\/wp-json\/wp\/v2\/categories?post=16359"},{"taxonomy":"post_tag","embeddable":true,"href":"https:\/\/springslawgroup.com\/es\/wp-json\/wp\/v2\/tags?post=16359"}],"curies":[{"name":"wp","href":"https:\/\/api.w.org\/{rel}","templated":true}]}}