{"id":16358,"date":"2020-02-26T14:52:53","date_gmt":"2020-02-26T21:52:53","guid":{"rendered":"https:\/\/springs.flywheelstaging.com\/abogado-del-accidente-del-coche-de-alquiler-de-colorado-springs\/"},"modified":"2023-09-01T07:13:57","modified_gmt":"2023-09-01T14:13:57","slug":"abogado-del-accidente-del-coche-de-alquiler-de-colorado-springs","status":"publish","type":"page","link":"https:\/\/springslawgroup.com\/es\/colorado-springs-abogado-de-accidente-de-auto\/abogado-del-accidente-del-coche-de-alquiler-de-colorado-springs\/","title":{"rendered":"Abogado especializado en accidentes de autom\u00f3vil rentado de Colorado Springs"},"content":{"rendered":"<p>Un autom\u00f3vil rentado puede conseguirse en una empresa, que puede rentarlos por un periodo de tiempo corto o largo. La renta a corto plazo pueden incluir por horas, d\u00edas, semanas o fines de semana. Aquellos a corto plazo pueden usarse para viajes de negocios o excursiones de fin de semana. Una persona puede optar por rentar un veh\u00edculo durante un periodo corto porque es una forma m\u00e1s econ\u00f3mica de tener un coche que rentarlo. La renta de larga plazo suele incluir un mes o m\u00e1s. Algunas empresas que rentan autom\u00f3viles permiten rentas de largo plazo de hasta 11 meses por vez. Estos son una opci\u00f3n si alguien necesita un veh\u00edculo durante un periodo de tiempo m\u00e1s largo.<\/p>\n<p>Independientemente del tiempo que alguien rente un veh\u00edculo, puede sufrir un accidente. Sin embargo, algunas personas podr\u00edan desconocer sus opciones legales en estas situaciones. Si se involucr\u00f3 en un accidente de autom\u00f3vil rentado, un abogado especializado en este tipo de accidentes de Colorado Springs podr\u00eda explicarle sus opciones legales. Si contrata a uno de nuestros <a href=\"https:\/\/springslawgroup.com\/es\/colorado-springs-car-accident-lawyer-5\/\">abogados especializados en accidentes automovil\u00edsticos<\/a>, podr\u00e1 centrarse en su recuperaci\u00f3n f\u00edsica mientras nosotros nos ocupamos de su caso.<\/p>\n<h2>\u00bfCu\u00e1l es la diferencia entre los servicios de transporte compartido y las empresas tradicionales de <a href=\"https:\/\/springslawgroup.com\/es\/blog\/que-hacer-si-sufre-lesiones-en-un-accidente-con-automovil-rentado\/\">renta de autom\u00f3viles<\/a>?<\/h2>\n<p>Algunas ventajas de los servicios de transporte compartido son que la gasolina y el seguro est\u00e1n incluidos. Adem\u00e1s, un arrendatario podr\u00eda conducir hasta 180 millas con cada veh\u00edculo rentado y tienen asistencia en carretera las veinticuatro horas del d\u00eda los siete d\u00edas a la semana. Por lo general, estos veh\u00edculos se encuentran en aeropuertos y campus universitarios.<\/p>\n<p>Algunas de las desventajas de estas empresas son las cuotas mensuales y la obligaci\u00f3n de devolver el autom\u00f3vil en el lugar donde se recogi\u00f3. Con una renta normal, podr\u00edan dejarlo en varios lugares. Generalmente, con Vacation Rental o Cars2Go, tambi\u00e9n hay un tiempo m\u00ednimo de renta de una hora.<\/p>\n<h2>Opciones de cobertura de seguro para accidentes de autom\u00f3vil rentado en Colorado Springs<\/h2>\n<p>Las empresas que rentan autom\u00f3viles ofrecen la posibilidad de contratar un seguro adicional para el veh\u00edculo que se rente. Esta cobertura es opcional, especialmente si una persona tiene su propia p\u00f3liza de seguros. Si alguien tiene una cobertura m\u00ednima, su seguro no cubrir\u00e1 las facturas m\u00e9dicas ni los da\u00f1os materiales si es el conductor culpable de un accidente. Adem\u00e1s, los automovilistas deben asegurarse de que su seguro de autom\u00f3vil tiene cobertura de motorista sin seguro o con seguro insuficiente, y cobertura de facturas m\u00e9dicas para ayudar a pagar por sus lesiones corporales si estuvieron en un accidente. Disponer de cobertura adicional puede ser especialmente importante para los automovilistas que rentan veh\u00edculos con frecuencia, ya que puede haber m\u00e1s variables desconocidas implicadas.<\/p>\n<p>Algunas compa\u00f1\u00edas de renta de veh\u00edculos pueden ofrecer una exenci\u00f3n de da\u00f1os por choque (CDW, collision damage waiver). Estas compa\u00f1\u00edas consideran que se trata de una exenci\u00f3n de la franquicia en su cobertura de seguro de choque, pero el CDW trasladar\u00eda la responsabilidad de cualquier da\u00f1o a la compa\u00f1\u00eda que renta autom\u00f3viles, incluso si el arrendatario es el conductor culpable en un incidente. La exenci\u00f3n de da\u00f1os por choque suele ser un costo adicional, pero podr\u00eda tener valor en determinadas situaciones. Es importante tener en cuenta que la exenci\u00f3n de da\u00f1os por choque no cubre los da\u00f1os corporales, solo los da\u00f1os materiales. Un abogado con experiencia en Colorado Springs podr\u00eda explicarle las opciones de seguro de un individuo tras un accidente de autom\u00f3vil rentado.<\/p>\n<h2>\u00bfPor qu\u00e9 ocurren los accidentes de autom\u00f3vil rentado?<\/h2>\n<p>Uno de los puntos en com\u00fan entre los accidentes de autom\u00f3viles rentados es que los conductores no est\u00e1n tan familiarizados con el veh\u00edculo; es decir, con los frenos, el acelerador, los diferentes botones o indicadores del veh\u00edculo y los puntos ciegos del veh\u00edculo. Esta falta de familiaridad puede dificultar que el conductor de un autom\u00f3vil rentado calcule cu\u00e1ndo frenar o la distancia adecuada con respecto a otros veh\u00edculos. En general, la inexperiencia en la conducci\u00f3n de un determinado veh\u00edculo de motor puede provocar m\u00e1s accidentes.<\/p>\n<h2>Lesiones comunes en accidentes automovil\u00edsticos<\/h2>\n<p>Algunas de las lesiones m\u00e1s frecuentes en los accidentes de veh\u00edculos rentados son las de tejidos blandos, como el dolor de espalda y cuello o el <a href=\"https:\/\/springslawgroup.com\/es\/colorado-springs-abogado-de-accidente-de-auto\/colorado-springs-latigazo-cervical-abogado\/\">latigazo cervical<\/a>. Adem\u00e1s, en un accidente de autom\u00f3vil rentado suelen producirse conmociones cerebrales, as\u00ed como ara\u00f1azos, cortes o contusiones. En un caso m\u00e1s extremo, una persona puede sufrir fracturas \u00f3seas, hemorragias internas o lesiones mortales si el accidente es grave. Un abogado de Colorado Springs podr\u00eda evaluar el accidente de autom\u00f3vil rentado de una persona e identificar a qu\u00e9 formas de compensaci\u00f3n tendr\u00eda derecho en funci\u00f3n de sus lesiones.<\/p>\n<h2>Hable con un abogado especializado en accidentes de autom\u00f3vil rentado de Colorado Springs<\/h2>\n<p>Rentar un autom\u00f3vil puede tener muchas ventajas. Sin embargo, los pasos a seguir tras un accidente pueden resultar m\u00e1s complejos si conduc\u00eda un veh\u00edculo que no le pertenece. Nuestro abogado especializado en accidentes de autom\u00f3vil rentado de Colorado Springs podr\u00eda ayudarle con este proceso. Si necesita ayuda con su demanda, llame hoy mismo.<\/p>\n","protected":false},"excerpt":{"rendered":"<p>Un autom\u00f3vil rentado puede conseguirse en una empresa, que puede rentarlos por un periodo de tiempo corto o largo. La&nbsp;<a class=\"moretag\" href=\"https:\/\/springslawgroup.com\/es\/colorado-springs-abogado-de-accidente-de-auto\/abogado-del-accidente-del-coche-de-alquiler-de-colorado-springs\/\"> Read More&#8230;<\/a><\/p>\n","protected":false},"author":32,"featured_media":0,"parent":16694,"menu_order":0,"comment_status":"closed","ping_status":"closed","template":"landingpage.php","meta":{"_acf_changed":false,"inline_featured_image":false,"footnotes":""},"categories":[],"tags":[],"class_list":["post-16358","page","type-page","status-publish","hentry"],"acf":{"key_takeaways":null,"_litigation_personal_injury_contents_new":{"_litigation_personal_injury_title_new":"","_litigation_personal_injury_discription_new":"","_litigation_personal_injury_discription_new_copy":"","_litigation_video_url_new":"","add_button":false},"_header_sub_header_content_new":null,"_litigation_frequently_asked_questions_new":null,"lawsuit_updates":null,"_litigation_related_posts_relation":null,"acf-references":""},"_links":{"self":[{"href":"https:\/\/springslawgroup.com\/es\/wp-json\/wp\/v2\/pages\/16358","targetHints":{"allow":["GET"]}}],"collection":[{"href":"https:\/\/springslawgroup.com\/es\/wp-json\/wp\/v2\/pages"}],"about":[{"href":"https:\/\/springslawgroup.com\/es\/wp-json\/wp\/v2\/types\/page"}],"author":[{"embeddable":true,"href":"https:\/\/springslawgroup.com\/es\/wp-json\/wp\/v2\/users\/32"}],"replies":[{"embeddable":true,"href":"https:\/\/springslawgroup.com\/es\/wp-json\/wp\/v2\/comments?post=16358"}],"version-history":[{"count":3,"href":"https:\/\/springslawgroup.com\/es\/wp-json\/wp\/v2\/pages\/16358\/revisions"}],"predecessor-version":[{"id":17769,"href":"https:\/\/springslawgroup.com\/es\/wp-json\/wp\/v2\/pages\/16358\/revisions\/17769"}],"up":[{"embeddable":true,"href":"https:\/\/springslawgroup.com\/es\/wp-json\/wp\/v2\/pages\/16694"}],"wp:attachment":[{"href":"https:\/\/springslawgroup.com\/es\/wp-json\/wp\/v2\/media?parent=16358"}],"wp:term":[{"taxonomy":"category","embeddable":true,"href":"https:\/\/springslawgroup.com\/es\/wp-json\/wp\/v2\/categories?post=16358"},{"taxonomy":"post_tag","embeddable":true,"href":"https:\/\/springslawgroup.com\/es\/wp-json\/wp\/v2\/tags?post=16358"}],"curies":[{"name":"wp","href":"https:\/\/api.w.org\/{rel}","templated":true}]}}