{"id":16357,"date":"2020-02-27T14:36:55","date_gmt":"2020-02-27T21:36:55","guid":{"rendered":"https:\/\/springs.flywheelstaging.com\/tratamiento-medico-despues-de-un-accidente-de-coche-en-colorado-springs\/"},"modified":"2023-10-20T13:25:08","modified_gmt":"2023-10-20T20:25:08","slug":"tratamiento-medico-despues-de-un-accidente-de-coche-en-colorado-springs","status":"publish","type":"page","link":"https:\/\/springslawgroup.com\/es\/colorado-springs-abogado-de-accidente-de-auto\/tratamiento-medico-despues-de-un-accidente-de-coche-en-colorado-springs\/","title":{"rendered":"Tratamiento M\u00e9dico Despu\u00e9s de un Accidente de Coche en Colorado Springs"},"content":{"rendered":"<p>Le recomendamos que, si sufre un accidente de tr\u00e1fico, acuda a un profesional m\u00e9dico. El tratamiento m\u00e9dico despu\u00e9s de un accidente de coche en Colorado Springs es extremadamente importante para la salud de una persona y la demanda civil. Un <a href=\"https:\/\/springslawgroup.com\/es\/colorado-springs-car-accident-lawyer-5\/\">abogado<\/a> experto podr\u00eda ayudarle a presentar un reclamo por <a href=\"https:\/\/springslawgroup.com\/es\/colorado-springs-abogado-de-accidente-de-auto\/danos-recuperables-despues-de-un-accidente-de-coche-en-colorado-springs\/\">da\u00f1os y perjuicios<\/a> despu\u00e9s de haber sufrido lesiones en una colisi\u00f3n automovil\u00edstica.<\/p>\n<h2>\u00bfPor Qu\u00e9 Los Conductores Heridos Rechazan El Tratamiento M\u00e9dico?<\/h2>\n<p>La gente comete el <a href=\"https:\/\/springslawgroup.com\/es\/colorado-springs-abogado-de-accidente-de-auto\/errores-a-evitar-despues-de-un-accidente-de-coche-en-colorado-springs\/\">error de rechazar el tratamiento<\/a> por diversas razones. Una raz\u00f3n podr\u00eda ser que sienten que est\u00e1n bien f\u00edsicamente. Otra es porque hay gente que generalmente no va al m\u00e9dico. Muchas personas creen que ir al m\u00e9dico tiene cierto estigma, por lo que cometen el error de rechazar el tratamiento. Otra raz\u00f3n puede ser que una persona no quiera tener que pagar la factura del m\u00e9dico o no quiera meter en problemas al conductor culpable.<\/p>\n<h2>Por Qu\u00e9 Evitar El Tratamiento M\u00e9dico Tras Un Accidente De Tr\u00e1fico Es Un Error<\/h2>\n<p>Despu\u00e9s de un accidente de coche en Colorado Springs, es un error no seguir las \u00f3rdenes del m\u00e9dico o el seguimiento con el tratamiento m\u00e9dico, ya que podr\u00eda poner la salud de un individuo en riesgo y el impacto de su capacidad para buscar una compensaci\u00f3n legal. La compa\u00f1\u00eda de seguros y sus peritos consideran a los m\u00e9dicos expertos en su campo. Se dar\u00eda m\u00e1s cr\u00e9dito y peso a la opini\u00f3n de los m\u00e9dicos y a los tratamientos m\u00e9dicos que se les hayan administrado.<\/p>\n<p>Una interrupci\u00f3n del tratamiento puede deberse a muchas razones. Puede ocurrir porque el perjudicado considera que el m\u00e9dico no es el adecuado, que le ha tratado con demasiada dureza y que el profesional m\u00e9dico no le est\u00e1 ayudando a mejorar. Entonces, lo que hacen los perjudicados es dejar de ir. Tambi\u00e9n puede deberse a problemas de costes o a conflictos con el horario de trabajo. Evitar las lagunas en el tratamiento es importante porque una de las primeras cosas que mira la compa\u00f1\u00eda de seguros culpable es si el demandante falt\u00f3 a las citas. Si las hay, la compa\u00f1\u00eda de seguros puede afirmar que el demandante falt\u00f3 a las citas porque no est\u00e1 realmente lesionado.<\/p>\n<p>Si un lesionado tiene problemas de horario, debe hablar con el m\u00e9dico para ver si podr\u00eda adaptarse. Si se sienten inc\u00f3modos hablando con el m\u00e9dico, deben buscar un abogado especializado en lesiones que pueda ayudarles con este problema.<\/p>\n<h2>\u00bfQu\u00e9 Impide A Motoristas Da\u00f1ados Buscar Ayuda M\u00e9dica En Colorado Springs?<\/h2>\n<p>Lo que parece impedir que la gente d\u00e9 prioridad a la atenci\u00f3n m\u00e9dica, incluso despu\u00e9s de haber sufrido lesiones, es que se interpone en su camino. La gente tiene trabajos a los que tiene que ir y ni\u00f1os con horarios apretados de los que tiene que ocuparse. En general, la vida cotidiana parece impedir que la gente haga del tratamiento m\u00e9dico y el seguimiento una prioridad despu\u00e9s de haberse lesionado.<\/p>\n<h2>P\u00f3ngase en Contacto con un Abogado para Obtener M\u00e1s Informaci\u00f3n sobre el Tratamiento M\u00e9dico Despu\u00e9s de un Accidente de Coche en Colorado Springs<\/h2>\n<p>Cuando una persona busca tratamiento m\u00e9dico despu\u00e9s de un accidente de coche en Colorado Springs, est\u00e1n mejorando sus posibilidades de obtener una indemnizaci\u00f3n del conductor culpable. Uno de nuestros abogados especializados podr\u00eda guiarle a trav\u00e9s de este proceso y trabajar para garantizar que reciba la atenci\u00f3n adecuada. Para obtener ayuda con su caso, programe una consulta hoy mismo.<\/p>\n","protected":false},"excerpt":{"rendered":"<p>Le recomendamos que, si sufre un accidente de tr\u00e1fico, acuda a un profesional m\u00e9dico. El tratamiento m\u00e9dico despu\u00e9s de un&nbsp;<a class=\"moretag\" href=\"https:\/\/springslawgroup.com\/es\/colorado-springs-abogado-de-accidente-de-auto\/tratamiento-medico-despues-de-un-accidente-de-coche-en-colorado-springs\/\"> Read More&#8230;<\/a><\/p>\n","protected":false},"author":32,"featured_media":0,"parent":16694,"menu_order":0,"comment_status":"closed","ping_status":"closed","template":"landingpage.php","meta":{"_acf_changed":false,"inline_featured_image":false,"footnotes":""},"categories":[],"tags":[],"class_list":["post-16357","page","type-page","status-publish","hentry"],"acf":{"key_takeaways":null,"_litigation_personal_injury_contents_new":{"_litigation_personal_injury_title_new":"","_litigation_personal_injury_discription_new":"","_litigation_personal_injury_discription_new_copy":"","_litigation_video_url_new":"","add_button":false},"_header_sub_header_content_new":null,"_litigation_frequently_asked_questions_new":null,"lawsuit_updates":null,"_litigation_related_posts_relation":null,"acf-references":""},"_links":{"self":[{"href":"https:\/\/springslawgroup.com\/es\/wp-json\/wp\/v2\/pages\/16357","targetHints":{"allow":["GET"]}}],"collection":[{"href":"https:\/\/springslawgroup.com\/es\/wp-json\/wp\/v2\/pages"}],"about":[{"href":"https:\/\/springslawgroup.com\/es\/wp-json\/wp\/v2\/types\/page"}],"author":[{"embeddable":true,"href":"https:\/\/springslawgroup.com\/es\/wp-json\/wp\/v2\/users\/32"}],"replies":[{"embeddable":true,"href":"https:\/\/springslawgroup.com\/es\/wp-json\/wp\/v2\/comments?post=16357"}],"version-history":[{"count":4,"href":"https:\/\/springslawgroup.com\/es\/wp-json\/wp\/v2\/pages\/16357\/revisions"}],"predecessor-version":[{"id":18006,"href":"https:\/\/springslawgroup.com\/es\/wp-json\/wp\/v2\/pages\/16357\/revisions\/18006"}],"up":[{"embeddable":true,"href":"https:\/\/springslawgroup.com\/es\/wp-json\/wp\/v2\/pages\/16694"}],"wp:attachment":[{"href":"https:\/\/springslawgroup.com\/es\/wp-json\/wp\/v2\/media?parent=16357"}],"wp:term":[{"taxonomy":"category","embeddable":true,"href":"https:\/\/springslawgroup.com\/es\/wp-json\/wp\/v2\/categories?post=16357"},{"taxonomy":"post_tag","embeddable":true,"href":"https:\/\/springslawgroup.com\/es\/wp-json\/wp\/v2\/tags?post=16357"}],"curies":[{"name":"wp","href":"https:\/\/api.w.org\/{rel}","templated":true}]}}