{"id":16356,"date":"2020-02-28T15:06:38","date_gmt":"2020-02-28T22:06:38","guid":{"rendered":"https:\/\/springs.flywheelstaging.com\/errores-a-evitar-despues-de-un-accidente-de-coche-en-colorado-springs\/"},"modified":"2023-10-20T14:01:30","modified_gmt":"2023-10-20T21:01:30","slug":"errores-a-evitar-despues-de-un-accidente-de-coche-en-colorado-springs","status":"publish","type":"page","link":"https:\/\/springslawgroup.com\/es\/colorado-springs-abogado-de-accidente-de-auto\/errores-a-evitar-despues-de-un-accidente-de-coche-en-colorado-springs\/","title":{"rendered":"Errores a Evitar Despu\u00e9s de un Accidente de Coche en Colorado Springs"},"content":{"rendered":"<p>Las secuelas de un accidente de tr\u00e1fico grave pueden ser extremadamente confusas y abrumadoras. Por ello, un perjudicado puede cometer errores que le impidan reclamar una indemnizaci\u00f3n al automovilista culpable. Para aprender m\u00e1s sobre los errores a evitar despu\u00e9s de un accidente de coche en Colorado Springs, debe ponerse en contacto con un <a href=\"https:\/\/springslawgroup.com\/es\/colorado-springs-car-accident-lawyer-5\/\">abogado<\/a> experto de nuestra firma.<\/p>\n<h2>Admitir la Culpa o Disculparse<\/h2>\n<p>Admitir la culpa en la escena de un accidente de coche en Colorado Springs es un error porque la culpa es uno de los principales factores para determinar si una persona va a ser responsable del pago de los da\u00f1os a otra parte. Si una de las partes admite la culpa inmediatamente, es una prueba que podr\u00eda utilizarse en su contra a la hora de presentar una demanda o interponer una demanda contra el conductor culpable.<\/p>\n<p>El riesgo de intentar ser educado pidiendo disculpas es admitir accidentalmente la culpa. Cuando se produce un accidente de tr\u00e1fico, suele haber un conductor culpable y un automovilista no responsable. Cuando el conductor culpable quiere ser educado y pide disculpas, est\u00e1 admitiendo legalmente que fue responsable. En la sociedad actual, la cortes\u00eda es agradable, pero al mismo tiempo, desde un punto de vista jur\u00eddico, est\u00e1n admitiendo la culpa, lo que puede afectar a su capacidad de recuperaci\u00f3n econ\u00f3mica.<\/p>\n<h2>\u00bfPor Qu\u00e9 Rechazar el Tratamiento M\u00e9dico es un Error tras un Accidente de Tr\u00e1fico?<\/h2>\n<p>En Colorado Springs, rechazar el <a href=\"https:\/\/springslawgroup.com\/es\/colorado-springs-abogado-de-accidente-de-auto\/tratamiento-medico-despues-de-un-accidente-de-coche-en-colorado-springs\/\">tratamiento m\u00e9dico<\/a> inmediato es un error porque esto implica que el demandante estaba bien inmediatamente despu\u00e9s del accidente de coche. Los conductores heridos deben ser examinados por un profesional m\u00e9dico o por alguien de una cl\u00ednica de urgencias para averiguar qu\u00e9 tipo de lesiones tienen, especialmente las que no son visibles. Si alguien rechaza el tratamiento inicial, tambi\u00e9n demuestra que es potencialmente alguien que no cooper\u00f3.<\/p>\n<h2>\u00bfPor Qu\u00e9 Hay que Evitar Hacer una Declaraci\u00f3n Grabada a una Compa\u00f1\u00eda de Seguros?<\/h2>\n<p>Uno de los mayores peligros de dar declaraciones grabadas a la compa\u00f1\u00eda de seguros del otro conductor antes de consultar con un abogado es que alguien puede hacer una declaraci\u00f3n que ponga en peligro su reclamo por da\u00f1os y perjuicios. El trabajo de la compa\u00f1\u00eda de seguros del conductor culpable es obtener toda la informaci\u00f3n posible. Por lo general, la gente va a estar nerviosa hablando con la compa\u00f1\u00eda de seguros de la parte contraria, por lo que tienden a divagar. Al hacerlo, la persona que presta la declaraci\u00f3n grabada puede revelar informaci\u00f3n que no deber\u00eda admitir, como lo que estaba haciendo justo antes del accidente o lesiones previas.<\/p>\n<h2>No Ponerse en Contacto con un Abogado en Colorado Springs<\/h2>\n<p>Podr\u00eda ser un error no <a href=\"https:\/\/springslawgroup.com\/es\/colorado-springs-abogado-de-accidente-de-auto\/contratar-a-un-abogado-de-accidentes-de-coche-de-colorado-springs\/\">ponerse en contacto con un abogado<\/a> inmediatamente despu\u00e9s de un accidente de coche en Colorado Springs por una variedad de razones. Una de ellas es que el perjudicado podr\u00eda acabar hablando con la compa\u00f1\u00eda de seguros culpable y revelando informaci\u00f3n innecesaria o que podr\u00eda perjudicar su caso. Adem\u00e1s, sin una representaci\u00f3n legal adecuada, un demandante puede acabar renunciando a sus derechos de indemnizaci\u00f3n antes de tiempo aceptando un cheque.<\/p>\n<p>Desde un punto de vista emocional, al no ponerse en contacto con un abogado, el demandante puede acabar cargando con el peso de intentar resolver el caso por su cuenta. Un abogado de lesiones podr\u00eda ayudar a alguien a lidiar con el estr\u00e9s emocional y entender el flujo de casos t\u00edpicos y la l\u00ednea de tiempo de un accidente de auto.<\/p>\n<h2>Errores Adicionales<\/h2>\n<p>Algunos otros errores que la gente tiende a hacer en Colorado Springs despu\u00e9s de estar involucrado en el accidente de coche es no llamar a la polic\u00eda y tratar de resolver el caso por su cuenta. Al tratar de resolver el caso por su cuenta con la parte culpable y no implicar a la polic\u00eda o a los proveedores de cobertura, la parte lesionada puede ser incapaz de crear un registro, y pierde su derecho a solicitar una indemnizaci\u00f3n de la otra parte. Intentar llegar a un acuerdo demasiado r\u00e1pido es uno de los mayores errores, porque el demandante puede aceptar una cantidad inferior al valor de su caso.<\/p>\n<h2>Contacte a un Abogado de Colorado Springs para Aprender Sobre los Errores a Evitar Despu\u00e9s de un Accidente de Coche<\/h2>\n<p>Hay muchos errores a evitar despu\u00e9s de un accidente de coche en Colorado Springs. Un abogado experto podr\u00eda evitar que alguien cometiera estos errores y pusiera en peligro su reclamo civil por da\u00f1os y perjuicios. P\u00f3ngase en contacto con nuestra firma hoy para obtener ayuda con su caso de accidente de auto.<\/p>\n","protected":false},"excerpt":{"rendered":"<p>Las secuelas de un accidente de tr\u00e1fico grave pueden ser extremadamente confusas y abrumadoras. Por ello, un perjudicado puede cometer&nbsp;<a class=\"moretag\" href=\"https:\/\/springslawgroup.com\/es\/colorado-springs-abogado-de-accidente-de-auto\/errores-a-evitar-despues-de-un-accidente-de-coche-en-colorado-springs\/\"> Read More&#8230;<\/a><\/p>\n","protected":false},"author":32,"featured_media":0,"parent":16694,"menu_order":0,"comment_status":"closed","ping_status":"closed","template":"landingpage.php","meta":{"_acf_changed":false,"inline_featured_image":false,"footnotes":""},"categories":[],"tags":[],"class_list":["post-16356","page","type-page","status-publish","hentry"],"acf":{"key_takeaways":null,"_litigation_personal_injury_contents_new":{"_litigation_personal_injury_title_new":"","_litigation_personal_injury_discription_new":"","_litigation_personal_injury_discription_new_copy":"","_litigation_video_url_new":"","add_button":""},"_header_sub_header_content_new":null,"_litigation_frequently_asked_questions_new":null,"lawsuit_updates":null,"_litigation_related_posts_relation":null,"acf-references":""},"_links":{"self":[{"href":"https:\/\/springslawgroup.com\/es\/wp-json\/wp\/v2\/pages\/16356","targetHints":{"allow":["GET"]}}],"collection":[{"href":"https:\/\/springslawgroup.com\/es\/wp-json\/wp\/v2\/pages"}],"about":[{"href":"https:\/\/springslawgroup.com\/es\/wp-json\/wp\/v2\/types\/page"}],"author":[{"embeddable":true,"href":"https:\/\/springslawgroup.com\/es\/wp-json\/wp\/v2\/users\/32"}],"replies":[{"embeddable":true,"href":"https:\/\/springslawgroup.com\/es\/wp-json\/wp\/v2\/comments?post=16356"}],"version-history":[{"count":3,"href":"https:\/\/springslawgroup.com\/es\/wp-json\/wp\/v2\/pages\/16356\/revisions"}],"predecessor-version":[{"id":18027,"href":"https:\/\/springslawgroup.com\/es\/wp-json\/wp\/v2\/pages\/16356\/revisions\/18027"}],"up":[{"embeddable":true,"href":"https:\/\/springslawgroup.com\/es\/wp-json\/wp\/v2\/pages\/16694"}],"wp:attachment":[{"href":"https:\/\/springslawgroup.com\/es\/wp-json\/wp\/v2\/media?parent=16356"}],"wp:term":[{"taxonomy":"category","embeddable":true,"href":"https:\/\/springslawgroup.com\/es\/wp-json\/wp\/v2\/categories?post=16356"},{"taxonomy":"post_tag","embeddable":true,"href":"https:\/\/springslawgroup.com\/es\/wp-json\/wp\/v2\/tags?post=16356"}],"curies":[{"name":"wp","href":"https:\/\/api.w.org\/{rel}","templated":true}]}}