{"id":16353,"date":"2020-12-21T15:13:26","date_gmt":"2020-12-21T22:13:26","guid":{"rendered":"https:\/\/springs.flywheelstaging.com\/castle-rock-abogado-de-accidente-de-coche\/abogado-de-accidentes-de-coche-por-conducir-ebrio-en-castle-rock\/"},"modified":"2023-09-01T07:11:06","modified_gmt":"2023-09-01T14:11:06","slug":"abogado-de-accidentes-de-coche-por-conducir-ebrio-en-castle-rock","status":"publish","type":"page","link":"https:\/\/springslawgroup.com\/es\/castle-rock-lesiones-personales\/castle-rock-abogado-de-accidente-de-coche\/abogado-de-accidentes-de-coche-por-conducir-ebrio-en-castle-rock\/","title":{"rendered":"Abogado especializado en accidentes por conducci\u00f3n alcoholizada de Castle Rock"},"content":{"rendered":"<p>Por desgracia, los accidentes por conducci\u00f3n alcoholizada representan una parte importante de las muertes relacionadas con accidentes automovil\u00edsticos. Si una persona resulta lesionada por un conductor ebrio, puede obtener una indemnizaci\u00f3n econ\u00f3mica al presentar una demanda civil por lesiones contra dicho conductor.<\/p>\n<p>Si usted o un ser querido result\u00f3 herido en un accidente por conducci\u00f3n alcoholizada, ponerse en contacto con un <a href=\"https:\/\/springslawgroup.com\/es\/castle-rock-lesiones-personales\/castle-rock-abogado-de-accidente-de-coche\/\">abogado<\/a> local especializado ser\u00e1 beneficioso. Para obtener m\u00e1s informaci\u00f3n sobre los procesos para la presentaci\u00f3n y seguimiento de una demanda civil por lesiones, p\u00f3ngase en contacto hoy con un abogado especializado en accidentes por conducci\u00f3n alcoholizada de Castle Rock.<\/p>\n<h2>Leyes de Colorado sobre la conducci\u00f3n alcoholizada<\/h2>\n<p>En Colorado, un delito de conducci\u00f3n alcoholizada (DUI) se produce cuando un individuo decide conducir un veh\u00edculo despu\u00e9s de consumir alcohol o drogas en cualquier cantidad. Esto causa su incapacidad para conducir un veh\u00edculo, seg\u00fan lo dispuesto en virtud del <a href=\"https:\/\/advance.lexis.com\/documentpage\/?pdmfid=1000516&amp;crid=8edc44a2-b45c-4332-84f1-3e7cc54bf894&amp;nodeid=ABRAAEAABAANAAC&amp;nodepath=%2fROOT%2fABR%2fABRAAE%2fABRAAEAAB%2fABRAAEAABAAN%2fABRAAEAABAANAAC&amp;level=5&amp;haschildren=&amp;populated=false&amp;title=42-4-1301.+Driving+under+the+influence+-+driving+while+impaired+-+driving+with+excessive+alcoholic+content+-+definitions+-+penalties&amp;config=014FJAAyNGJkY2Y4Zi1mNjgyLTRkN2YtYmE4OS03NTYzNzYzOTg0OGEKAFBvZENhdGFsb2d592qv2Kywlf8caKqYROP5&amp;pddocfullpath=%2fshared%2fdocument%2fstatutes-legislation%2furn%3acontentItem%3a60X7-SN71-F65M-62KG-00008-00&amp;ecomp=c38_9kk&amp;prid=e58961d1-3b0b-468c-b4ad-b26ec85605cc\" target=\"_blank\" rel=\"noopener\">art\u00edculo \u00a7 42-4-1301 de los Estatutos Revisados de Colorado<\/a> (C.R.S.). Cuando se produce un accidente por conducci\u00f3n alcoholizada, se responsabilizar\u00e1 a los conductores ebrios de los da\u00f1os y perjuicios de la parte perjudicada si esta decide presentar una demanda civil contra ellos.<\/p>\n<p>Sin embargo, para que una parte lesionada recupere los da\u00f1os monetarios por sus p\u00e9rdidas, tendr\u00e1 que presentar oportunamente una demanda civil por lesiones contra el conductor ebrio responsable de causar el accidente. Conforme a la ley de prescripci\u00f3n, codificada en el C.R.S. \u00a7 13-80-101(1), la parte perjudicada debe interponer una demanda contra el conductor ebrio negligente en el plazo de tres a\u00f1os a partir de la fecha en que sufri\u00f3 las lesiones.<\/p>\n<h2>\u00bfQu\u00e9 lesiones suelen producirse en accidentes por conducci\u00f3n alcoholizada?<\/h2>\n<p>Hay varios tipos de lesiones que suelen sufrirse en los accidentes por conducci\u00f3n alcoholizada. Las lesiones m\u00e1s comunes que sufren los demandantes incluyen las siguientes:<\/p>\n<ul>\n<li>Traumatismos craneales graves (por ejemplo, conmociones cerebrales graves y <a href=\"https:\/\/springslawgroup.com\/es\/castle-rock-lesiones-personales\/castle-rock-abogado-de-lesiones-catastroficas\/abogado-de-lesiones-cerebrales-traumaticas-de-castle-rock\/\">lesiones cerebrales traum\u00e1ticas<\/a>)<\/li>\n<li>Fracturas y esguinces<\/li>\n<li>Lesiones internas (por ejemplo, da\u00f1o o rotura de \u00f3rganos, hemorragia interna, etc.)<\/li>\n<li>Lesiones de cuello y espalda (por ejemplo, latigazo cervical, desgarro o distensi\u00f3n muscular, etc.)<\/li>\n<li><a href=\"https:\/\/springslawgroup.com\/es\/castle-rock-lesiones-personales\/castle-rock-abogado-de-lesiones-catastroficas\/abogado-de-lesiones-medulares-en-castle-rock\/\">Lesiones medulares<\/a> (por ejemplo, lesiones traum\u00e1ticas de la m\u00e9dula espinal, par\u00e1lisis, etc.)<\/li>\n<\/ul>\n<p>No importa lo leve o grave que pueda ser el da\u00f1o de una persona, si sus lesiones se produjeron en un accidente por conducci\u00f3n alcoholizada en Castle Rock, un abogado local podr\u00eda responsabilizar de los da\u00f1os monetarios al conductor culpable. Un abogado especializado en accidentes por conducci\u00f3n alcoholizada de Castle Rock podr\u00eda revisar los hechos de una demanda por lesiones civiles para determinar si la parte lesionada puede demandar a un automovilista intoxicado para recuperar una compensaci\u00f3n financiera.<\/p>\n<h2>Llame a un abogado especializado en accidentes por conducci\u00f3n alcoholizada de Castle Rock y obtenga ayuda<\/h2>\n<p>En la actualidad, los accidentes por conducci\u00f3n alcoholizada son un problema desafortunado y demasiado frecuente en los Estados Unidos. Adem\u00e1s de sufrir lesiones graves y posiblemente mortales, las personas heridas en este tipo de accidentes tambi\u00e9n pueden incurrir en p\u00e9rdidas financieras sustanciales debido a la extensa y costosa atenci\u00f3n m\u00e9dica y el posterior tratamiento.<\/p>\n<p>Si usted o alguien que usted quiere profundamente se lesionaron a causa de un conductor que conduc\u00eda en estado de ebriedad, podr\u00eda tener una demanda por lesiones civiles viable que puede presentar en contra de \u00e9l. Para iniciar el proceso de demanda por lesiones personales, contacte a un abogado especializado en accidentes por conducci\u00f3n alcoholizada de Castle Rock hoy mismo.<\/p>\n","protected":false},"excerpt":{"rendered":"<p>Por desgracia, los accidentes por conducci\u00f3n alcoholizada representan una parte importante de las muertes relacionadas con accidentes automovil\u00edsticos. Si una&nbsp;<a class=\"moretag\" href=\"https:\/\/springslawgroup.com\/es\/castle-rock-lesiones-personales\/castle-rock-abogado-de-accidente-de-coche\/abogado-de-accidentes-de-coche-por-conducir-ebrio-en-castle-rock\/\"> Read More&#8230;<\/a><\/p>\n","protected":false},"author":26,"featured_media":0,"parent":16332,"menu_order":0,"comment_status":"closed","ping_status":"closed","template":"landingpage.php","meta":{"_acf_changed":false,"inline_featured_image":false,"footnotes":""},"categories":[],"tags":[],"class_list":["post-16353","page","type-page","status-publish","hentry"],"acf":{"key_takeaways":null,"_litigation_personal_injury_contents_new":{"_litigation_personal_injury_title_new":"","_litigation_personal_injury_discription_new":"","_litigation_personal_injury_discription_new_copy":"","_litigation_video_url_new":"","add_button":false},"_header_sub_header_content_new":null,"_litigation_frequently_asked_questions_new":null,"lawsuit_updates":null,"_litigation_related_posts_relation":null,"acf-references":""},"_links":{"self":[{"href":"https:\/\/springslawgroup.com\/es\/wp-json\/wp\/v2\/pages\/16353","targetHints":{"allow":["GET"]}}],"collection":[{"href":"https:\/\/springslawgroup.com\/es\/wp-json\/wp\/v2\/pages"}],"about":[{"href":"https:\/\/springslawgroup.com\/es\/wp-json\/wp\/v2\/types\/page"}],"author":[{"embeddable":true,"href":"https:\/\/springslawgroup.com\/es\/wp-json\/wp\/v2\/users\/26"}],"replies":[{"embeddable":true,"href":"https:\/\/springslawgroup.com\/es\/wp-json\/wp\/v2\/comments?post=16353"}],"version-history":[{"count":3,"href":"https:\/\/springslawgroup.com\/es\/wp-json\/wp\/v2\/pages\/16353\/revisions"}],"predecessor-version":[{"id":17215,"href":"https:\/\/springslawgroup.com\/es\/wp-json\/wp\/v2\/pages\/16353\/revisions\/17215"}],"up":[{"embeddable":true,"href":"https:\/\/springslawgroup.com\/es\/wp-json\/wp\/v2\/pages\/16332"}],"wp:attachment":[{"href":"https:\/\/springslawgroup.com\/es\/wp-json\/wp\/v2\/media?parent=16353"}],"wp:term":[{"taxonomy":"category","embeddable":true,"href":"https:\/\/springslawgroup.com\/es\/wp-json\/wp\/v2\/categories?post=16353"},{"taxonomy":"post_tag","embeddable":true,"href":"https:\/\/springslawgroup.com\/es\/wp-json\/wp\/v2\/tags?post=16353"}],"curies":[{"name":"wp","href":"https:\/\/api.w.org\/{rel}","templated":true}]}}