{"id":16352,"date":"2020-12-22T13:57:29","date_gmt":"2020-12-22T20:57:29","guid":{"rendered":"https:\/\/springs.flywheelstaging.com\/castle-rock-abogado-de-accidente-de-coche\/abogado-de-accidente-de-uber-lyft-en-castle-rock\/"},"modified":"2023-09-01T07:11:06","modified_gmt":"2023-09-01T14:11:06","slug":"abogado-de-accidente-de-uber-lyft-en-castle-rock","status":"publish","type":"page","link":"https:\/\/springslawgroup.com\/es\/castle-rock-lesiones-personales\/castle-rock-abogado-de-accidente-de-coche\/abogado-de-accidente-de-uber-lyft-en-castle-rock\/","title":{"rendered":"Abogado especializado en accidentes de transporte compartido de Castle Rock"},"content":{"rendered":"<p>Hoy en d\u00eda, empresas como Uber y Lyft prestan un servicio de transporte invaluable a personas de todo el pa\u00eds. Sin embargo, al igual que cualquier otro tipo de automovilista en las carreteras estatales y federales, tambi\u00e9n son susceptibles de verse involucrados en accidentes durante el transporte de pasajeros.<\/p>\n<p>Si usted o un ser querido sufrieron lesiones en una colisi\u00f3n automovil\u00edstica con un veh\u00edculo operado por un conductor de Lyft o Uber, podr\u00eda intentar obtener una indemnizaci\u00f3n monetaria por sus p\u00e9rdidas del conductor o de la empresa con la que trabaja. Para obtener m\u00e1s informaci\u00f3n sobre las opciones que tiene disponibles, es posible que quiera hablar con un abogado especializado en accidentes de Uber o Lyft de Casle Rock. Un <a href=\"https:\/\/springslawgroup.com\/es\/castle-rock-lesiones-personales\/castle-rock-abogado-de-accidente-de-coche\/\">abogado especializado en accidentes automovil\u00edsticos<\/a> podr\u00eda determinar qui\u00e9n es el responsable del accidente y c\u00f3mo puede obtener una indemnizaci\u00f3n por los da\u00f1os sufridos.<\/p>\n<h2>Da\u00f1os indemnizables en accidentes automovil\u00edsticos de Uber o Lyft<\/h2>\n<p>Los da\u00f1os y perjuicios que una persona puede recuperar en un accidente automovil\u00edstico en el que est\u00e9 implicado un veh\u00edculo Uber o Lyft pueden cubrir tanto p\u00e9rdidas econ\u00f3micas como no econ\u00f3micas. En Colorado, estas indemnizaciones tienen por objeto compensar al demandante por las p\u00e9rdidas econ\u00f3micas y personales derivadas de un accidente, seg\u00fan <a href=\"https:\/\/advance.lexis.com\/documentpage\/?pdmfid=1000516&amp;crid=4c0703c5-1631-4c86-b8e3-d05169d15efa&amp;nodeid=AANAAOAASAACAAC&amp;nodepath=%2FROOT%2FAAN%2FAANAAO%2FAANAAOAAS%2FAANAAOAASAAC%2FAANAAOAASAACAAC&amp;level=5&amp;haschildren=&amp;populated=false&amp;title=13-64-202.+Definitions&amp;config=014FJAAyNGJkY2Y4Zi1mNjgyLTRkN2YtYmE4OS03NTYzNzYzOTg0OGEKAFBvZENhdGFsb2d592qv2Kywlf8caKqYROP5&amp;pddocfullpath=%2Fshared%2Fdocument%2Fstatutes-legislation%2Furn%3AcontentItem%3A60X7-SN71-F30T-B3RG-00008-00&amp;ecomp=c38_9kk&amp;prid=90a54863-5df3-4437-8491-997f8eb331d5\" target=\"_blank\" rel=\"noopener\">los art\u00edculos 13-64-202(1) y (5) de los Estatutos Revisados de Colorado<\/a> (C.R.S.).<\/p>\n<p>Adem\u00e1s, seg\u00fan el art\u00edculo 13-64-202(1) del C\u00f3digo de Rentas Civiles, se entiende por perjuicio econ\u00f3mico a cualquier p\u00e9rdida monetaria y tangible que alguien sufra en una colisi\u00f3n. Dichas p\u00e9rdidas pueden incluir la posible p\u00e9rdida de ingresos debido al tiempo de baja laboral para tratar las lesiones y los costes asociados a la atenci\u00f3n m\u00e9dica recibida por la parte lesionada como consecuencia de su da\u00f1o.<\/p>\n<p>En virtud del art\u00edculo 13-64-202(5) del C\u00f3digo de Rentas Civiles, se considera perjuicio no econ\u00f3mico a cualquier da\u00f1o intangible relacionado con las lesiones sufridas por una persona en una colisi\u00f3n de transporte compartido. Estas p\u00e9rdidas incluyen dolor y sufrimiento, trauma emocional, p\u00e9rdida de consorcio y disminuci\u00f3n general de la calidad de vida. Un abogado local con experiencia podr\u00eda trabajar para asegurar que alguien herido por un conductor negligente recupere de forma total o parcial los da\u00f1os que compensen de manera suficiente las p\u00e9rdidas resultantes del accidente.<\/p>\n<h2>\u00bfQui\u00e9n es responsable de un accidente causado por un conductor de transporte compartido?<\/h2>\n<p>En la mayor\u00eda de los casos en los que un accidente automovil\u00edstico implica a un motorista que trabaja para una empresa como Uber o Lyft, la empresa empleadora del conductor puede considerarse responsable subsidiaria de cualquier da\u00f1o del que se considere responsable a su conductor. En muchos casos, el seguro de las empresas de transporte compartido cubre a los pasajeros mientras utilizan el veh\u00edculo Uber o Lyft.<\/p>\n<p>Sin embargo, en algunos casos, las personas pueden tener sus da\u00f1os reducidos en virtud de la ley de negligencia contributiva de Colorado, codificado en C.R.S. \u00a7 13-21-111 (1). Seg\u00fan la ley, si se determina que una parte perjudicada es m\u00e1s responsable de su da\u00f1o que el demandado, puede quedar totalmente excluida de la indemnizaci\u00f3n. Si el demandante es menos responsable que el demandado, su indemnizaci\u00f3n total se reducir\u00e1 en funci\u00f3n de su porcentaje de culpa. Por ejemplo, este puede ser el caso si un conductor con exceso de velocidad es golpeado por un conductor de Uber o Lyft que no cede el paso.<\/p>\n<h2>P\u00f3ngase en contacto con un abogado especializado en accidentes de transporte compartido de Castle Rock hoy<\/h2>\n<p>Cuando una persona se ve involucrada en un accidente automovil\u00edstico mientras utiliza los servicios de transporte de empresas como Lyft o Uber, la parte perjudicada debe buscar orientaci\u00f3n de un asesor legal de inmediato. Tanto si eran pasajeros del veh\u00edculo compartido como si conduc\u00edan su propio veh\u00edculo y fueron atropellados por un conductor de Uber o Lyft, podr\u00edan tener derecho a una indemnizaci\u00f3n civil considerable.<\/p>\n<p>Si usted o un ser querido se lesionaron en un accidente automovil\u00edstico de transporte compartido, podr\u00eda haber varias partes culpables de las que recuperar da\u00f1os monetarios. Llame ahora para discutir su demanda por lesiones civiles con un abogado especializado en accidentes de Uber o Lyft de Castle Rock.<\/p>\n","protected":false},"excerpt":{"rendered":"<p>Hoy en d\u00eda, empresas como Uber y Lyft prestan un servicio de transporte invaluable a personas de todo el pa\u00eds.&nbsp;<a class=\"moretag\" href=\"https:\/\/springslawgroup.com\/es\/castle-rock-lesiones-personales\/castle-rock-abogado-de-accidente-de-coche\/abogado-de-accidente-de-uber-lyft-en-castle-rock\/\"> Read More&#8230;<\/a><\/p>\n","protected":false},"author":26,"featured_media":0,"parent":16332,"menu_order":0,"comment_status":"closed","ping_status":"closed","template":"landingpage.php","meta":{"_acf_changed":false,"inline_featured_image":false,"footnotes":""},"categories":[],"tags":[],"class_list":["post-16352","page","type-page","status-publish","hentry"],"acf":{"key_takeaways":null,"_litigation_personal_injury_contents_new":{"_litigation_personal_injury_title_new":"","_litigation_personal_injury_discription_new":"","_litigation_personal_injury_discription_new_copy":"","_litigation_video_url_new":"","add_button":false},"_header_sub_header_content_new":null,"_litigation_frequently_asked_questions_new":null,"lawsuit_updates":null,"_litigation_related_posts_relation":null,"acf-references":""},"_links":{"self":[{"href":"https:\/\/springslawgroup.com\/es\/wp-json\/wp\/v2\/pages\/16352","targetHints":{"allow":["GET"]}}],"collection":[{"href":"https:\/\/springslawgroup.com\/es\/wp-json\/wp\/v2\/pages"}],"about":[{"href":"https:\/\/springslawgroup.com\/es\/wp-json\/wp\/v2\/types\/page"}],"author":[{"embeddable":true,"href":"https:\/\/springslawgroup.com\/es\/wp-json\/wp\/v2\/users\/26"}],"replies":[{"embeddable":true,"href":"https:\/\/springslawgroup.com\/es\/wp-json\/wp\/v2\/comments?post=16352"}],"version-history":[{"count":3,"href":"https:\/\/springslawgroup.com\/es\/wp-json\/wp\/v2\/pages\/16352\/revisions"}],"predecessor-version":[{"id":17139,"href":"https:\/\/springslawgroup.com\/es\/wp-json\/wp\/v2\/pages\/16352\/revisions\/17139"}],"up":[{"embeddable":true,"href":"https:\/\/springslawgroup.com\/es\/wp-json\/wp\/v2\/pages\/16332"}],"wp:attachment":[{"href":"https:\/\/springslawgroup.com\/es\/wp-json\/wp\/v2\/media?parent=16352"}],"wp:term":[{"taxonomy":"category","embeddable":true,"href":"https:\/\/springslawgroup.com\/es\/wp-json\/wp\/v2\/categories?post=16352"},{"taxonomy":"post_tag","embeddable":true,"href":"https:\/\/springslawgroup.com\/es\/wp-json\/wp\/v2\/tags?post=16352"}],"curies":[{"name":"wp","href":"https:\/\/api.w.org\/{rel}","templated":true}]}}