{"id":16351,"date":"2021-02-05T15:10:58","date_gmt":"2021-02-05T22:10:58","guid":{"rendered":"https:\/\/springs.flywheelstaging.com\/castle-rock-abogado-de-accidente-de-coche\/castle-rock-abogado-de-accidente-de-vuelco\/"},"modified":"2023-09-01T07:11:05","modified_gmt":"2023-09-01T14:11:05","slug":"castle-rock-abogado-de-accidente-de-vuelco","status":"publish","type":"page","link":"https:\/\/springslawgroup.com\/es\/castle-rock-lesiones-personales\/castle-rock-abogado-de-accidente-de-coche\/castle-rock-abogado-de-accidente-de-vuelco\/","title":{"rendered":"Abogado especializado en accidentes con vuelco de Castle Rock"},"content":{"rendered":"<p>Un accidente de vuelco sucede cuando un veh\u00edculo vuelca mientras se desv\u00eda para evitar algo en la carretera, como un animal, escombros de la carretera, un bache, u otro veh\u00edculo. En muchos casos, tras el volantazo, el conductor puede intentar corregir el veh\u00edculo y se ocasiona el vuelco. Algunas de las causas m\u00e1s comunes de estos accidentes son quedarse dormido al volante, <a href=\"https:\/\/springslawgroup.com\/es\/castle-rock-lesiones-personales\/castle-rock-abogado-de-accidente-de-coche\/castle-rock-accidentes-de-coche-causados-por-mensajes-de-texto-y-la-conduccion\/\">conducir distra\u00eddo<\/a>, <a href=\"https:\/\/springslawgroup.com\/es\/castle-rock-lesiones-personales\/castle-rock-abogado-de-accidente-de-coche\/abogado-de-accidentes-de-coche-por-conducir-ebrio-en-castle-rock\/\">consumir drogas o alcohol<\/a>, neum\u00e1ticos desgastados y conducir a velocidades peligrosamente altas. Estos accidentes tambi\u00e9n pueden ser consecuencia del tipo de veh\u00edculo que se conduce.<\/p>\n<p>Si recientemente estuvo involucrado en un accidente de esta naturaleza, que fue el resultado de un conductor negligente, hable con un abogado especializado en accidentes con vuelco de Castle Rock. Nuestros <a href=\"https:\/\/springslawgroup.com\/es\/castle-rock-lesiones-personales\/castle-rock-abogado-de-accidente-de-coche\/\">abogados<\/a> dedicados podr\u00edan trabajar duro para revisar su caso y determinar cu\u00e1les son sus opciones legales.<\/p>\n<h2>\u00bfEn qu\u00e9 se diferencian los accidentes con vuelco de otros accidentes automovil\u00edsticos?<\/h2>\n<p>Seg\u00fan la National Highway Traffic Safety Administration (NHTSA), los vuelcos, m\u00e1s que otros tipos de colisiones, reflejan la interacci\u00f3n del conductor, la carretera, el veh\u00edculo y los factores ambientales. Por eso, aunque el tipo de veh\u00edculo desempe\u00f1a un papel importante, tambi\u00e9n lo hacen otros factores como el comportamiento del conductor y las condiciones de conducci\u00f3n. Adem\u00e1s, los vuelcos tienen un mayor \u00edndice de mortalidad que otros tipos de accidentes de tr\u00e1fico. En comparaci\u00f3n con otros accidentes, el 85% de las muertes relacionadas con vuelcos son el resultado de un choque de un solo veh\u00edculo. Debido a que los accidentes con vuelco pueden ser tan devastadores, es importante contar con la ayuda de un abogado de Castle Rock para buscar la <a href=\"https:\/\/springslawgroup.com\/es\/castle-rock-lesiones-personales\/castle-rock-abogado-de-accidente-de-coche\/danos-recuperables-despues-de-un-accidente-de-coche-castle-rock\/\">compensaci\u00f3n<\/a> que necesita.<\/p>\n<h2>Consejos para evitar que un autom\u00f3vil vuelque<\/h2>\n<p>Una de las mejores formas que tiene un conductor de protegerse de sufrir lesiones graves en un accidente con vuelco es llevar puesto el cintur\u00f3n de seguridad. La NHTSA declar\u00f3 que en 2010 murieron m\u00e1s de 7.600 personas en accidentes con vuelco y la mayor\u00eda de ellas no llevaban puesto el cintur\u00f3n de seguridad. Tambi\u00e9n es importante que los conductores se aseguren de que su autom\u00f3vil reciba un mantenimiento adecuado con revisiones y cuidados rutinarios. Los neum\u00e1ticos reventados y los problemas del motor son causas comunes de estos accidentes. Por \u00faltimo, los conductores deben respetar siempre los l\u00edmites de velocidad, ya que el clima puede presentar fuertes vientos, que pueden provocar el vuelco de un coche.<\/p>\n<h2>Qu\u00e9 hacer tras un vuelco<\/h2>\n<p>Tras un accidente con vuelco, el conductor debe llamar inmediatamente a la polic\u00eda para que acuda a documentarlo. Esa documentaci\u00f3n es primordial para detallar el accidente. La persona implicada en el accidente debe tomar fotos, hablar con los testigos, recabar toda la informaci\u00f3n que pueda e intercambiar informaci\u00f3n sobre el seguro con las otras partes implicadas en el accidente. Tambi\u00e9n recomendamos tomar nota de las condiciones de la carretera y del tiempo que hac\u00eda en el momento del accidente. Otro paso importante despu\u00e9s de un accidente con vuelco es ponerse en contacto con un abogado experto y con experiencia de Castle Rock.<\/p>\n<h2>Hable con un abogado especializado en accidentes con vuelco de Castle Rock<\/h2>\n<p>Desde la consulta inicial hasta el final del caso, el objetivo de un abogado especializado en lesiones debe ser ayudar al cliente a obtener una indemnizaci\u00f3n por las lesiones causadas por el accidente.<\/p>\n<p>Nuestros abogados especializados en accidentes con vuelco de Castle Rock podr\u00edan investigar los hechos del caso al revisar los documentos del seguro, los informes policiales, las declaraciones de los testigos y los historiales m\u00e9dicos. En algunos casos, nos desplazamos al lugar del accidente para realizar tambi\u00e9n una reconstrucci\u00f3n de los hechos. Si usted necesita ayuda legal despu\u00e9s de su colisi\u00f3n devastadora, llame a nuestra oficina hoy.<\/p>\n","protected":false},"excerpt":{"rendered":"<p>Un accidente de vuelco sucede cuando un veh\u00edculo vuelca mientras se desv\u00eda para evitar algo en la carretera, como un&nbsp;<a class=\"moretag\" href=\"https:\/\/springslawgroup.com\/es\/castle-rock-lesiones-personales\/castle-rock-abogado-de-accidente-de-coche\/castle-rock-abogado-de-accidente-de-vuelco\/\"> Read More&#8230;<\/a><\/p>\n","protected":false},"author":26,"featured_media":0,"parent":16332,"menu_order":0,"comment_status":"closed","ping_status":"closed","template":"landingpage.php","meta":{"_acf_changed":false,"inline_featured_image":false,"footnotes":""},"categories":[],"tags":[],"class_list":["post-16351","page","type-page","status-publish","hentry"],"acf":{"key_takeaways":null,"_litigation_personal_injury_contents_new":{"_litigation_personal_injury_title_new":"","_litigation_personal_injury_discription_new":"","_litigation_personal_injury_discription_new_copy":"","_litigation_video_url_new":"","add_button":false},"_header_sub_header_content_new":null,"_litigation_frequently_asked_questions_new":null,"lawsuit_updates":null,"_litigation_related_posts_relation":null,"acf-references":""},"_links":{"self":[{"href":"https:\/\/springslawgroup.com\/es\/wp-json\/wp\/v2\/pages\/16351","targetHints":{"allow":["GET"]}}],"collection":[{"href":"https:\/\/springslawgroup.com\/es\/wp-json\/wp\/v2\/pages"}],"about":[{"href":"https:\/\/springslawgroup.com\/es\/wp-json\/wp\/v2\/types\/page"}],"author":[{"embeddable":true,"href":"https:\/\/springslawgroup.com\/es\/wp-json\/wp\/v2\/users\/26"}],"replies":[{"embeddable":true,"href":"https:\/\/springslawgroup.com\/es\/wp-json\/wp\/v2\/comments?post=16351"}],"version-history":[{"count":2,"href":"https:\/\/springslawgroup.com\/es\/wp-json\/wp\/v2\/pages\/16351\/revisions"}],"predecessor-version":[{"id":17097,"href":"https:\/\/springslawgroup.com\/es\/wp-json\/wp\/v2\/pages\/16351\/revisions\/17097"}],"up":[{"embeddable":true,"href":"https:\/\/springslawgroup.com\/es\/wp-json\/wp\/v2\/pages\/16332"}],"wp:attachment":[{"href":"https:\/\/springslawgroup.com\/es\/wp-json\/wp\/v2\/media?parent=16351"}],"wp:term":[{"taxonomy":"category","embeddable":true,"href":"https:\/\/springslawgroup.com\/es\/wp-json\/wp\/v2\/categories?post=16351"},{"taxonomy":"post_tag","embeddable":true,"href":"https:\/\/springslawgroup.com\/es\/wp-json\/wp\/v2\/tags?post=16351"}],"curies":[{"name":"wp","href":"https:\/\/api.w.org\/{rel}","templated":true}]}}