{"id":16349,"date":"2020-03-11T14:59:06","date_gmt":"2020-03-11T21:59:06","guid":{"rendered":"https:\/\/springs.flywheelstaging.com\/danos-recuperables-en-un-caso-del-accidente-del-carro-de-colorado-springs\/"},"modified":"2023-09-01T07:09:01","modified_gmt":"2023-09-01T14:09:01","slug":"danos-recuperables-en-un-caso-del-accidente-del-carro-de-colorado-springs","status":"publish","type":"page","link":"https:\/\/springslawgroup.com\/es\/colorado-springs-abogado-de-accidente-de-camion\/danos-recuperables-en-un-caso-del-accidente-del-carro-de-colorado-springs\/","title":{"rendered":"Da\u00f1os Recuperables en un Caso de Accidente de Cami\u00f3n en Colorado Springs"},"content":{"rendered":"<p>Los da\u00f1os y perjuicios econ\u00f3micos y no econ\u00f3micos est\u00e1n destinados a compensar a alguien por los da\u00f1os sufridos como consecuencia de las acciones imprudentes de otra persona. Las p\u00e9rdidas que puede sufrir una persona tras un accidente con un semirremolque pueden ser importantes. Como resultado, los da\u00f1os recuperables en un caso de accidente de cami\u00f3n de Colorado Springs pueden ser sustanciales. En estas situaciones, lo mejor es consultar a un <a href=\"https:\/\/springslawgroup.com\/es\/colorado-springs-abogado-de-accidente-de-camion\/\">abogado<\/a> con experiencia en este tipo de demandas.<\/p>\n<h2>\u00bfQu\u00e9 son los Da\u00f1os Econ\u00f3micos?<\/h2>\n<p>Los da\u00f1os econ\u00f3micos son f\u00e1cilmente cuantificables en d\u00f3lares. Por ejemplo, los gastos m\u00e9dicos son da\u00f1os econ\u00f3micos porque hay una cifra en d\u00f3lares vinculada a estos costes facturados por un proveedor de tratamiento. Otro ejemplo de estos da\u00f1os son los salarios perdidos. Si alguien ha faltado al trabajo a causa de sus lesiones o de su tratamiento, los salarios que pierda por este tiempo ausente de su puesto de trabajo constituyen un perjuicio econ\u00f3mico. Otros tipos de da\u00f1os econ\u00f3micos pueden ser el kilometraje, los salarios futuros perdidos y los gastos m\u00e9dicos futuros.<\/p>\n<h2>Da\u00f1os No Econ\u00f3micos en un Caso de Accidente de Cami\u00f3n en Colorado Springs<\/h2>\n<p>Los da\u00f1os no econ\u00f3micos son m\u00e1s dif\u00edciles de definir y cuantificar. Hay mucho debate y discusi\u00f3n sobre cu\u00e1nto vale el dolor seg\u00fan la legislaci\u00f3n estatal. En \u00faltima instancia, sin embargo, los da\u00f1os no econ\u00f3micos no son m\u00e1s que todos los dem\u00e1s tipos de p\u00e9rdidas que un tribunal no puede clasificar como econ\u00f3micas. Estos da\u00f1os pueden incluir dolor y sufrimiento, p\u00e9rdida del disfrute de la vida, agravaci\u00f3n o cualquier p\u00e9rdida relacionada con el estado mental de una persona. Otras p\u00e9rdidas emocionales pueden consistir en lesiones y discapacidades permanentes, cicatrices y desfiguraci\u00f3n.<\/p>\n<p>Dado que hay tantos factores que no tienen una cifra en d\u00f3lares asociada, los da\u00f1os no econ\u00f3micos se calculan de forma diferente por cada parte en cada reclamaci\u00f3n. Por lo tanto, un perjudicado y sus abogados pueden hacer un c\u00e1lculo mucho m\u00e1s elevado que la compa\u00f1\u00eda de seguros. En general, todas las partes intentan predecir lo que conceder\u00e1 el jurado, ya que es el \u00e1rbitro \u00faltimo en la determinaci\u00f3n de los da\u00f1os no econ\u00f3micos.<\/p>\n<p>En algunas situaciones, los jurados vinculan los da\u00f1os no econ\u00f3micos a los econ\u00f3micos, de modo que si un demandante tiene pocos da\u00f1os econ\u00f3micos, es posible que no reciba una gran cantidad en concepto de da\u00f1os no econ\u00f3micos.<\/p>\n<h2>\u00bfCu\u00e1ndo Puede una Persona Recibir Da\u00f1os Punitivos tras un Accidente de Cami\u00f3n?<\/h2>\n<p>Despu\u00e9s de un accidente de cami\u00f3n en Colorado Springs, una persona puede tratar de recuperarse por da\u00f1os econ\u00f3micos y no econ\u00f3micos. Adem\u00e1s, dependiendo de las circunstancias de su caso, podr\u00edan recibir tambi\u00e9n da\u00f1os punitivos. Estos da\u00f1os, a diferencia de las p\u00e9rdidas econ\u00f3micas y no econ\u00f3micas, est\u00e1n concebidos para castigar al demandado. Cuando existen factores agravantes como la conducci\u00f3n bajo los efectos del alcohol, o el exceso de velocidad de un camionero, una persona puede recibir da\u00f1os punitivos debido a la imprudencia de la otra persona.<\/p>\n<p>Los da\u00f1os compensatorios repercuten en una indemnizaci\u00f3n adicional si el camionero cometi\u00f3 una imprudencia, pero no caus\u00f3 da\u00f1os a nadie. En esta situaci\u00f3n, un jurado no va a castigar a esta persona tanto como lo har\u00eda si causara a alguien muchos da\u00f1os o perjuicios. Normalmente, los da\u00f1os punitivos ser\u00e1n proporcionales a otras indemnizaciones concedidas.<\/p>\n<h2>\u00bfQu\u00e9 Da\u00f1os Suelen Cubrir las P\u00f3lizas de Seguro de Autom\u00f3vil?<\/h2>\n<p>Si el conductor del cami\u00f3n tuvo la culpa, su compa\u00f1\u00eda de seguros de autom\u00f3viles puede pagar por dos categor\u00edas de da\u00f1os, propiedad y lesiones corporales. Los bienes son los da\u00f1os causados al veh\u00edculo de una persona o a cualquier objeto de propiedad personal que se encuentre dentro de su coche, como asientos de coche o un ordenador port\u00e1til. Los da\u00f1os corporales incluyen da\u00f1os econ\u00f3micos y no econ\u00f3micos. Normalmente, el seguro de autom\u00f3vil no cubre los da\u00f1os punitivos, lo que significa que el conductor culpable o su compa\u00f1\u00eda de camiones pueden tener que hacer estos pagos, dependiendo de las circunstancias del caso.<\/p>\n<h2>Tapas de Da\u00f1os en Colorado Springs<\/h2>\n<p>En Colorado Springs, un l\u00edmite de da\u00f1os es s\u00f3lo el l\u00edmite de lo que alguien puede recuperar por su accidente de cami\u00f3n. Sin embargo, no hay l\u00edmite m\u00e1ximo para los da\u00f1os econ\u00f3micos, s\u00f3lo para los no econ\u00f3micos, que el tribunal ajusta seg\u00fan la ley. Los l\u00edmites se establecen para controlar el coste de los seguros y los litigios como parte del movimiento de \u00abreforma de la responsabilidad civil\u00bb. Los legisladores intentan controlar los costes para las compa\u00f1\u00edas de seguros.<\/p>\n<h2>El Rol de un Abogado<\/h2>\n<p>El rol de un abogado es recuperar los da\u00f1os para alguien, asegurarse de que se le pagan todas las facturas y de que obtiene una compensaci\u00f3n por sus p\u00e9rdidas mentales y emocionales. Los demandantes lesionados normalmente quieren asegurarse de que sus facturas no excedan el seguro disponible, por lo que un abogado dedicado debe ser capaz de revisar las p\u00f3lizas de seguro aplicables para asegurarse de que hay suficiente seguro para pagar todos sus da\u00f1os. Adem\u00e1s, el papel del abogado es reunir pruebas que respalden su petici\u00f3n de da\u00f1os y perjuicios.<\/p>\n<p>Cuando un abogado de Colorado Springs maneja los da\u00f1os recuperables en un caso de accidente de cami\u00f3n, la carga de tratar con las compa\u00f1\u00edas de seguros se quita del demandante. Un abogado puede negociar con la compa\u00f1\u00eda de seguros adecuada para que la persona lesionada reciba una indemnizaci\u00f3n justa. Si el caso llega a litigio, el abogado podr\u00eda ocuparse de todos los aspectos de la demanda, decirle al demandante qu\u00e9 hacer y d\u00f3nde estar, y encargarse de todo lo dem\u00e1s para que no tenga que preocuparse.<\/p>\n<h2>Contacte a un Abogado para Aprender M\u00e1s Sobre Da\u00f1os Recuperables tras un Accidente de Cami\u00f3n en Colorado Springs<\/h2>\n<p>Sufrir un grave accidente de cami\u00f3n puede provocar importantes lesiones y p\u00e9rdidas personales. Por lo tanto, si un camionero negligente le ha causado lesiones en una colisi\u00f3n, debe emprender acciones legales para obtener una indemnizaci\u00f3n. Uno de nuestros abogados especializados podr\u00eda explicarle sus opciones de recuperaci\u00f3n financiera. Para aprender sobre sus opciones para los da\u00f1os recuperables en un caso de accidente de cami\u00f3n de Colorado Springs, programe una consulta hoy.<\/p>\n","protected":false},"excerpt":{"rendered":"<p>Los da\u00f1os y perjuicios econ\u00f3micos y no econ\u00f3micos est\u00e1n destinados a compensar a alguien por los da\u00f1os sufridos como consecuencia&nbsp;<a class=\"moretag\" href=\"https:\/\/springslawgroup.com\/es\/colorado-springs-abogado-de-accidente-de-camion\/danos-recuperables-en-un-caso-del-accidente-del-carro-de-colorado-springs\/\"> Read More&#8230;<\/a><\/p>\n","protected":false},"author":32,"featured_media":0,"parent":16697,"menu_order":0,"comment_status":"closed","ping_status":"closed","template":"landingpage.php","meta":{"_acf_changed":false,"inline_featured_image":false,"footnotes":""},"categories":[],"tags":[],"class_list":["post-16349","page","type-page","status-publish","hentry"],"acf":{"key_takeaways":null,"_litigation_personal_injury_contents_new":{"_litigation_personal_injury_title_new":"","_litigation_personal_injury_discription_new":"","_litigation_personal_injury_discription_new_copy":"","_litigation_video_url_new":"","add_button":false},"_header_sub_header_content_new":null,"_litigation_frequently_asked_questions_new":null,"lawsuit_updates":null,"_litigation_related_posts_relation":null,"acf-references":""},"_links":{"self":[{"href":"https:\/\/springslawgroup.com\/es\/wp-json\/wp\/v2\/pages\/16349","targetHints":{"allow":["GET"]}}],"collection":[{"href":"https:\/\/springslawgroup.com\/es\/wp-json\/wp\/v2\/pages"}],"about":[{"href":"https:\/\/springslawgroup.com\/es\/wp-json\/wp\/v2\/types\/page"}],"author":[{"embeddable":true,"href":"https:\/\/springslawgroup.com\/es\/wp-json\/wp\/v2\/users\/32"}],"replies":[{"embeddable":true,"href":"https:\/\/springslawgroup.com\/es\/wp-json\/wp\/v2\/comments?post=16349"}],"version-history":[{"count":2,"href":"https:\/\/springslawgroup.com\/es\/wp-json\/wp\/v2\/pages\/16349\/revisions"}],"predecessor-version":[{"id":17718,"href":"https:\/\/springslawgroup.com\/es\/wp-json\/wp\/v2\/pages\/16349\/revisions\/17718"}],"up":[{"embeddable":true,"href":"https:\/\/springslawgroup.com\/es\/wp-json\/wp\/v2\/pages\/16697"}],"wp:attachment":[{"href":"https:\/\/springslawgroup.com\/es\/wp-json\/wp\/v2\/media?parent=16349"}],"wp:term":[{"taxonomy":"category","embeddable":true,"href":"https:\/\/springslawgroup.com\/es\/wp-json\/wp\/v2\/categories?post=16349"},{"taxonomy":"post_tag","embeddable":true,"href":"https:\/\/springslawgroup.com\/es\/wp-json\/wp\/v2\/tags?post=16349"}],"curies":[{"name":"wp","href":"https:\/\/api.w.org\/{rel}","templated":true}]}}