{"id":16348,"date":"2020-03-12T14:13:40","date_gmt":"2020-03-12T21:13:40","guid":{"rendered":"https:\/\/springs.flywheelstaging.com\/aspectos-unicos-de-los-accidentes-de-bicicleta-en-colorado-springs\/"},"modified":"2023-10-20T14:09:15","modified_gmt":"2023-10-20T21:09:15","slug":"aspectos-unicos-de-los-accidentes-de-bicicleta-en-colorado-springs","status":"publish","type":"page","link":"https:\/\/springslawgroup.com\/es\/abogado-de-accidentes-de-bicicleta-en-colorado-springs\/aspectos-unicos-de-los-accidentes-de-bicicleta-en-colorado-springs\/","title":{"rendered":"Aspectos \u00danicos De Los Accidentes De Bicicleta En Colorado Springs"},"content":{"rendered":"<p>Hay muchos aspectos \u00fanicos de los accidentes de bicicleta en Colorado Springs que hacen que estos incidentes sean extremadamente peligrosos. Por ello, los ciclistas deben estar preparados para tomar ciertas medidas en caso de colisi\u00f3n grave. Si ha sufrido lesiones mientras conduc\u00eda su bicicleta, nuestros <a href=\"https:\/\/springslawgroup.com\/es\/abogado-de-accidentes-de-bicicleta-en-colorado-springs\/\">abogados<\/a> expertos podr\u00edan ayudarle a emprender acciones legales y buscar una indemnizaci\u00f3n justa.<\/p>\n<h2>Escenarios Comunes Que Resultan En Accidentes De Bicicleta En Colorado Springs<\/h2>\n<p>Uno de los casos m\u00e1s frecuentes de accidente de bicicleta es cuando un ciclista circula demasiado cerca de un carril de tr\u00e1fico y tiene un accidente con un coche. Otra situaci\u00f3n que puede darse es cuando un ciclista que circula por la monta\u00f1a es atropellado por un conductor distra\u00eddo. Un ciclista tambi\u00e9n puede provocar un accidente si no presta atenci\u00f3n a su entorno.<\/p>\n<p>Los tipos de accidentes que son exclusivos de los accidentes de bicicleta en Colorado Springs son un ciclista que es golpeado por la puerta de un coche, un ciclista que es golpeado por un veh\u00edculo que hace un giro a la derecha, o un coche que sale de una intersecci\u00f3n y golpea a un ciclista.<\/p>\n<h2>\u00bfEn Qu\u00e9 Se Diferencian Los Accidentes De Bicicleta De Otros Tipos De Colisiones?<\/h2>\n<p>Una de las mayores diferencias cuando se trata de accidentes de bicicleta es lo expuesto que est\u00e1 un ciclista en comparaci\u00f3n con un conductor de un veh\u00edculo de motor. Esta exposici\u00f3n expone al ciclista a lesiones graves en caso de colisi\u00f3n entre un coche y una bicicleta.<\/p>\n<p>La gran mayor\u00eda de los ciclistas son golpeados por la parte delantera de un veh\u00edculo, lo que provoca colisiones mortales. Las lesiones m\u00e1s comunes en los accidentes de bicicleta son traumatismos craneoencef\u00e1licos, lesiones faciales, lesiones en la columna vertebral, lesiones cerebrales, rotura de discos, fracturas \u00f3seas, huesos rotos y muerte por negligencia.<\/p>\n<p>Algunos factores que hacen que los accidentes de bicicleta sean m\u00e1s frecuentes que los de peatones son la velocidad del ciclista frente a la del peat\u00f3n. Adem\u00e1s, como los peatones caminan por los pasos de peatones con preferencia de paso y los ciclistas circulan entre el tr\u00e1fico junto a veh\u00edculos en movimiento, esto supone un mayor riesgo para los ciclistas.<\/p>\n<h2>C\u00f3mo Evitar Accidentes De Bicileta En Colorado Springs<\/h2>\n<p>Un ciclista debe estar constantemente atento a su entorno, ya que hay muchos peligros que escapan a su control. Algunos de esos peligros son la salida de un coche, una rejilla en la carretera, animales correteando, baches en la calzada, la apertura de la puerta de un coche, un veh\u00edculo en marcha o peatones. Adem\u00e1s, a diferencia de un coche o un cami\u00f3n, una bicicleta no tiene ninguna protecci\u00f3n exterior.<\/p>\n<p>Para estar m\u00e1s preparados, los ciclistas pueden recibir clases sobre seguridad en bicicleta. Adem\u00e1s, estas personas deben respetar siempre las normas de circulaci\u00f3n. Por ejemplo, los ciclistas no deben beber alcohol mientras montan en bicicleta.<\/p>\n<h2>P\u00f3ngase En Contacto Con Un Abogado De Colorado Springs Para Obtener M\u00e1s Informaci\u00f3n Sobre Los Aspectos \u00danicos De Los Accidentes De Bicicleta<\/h2>\n<p>Uno de nuestros dedicados miembros del equipo podr\u00eda ayudar a alguien involucrado en un accidente de bicicleta gui\u00e1ndole a trav\u00e9s del proceso. Nuestros abogados podr\u00edan ayudar a los ciclistas lesionados a encontrar tratamiento, revisar todos los seguros disponibles y ser sus defensores durante todo el caso. Para aprender m\u00e1s sobre los aspectos \u00fanicos de accidentes de bicicleta en Colorado Springs, programe una consulta con un abogado de nuestra firma.<\/p>\n","protected":false},"excerpt":{"rendered":"<p>Hay muchos aspectos \u00fanicos de los accidentes de bicicleta en Colorado Springs que hacen que estos incidentes sean extremadamente peligrosos.&nbsp;<a class=\"moretag\" href=\"https:\/\/springslawgroup.com\/es\/abogado-de-accidentes-de-bicicleta-en-colorado-springs\/aspectos-unicos-de-los-accidentes-de-bicicleta-en-colorado-springs\/\"> Read More&#8230;<\/a><\/p>\n","protected":false},"author":32,"featured_media":0,"parent":16681,"menu_order":0,"comment_status":"closed","ping_status":"closed","template":"landingpage.php","meta":{"_acf_changed":false,"inline_featured_image":false,"footnotes":""},"categories":[],"tags":[],"class_list":["post-16348","page","type-page","status-publish","hentry"],"acf":{"key_takeaways":null,"_litigation_personal_injury_contents_new":{"_litigation_personal_injury_title_new":"","_litigation_personal_injury_discription_new":"","_litigation_personal_injury_discription_new_copy":"","_litigation_video_url_new":"","add_button":false},"_header_sub_header_content_new":null,"_litigation_frequently_asked_questions_new":null,"lawsuit_updates":null,"_litigation_related_posts_relation":null,"acf-references":""},"_links":{"self":[{"href":"https:\/\/springslawgroup.com\/es\/wp-json\/wp\/v2\/pages\/16348","targetHints":{"allow":["GET"]}}],"collection":[{"href":"https:\/\/springslawgroup.com\/es\/wp-json\/wp\/v2\/pages"}],"about":[{"href":"https:\/\/springslawgroup.com\/es\/wp-json\/wp\/v2\/types\/page"}],"author":[{"embeddable":true,"href":"https:\/\/springslawgroup.com\/es\/wp-json\/wp\/v2\/users\/32"}],"replies":[{"embeddable":true,"href":"https:\/\/springslawgroup.com\/es\/wp-json\/wp\/v2\/comments?post=16348"}],"version-history":[{"count":3,"href":"https:\/\/springslawgroup.com\/es\/wp-json\/wp\/v2\/pages\/16348\/revisions"}],"predecessor-version":[{"id":18041,"href":"https:\/\/springslawgroup.com\/es\/wp-json\/wp\/v2\/pages\/16348\/revisions\/18041"}],"up":[{"embeddable":true,"href":"https:\/\/springslawgroup.com\/es\/wp-json\/wp\/v2\/pages\/16681"}],"wp:attachment":[{"href":"https:\/\/springslawgroup.com\/es\/wp-json\/wp\/v2\/media?parent=16348"}],"wp:term":[{"taxonomy":"category","embeddable":true,"href":"https:\/\/springslawgroup.com\/es\/wp-json\/wp\/v2\/categories?post=16348"},{"taxonomy":"post_tag","embeddable":true,"href":"https:\/\/springslawgroup.com\/es\/wp-json\/wp\/v2\/tags?post=16348"}],"curies":[{"name":"wp","href":"https:\/\/api.w.org\/{rel}","templated":true}]}}