{"id":16347,"date":"2020-03-25T14:04:27","date_gmt":"2020-03-25T21:04:27","guid":{"rendered":"https:\/\/springs.flywheelstaging.com\/fort-carson-abogado-de-lesiones-personales\/fort-carson-abogado-de-lesiones-infantiles\/"},"modified":"2023-09-01T07:08:53","modified_gmt":"2023-09-01T14:08:53","slug":"fort-carson-abogado-de-lesiones-infantiles","status":"publish","type":"page","link":"https:\/\/springslawgroup.com\/es\/fort-carson-lesiones-personales\/fort-carson-abogado-de-lesiones-infantiles\/","title":{"rendered":"Abogados especializados en lesiones infantiles de Fort Carson"},"content":{"rendered":"<p>Muchas de las lesiones infantiles que se producen pueden prevenirse. Pero, por desgracia, en demasiados casos estos incidentes se generan por el descuido o la negligencia de alguien.<\/p>\n<p>Si su hijo o hija sufri\u00f3 lesiones en un incidente grave, es esencial que hable con un abogado especializado en lesiones infantiles de Fort Carson para determinar si tiene derecho a una compensaci\u00f3n econ\u00f3mica. Nuestros <a href=\"https:\/\/springslawgroup.com\/es\/fort-carson-lesiones-personales\/\">abogados especializados en lesiones personales<\/a> comprenden la angustia de ver a su hijo herido y esperan poder ayudarle en este momento dif\u00edcil.<strong> <\/strong><\/p>\n<h2>Posibles causas de lesiones infantiles en Fort Carson<\/h2>\n<p>El <a href=\"https:\/\/advance.lexis.com\/documentpage\/?pdmfid=1000516&amp;crid=a5d8da20-5672-4743-9d6b-92acdd1d66b8&amp;config=014FJAAyNGJkY2Y4Zi1mNjgyLTRkN2YtYmE4OS03NTYzNzYzOTg0OGEKAFBvZENhdGFsb2d592qv2Kywlf8caKqYROP5&amp;pddocfullpath=%2Fshared%2Fdocument%2Fstatutes-legislation%2Furn%3AcontentItem%3A5XPN-KFB1-F4NT-X2H4-00008-00&amp;pdcontentcomponentid=234176&amp;pdteaserkey=sr0&amp;pditab=allpods&amp;ecomp=tgw_kkk&amp;earg=sr0&amp;prid=8f65374f-f4fa-497b-8955-9102448933e2\" target=\"_blank\" rel=\"noopener\">art\u00edculo \u00a713-81-101 de los Estatutos Revisados de Colorado <\/a> clasifica a las personas que a\u00fan no cumplieron los 18 a\u00f1os como personas incapacitadas que no pueden tomar acciones civiles por s\u00ed mismas. Un progenitor, tutor o representante legal debe presentar una demanda por lesiones personales en nombre del menor. Nuestros abogados expertos de Fort Carson podr\u00edan ayudar a los padres u otros representantes legales a presentar una demanda por lesiones infantiles con base en las circunstancias del accidente.<\/p>\n<h3>Fallos en la supervisi\u00f3n<\/h3>\n<p>Es frecuente que los padres conf\u00eden en otras personas para proteger a sus hijos de posibles situaciones peligrosas. Esto se aplica a ni\u00f1eras, guarder\u00edas, escuelas y m\u00e1s. Por ejemplo, las lesiones graves que pueden producirse en los parques infantiles pueden deberse a una supervisi\u00f3n deficiente.<\/p>\n<h3>Productos peligrosos o defectuosos<\/h3>\n<p>Cada a\u00f1o se producen incidentes en los que ni\u00f1os resultan gravemente heridos o mueren debido a productos peligrosos o defectuosos. Algunos ejemplos de estos accidentes pueden ser muebles inestables, sillas de coche defectuosas y productos que provocan la asfixia.<\/p>\n<h3>Accidentes automovil\u00edsticos<\/h3>\n<p>Los ni\u00f1os pueden verse implicados en una <a href=\"https:\/\/springslawgroup.com\/es\/fort-carson-lesiones-personales\/fort-carson-abogado-de-accidente-de-coche\/\">colisi\u00f3n con un veh\u00edculo de motor<\/a> mientras caminan o montan en bicicleta. En estas circunstancias, aumenta la probabilidad de sufrir lesiones graves o mortales. Demostrar que un conductor fue negligente puede ser un reto que requiere una investigaci\u00f3n. Por lo tanto, es fundamental que consulte a un abogado especializado.<\/p>\n<h2>\u00bfCu\u00e1l es el plazo de prescripci\u00f3n en los casos de lesiones infantiles?<\/h2>\n<p>Seg\u00fan las circunstancias, las leyes est\u00e1ndar en relaci\u00f3n con la prescripci\u00f3n son diferentes para los casos que afectan a menores. El plazo para interponer una demanda no puede comenzar hasta que el menor cumpla 18 a\u00f1os. Un abogado de Fort Carson podr\u00eda revisar un caso de lesi\u00f3n infantil y determinar qu\u00e9 estatuto de limitaci\u00f3n aplica a una situaci\u00f3n espec\u00edfica.<\/p>\n<h2>\u00bfCu\u00e1les son los tipos de ca\u00f1os indemnizables?<\/h2>\n<p>En los casos de lesiones infantiles en Fort Carson, un abogado debe demostrar que el demandado (o demandados) es negligente y que esta negligencia caus\u00f3 la lesi\u00f3n. Si un demandante y su abogado pueden demostrar estos hechos, pueden obtener diversas formas de indemnizaci\u00f3n. Estas pueden incluir las siguientes:<\/p>\n<ul>\n<li>Da\u00f1os econ\u00f3micos, como gastos de atenci\u00f3n m\u00e9dica, p\u00e9rdida de ingresos, da\u00f1os materiales y otros.<\/li>\n<li>Da\u00f1os no econ\u00f3micos, como el dolor, angustia o desfiguraci\u00f3n. Son da\u00f1os intangibles que pueden ser m\u00e1s dif\u00edciles de cuantificar.<\/li>\n<li>Los da\u00f1os punitivos castigan al demandado cuando sus acciones fueron intencionadas o especialmente maliciosas.<\/li>\n<\/ul>\n<h2>Contrate a un abogado especializado en lesiones infantiles de Fort Carson<\/h2>\n<p>A pesar de los esfuerzos de sus padres, los ni\u00f1os se hacen da\u00f1o de vez en cuando. Pero algunos de estos incidentes son el resultado de negligencia ajena. En estas situaciones, los padres deben tomar acciones legales. Sin embargo, demostrar que una parte fue negligente puede ser un proceso dif\u00edcil y complicado.<\/p>\n<p>Por suerte, un abogado experializado en lesiones infantiles de Fort Carson podr\u00eda revisar con cuidado las pruebas y circunstancias de su caso. Merece tener una representaci\u00f3n que busque con firmeza la compensaci\u00f3n financiera que usted y su familia necesitan.<\/p>\n","protected":false},"excerpt":{"rendered":"<p>Muchas de las lesiones infantiles que se producen pueden prevenirse. Pero, por desgracia, en demasiados casos estos incidentes se generan&nbsp;<a class=\"moretag\" href=\"https:\/\/springslawgroup.com\/es\/fort-carson-lesiones-personales\/fort-carson-abogado-de-lesiones-infantiles\/\"> Read More&#8230;<\/a><\/p>\n","protected":false},"author":32,"featured_media":0,"parent":16343,"menu_order":0,"comment_status":"closed","ping_status":"closed","template":"landingpage.php","meta":{"_acf_changed":false,"inline_featured_image":false,"footnotes":""},"categories":[],"tags":[],"class_list":["post-16347","page","type-page","status-publish","hentry"],"acf":{"key_takeaways":null,"_litigation_personal_injury_contents_new":{"_litigation_personal_injury_title_new":"","_litigation_personal_injury_discription_new":"","_litigation_personal_injury_discription_new_copy":"","_litigation_video_url_new":"","add_button":false},"_header_sub_header_content_new":null,"_litigation_frequently_asked_questions_new":null,"lawsuit_updates":null,"_litigation_related_posts_relation":null,"acf-references":""},"_links":{"self":[{"href":"https:\/\/springslawgroup.com\/es\/wp-json\/wp\/v2\/pages\/16347","targetHints":{"allow":["GET"]}}],"collection":[{"href":"https:\/\/springslawgroup.com\/es\/wp-json\/wp\/v2\/pages"}],"about":[{"href":"https:\/\/springslawgroup.com\/es\/wp-json\/wp\/v2\/types\/page"}],"author":[{"embeddable":true,"href":"https:\/\/springslawgroup.com\/es\/wp-json\/wp\/v2\/users\/32"}],"replies":[{"embeddable":true,"href":"https:\/\/springslawgroup.com\/es\/wp-json\/wp\/v2\/comments?post=16347"}],"version-history":[{"count":3,"href":"https:\/\/springslawgroup.com\/es\/wp-json\/wp\/v2\/pages\/16347\/revisions"}],"predecessor-version":[{"id":17226,"href":"https:\/\/springslawgroup.com\/es\/wp-json\/wp\/v2\/pages\/16347\/revisions\/17226"}],"up":[{"embeddable":true,"href":"https:\/\/springslawgroup.com\/es\/wp-json\/wp\/v2\/pages\/16343"}],"wp:attachment":[{"href":"https:\/\/springslawgroup.com\/es\/wp-json\/wp\/v2\/media?parent=16347"}],"wp:term":[{"taxonomy":"category","embeddable":true,"href":"https:\/\/springslawgroup.com\/es\/wp-json\/wp\/v2\/categories?post=16347"},{"taxonomy":"post_tag","embeddable":true,"href":"https:\/\/springslawgroup.com\/es\/wp-json\/wp\/v2\/tags?post=16347"}],"curies":[{"name":"wp","href":"https:\/\/api.w.org\/{rel}","templated":true}]}}