{"id":16346,"date":"2020-03-13T15:06:49","date_gmt":"2020-03-13T22:06:49","guid":{"rendered":"https:\/\/springs.flywheelstaging.com\/que-hacer-despues-de-un-accidente-de-bicicleta-en-colorado-springs\/"},"modified":"2023-09-01T07:07:13","modified_gmt":"2023-09-01T14:07:13","slug":"que-hacer-despues-de-un-accidente-de-bicicleta-en-colorado-springs","status":"publish","type":"page","link":"https:\/\/springslawgroup.com\/es\/que-hacer-despues-de-un-accidente-de-bicicleta-en-colorado-springs\/","title":{"rendered":"Qu\u00e9 Hacer Despu\u00e9s de un Accidente de Bicicleta en Colorado Springs"},"content":{"rendered":"<p>El primer paso que debe dar un ciclista lesionado tras un accidente de bicicleta es llamar a la polic\u00eda para que acuda al lugar de los hechos y pueda hacer un reporte. Es importante que acuda la polic\u00eda porque puede hablar con todas las partes implicadas, hacer fotos y levantar un acta. A continuaci\u00f3n, la persona debe evaluar sus lesiones y su entorno y recibir tratamiento m\u00e9dico inmediatamente despu\u00e9s de llamar a la polic\u00eda.<\/p>\n<p>Sin embargo, incluso despu\u00e9s de tomar todas estas medidas, todav\u00eda puede ser complicado saber qu\u00e9 hacer despu\u00e9s de un accidente de bicicleta en Colorado Springs. Afortunadamente, nuestro equipo de <a href=\"https:\/\/springslawgroup.com\/es\/abogado-de-accidentes-de-bicicleta-en-colorado-springs\/\">abogados especializados en accidentes de bicicleta<\/a> est\u00e1 aqu\u00ed para ayudarle.<\/p>\n<h2>Hablar con la Compa\u00f1\u00eda de Seguros tras un Accidente de Bicicleta<\/h2>\n<p>Despu\u00e9s de un accidente de bicicleta en Colorado Springs, un individuo debe notificar a su seguro una vez que han cuidado de s\u00ed mismos y tienen sus lesiones evaluadas. Sin embargo, es importante tener en cuenta que los demandantes lesionados deben evitar hacer una declaraci\u00f3n grabada a cualquier compa\u00f1\u00eda de seguros sin hablar antes con un abogado experimentado.<\/p>\n<p>Los demandantes no deben hacer una declaraci\u00f3n grabada porque pueden dar m\u00e1s informaci\u00f3n de la necesaria o decir algo que a la larga podr\u00eda perjudicar su caso. Un perjudicado debe contratar a un abogado que pueda hablar con \u00e9l sobre lo ocurrido en el caso y explicarle c\u00f3mo hacer correctamente una declaraci\u00f3n grabada.<\/p>\n<p>Si un ciclista sufre lesiones en un accidente, debe ponerse en contacto con un abogado si no tiene seguro. Un abogado podr\u00eda investigar si existen otros recursos o seguros disponibles para obtener una indemnizaci\u00f3n. Por ejemplo, un abogado puede determinar si el conductor o la parte culpable puede ser responsable de pagar una indemnizaci\u00f3n a trav\u00e9s de su seguro.<\/p>\n<h2>Recolecci\u00f3n de Pruebas<\/h2>\n<p>Las pruebas que alguien debe intentar conservar inmediatamente despu\u00e9s de un accidente de moto son las fotograf\u00edas del siniestro, las declaraciones de los testigos, la descripci\u00f3n del lugar de los hechos y el tiempo que hac\u00eda ese d\u00eda. Los ciclistas heridos tambi\u00e9n deben tomar nota de cualquier cosa inusual que pueda haber ocurrido. Adem\u00e1s, deben asegurarse de intercambiar informaci\u00f3n con la parte culpable. Ese intercambio de informaci\u00f3n debe incluir documentos de seguro, fotos y, potencialmente, identificaciones para que sepan c\u00f3mo ponerse en contacto con la parte contraria.<\/p>\n<p>Es importante reunir estas pruebas porque ayudan a relatar lo que ocurri\u00f3 durante ese tiempo. En el momento en que se produce el accidente, es importante empezar a recopilar informaci\u00f3n porque el suceso est\u00e1 fresco en la memoria de la gente. A veces, nuestros abogados descubren que si la gente no intercambia informaci\u00f3n, resulta dif\u00edcil poder ponerse en contacto con la parte culpable m\u00e1s adelante.<\/p>\n<h2>C\u00f3mo Obtener Asesoramiento Jur\u00eddico en Colorado Springs<\/h2>\n<p>Una persona lesionada en un accidente mientras montaba en bicicleta en Colorado Springs debe ponerse en contacto con un abogado una vez que se ponga en contacto con la polic\u00eda y busque tratamiento m\u00e9dico. Es importante hablar con un abogado especializado en lesiones para entender el caso y el proceso de demanda. Un representante legal puede guiar a una persona y convertirse en su defensor durante todo el proceso.<\/p>\n<p>Una forma en que un abogado podr\u00eda ayudar es ofreciendo apoyo emocional. Un accidente puede pasar factura a alguien, ya que puede afectarlo toda su vida. Puede trastocar la vida de una persona porque ahora debe acudir a tratamiento y seguir cuidando de su familia y yendo a trabajar.<\/p>\n<p>Un abogado podr\u00eda ayudar con esto porque podr\u00eda eliminar las cargas que vienen con el manejo de un caso de accidente de bicicleta. Adem\u00e1s, nuestro equipo jur\u00eddico cuenta con experiencia y conocimientos sobre c\u00f3mo ayudar a los demandantes a llevar un caso con cuidado y confianza.<\/p>\n<p>Un abogado podr\u00eda recorrer todos los aspectos de un caso. Desde el principio, cuando se lesionan, hasta la fase de tratamiento. Nuestro equipo podr\u00eda redactar una demanda, encargarse de las negociaciones y luchar por un acuerdo justo. Si un ciclista lesionado no puede llegar a un acuerdo, entonces un abogado es necesario porque el siguiente paso ser\u00eda el proceso de litigio en los tribunales.<\/p>\n<h2>Contacte a un Abogado para Aprender Qu\u00e9 a Hacer Despu\u00e9s de un Accidente de Bicicleta en Colorado Springs<\/h2>\n<p>Saber qu\u00e9 hacer despu\u00e9s de un accidente de bicicleta en Colorado Springs puede ser dif\u00edcil sin alguien que le gu\u00ede. Por lo tanto, usted no debe tratar de manejar un caso de accidente de bicicleta por su cuenta porque hay muchas partes m\u00f3viles y matices legales en estas situaciones. Su objetivo n\u00famero uno tras un accidente debe ser centrarse en curarse. Tener que lidiar con los peritos del seguro, los historiales m\u00e9dicos, las facturas, los pagos a los m\u00e9dicos, la redacci\u00f3n de una carta de demanda y las negociaciones puede llegar a ser abrumador. Si necesita ayuda con su caso, llame hoy mismo.<\/p>\n","protected":false},"excerpt":{"rendered":"<p>El primer paso que debe dar un ciclista lesionado tras un accidente de bicicleta es llamar a la polic\u00eda para&nbsp;<a class=\"moretag\" href=\"https:\/\/springslawgroup.com\/es\/que-hacer-despues-de-un-accidente-de-bicicleta-en-colorado-springs\/\"> Read More&#8230;<\/a><\/p>\n","protected":false},"author":32,"featured_media":0,"parent":0,"menu_order":0,"comment_status":"closed","ping_status":"closed","template":"landingpage.php","meta":{"_acf_changed":false,"inline_featured_image":false,"footnotes":""},"categories":[],"tags":[],"class_list":["post-16346","page","type-page","status-publish","hentry"],"acf":{"key_takeaways":null,"_litigation_personal_injury_contents_new":{"_litigation_personal_injury_title_new":"","_litigation_personal_injury_discription_new":"","_litigation_personal_injury_discription_new_copy":"","_litigation_video_url_new":"","add_button":false},"_header_sub_header_content_new":null,"_litigation_frequently_asked_questions_new":null,"lawsuit_updates":null,"_litigation_related_posts_relation":null,"acf-references":""},"_links":{"self":[{"href":"https:\/\/springslawgroup.com\/es\/wp-json\/wp\/v2\/pages\/16346","targetHints":{"allow":["GET"]}}],"collection":[{"href":"https:\/\/springslawgroup.com\/es\/wp-json\/wp\/v2\/pages"}],"about":[{"href":"https:\/\/springslawgroup.com\/es\/wp-json\/wp\/v2\/types\/page"}],"author":[{"embeddable":true,"href":"https:\/\/springslawgroup.com\/es\/wp-json\/wp\/v2\/users\/32"}],"replies":[{"embeddable":true,"href":"https:\/\/springslawgroup.com\/es\/wp-json\/wp\/v2\/comments?post=16346"}],"version-history":[{"count":2,"href":"https:\/\/springslawgroup.com\/es\/wp-json\/wp\/v2\/pages\/16346\/revisions"}],"predecessor-version":[{"id":17703,"href":"https:\/\/springslawgroup.com\/es\/wp-json\/wp\/v2\/pages\/16346\/revisions\/17703"}],"wp:attachment":[{"href":"https:\/\/springslawgroup.com\/es\/wp-json\/wp\/v2\/media?parent=16346"}],"wp:term":[{"taxonomy":"category","embeddable":true,"href":"https:\/\/springslawgroup.com\/es\/wp-json\/wp\/v2\/categories?post=16346"},{"taxonomy":"post_tag","embeddable":true,"href":"https:\/\/springslawgroup.com\/es\/wp-json\/wp\/v2\/tags?post=16346"}],"curies":[{"name":"wp","href":"https:\/\/api.w.org\/{rel}","templated":true}]}}