{"id":16345,"date":"2020-03-26T13:57:38","date_gmt":"2020-03-26T20:57:38","guid":{"rendered":"https:\/\/springs.flywheelstaging.com\/fort-carson-abogado-de-lesiones-personales\/fort-carson-abogado-de-responsabilidad-de-locales\/"},"modified":"2023-09-01T07:08:53","modified_gmt":"2023-09-01T14:08:53","slug":"fort-carson-abogado-de-responsabilidad-de-locales","status":"publish","type":"page","link":"https:\/\/springslawgroup.com\/es\/fort-carson-lesiones-personales\/fort-carson-abogado-de-responsabilidad-de-locales\/","title":{"rendered":"Abogado especializado en responsabilidad del local de Fort Carson"},"content":{"rendered":"<p>En general, los propietarios son responsables de mantener condiciones razonablemente seguras en sus instalaciones para evitar lesiones y otros da\u00f1os a los dem\u00e1s. El concepto de responsabilidad del local se aplica en muchos entornos diferentes, incluso en casas particulares, tiendas, hoteles, restaurantes y m\u00e1s.<\/p>\n<p>Las demandas de responsabilidad del local pueden resultar de lesiones por resbalones y ca\u00eddas, mordeduras de perro, exposici\u00f3n a materiales t\u00f3xicos, as\u00ed como otras condiciones peligrosas de la propiedad. Un propietario puede ser legalmente responsable de indemnizar econ\u00f3micamente a las personas lesionadas mientras visitan sus instalaciones. Despu\u00e9s de buscar atenci\u00f3n m\u00e9dica, las personas deben consultar con un abogado especializado en responsabilidad del local de Fort Carson para evaluar su incidente. Nuestro dedicado equipo de <a href=\"https:\/\/springslawgroup.com\/es\/fort-carson-lesiones-personales\/\">abogados especializados en lesiones personales<\/a> podr\u00eda ayudarle a tomar acciones legales si sufri\u00f3 p\u00e9rdidas porque el propietario de un inmueble no mantuvo sus instalaciones seguras.<\/p>\n<h2>Estatuto de responsabilidad del local de Colorado (CPLA)<\/h2>\n<p>El <a href=\"https:\/\/advance.lexis.com\/documentpage\/?pdmfid=1000516&amp;crid=9a439cf7-1a61-46da-8233-a2e9f3c2c850&amp;config=014FJAAyNGJkY2Y4Zi1mNjgyLTRkN2YtYmE4OS03NTYzNzYzOTg0OGEKAFBvZENhdGFsb2d592qv2Kywlf8caKqYROP5&amp;pddocfullpath=%2Fshared%2Fdocument%2Fstatutes-legislation%2Furn%3AcontentItem%3A5XPN-KFB1-F4NT-X19H-00008-00&amp;pdcontentcomponentid=234176&amp;pdteaserkey=sr0&amp;pditab=allpods&amp;ecomp=tgw_kkk&amp;earg=sr0&amp;prid=115e8b09-5075-4884-8393-cddb73986ac9\" target=\"_blank\" rel=\"noopener\">art\u00edculo 13-21-115 de los Estatutos Revisados de Colorado<\/a> tiene por objeto proteger a los perjudicados, fomentar la responsabilidad general de los propietarios y controlar el coste y la disponibilidad de los seguros.<\/p>\n<p>Esta ley tambi\u00e9n aclara la definici\u00f3n de propietario de terrenos o bienes inmuebles. Establece que un propietario es la parte que ejerce el control sobre las instalaciones y es responsable de sus condiciones o actividad. Adem\u00e1s, esta persona podr\u00eda poseer la propiedad o actuar como \u00abagente autorizado\u00bb.<\/p>\n<h2>\u00bfCu\u00e1les son las clasificaciones de visitantes de propiedades en Fort Carson?<\/h2>\n<p>Para determinar si un propietario es responsable de las lesiones de una persona, primero es necesario decidir la clasificaci\u00f3n o relaci\u00f3n de esta persona con el propietario, ya sea como invitado, beneficiario o intruso. Un abogado especializado de Fort Carson podr\u00eda evaluar un caso de responsabilidad del local y determinar si un individuo puede ser elegible para recibir una compensaci\u00f3n con base en su condici\u00f3n de visitante.<\/p>\n<h3>Invitados<\/h3>\n<p>Un invitado es una persona que entra en una propiedad para llevar a cabo un negocio que es de inter\u00e9s mutuo para ambas partes. El propietario sabe que un invitado ingresar\u00e1 a sus instalaciones o espera que lo haga. Algunos ejemplos comunes de invitados son los empleados o los clientes.<\/p>\n<h3>Beneficiarios<\/h3>\n<p>Un beneficiario es un individuo que entra en la propiedad para impulsar sus intereses. El propietario permiti\u00f3 la entrada de este individuo. Algunos ejemplos comunes de estas personas pueden ser los invitados sociales y los voluntarios.<\/p>\n<h3>Intrusos<\/h3>\n<p>Un intruso entra en la propiedad sin permiso del propietario. Los intrusos no pueden reclamar indemnizaci\u00f3n por las lesiones sufridas a menos que el propietario haya contribuido deliberadamente a su lesi\u00f3n.<\/p>\n<h2>\u00bfQu\u00e9 responsabilidades legales tienen los propietarios?<\/h2>\n<p>Todos los propietarios tienen la obligaci\u00f3n legal de mantener sus instalaciones y vigilar cualquier peligro potencial que pueda surgir en ellas. Si un propietario encuentra una condici\u00f3n peligrosa en su propiedad, tambi\u00e9n tiene la obligaci\u00f3n de solucionar este peligro o advertir a los visitantes de su existencia. Sin embargo, existe una sutil distinci\u00f3n entre el deber del propietario en relaci\u00f3n con los invitados y los beneficiarios.<\/p>\n<ul>\n<li>Un beneficiario puede reclamar da\u00f1os causados por condiciones que el propietario hab\u00eda creado y sab\u00eda que exist\u00edan.<\/li>\n<li>Un beneficiario puede reclamar da\u00f1os causados por una circunstancia inusual que el propietario no hab\u00eda creado y sab\u00eda que exist\u00eda.<\/li>\n<li>Un invitado puede reclamar da\u00f1os causados por una condici\u00f3n peligrosa que el propietario sab\u00eda que exist\u00eda o deber\u00eda haber sabido que exist\u00eda.<\/li>\n<\/ul>\n<p>Uno de nuestros abogados expertos de Fort Carson comprende estos matices legales en los casos de responsabilidad del local y podr\u00eda determinar si el due\u00f1o de una propiedad no cumpli\u00f3 con sus obligaciones legales.<strong> <\/strong><\/p>\n<h2>Hable con un abogado especializado en responsabilidad del local de Fort Carson<\/h2>\n<p>Demostrar la responsabilidad de un propietario por sus lesiones puede ser dif\u00edcil. Por lo tanto, si usted sufri\u00f3 lesiones en la propiedad de otra persona, debe consultar con un abogado especializado en responsabilidad del local de Fort Carson que est\u00e9 bien versado en esta \u00e1rea de pr\u00e1ctica espec\u00edfica.<\/p>\n<p>Usted puede ser elegible para obtener una indemnizaci\u00f3n por gastos m\u00e9dicos, p\u00e9rdidas materiales, dolor y sufrimiento, y mucho m\u00e1s. Llame hoy mismo e inicie su caso.<\/p>\n","protected":false},"excerpt":{"rendered":"<p>En general, los propietarios son responsables de mantener condiciones razonablemente seguras en sus instalaciones para evitar lesiones y otros da\u00f1os&nbsp;<a class=\"moretag\" href=\"https:\/\/springslawgroup.com\/es\/fort-carson-lesiones-personales\/fort-carson-abogado-de-responsabilidad-de-locales\/\"> Read More&#8230;<\/a><\/p>\n","protected":false},"author":32,"featured_media":0,"parent":16343,"menu_order":0,"comment_status":"closed","ping_status":"closed","template":"landingpage.php","meta":{"_acf_changed":false,"inline_featured_image":false,"footnotes":""},"categories":[],"tags":[],"class_list":["post-16345","page","type-page","status-publish","hentry"],"acf":{"key_takeaways":null,"_litigation_personal_injury_contents_new":{"_litigation_personal_injury_title_new":"","_litigation_personal_injury_discription_new":"","_litigation_personal_injury_discription_new_copy":"","_litigation_video_url_new":"","add_button":false},"_header_sub_header_content_new":null,"_litigation_frequently_asked_questions_new":null,"lawsuit_updates":null,"_litigation_related_posts_relation":null,"acf-references":""},"_links":{"self":[{"href":"https:\/\/springslawgroup.com\/es\/wp-json\/wp\/v2\/pages\/16345","targetHints":{"allow":["GET"]}}],"collection":[{"href":"https:\/\/springslawgroup.com\/es\/wp-json\/wp\/v2\/pages"}],"about":[{"href":"https:\/\/springslawgroup.com\/es\/wp-json\/wp\/v2\/types\/page"}],"author":[{"embeddable":true,"href":"https:\/\/springslawgroup.com\/es\/wp-json\/wp\/v2\/users\/32"}],"replies":[{"embeddable":true,"href":"https:\/\/springslawgroup.com\/es\/wp-json\/wp\/v2\/comments?post=16345"}],"version-history":[{"count":2,"href":"https:\/\/springslawgroup.com\/es\/wp-json\/wp\/v2\/pages\/16345\/revisions"}],"predecessor-version":[{"id":17130,"href":"https:\/\/springslawgroup.com\/es\/wp-json\/wp\/v2\/pages\/16345\/revisions\/17130"}],"up":[{"embeddable":true,"href":"https:\/\/springslawgroup.com\/es\/wp-json\/wp\/v2\/pages\/16343"}],"wp:attachment":[{"href":"https:\/\/springslawgroup.com\/es\/wp-json\/wp\/v2\/media?parent=16345"}],"wp:term":[{"taxonomy":"category","embeddable":true,"href":"https:\/\/springslawgroup.com\/es\/wp-json\/wp\/v2\/categories?post=16345"},{"taxonomy":"post_tag","embeddable":true,"href":"https:\/\/springslawgroup.com\/es\/wp-json\/wp\/v2\/tags?post=16345"}],"curies":[{"name":"wp","href":"https:\/\/api.w.org\/{rel}","templated":true}]}}