{"id":16344,"date":"2020-03-27T14:19:21","date_gmt":"2020-03-27T21:19:21","guid":{"rendered":"https:\/\/springs.flywheelstaging.com\/fort-carson-resbalon-y-caida-abogado\/"},"modified":"2023-09-01T07:09:41","modified_gmt":"2023-09-01T14:09:41","slug":"fort-carson-resbalon-y-caida-abogado","status":"publish","type":"page","link":"https:\/\/springslawgroup.com\/es\/fort-carson-lesiones-personales\/fort-carson-resbalon-y-caida-abogado\/","title":{"rendered":"Abogado especializado en accidentes por resbal\u00f3n o ca\u00edda de Fort Carson"},"content":{"rendered":"<p>Muchas de las personas que se resbalan o se caen pueden sufrir lesiones graves con importantes consecuencias f\u00edsicas, psicol\u00f3gicas y econ\u00f3micas. Independientemente de que el lugar sea una vivienda o un negocio, los propietarios tienen la <a href=\"https:\/\/springslawgroup.com\/es\/fort-carson-lesiones-personales\/fort-carson-abogado-de-responsabilidad-de-locales\/\">responsabilidad general de mantener las condiciones de su propiedad<\/a> para proteger a los visitantes de estos accidentes.<\/p>\n<p>Si sufri\u00f3 lesiones a causa de un resbal\u00f3n o ca\u00edda, podr\u00eda tener derecho a una indemnizaci\u00f3n econ\u00f3mica. Debe consultar con un abogado especializado en accidentes por resbal\u00f3n o ca\u00edda de Fort Carson para evaluar los hechos de su caso y ayudarle a responsabilizar a la parte culpable. Nuestros <a href=\"https:\/\/springslawgroup.com\/es\/fort-carson-lesiones-personales\/\">abogados especializados en lesiones personales<\/a> podr\u00edan sortear cualquier dificultad legal para que usted pueda centrarse en su recuperaci\u00f3n f\u00edsica.<\/p>\n<h2>\u00bfCu\u00e1les son las causas m\u00e1s comunes de los accidentes por resbal\u00f3n o ca\u00edda?<\/h2>\n<p>Hay una variedad de condiciones comunes de la propiedad que pueden dar lugar a este tipo de accidentes. Algunas de ellas son las siguientes:<\/p>\n<ul>\n<li>Aparcamientos en mal estado o aceras desiguales o con baches<\/li>\n<li>Superficies interiores da\u00f1adas, como baldosas agrietadas, suelos desiguales o moquetas sueltas o rotas.<\/li>\n<li>Superficies con l\u00edquidos derramados u otras condiciones peligrosas que deban limpiarse<\/li>\n<li>Escaleras con pelda\u00f1os rotos, iluminaci\u00f3n insuficiente o pasamanos da\u00f1ados o ausentes<\/li>\n<\/ul>\n<p>Un abogado con experiencia de Fort Carson podr\u00eda evaluar un accidente por resbal\u00f3n o ca\u00edda y determinar cu\u00e1l es el mejor curso de acci\u00f3n legal en funci\u00f3n de la causa del incidente.<\/p>\n<h2>Tipos de visitantes en casos de resbal\u00f3n o ca\u00edda<\/h2>\n<p>En los casos de resbal\u00f3n o ca\u00edda en Fort Carson, un abogado debe establecer qu\u00e9 tipo de cuidados el due\u00f1o de la propiedad ten\u00eda con la persona, seg\u00fan su condici\u00f3n de visitante. La ley estatal clasifica a los visitantes de una propiedad en las categor\u00edas de invitado, beneficiario o intruso. Seg\u00fan el tipo de visitante que fuera el demandante en el momento del accidente, el demandado tendr\u00e1 o no que indemnizarle por sus lesiones.<\/p>\n<p>Los invitados y beneficiarios son personas que entran en la propiedad con alg\u00fan tipo de consentimiento del propietario, como clientes de un comercio o invitados sociales. En muchos casos, el propietario debe mantener condiciones seguras para proteger a estas personas. Esta norma se aplica a cualquier condici\u00f3n o posibles condiciones peligrosas que el propietario conozca o deber\u00eda haber conocido.<\/p>\n<p>Un intruso es alguien que entra en la propiedad sin el consentimiento del propietario. Un intruso lesionado solo puede reclamar una indemnizaci\u00f3n en casos en los que el propietario haya demostrado de alg\u00fan modo su intenci\u00f3n de perjudicar al intruso.<\/p>\n<h2>Tipos comunes de da\u00f1os recuperables en Fort Carson<\/h2>\n<p>Hay una gran cantidad de posibles da\u00f1os que un demandante lesionado puede ser capaz de recuperar. Los da\u00f1os econ\u00f3micos pueden cubrir los costos del tratamiento m\u00e9dico, la rehabilitaci\u00f3n f\u00edsica y compensar los salarios perdidos. Los da\u00f1os no econ\u00f3micos son los que compensan problemas como el dolor y el sufrimiento, y la angustia emocional. Seg\u00fan los tipos de p\u00e9rdidas que sufri\u00f3 un individuo en un caso de resbal\u00f3n o ca\u00edda, un abogado experto de Fort Carson podr\u00eda buscar estas y otras formas de compensaci\u00f3n.<\/p>\n<h2>Comun\u00edquese con un abogado especializado en accidentes por resbal\u00f3n o ca\u00edda de Fort Carson<\/h2>\n<p>Los accidentes por resbalones o ca\u00eddas pueden tener graves consecuencias, como lesiones en la cabeza, fracturas \u00f3seas y da\u00f1os en la m\u00e9dula espinal. Muchas de estas situaciones dif\u00edciles podr\u00edan haberse evitado f\u00e1cilmente si el propietario no hubiera sido descuidado o irresponsable.<\/p>\n<p>Despu\u00e9s de recibir la atenci\u00f3n m\u00e9dica adecuada, los heridos en este tipo de accidentes deben consultar con un abogado especializado en accidentes por resbal\u00f3n o ca\u00edda de Fort Carson. Si se resbal\u00f3 o se cay\u00f3 en propiedad ajena, programe su consulta inicial del caso hoy.<\/p>\n","protected":false},"excerpt":{"rendered":"<p>Muchas de las personas que se resbalan o se caen pueden sufrir lesiones graves con importantes consecuencias f\u00edsicas, psicol\u00f3gicas y&nbsp;<a class=\"moretag\" href=\"https:\/\/springslawgroup.com\/es\/fort-carson-lesiones-personales\/fort-carson-resbalon-y-caida-abogado\/\"> Read More&#8230;<\/a><\/p>\n","protected":false},"author":32,"featured_media":0,"parent":16343,"menu_order":0,"comment_status":"closed","ping_status":"closed","template":"landingpage.php","meta":{"_acf_changed":false,"inline_featured_image":false,"footnotes":""},"categories":[],"tags":[],"class_list":["post-16344","page","type-page","status-publish","hentry"],"acf":{"key_takeaways":null,"_litigation_personal_injury_contents_new":{"_litigation_personal_injury_title_new":"","_litigation_personal_injury_discription_new":"","_litigation_personal_injury_discription_new_copy":"","_litigation_video_url_new":"","add_button":false},"_header_sub_header_content_new":null,"_litigation_frequently_asked_questions_new":null,"lawsuit_updates":null,"_litigation_related_posts_relation":null,"acf-references":""},"_links":{"self":[{"href":"https:\/\/springslawgroup.com\/es\/wp-json\/wp\/v2\/pages\/16344","targetHints":{"allow":["GET"]}}],"collection":[{"href":"https:\/\/springslawgroup.com\/es\/wp-json\/wp\/v2\/pages"}],"about":[{"href":"https:\/\/springslawgroup.com\/es\/wp-json\/wp\/v2\/types\/page"}],"author":[{"embeddable":true,"href":"https:\/\/springslawgroup.com\/es\/wp-json\/wp\/v2\/users\/32"}],"replies":[{"embeddable":true,"href":"https:\/\/springslawgroup.com\/es\/wp-json\/wp\/v2\/comments?post=16344"}],"version-history":[{"count":2,"href":"https:\/\/springslawgroup.com\/es\/wp-json\/wp\/v2\/pages\/16344\/revisions"}],"predecessor-version":[{"id":17132,"href":"https:\/\/springslawgroup.com\/es\/wp-json\/wp\/v2\/pages\/16344\/revisions\/17132"}],"up":[{"embeddable":true,"href":"https:\/\/springslawgroup.com\/es\/wp-json\/wp\/v2\/pages\/16343"}],"wp:attachment":[{"href":"https:\/\/springslawgroup.com\/es\/wp-json\/wp\/v2\/media?parent=16344"}],"wp:term":[{"taxonomy":"category","embeddable":true,"href":"https:\/\/springslawgroup.com\/es\/wp-json\/wp\/v2\/categories?post=16344"},{"taxonomy":"post_tag","embeddable":true,"href":"https:\/\/springslawgroup.com\/es\/wp-json\/wp\/v2\/tags?post=16344"}],"curies":[{"name":"wp","href":"https:\/\/api.w.org\/{rel}","templated":true}]}}