{"id":16343,"date":"2020-03-23T14:36:51","date_gmt":"2020-03-23T21:36:51","guid":{"rendered":"https:\/\/springs.flywheelstaging.com\/fort-carson-abogado-de-lesiones-personales\/"},"modified":"2023-09-08T16:04:02","modified_gmt":"2023-09-08T23:04:02","slug":"fort-carson-lesiones-personales","status":"publish","type":"page","link":"https:\/\/springslawgroup.com\/es\/fort-carson-lesiones-personales\/","title":{"rendered":"Abogados especializados en lesiones personales de Fort Carson"},"content":{"rendered":"<p>Los accidentes ocurren todos los d\u00edas. Afortunadamente, en muchos casos solo se producen golpes, magulladuras y algunos ara\u00f1azos. Sin embargo, en circunstancias m\u00e1s graves, las acciones imprudentes o negligentes de otra persona pueden provocar lesiones graves e importantes p\u00e9rdidas econ\u00f3micas y personales. Si usted estuvo involucrado en un accidente que otra persona caus\u00f3, debe hablar con nuestros <a href=\"https:\/\/www.google.com\/maps?cid=14405082340285593325\" target=\"_blank\" rel=\"noopener\">abogados especializados en lesiones personales de Fort Carson<\/a> acerca de tomar acci\u00f3n legal. Con la ayuda de un abogado especializado en lesiones personales de Fort Carson, usted puede recuperar la compensaci\u00f3n por todas sus p\u00e9rdidas y lesiones causadas por el accidente automovil\u00edstico u otro incidente.<\/p>\n<p>En Springs Law Group, nuestro estudio de abogados se dedica a ayudar a los clientes a buscar justicia por sus da\u00f1os. Ll\u00e1menos hoy, programe su consulta gratuita y conozca nuestros servicios legales.<\/p>\n<h2><b>Lo que debe saber sobre el proceso de demanda civil en Fort Carson<\/b><\/h2>\n<p>Lo primero que alguien debe saber acerca de la presentaci\u00f3n de una demanda civil en Fort Carson es que hay una cantidad limitada de tiempo despu\u00e9s de un accidente en el que un demandante puede presentar dicha acci\u00f3n. De acuerdo con el <a href=\"https:\/\/advance.lexis.com\/documentpage\/?pdmfid=1000516&amp;crid=32336cc0-0304-4042-bad3-cceb00ba2638&amp;pdistocdocslideraccess=true&amp;config=014FJAAyNGJkY2Y4Zi1mNjgyLTRkN2YtYmE4OS03NTYzNzYzOTg0OGEKAFBvZENhdGFsb2d592qv2Kywlf8caKqYROP5&amp;pddocfullpath=%2Fshared%2Fdocument%2Fstatutes-legislation%2Furn%3AcontentItem%3A5XPN-KFB1-JP9P-G2FB-00008-00&amp;pdcomponentid=234177&amp;pdtocnodeidentifier=AANAAQAABAAC&amp;ecomp=3s-fkkk&amp;prid=5b7dfd0c-da3f-47df-b89c-06cb5cc11578\" target=\"_blank\" rel=\"noopener\">art\u00edculo 13-80-102 de los Estatutos Revisados de Colorado<\/a>, un demandante que solicite la restituci\u00f3n a trav\u00e9s de una demanda civil debe presentarla en el plazo de dos a\u00f1os a partir del momento en que se produjo su lesi\u00f3n. En el art\u00edculo \u00a713-80-101 del C.R.S., se establece una excepci\u00f3n a este plazo. Este permite tres a\u00f1os para las demandas por lesiones personales basadas en accidentes de veh\u00edculos de motor.<\/p>\n<p>Independientemente de la ley de prescripci\u00f3n vigente, muchos de estos casos giran en torno al concepto de negligencia. En t\u00e9rminos jur\u00eddicos, una persona o entidad puede ser negligente si, al actuar de forma contraria al deber de diligencia razonable que deb\u00eda a otra persona, causa un accidente que provoca directamente un da\u00f1o indemnizable a otra persona.<\/p>\n<p>En un caso civil, pueden aplicarse distintas normas de diligencia, seg\u00fan la situaci\u00f3n. Por ejemplo, mientras que todos los automovilistas que circulan por la v\u00eda p\u00fablica tienen la obligaci\u00f3n legal de conducir con la mayor seguridad razonablemente posible, un m\u00e9dico que realiza una intervenci\u00f3n quir\u00fargica puede estar sujeto a una norma de cuidado mucho m\u00e1s estricta. Un abogado especializado en lesiones personales de Fort Carson podr\u00eda aclararle a un demandante individual c\u00f3mo podr\u00eda establecer negligencia en su caso particular.<\/p>\n<h2><b>Da\u00f1os indemnizables en las demandas por lesiones personales<\/b><\/h2>\n<p>Suponiendo que un demandante civil pueda demostrar que otra parte es responsable de sus lesiones, la indemnizaci\u00f3n por da\u00f1os y perjuicios que puede reclamar puede abarcar p\u00e9rdidas econ\u00f3micas y no econ\u00f3micas. Los da\u00f1os econ\u00f3micos suelen incluir todos los gastos que pueden cuantificarse con un rastro documental, como las facturas m\u00e9dicas, los costos de reparaci\u00f3n del veh\u00edculo, los salarios perdidos y la p\u00e9rdida de ingresos potenciales en el futuro.<\/p>\n<p>Por otra parte, los da\u00f1os no econ\u00f3micos como el dolor y el sufrimiento, la p\u00e9rdida del apoyo conyugal y la p\u00e9rdida del disfrute de la vida no tienen un valor objetivo. Afortunadamente, uno de nuestros abogados calificados en lesiones personales de Fort Carson podr\u00eda evaluar el caso y determinar la cantidad de da\u00f1os no econ\u00f3micos y econ\u00f3micos que una persona puede tener derecho a recibir.<\/p>\n<p>Aunque pueden recuperarse diversas p\u00e9rdidas, los demandantes deben ser conscientes de que cualquier culpa que tengan por sus lesiones puede usarse en su contra en los tribunales. De acuerdo con el <a href=\"https:\/\/advance.lexis.com\/RobotValidation?redirect=%2Fdocumentpage%2F%3Fpdmfid%3D1000516%26crid%3D7e84a0c0-a731-4f81-bde8-759293a2227b%26config%3D014FJAAyNGJkY2Y4Zi1mNjgyLTRkN2YtYmE4OS03NTYzNzYzOTg0OGEKAFBvZENhdGFsb2d592qv2Kywlf8caKqYROP5%26pddocfullpath%3D%252Fshared%252Fdocument%252Fstatutes-legislation%252Furn%253AcontentItem%253A5XPN-KF91-FFMK-M18T-00008-00%26pdcontentcomponentid%3D234176%26pdteaserkey%3Dsr0%26pditab%3Dallpods%26ecomp%3Dtgw_kkk%26earg%3Dsr0%26prid%3D3471a887-866e-463d-9204-8a6383c9178d&amp;flow=PawFirstDocAccess&amp;crid=265ba7b5-f580-4d0c-ac69-2763408821c4\" target=\"_blank\" rel=\"noopener\">art\u00edculo 13-21-111 del C.R.S.<\/a>, un tribunal puede reducir la indemnizaci\u00f3n recuperable de un demandante en funci\u00f3n del porcentaje de culpa que le corresponda o impedirle recuperarla por completo si dicho porcentaje es igual o superior al 50%.<\/p>\n<h2><b>FAQ: Lesiones personales en Fort Carson <\/b><\/h2>\n<p><b>\u00bfC\u00f3mo puedo maximizar mi caso de lesiones personales?<\/b><br \/>\nHay muchas maneras de mejorar su caso de lesiones personales. Una forma es buscar atenci\u00f3n m\u00e9dica inmediata tras el accidente. Un m\u00e9dico puede identificar lesiones de las que no era consciente debido a la adrenalina y otros factores. Grabar sus lesiones puede servir como prueba, lo que puede ayudar a su abogado a negociar una mayor cantidad en la indemnizaci\u00f3n.<\/p>\n<p><b>\u00bfPor qu\u00e9 necesito un abogado especializado en lesiones personales?<\/b><br \/>\nAunque contratar a un abogado especializado en lesiones personales no es legalmente obligatorio, hacerlo puede ayudarle a conseguir el resultado deseado para su caso. Su abogado recopilar\u00e1 pruebas, calcular\u00e1 los da\u00f1os y hablar\u00e1 con las compa\u00f1\u00edas de seguros en su nombre. Adem\u00e1s, pueden representarle ante los tribunales si presenta una demanda contra la compa\u00f1\u00eda de seguros de la parte culpable u otras partes implicadas en el accidente.<\/p>\n<p><b>\u00bfCu\u00e1l es el monto de indemnizaci\u00f3n habitual en casos de lesiones personales?<\/b><br \/>\nDado que cada caso de lesiones personales es diferente, es dif\u00edcil llegar a una cantidad de indemnizaci\u00f3n est\u00e1ndar. Varios factores pueden afectar a sus ingresos, como la gravedad de sus lesiones, la p\u00e9rdida de salarios o el trauma emocional que haya sufrido. Hable con su abogado especializado en lesiones personales para ver si puede estimar cu\u00e1nto vale su caso particular.<\/p>\n<h2><b>Consulte hoy mismo con un abogado especializado en lesiones personales de Fort Carson<\/b><\/h2>\n<p>Vivir una demanda civil puede ser una tarea intimidatoria para quienes no est\u00e1n acostumbrados a los procedimientos judiciales, especialmente si, al mismo tiempo, se est\u00e1n recuperando de una lesi\u00f3n grave. Afortunadamente, tiene a su disposici\u00f3n un asesor jur\u00eddico cualificado que le guiar\u00e1 en cada paso de su caso y le ayudar\u00e1 a obtener un resultado beneficioso.<\/p>\n<p>Despu\u00e9s de un accidente grave, contratar a un abogado especializado en lesiones personales de Fort Carson podr\u00eda ser una de las decisiones m\u00e1s beneficiosas que tome. Si usted est\u00e1 en el \u00e1rea de Colorado Springs, p\u00f3ngase en contacto con el estudio jur\u00eddico Springs Law Group hoy, programe una consulta y empiece a trabajar en su demanda.<\/p>\n<p><script type=\"application\/ld+json\">\n{\n  \"@context\": \"https:\/\/schema.org\",\n  \"@type\": \"FAQPage\",\n  \"mainEntity\": [{\n    \"@type\": \"Question\",\n    \"name\": \"How can I maximize my personal injury case?\",\n    \"acceptedAnswer\": {\n      \"@type\": \"Answer\",\n      \"text\": \"There are many ways you can improve your personal injury case. One way is to seek immediate medical attention after your accident. A doctor can identify injuries you were unaware of due to adrenaline and other factors. Recording your injuries can serve as evidence, which can help your attorney negotiate a higher settlement amount.\"\n    }\n  },{\n    \"@type\": \"Question\",\n    \"name\": \"Why do I need a personal injury lawyer?\",\n    \"acceptedAnswer\": {\n      \"@type\": \"Answer\",\n      \"text\": \"While hiring a personal injury attorney is not legally required, doing so can help you achieve your desired case outcome. Your attorney will compile evidence, calculate damages, and speak to the insurance companies on your behalf. Additionally, they can represent you in court if you file a lawsuit against the at-fault party\u2019s insurance company or other parties involved in the accident.\"\n    }\n  },{\n    \"@type\": \"Question\",\n    \"name\": \"What is a typical settlement amount for personal injury cases?\",\n    \"acceptedAnswer\": {\n      \"@type\": \"Answer\",\n      \"text\": \"Since every personal injury case is different, it is challenging to come up with a standard settlement amount. Various factors can affect your earnings, such as the severity of your injuries and any lost wages or emotional trauma you suffered. Speak with your personal injury attorney to see if they can estimate how much your specific case is worth.\"\n    }\n  }]\n}\n<\/script><\/p>\n","protected":false},"excerpt":{"rendered":"<p>Los accidentes ocurren todos los d\u00edas. Afortunadamente, en muchos casos solo se producen golpes, magulladuras y algunos ara\u00f1azos. Sin embargo,&nbsp;<a class=\"moretag\" href=\"https:\/\/springslawgroup.com\/es\/fort-carson-lesiones-personales\/\"> Read More&#8230;<\/a><\/p>\n","protected":false},"author":32,"featured_media":0,"parent":0,"menu_order":0,"comment_status":"closed","ping_status":"closed","template":"landingpage.php","meta":{"_acf_changed":false,"inline_featured_image":false,"footnotes":""},"categories":[],"tags":[],"class_list":["post-16343","page","type-page","status-publish","hentry"],"acf":{"key_takeaways":null,"_litigation_personal_injury_contents_new":{"_litigation_personal_injury_title_new":"","_litigation_personal_injury_discription_new":"","_litigation_personal_injury_discription_new_copy":"","_litigation_video_url_new":"","add_button":false},"_header_sub_header_content_new":null,"_litigation_frequently_asked_questions_new":null,"lawsuit_updates":null,"_litigation_related_posts_relation":null,"acf-references":""},"_links":{"self":[{"href":"https:\/\/springslawgroup.com\/es\/wp-json\/wp\/v2\/pages\/16343","targetHints":{"allow":["GET"]}}],"collection":[{"href":"https:\/\/springslawgroup.com\/es\/wp-json\/wp\/v2\/pages"}],"about":[{"href":"https:\/\/springslawgroup.com\/es\/wp-json\/wp\/v2\/types\/page"}],"author":[{"embeddable":true,"href":"https:\/\/springslawgroup.com\/es\/wp-json\/wp\/v2\/users\/32"}],"replies":[{"embeddable":true,"href":"https:\/\/springslawgroup.com\/es\/wp-json\/wp\/v2\/comments?post=16343"}],"version-history":[{"count":4,"href":"https:\/\/springslawgroup.com\/es\/wp-json\/wp\/v2\/pages\/16343\/revisions"}],"predecessor-version":[{"id":17325,"href":"https:\/\/springslawgroup.com\/es\/wp-json\/wp\/v2\/pages\/16343\/revisions\/17325"}],"wp:attachment":[{"href":"https:\/\/springslawgroup.com\/es\/wp-json\/wp\/v2\/media?parent=16343"}],"wp:term":[{"taxonomy":"category","embeddable":true,"href":"https:\/\/springslawgroup.com\/es\/wp-json\/wp\/v2\/categories?post=16343"},{"taxonomy":"post_tag","embeddable":true,"href":"https:\/\/springslawgroup.com\/es\/wp-json\/wp\/v2\/tags?post=16343"}],"curies":[{"name":"wp","href":"https:\/\/api.w.org\/{rel}","templated":true}]}}