{"id":16341,"date":"2020-03-30T22:03:09","date_gmt":"2020-03-31T05:03:09","guid":{"rendered":"https:\/\/springs.flywheelstaging.com\/fort-carson-abogado-de-accidente-de-coche\/"},"modified":"2023-09-01T07:10:16","modified_gmt":"2023-09-01T14:10:16","slug":"fort-carson-abogado-de-accidente-de-coche","status":"publish","type":"page","link":"https:\/\/springslawgroup.com\/es\/fort-carson-lesiones-personales\/fort-carson-abogado-de-accidente-de-coche\/","title":{"rendered":"Abogado especializado en accidentes automovil\u00edsticos de Fort Carson"},"content":{"rendered":"<p>Aunque los autom\u00f3viles son un componente pr\u00e1cticamente esencial de la vida cotidiana, por desgracia, eso no significa que usarlos sea siempre seguro. A menudo, sin embargo, el mayor peligro para los conductores en Fort Carson no son los fallos mec\u00e1nicos ni las carreteras en mal estado, sino otros automovilistas que act\u00faan de forma irresponsable al volante.<\/p>\n<p>Si usted se lesion\u00f3 en un accidente causado por otro conductor, puede tener motivos para un caso legal que un <a href=\"https:\/\/springslawgroup.com\/es\/fort-carson-lesiones-personales\/\">abogado especializado en lesiones personales<\/a> podr\u00eda ayudarle a gestionar. Al hablar con un abogado especializado accidentes automovil\u00edsticos de Fort Carson, usted podr\u00eda tener una mejor idea de cu\u00e1les son sus opciones legales y qu\u00e9 curso de acci\u00f3n se adapte mejor a sus necesidades f\u00edsicas y financieras.<\/p>\n<h2>\u00bfCu\u00e1les son las causas m\u00e1s comunes de accidentes automovil\u00edsticos?<\/h2>\n<p>Algunas causas comunes de accidentes automovil\u00edsticos son la conducci\u00f3n distra\u00edda, la conducci\u00f3n alcoholizada, el exceso de velocidad, las malas condiciones meteorol\u00f3gicas y de la carretera. La causa del accidente desempe\u00f1a un papel importante a la hora de determinar qui\u00e9n tiene la culpa. Por ejemplo, si la causa de un accidente automovil\u00edstico es un conductor que estaba hablando por celular, dicho conductor ser\u00eda culpable por no prestar atenci\u00f3n en la carretera ni actuar como deber\u00eda al volante.<\/p>\n<h2>Determinaci\u00f3n de la responsabilidad tras un accidente automovil\u00edstico<\/h2>\n<p>Al igual que otras demandas por lesiones personales, los casos de accidentes automovil\u00edsticos suelen basarse en una negligencia legal. Para responsabilizar a un demandado civil en un caso de accidente automovil\u00edstico, un abogado de Fort Carson debe demostrar todos los elementos de negligencia. Por lo tanto, un abogado debe probar lo siguiente:<\/p>\n<ul>\n<li>Que el acusado ten\u00eda la responsabilidad (deber de diligencia) de conducir de forma segura y razonable.<\/li>\n<li>Que el demandado incumpli\u00f3 su deber de diligencia al actuar de forma negligente, peligrosa o ilegal.<\/li>\n<li>Que el incumplimiento del deber por parte del demandado caus\u00f3 directa o indirectamente un accidente<\/li>\n<li>Que el accidente fue la \u00fanica causa de los da\u00f1os por los que el demandante solicita indemnizaci\u00f3n<\/li>\n<\/ul>\n<p>Todos los conductores con carn\u00e9 tienen la obligaci\u00f3n de conducir sin poner en peligro a nadie. Sin embargo, el incumplimiento de ese deber puede adoptar formas muy diversas. Muchos casos civiles se basan en infracciones de tr\u00e1fico como el exceso de velocidad o no ceder el paso, pero la conducci\u00f3n distra\u00edda, la conducci\u00f3n alcoholizada y el mal mantenimiento del veh\u00edculo tambi\u00e9n pueden ser fuentes de responsabilidad. Un abogado puede ayudar al demandante a reunir pruebas como informes policiales, fotograf\u00edas del lugar del accidente, testimonios de testigos y diagn\u00f3sticos m\u00e9dicos para demostrar la culpa y probar la existencia de da\u00f1os.<\/p>\n<h2>Recuperaci\u00f3n efectiva de la indemnizaci\u00f3n en Fort Carson<\/h2>\n<p>Si un caso de accidente automovil\u00edstico tiene \u00e9xito, un abogado de Fort Carson puede ser capaz de recuperar la indemnizaci\u00f3n en nombre de un demandante por sus gastos m\u00e9dicos, salarios perdidos y gastos de reparaci\u00f3n del veh\u00edculo. Adem\u00e1s, los conductores lesionados pueden reclamar da\u00f1os no econ\u00f3micos que cubran el dolor f\u00edsico y la p\u00e9rdida del disfrute de la vida. Sin embargo, los demandantes deben saber que el <a href=\"https:\/\/advance.lexis.com\/documentpage\/?pdmfid=1000516&amp;crid=5f699230-7f99-4b3f-b0bf-4016cbe06e14&amp;config=014FJAAyNGJkY2Y4Zi1mNjgyLTRkN2YtYmE4OS03NTYzNzYzOTg0OGEKAFBvZENhdGFsb2d592qv2Kywlf8caKqYROP5&amp;pddocfullpath=%2Fshared%2Fdocument%2Fstatutes-legislation%2Furn%3AcontentItem%3A5XPN-KF91-FFMK-M18T-00008-00&amp;pdcontentcomponentid=234176&amp;pdteaserkey=sr0&amp;pditab=allpods&amp;ecomp=tgw_kkk&amp;earg=sr0&amp;prid=109d372c-a795-4118-afa1-7998d60fe6c9\" target=\"_blank\" rel=\"noopener\">art\u00edculo \u00a713-21-111 de los Estatutos Revisados de Colorado<\/a> establece que un acusado puede utilizar la negligencia comparativa para argumentar que un demandante no debe recibir una indemnizaci\u00f3n completa.<\/p>\n<p>En virtud de este estatuto, una persona demandada por causar un accidente automovil\u00edstico puede alegar que el demandante tuvo la culpa total o parcial. Si un tribunal est\u00e1 de acuerdo con este argumento, puede reducir la indemnizaci\u00f3n final del demandante en funci\u00f3n de su porcentaje de culpa asignada. Sin embargo, si el demandante tiene el 50% o m\u00e1s de la culpa, el tribunal puede prohibirle obtener indemnizaci\u00f3n alguna. Un abogado experto podr\u00eda ayudar a alguien a preparar un caso de accidente automovil\u00edstico en las luchas contra las acusaciones de negligencia comparativa, mientras que busca una compensaci\u00f3n justa por todas sus p\u00e9rdidas.<\/p>\n<h2>\u00bfCon qui\u00e9n hay que ponerse en contacto tras un accidente automovil\u00edstico?<\/h2>\n<p>Una persona que haya sufrido lesiones en un accidente automovil\u00edstico debe ponerse en contacto con un abogado inmediatamente despu\u00e9s de haber sufrido el accidente. Inmediatamente despu\u00e9s de un accidente, el conductor debe avisar primero a la polic\u00eda y, despu\u00e9s, a sus familiares. Despu\u00e9s de que la polic\u00eda gestion\u00f3 el accidente automovil\u00edstico y se los liber\u00f3 para seguir su camino, es recomendable que se pongan en contacto con un abogado de Fort Carson en ese momento y programen una consulta. Una de las razones m\u00e1s importantes para ponerse en contacto con un abogado especializado en lesiones es que podr\u00eda explicarle el proceso de lesiones personales y orientarle sobre d\u00f3nde acudir para recibir tratamiento m\u00e9dico por cualquier lesi\u00f3n.<\/p>\n<h2>Hable hoy con un abogado especializado en accidentes automovil\u00edsticos de Fort Carson<\/h2>\n<p>Aunque parezca obvio que la culpa de un accidente automovil\u00edstico es de otra persona, demostrar la culpabilidad ante un tribunal civil puede ser complicado. Los demandantes deben estar preparados no solo para demostrar su responsabilidad con base en una preponderancia de las pruebas disponibles, sino tambi\u00e9n para demostrar que no fueron responsables de causar ni agravar el da\u00f1o que se les caus\u00f3.<\/p>\n<p>Un abogado especializado en accidentes automovil\u00edsticos de Fort Carson podr\u00eda trabajar incansablemente para mitigar los posibles desaf\u00edos legales, asegurar que su caso proceda sin problemas y ayudarle a recuperar la compensaci\u00f3n que necesita. Llame hoy mismo e inicie su caso.<\/p>\n&#13;\n<p>\u00a0<\/p>&#13;\n","protected":false},"excerpt":{"rendered":"<p>Aunque los autom\u00f3viles son un componente pr\u00e1cticamente esencial de la vida cotidiana, por desgracia, eso no significa que usarlos sea&nbsp;<a class=\"moretag\" href=\"https:\/\/springslawgroup.com\/es\/fort-carson-lesiones-personales\/fort-carson-abogado-de-accidente-de-coche\/\"> Read More&#8230;<\/a><\/p>\n","protected":false},"author":32,"featured_media":0,"parent":16343,"menu_order":0,"comment_status":"closed","ping_status":"closed","template":"landingpage.php","meta":{"_acf_changed":false,"inline_featured_image":false,"footnotes":""},"categories":[],"tags":[],"class_list":["post-16341","page","type-page","status-publish","hentry"],"acf":{"key_takeaways":null,"_litigation_personal_injury_contents_new":{"_litigation_personal_injury_title_new":"","_litigation_personal_injury_discription_new":"","_litigation_personal_injury_discription_new_copy":"","_litigation_video_url_new":"","add_button":false},"_header_sub_header_content_new":null,"_litigation_frequently_asked_questions_new":null,"lawsuit_updates":null,"_litigation_related_posts_relation":null,"acf-references":""},"_links":{"self":[{"href":"https:\/\/springslawgroup.com\/es\/wp-json\/wp\/v2\/pages\/16341","targetHints":{"allow":["GET"]}}],"collection":[{"href":"https:\/\/springslawgroup.com\/es\/wp-json\/wp\/v2\/pages"}],"about":[{"href":"https:\/\/springslawgroup.com\/es\/wp-json\/wp\/v2\/types\/page"}],"author":[{"embeddable":true,"href":"https:\/\/springslawgroup.com\/es\/wp-json\/wp\/v2\/users\/32"}],"replies":[{"embeddable":true,"href":"https:\/\/springslawgroup.com\/es\/wp-json\/wp\/v2\/comments?post=16341"}],"version-history":[{"count":10,"href":"https:\/\/springslawgroup.com\/es\/wp-json\/wp\/v2\/pages\/16341\/revisions"}],"predecessor-version":[{"id":17224,"href":"https:\/\/springslawgroup.com\/es\/wp-json\/wp\/v2\/pages\/16341\/revisions\/17224"}],"up":[{"embeddable":true,"href":"https:\/\/springslawgroup.com\/es\/wp-json\/wp\/v2\/pages\/16343"}],"wp:attachment":[{"href":"https:\/\/springslawgroup.com\/es\/wp-json\/wp\/v2\/media?parent=16341"}],"wp:term":[{"taxonomy":"category","embeddable":true,"href":"https:\/\/springslawgroup.com\/es\/wp-json\/wp\/v2\/categories?post=16341"},{"taxonomy":"post_tag","embeddable":true,"href":"https:\/\/springslawgroup.com\/es\/wp-json\/wp\/v2\/tags?post=16341"}],"curies":[{"name":"wp","href":"https:\/\/api.w.org\/{rel}","templated":true}]}}