{"id":16340,"date":"2020-03-24T13:51:55","date_gmt":"2020-03-24T20:51:55","guid":{"rendered":"https:\/\/springs.flywheelstaging.com\/abogado-de-accidentes-de-motocicleta-en-fort-carson\/"},"modified":"2023-09-01T07:09:40","modified_gmt":"2023-09-01T14:09:40","slug":"abogado-de-accidentes-de-motocicleta-en-fort-carson","status":"publish","type":"page","link":"https:\/\/springslawgroup.com\/es\/fort-carson-lesiones-personales\/abogado-de-accidentes-de-motocicleta-en-fort-carson\/","title":{"rendered":"Abogado especializado en accidentes de motocicleta de Fort Carson"},"content":{"rendered":"<p>Las personas que conducen motocicletas y se ven implicadas en un choque en la carretera pueden sufrir lesiones graves. Estos accidentes son, a menudo, el resultado de las acciones imprudentes o negligentes de otro automovilista. En estas situaciones, es imperativo consultar con un abogado especialista en accidentes de motocicleta de Fort Carson que podr\u00eda actuar de acuerdo con sus mejores intereses. Nuestros <a href=\"https:\/\/springslawgroup.com\/es\/fort-carson-lesiones-personales\/\">abogados especializados en lesiones personales<\/a> podr\u00edan guiarle a lo largo del proceso de demanda y trabajar para aliviar algunas de las cargas que pueda estar sintiendo.<\/p>\n<h2>\u00bfCu\u00e1les son las causas m\u00e1s comunes de los accidentes de motocicletas?<\/h2>\n<p>Los motoristas son extremadamente vulnerables a los choques con otros veh\u00edculos de motor. Adem\u00e1s, estos accidentes en carretera se producen por diversas causas. Algunas de las m\u00e1s comunes son las siguientes:<\/p>\n<ul>\n<li>Un ocupante de un coche aparcado que abre una puerta ante una motocicleta que se aproxima.<\/li>\n<li>Un conductor que cambia de carril sin ver la motocicleta.<\/li>\n<li>Un motociclista que golpea un bache u otro objeto mientras circula a velocidad moderada o alta.<\/li>\n<li>Conductores bajo los efectos de estupefacientes.<\/li>\n<li>Conductores que conducen un veh\u00edculo distra\u00eddos o mientras usanel celular<\/li>\n<\/ul>\n<h2>Indemnizaci\u00f3n en casos de accidente de motocicleta<\/h2>\n<p>Las personas lesionadas como consecuencia de la negligencia de otro conductor pueden optar a diversos tipos de indemnizaciones. Los da\u00f1os econ\u00f3micos son los que cubren los costos de tratamiento m\u00e9dico, salarios perdidos y da\u00f1os materiales.<\/p>\n<p>Un motociclista lesionado tambi\u00e9n puede ser capaz de buscar da\u00f1os no econ\u00f3micos. Esta forma de indemnizaci\u00f3n puede ser m\u00e1s dif\u00edcil de cuantificar, ya que no hay una cantidad monetaria vinculada a estas p\u00e9rdidas. Algunos ejemplos de estos da\u00f1os pueden incluir dolor y sufrimiento, angustia emocional y desfiguraci\u00f3n f\u00edsica. Es importante se\u00f1alar que la cuant\u00eda de los da\u00f1os no econ\u00f3micos que una persona puede recuperar tiene un \u00abtope\u00bb o l\u00edmite sujeto a ajustes por inflaci\u00f3n.<\/p>\n<p>En algunos accidentes de motocicleta, el demandante puede reclamar da\u00f1os punitivos. Los tribunales conceden estas indemnizaciones para castigar al demandado y servir de elemento disuasorio para que no vuelva a comportarse con ese grado de imprudencia. Los da\u00f1os punitivos no suelen aplicarse a un caso a menos que el demandado haya intentado causar da\u00f1o deliberadamente o haya actuado con malicia. Un abogado experimentado de Fort Carson puede exigir da\u00f1os punitivos en un caso de accidente de motocicleta si el acusado beb\u00eda mientras conduc\u00eda.<\/p>\n<h2>Estatuto de limitaciones en Fort Carson<\/h2>\n<p>Por lo general, la legislaci\u00f3n estatal exige que los casos relacionados espec\u00edficamente con accidentes automovil\u00edsticos prescriban a los tres a\u00f1os. Esto significa que los motoristas lesionados solo disponen de tres a\u00f1os desde la fecha de su accidente para presentar una demanda por da\u00f1os y perjuicios.<\/p>\n<p>Sin embargo, si un motorista fallece en un accidente, el representante legal suele disponer de cuatro a\u00f1os para presentar una demanda por muerte por negligencia. Aun as\u00ed, en algunas circunstancias, la ley estatal ampl\u00eda este plazo a cuatro a\u00f1os si la muerte relacionada con el veh\u00edculo implic\u00f3 homicidio vehicular o que el acusado huyera de la escena. Un abogado de Fort Carson que tiene experiencia en la gesti\u00f3n de demandas por accidentes de motocicleta podr\u00eda determinar qu\u00e9 estatuto de limitaciones se aplica a un caso particular.<\/p>\n<h2>Contacte a un abogado especializado en accidentes de motocicleta de Fort Carson<\/h2>\n<p>Cuando un motorista tiene un accidente con un autom\u00f3vil o un cami\u00f3n, se encuentra en una posici\u00f3n vulnerable. Aparte del casco, un motorista est\u00e1 casi siempre desprotegido y es susceptible de sufrir lesiones catastr\u00f3ficas o morir. Si usted o un ser querido sufri\u00f3 lesiones en un accidente de motocicleta, debe buscar ayuda legal. Nuestros abogados especializados en accidentes de motocicleta de Fort Carson podr\u00edan ayudarle a buscar una compensaci\u00f3n econ\u00f3mica en su nombre mientras usted se centra en su recuperaci\u00f3n.<\/p>\n","protected":false},"excerpt":{"rendered":"<p>Las personas que conducen motocicletas y se ven implicadas en un choque en la carretera pueden sufrir lesiones graves. Estos&nbsp;<a class=\"moretag\" href=\"https:\/\/springslawgroup.com\/es\/fort-carson-lesiones-personales\/abogado-de-accidentes-de-motocicleta-en-fort-carson\/\"> Read More&#8230;<\/a><\/p>\n","protected":false},"author":32,"featured_media":0,"parent":16343,"menu_order":0,"comment_status":"closed","ping_status":"closed","template":"landingpage.php","meta":{"_acf_changed":false,"inline_featured_image":false,"footnotes":""},"categories":[],"tags":[],"class_list":["post-16340","page","type-page","status-publish","hentry"],"acf":{"key_takeaways":null,"_litigation_personal_injury_contents_new":{"_litigation_personal_injury_title_new":"","_litigation_personal_injury_discription_new":"","_litigation_personal_injury_discription_new_copy":"","_litigation_video_url_new":"","add_button":false},"_header_sub_header_content_new":null,"_litigation_frequently_asked_questions_new":null,"lawsuit_updates":null,"_litigation_related_posts_relation":null,"acf-references":""},"_links":{"self":[{"href":"https:\/\/springslawgroup.com\/es\/wp-json\/wp\/v2\/pages\/16340","targetHints":{"allow":["GET"]}}],"collection":[{"href":"https:\/\/springslawgroup.com\/es\/wp-json\/wp\/v2\/pages"}],"about":[{"href":"https:\/\/springslawgroup.com\/es\/wp-json\/wp\/v2\/types\/page"}],"author":[{"embeddable":true,"href":"https:\/\/springslawgroup.com\/es\/wp-json\/wp\/v2\/users\/32"}],"replies":[{"embeddable":true,"href":"https:\/\/springslawgroup.com\/es\/wp-json\/wp\/v2\/comments?post=16340"}],"version-history":[{"count":2,"href":"https:\/\/springslawgroup.com\/es\/wp-json\/wp\/v2\/pages\/16340\/revisions"}],"predecessor-version":[{"id":17127,"href":"https:\/\/springslawgroup.com\/es\/wp-json\/wp\/v2\/pages\/16340\/revisions\/17127"}],"up":[{"embeddable":true,"href":"https:\/\/springslawgroup.com\/es\/wp-json\/wp\/v2\/pages\/16343"}],"wp:attachment":[{"href":"https:\/\/springslawgroup.com\/es\/wp-json\/wp\/v2\/media?parent=16340"}],"wp:term":[{"taxonomy":"category","embeddable":true,"href":"https:\/\/springslawgroup.com\/es\/wp-json\/wp\/v2\/categories?post=16340"},{"taxonomy":"post_tag","embeddable":true,"href":"https:\/\/springslawgroup.com\/es\/wp-json\/wp\/v2\/tags?post=16340"}],"curies":[{"name":"wp","href":"https:\/\/api.w.org\/{rel}","templated":true}]}}