{"id":16339,"date":"2020-03-31T20:53:41","date_gmt":"2020-04-01T03:53:41","guid":{"rendered":"https:\/\/springs.flywheelstaging.com\/abogado-de-accidentes-de-bicicleta-en-fort-carson\/"},"modified":"2023-09-01T07:09:40","modified_gmt":"2023-09-01T14:09:40","slug":"abogado-de-accidentes-de-bicicleta-en-fort-carson","status":"publish","type":"page","link":"https:\/\/springslawgroup.com\/es\/fort-carson-lesiones-personales\/abogado-de-accidentes-de-bicicleta-en-fort-carson\/","title":{"rendered":"Abogado especializado en accidentes de bicicleta de Fort Carson"},"content":{"rendered":"<p>Aunque las bicicletas pueden ser una forma de transporte sostenible y una buena fuente de ejercicio, tambi\u00e9n pueden causar lesiones importantes en caso de accidente. A diferencia de los conductores y pasajeros de autom\u00f3viles, los ciclistas tienen poca o ninguna protecci\u00f3n contra los impactos con otros veh\u00edculos. Eso significa que incluso un impacto a baja velocidad podr\u00eda provocar p\u00e9rdidas catastr\u00f3ficas.<\/p>\n<p>Toda persona golpeada por un veh\u00edculo de motor mientras monta su bicicleta debe discutir sus opciones legales con un abogado especializado en accidentes de bicicleta de Fort Carson. La orientaci\u00f3n de nuestros <a href=\"https:\/\/springslawgroup.com\/es\/fort-carson-lesiones-personales\/\">abogados expertos en lesiones personales<\/a> podr\u00eda ser esencial para su recuperaci\u00f3n f\u00edsica y econ\u00f3mica.<\/p>\n<h2>Leyes sobre bicicletas en Fort Carson<\/h2>\n<p>Existen varias normas codificadas en la legislaci\u00f3n estatal de Colorado que aplican espec\u00edficamente a los ciclistas con el fin de promover la seguridad en bicicleta y minimizar las lesiones por accidentes. Por ejemplo, el <a href=\"https:\/\/advance.lexis.com\/documentpage\/?pdmfid=1000516&amp;crid=c0ebe3ae-b905-4b4a-bd00-60d8ad4d101c&amp;config=014FJAAyNGJkY2Y4Zi1mNjgyLTRkN2YtYmE4OS03NTYzNzYzOTg0OGEKAFBvZENhdGFsb2d592qv2Kywlf8caKqYROP5&amp;pddocfullpath=%2Fshared%2Fdocument%2Fstatutes-legislation%2Furn%3AcontentItem%3A5XPN-KFB1-DXHD-G058-00008-00&amp;pdcontentcomponentid=234176&amp;pdteaserkey=sr0&amp;pditab=allpods&amp;ecomp=tgw_kkk&amp;earg=sr0&amp;prid=0f081941-6c2a-45a0-bf4e-7297ba6e29bd\" target=\"_blank\" rel=\"noopener\">art\u00edculo \u00a742-4-1412 de los Estatutos Revisados de Colorado<\/a> establece, entre otras cosas, que todos los ciclistas y conductores de motonetas deben permanecer lo m\u00e1s cerca posible del lado derecho de la calzada y no pueden viajar de lado a lado con m\u00e1s de dos personas, excepto en los carriles designados para bicicletas .<\/p>\n<p>La ley estatal tambi\u00e9n aborda expl\u00edcitamente c\u00f3mo deben comportarse los conductores de veh\u00edculos de motor cuando est\u00e1n cerca de ciclistas. <a href=\"https:\/\/advance.lexis.com\/documentpage\/?pdmfid=1000516&amp;crid=cf43e60a-ddc3-4baf-8c54-88960a66e3a4&amp;config=014FJAAyNGJkY2Y4Zi1mNjgyLTRkN2YtYmE4OS03NTYzNzYzOTg0OGEKAFBvZENhdGFsb2d592qv2Kywlf8caKqYROP5&amp;pddocfullpath=%2Fshared%2Fdocument%2Fstatutes-legislation%2Furn%3AcontentItem%3A5XPN-KFB1-JW5H-X0RH-00008-00&amp;pdcontentcomponentid=234176&amp;pdteaserkey=sr0&amp;pditab=allpods&amp;ecomp=tgw_kkk&amp;earg=sr0&amp;prid=60b0d2b9-a4ef-4069-8474-c8023ea3fbb0\" target=\"_blank\" rel=\"noopener\">El art\u00edculo \u00a742-4-1003 de los C.R.S.<\/a>, por ejemplo, exige a todos los conductores a dejar al menos un metro de espacio entre su veh\u00edculo y una bicicleta cercana en todo momento mientras la adelantan y deben esperar a estar completamente alejados del ciclista antes de volver a su carril habitual.<\/p>\n<p>Si un conductor viola esta ley o cualquier otra en relaci\u00f3n con los comportamientos de conducci\u00f3n apropiados, un abogado de Fort Carson podr\u00eda hacerlos responsables de las lesiones y p\u00e9rdidas que resulten de un accidente de bicicleta. Seg\u00fan las circunstancias, un demandante tambi\u00e9n puede basar su responsabilidad en acciones que son simplemente imprudentes o descuidadas en lugar de ilegales, como conducci\u00f3n distra\u00edda o abrir repentinamente la puerta de un coche en la trayectoria de un ciclista que se aproxima.<\/p>\n<h2>C\u00f3mo un abogado de Fort Carson podr\u00eda ayudar despu\u00e9s de un accidente de bicicleta<\/h2>\n<p>Adem\u00e1s de probar la responsabilidad, un abogado con experiencia de Fort Carson podr\u00eda ayudar a un demandante a asegurarse de que su caso de accidente de bicicleta se desarrolle sin problemas de principio a fin. Uno de los aspectos m\u00e1s comunes que un representante legal podr\u00eda mitigar en conjunto con un demandante es la culpa comparativa.<\/p>\n<p>En virtud de la legislaci\u00f3n estatal, un tribunal civil puede reducir la indemnizaci\u00f3n recuperable de un demandante o incluso prohibir la recuperaci\u00f3n por completo si considera que un ciclista es parcialmente responsable de sus propias lesiones. Por ejemplo, aunque la ley estatal no exige que los ciclistas lleven casco ni les proh\u00edbe que utilicen tel\u00e9fonos celulares mientras conducen, un demandado puede argumentar que este tipo de comportamientos indican imprudencia y justifican una reducci\u00f3n de la indemnizaci\u00f3n por da\u00f1os y perjuicios del demandante.<\/p>\n<p>Adem\u00e1s, un abogado puede ayudar al demandante a preparar y llevar su caso a tiempo, lo que puede ser especialmente importante si las lesiones sufridas son graves. Dependiendo de si un accidente de bicicleta implica a un veh\u00edculo de motor o no, la ley de prescripci\u00f3n vigente establece un plazo de presentaci\u00f3n de tres o dos a\u00f1os, respectivamente, a partir de la fecha del accidente. El incumplimiento de este plazo puede dar lugar a la prescripci\u00f3n del caso y a que el demandante no tenga recursos legales por sus da\u00f1os.<\/p>\n<h2>Llame a un abogado especializado en accidentes de bicicleta en Fort Carson y obtenga m\u00e1s informaci\u00f3n<\/h2>\n<p>Si bien es poco lo que un abogado puede hacer para ayudar a un ciclista lesionado a sanar m\u00e1s r\u00e1pido, hay mucho en lo que pueden ayudar cuando se trata de la recuperaci\u00f3n financiera despu\u00e9s del hecho. La indemnizaci\u00f3n civil puede ser crucial para garantizar que no sufra las consecuencias de la negligencia de otra persona.<\/p>\n<p>Proteger su futuro podr\u00eda ser mucho m\u00e1s f\u00e1cil con un abogado especializado en accidentes de bicicleta de Fort Carson a su lado. P\u00f3ngase en contacto hoy mismo e inicie su caso.<\/p>\n","protected":false},"excerpt":{"rendered":"<p>Aunque las bicicletas pueden ser una forma de transporte sostenible y una buena fuente de ejercicio, tambi\u00e9n pueden causar lesiones&nbsp;<a class=\"moretag\" href=\"https:\/\/springslawgroup.com\/es\/fort-carson-lesiones-personales\/abogado-de-accidentes-de-bicicleta-en-fort-carson\/\"> Read More&#8230;<\/a><\/p>\n","protected":false},"author":32,"featured_media":0,"parent":16343,"menu_order":0,"comment_status":"closed","ping_status":"closed","template":"landingpage.php","meta":{"_acf_changed":false,"inline_featured_image":false,"footnotes":""},"categories":[],"tags":[],"class_list":["post-16339","page","type-page","status-publish","hentry"],"acf":{"key_takeaways":null,"_litigation_personal_injury_contents_new":{"_litigation_personal_injury_title_new":"","_litigation_personal_injury_discription_new":"","_litigation_personal_injury_discription_new_copy":"","_litigation_video_url_new":"","add_button":false},"_header_sub_header_content_new":null,"_litigation_frequently_asked_questions_new":null,"lawsuit_updates":null,"_litigation_related_posts_relation":null,"acf-references":""},"_links":{"self":[{"href":"https:\/\/springslawgroup.com\/es\/wp-json\/wp\/v2\/pages\/16339","targetHints":{"allow":["GET"]}}],"collection":[{"href":"https:\/\/springslawgroup.com\/es\/wp-json\/wp\/v2\/pages"}],"about":[{"href":"https:\/\/springslawgroup.com\/es\/wp-json\/wp\/v2\/types\/page"}],"author":[{"embeddable":true,"href":"https:\/\/springslawgroup.com\/es\/wp-json\/wp\/v2\/users\/32"}],"replies":[{"embeddable":true,"href":"https:\/\/springslawgroup.com\/es\/wp-json\/wp\/v2\/comments?post=16339"}],"version-history":[{"count":2,"href":"https:\/\/springslawgroup.com\/es\/wp-json\/wp\/v2\/pages\/16339\/revisions"}],"predecessor-version":[{"id":17110,"href":"https:\/\/springslawgroup.com\/es\/wp-json\/wp\/v2\/pages\/16339\/revisions\/17110"}],"up":[{"embeddable":true,"href":"https:\/\/springslawgroup.com\/es\/wp-json\/wp\/v2\/pages\/16343"}],"wp:attachment":[{"href":"https:\/\/springslawgroup.com\/es\/wp-json\/wp\/v2\/media?parent=16339"}],"wp:term":[{"taxonomy":"category","embeddable":true,"href":"https:\/\/springslawgroup.com\/es\/wp-json\/wp\/v2\/categories?post=16339"},{"taxonomy":"post_tag","embeddable":true,"href":"https:\/\/springslawgroup.com\/es\/wp-json\/wp\/v2\/tags?post=16339"}],"curies":[{"name":"wp","href":"https:\/\/api.w.org\/{rel}","templated":true}]}}