{"id":16338,"date":"2020-04-16T14:54:30","date_gmt":"2020-04-16T21:54:30","guid":{"rendered":"https:\/\/springs.flywheelstaging.com\/fort-carson-t-bone-abogado-de-accidente-de-coche\/"},"modified":"2023-09-01T07:09:36","modified_gmt":"2023-09-01T14:09:36","slug":"fort-carson-t-bone-abogado-de-accidente-de-coche","status":"publish","type":"page","link":"https:\/\/springslawgroup.com\/es\/fort-carson-lesiones-personales\/fort-carson-abogado-de-accidente-de-coche\/fort-carson-t-bone-abogado-de-accidente-de-coche\/","title":{"rendered":"Abogado especializado en accidentes por choque lateral de Fort Carson"},"content":{"rendered":"<p>Circular con seguridad por una intersecci\u00f3n abarrotada o una rampa de entrada a una autopista interestatal congestionada en circunstancias normales puede ser desafiante, pero la conducci\u00f3n negligente puede aumentar en gran parte la probabilidad de que se produzca un choque lateral. Un conductor que ignora el derecho de paso o que se incorpora sin precauci\u00f3n puede provocar un accidente por choque lateral, adem\u00e1s de lesiones graves e importantes da\u00f1os materiales.<\/p>\n<p>Si usted se involucr\u00f3 en un accidente por choque lateral con un automovilista imprudente, hablar con un abogado especializado en este tipo de accidentes de Fort Carson puede beneficiarle. Adem\u00e1s de ayudarle a responsabilizar al conductor negligente de sus da\u00f1os econ\u00f3micos, un <a href=\"https:\/\/springslawgroup.com\/es\/fort-carson-lesiones-personales\/fort-carson-abogado-de-accidente-de-coche\/\">abogado experto en accidentes automovil\u00edsticos<\/a> podr\u00eda reclamar en su nombre una indemnizaci\u00f3n tambi\u00e9n por p\u00e9rdidas no econ\u00f3micas.<\/p>\n<h2>Causas y efectos de los choques laterales<\/h2>\n<p>Los accidentes por choque lateral suelen producirse cuando confluyen varias carreteras o carriles de circulaci\u00f3n y varios conductores cruzan perpendicularmente por delante de otros o se incorporan a la circulaci\u00f3n en las proximidades. Una persona que no se detiene ante un sem\u00e1foro en rojo o una se\u00f1al de alto por distracci\u00f3n, intoxicaci\u00f3n o simplemente por imprudencia, puede chocar contra el lateral de otro veh\u00edculo o hacer que otro conductor choque contra ella. El choque con un veh\u00edculo al intentar incorporarse a un carril se conoce como choque lateral y tambi\u00e9n puede constituir la base de una exitosa demanda civil.<\/p>\n<p>Por desgracia, los choques laterales se encuentran entre los tipos m\u00e1s peligrosos de accidentes automovil\u00edsticos y, a menudo, provocan fracturas \u00f3seas, laceraciones, lesiones cerebrales traum\u00e1ticas y da\u00f1os en el cuello y la columna vertebral. Incluso un choque a baja velocidad puede provocar contusiones, cortes y latigazos cervicales que pueden requerir atenci\u00f3n m\u00e9dica y fisioterapia continuas. Un abogado especializado en accidentes por choque lateral de Fort Carson podr\u00eda ayudar a un demandante individual a conectar lesiones y p\u00e9rdidas espec\u00edficas a su accidente para que puedan obtener la indemnizaci\u00f3n con eficacia.<\/p>\n<h2>Recuperaci\u00f3n de da\u00f1os tras un choque lateral en Fort Carson<\/h2>\n<p>Si una persona lesionada en un accidente por choque lateral puede demostrar que otra persona fue negligente en la causa de sus da\u00f1os, podr\u00eda recuperar una indemnizaci\u00f3n por p\u00e9rdidas econ\u00f3micas como facturas m\u00e9dicas y salarios perdidos, as\u00ed como p\u00e9rdidas no econ\u00f3micas como la p\u00e9rdida de consorcio, angustia emocional y dolor y sufrimiento. Sin embargo, cabe se\u00f1alar que los demandados en este tipo de casos suelen acusar a los demandantes de negligencia concurrente para evitar el pago de indemnizaciones.<\/p>\n<p>De acuerdo con el art\u00edculo \u00a713-21-111 de los Estatutos Revisados de Colorado, si un tribunal civil encuentra a un demandante en un caso de choque lateral parcialmente responsable de sus propias lesiones, su recuperaci\u00f3n puede limitarse de acuerdo con su porcentaje de culpa asignado. Alternativamente, pueden quedar totalmente excluidos de la recuperaci\u00f3n si su parte de responsabilidad es igual o superior al 50%.<\/p>\n<p>Tambi\u00e9n hay plazos de presentaci\u00f3n a tener en cuenta despu\u00e9s de un accidente por choque lateral en Fort Carson. En virtud del art\u00edculo 13-80-101 del C\u00f3digo de Rentas Civiles, las v\u00edctimas de accidentes automovil\u00edsticos deben presentar una demanda por da\u00f1os y perjuicios en el plazo de tres a\u00f1os desde el choque. El demandante que no interponga una demanda en el plazo legalmente establecido puede verse privado de toda indemnizaci\u00f3n por da\u00f1os y perjuicios.<\/p>\n<h2>Hable hoy mismo con un abogado especializado en accidentes por choque lateral de Fort Carson<\/h2>\n<p>Un impacto repentino contra la puerta del conductor o del acompa\u00f1ante de un veh\u00edculo puede causar da\u00f1os inmensos a los ocupantes y provocarles importantes deudas m\u00e9dicas y p\u00e9rdidas personales.<\/p>\n<p>Si necesita ayuda para presentar una demanda por accidente por choque lateral, p\u00f3ngase en contacto con un abogado especializado en este tipo de accidentes de Fort Carson, programe una consulta y discuta sus opciones legales. Llame hoy mismo y empiece a estudiar las posibilidades de su caso.<\/p>\n","protected":false},"excerpt":{"rendered":"<p>Circular con seguridad por una intersecci\u00f3n abarrotada o una rampa de entrada a una autopista interestatal congestionada en circunstancias normales&nbsp;<a class=\"moretag\" href=\"https:\/\/springslawgroup.com\/es\/fort-carson-lesiones-personales\/fort-carson-abogado-de-accidente-de-coche\/fort-carson-t-bone-abogado-de-accidente-de-coche\/\"> Read More&#8230;<\/a><\/p>\n","protected":false},"author":32,"featured_media":0,"parent":16341,"menu_order":0,"comment_status":"closed","ping_status":"closed","template":"landingpage.php","meta":{"_acf_changed":false,"inline_featured_image":false,"footnotes":""},"categories":[],"tags":[],"class_list":["post-16338","page","type-page","status-publish","hentry"],"acf":{"key_takeaways":null,"_litigation_personal_injury_contents_new":{"_litigation_personal_injury_title_new":"","_litigation_personal_injury_discription_new":"","_litigation_personal_injury_discription_new_copy":"","_litigation_video_url_new":"","add_button":false},"_header_sub_header_content_new":null,"_litigation_frequently_asked_questions_new":null,"lawsuit_updates":null,"_litigation_related_posts_relation":null,"acf-references":""},"_links":{"self":[{"href":"https:\/\/springslawgroup.com\/es\/wp-json\/wp\/v2\/pages\/16338","targetHints":{"allow":["GET"]}}],"collection":[{"href":"https:\/\/springslawgroup.com\/es\/wp-json\/wp\/v2\/pages"}],"about":[{"href":"https:\/\/springslawgroup.com\/es\/wp-json\/wp\/v2\/types\/page"}],"author":[{"embeddable":true,"href":"https:\/\/springslawgroup.com\/es\/wp-json\/wp\/v2\/users\/32"}],"replies":[{"embeddable":true,"href":"https:\/\/springslawgroup.com\/es\/wp-json\/wp\/v2\/comments?post=16338"}],"version-history":[{"count":2,"href":"https:\/\/springslawgroup.com\/es\/wp-json\/wp\/v2\/pages\/16338\/revisions"}],"predecessor-version":[{"id":17135,"href":"https:\/\/springslawgroup.com\/es\/wp-json\/wp\/v2\/pages\/16338\/revisions\/17135"}],"up":[{"embeddable":true,"href":"https:\/\/springslawgroup.com\/es\/wp-json\/wp\/v2\/pages\/16341"}],"wp:attachment":[{"href":"https:\/\/springslawgroup.com\/es\/wp-json\/wp\/v2\/media?parent=16338"}],"wp:term":[{"taxonomy":"category","embeddable":true,"href":"https:\/\/springslawgroup.com\/es\/wp-json\/wp\/v2\/categories?post=16338"},{"taxonomy":"post_tag","embeddable":true,"href":"https:\/\/springslawgroup.com\/es\/wp-json\/wp\/v2\/tags?post=16338"}],"curies":[{"name":"wp","href":"https:\/\/api.w.org\/{rel}","templated":true}]}}