{"id":16336,"date":"2020-08-06T13:55:43","date_gmt":"2020-08-06T20:55:43","guid":{"rendered":"https:\/\/springs.flywheelstaging.com\/castle-rock-abogado-de-lesiones-personales\/castle-rock-abogado-de-accidente-de-autobus\/"},"modified":"2023-09-01T07:10:14","modified_gmt":"2023-09-01T14:10:14","slug":"castle-rock-abogado-de-accidente-de-autobus","status":"publish","type":"page","link":"https:\/\/springslawgroup.com\/es\/castle-rock-lesiones-personales\/castle-rock-abogado-de-accidente-de-autobus\/","title":{"rendered":"Abogados especializados en accidentes de autob\u00fas de Castle Rock"},"content":{"rendered":"<p>Todo el mundo piensa que el autob\u00fas es un medio de transporte seguro, rentable y c\u00f3modo. Por desgracia, los accidentes de autob\u00fas ocurren seguido y, cuando lo hacen, pueden resultar en lesiones devastadoras e incluso la muerte.<\/p>\n<p>Si usted o un miembro de su familia recientemente sufri\u00f3 da\u00f1os en un accidente de autob\u00fas evitable, podr\u00eda tener derecho a recuperar los da\u00f1os de las partes negligentes en una <a href=\"https:\/\/springslawgroup.com\/es\/castle-rock-lesiones-personales\/\">demanda por lesiones personales<\/a>. Nuestros abogados especializados en accidentes de autob\u00fas de Castle Rock entienden las complejidades de estos casos, por lo que podr\u00edamos trabajar con usted para ayudarle a obtener la compensaci\u00f3n que necesita.<\/p>\n<h2>Tipos de lesiones despu\u00e9s de un accidente de autob\u00fas en Castle Rock<\/h2>\n<p>Los accidentes de autob\u00fas pueden causar lesiones m\u00e1s graves a los pasajeros que otros tipos de accidentes de veh\u00edculos de motor porque los autobuses no suelen tener cinturones de seguridad ni airbags para sujetar o proteger a los pasajeros del impacto de un choque con sacudidas. Como consecuencia, estos pasajeros pueden sufrir cualquier tipo de lesi\u00f3n, desde un latigazo cervical leve y temporal hasta par\u00e1lisis corporal total y permanente.<\/p>\n<p>Adem\u00e1s, cuando un autob\u00fas colisiona con un veh\u00edculo m\u00e1s peque\u00f1o, puede causar enormes da\u00f1os a los ocupantes del otro veh\u00edculo debido al mayor tama\u00f1o y peso del autob\u00fas. Algunas de las lesiones pueden visualizarse y tratarse de inmediato, pero otras pueden no manifestarse o no requerir tratamiento m\u00e9dico hasta pasado un tiempo. Adem\u00e1s de lesiones f\u00edsicas, muchas personas implicadas en estas colisiones pueden sufrir estr\u00e9s postraum\u00e1tico u otros traumas emocionales. Es esencial hablar con un abogado local tan pronto como sea posible despu\u00e9s de un accidente de autob\u00fas para preservar el derecho a demandar por da\u00f1os y perjuicios resultantes de lesiones presentes y futuras.<\/p>\n<h2>Causas comunes de los accidentes de autob\u00fas<\/h2>\n<p>La conducci\u00f3n negligente o imprudente es la causa de la mayor\u00eda de los accidentes de autob\u00fas. Algunos de los ejemplos de negligencia del conductor de autob\u00fas que pueden dar lugar a accidentes incluyen los siguientes:<\/p>\n<ul>\n<li>Fatiga del conductor<\/li>\n<li>Conducir con exceso de velocidad.<\/li>\n<li>Conducci\u00f3n distra\u00edda, como enviar mensajes de texto<\/li>\n<li>Conducir con ebriedad<\/li>\n<li>Furia en la carretera<\/li>\n<\/ul>\n<p>Un abogado de Castle Rock podr\u00eda realizar una investigaci\u00f3n exhaustiva para demostrar c\u00f3mo el conductor del autob\u00fas caus\u00f3 el accidente. Visitar\u00edan el lugar del accidente, entrevistar\u00edan a los testigos presenciales disponibles, revisar\u00edan los informes policiales y, si fuera necesario, citar\u00edan los registros del tel\u00e9fono m\u00f3vil del conductor o los registros de las pruebas de alcoholemia.<\/p>\n<p>Dado que transportan pasajeros, los conductores de autob\u00fas deben obtener un permiso de conducir comercial y conducir con un mayor nivel de cuidado que el p\u00fablico en general. Si no mantienen ese alto nivel de conducci\u00f3n, sus empleadores pueden responsabilizarse legalmente por sus errores. Si una empresa de autobuses no tiene una pol\u00edtica adecuada para limitar las horas de carretera de los conductores, podr\u00eda responsabilizarse de un accidente causado por la fatiga del conductor. Del mismo modo, si un conductor tiene un historial de multas por exceso de velocidad, su empleador podr\u00eda responsabilizarse de un accidente causado por exceso de velocidad, porque deber\u00eda haber conocido el historial de ese empleado antes de contratarlo.<\/p>\n<h3>Accidentes no causados por un error del conductor<\/h3>\n<p>A veces, los accidentes de autob\u00fas se producen por problemas con el veh\u00edculo. Un defecto inherente a la mec\u00e1nica de un veh\u00edculo puede hacer que un autob\u00fas se salga de control. Del mismo modo, si no se realiza un mantenimiento peri\u00f3dico del autob\u00fas, las piezas podr\u00edan desgastarse. Por ejemplo, una pastilla de freno desgastada puede causar que un conductor choque contra otro veh\u00edculo en la carretera. Tras un accidente de autob\u00fas provocado por un problema mec\u00e1nico, un abogado diligente de la zona podr\u00eda ayudar al presentar una demanda contra el fabricante del veh\u00edculo, el mec\u00e1nico encargado del mantenimiento del autob\u00fas o la empresa que contrat\u00f3 al mec\u00e1nico.<\/p>\n<h2>Hable con un abogado especializado en accidentes de autob\u00fas de Castle Rock<\/h2>\n<p>Los litigios por accidentes de autob\u00fas pueden implicar complejas normativas federales y estatales, m\u00faltiples demandados y negociaciones con grandes empresas y sus aseguradoras. Ponga su confianza en un abogado especializado en accidentes de autob\u00fas de Castle Rock que tiene la experiencia y dedicaci\u00f3n para proteger sus derechos. Programe hoy mismo una cita con un profesional del Derecho.<\/p>\n","protected":false},"excerpt":{"rendered":"<p>Todo el mundo piensa que el autob\u00fas es un medio de transporte seguro, rentable y c\u00f3modo. Por desgracia, los accidentes&nbsp;<a class=\"moretag\" href=\"https:\/\/springslawgroup.com\/es\/castle-rock-lesiones-personales\/castle-rock-abogado-de-accidente-de-autobus\/\"> Read More&#8230;<\/a><\/p>\n","protected":false},"author":26,"featured_media":0,"parent":16335,"menu_order":0,"comment_status":"closed","ping_status":"closed","template":"landingpage.php","meta":{"_acf_changed":false,"inline_featured_image":false,"footnotes":""},"categories":[],"tags":[],"class_list":["post-16336","page","type-page","status-publish","hentry"],"acf":{"key_takeaways":null,"_litigation_personal_injury_contents_new":{"_litigation_personal_injury_title_new":"","_litigation_personal_injury_discription_new":"","_litigation_personal_injury_discription_new_copy":"","_litigation_video_url_new":"","add_button":false},"_header_sub_header_content_new":null,"_litigation_frequently_asked_questions_new":null,"lawsuit_updates":null,"_litigation_related_posts_relation":null,"acf-references":""},"_links":{"self":[{"href":"https:\/\/springslawgroup.com\/es\/wp-json\/wp\/v2\/pages\/16336","targetHints":{"allow":["GET"]}}],"collection":[{"href":"https:\/\/springslawgroup.com\/es\/wp-json\/wp\/v2\/pages"}],"about":[{"href":"https:\/\/springslawgroup.com\/es\/wp-json\/wp\/v2\/types\/page"}],"author":[{"embeddable":true,"href":"https:\/\/springslawgroup.com\/es\/wp-json\/wp\/v2\/users\/26"}],"replies":[{"embeddable":true,"href":"https:\/\/springslawgroup.com\/es\/wp-json\/wp\/v2\/comments?post=16336"}],"version-history":[{"count":3,"href":"https:\/\/springslawgroup.com\/es\/wp-json\/wp\/v2\/pages\/16336\/revisions"}],"predecessor-version":[{"id":17212,"href":"https:\/\/springslawgroup.com\/es\/wp-json\/wp\/v2\/pages\/16336\/revisions\/17212"}],"up":[{"embeddable":true,"href":"https:\/\/springslawgroup.com\/es\/wp-json\/wp\/v2\/pages\/16335"}],"wp:attachment":[{"href":"https:\/\/springslawgroup.com\/es\/wp-json\/wp\/v2\/media?parent=16336"}],"wp:term":[{"taxonomy":"category","embeddable":true,"href":"https:\/\/springslawgroup.com\/es\/wp-json\/wp\/v2\/categories?post=16336"},{"taxonomy":"post_tag","embeddable":true,"href":"https:\/\/springslawgroup.com\/es\/wp-json\/wp\/v2\/tags?post=16336"}],"curies":[{"name":"wp","href":"https:\/\/api.w.org\/{rel}","templated":true}]}}