{"id":16335,"date":"2020-07-23T13:44:21","date_gmt":"2020-07-23T20:44:21","guid":{"rendered":"https:\/\/springs.flywheelstaging.com\/castle-rock-abogado-de-lesiones-personales\/"},"modified":"2023-11-28T21:07:29","modified_gmt":"2023-11-29T04:07:29","slug":"castle-rock-lesiones-personales","status":"publish","type":"page","link":"https:\/\/springslawgroup.com\/es\/castle-rock-lesiones-personales\/","title":{"rendered":"Abogados especializados en lesiones personales de Castle Rock"},"content":{"rendered":"<p>Tras sufrir lesiones graves en un accidente, muchos aspectos de su vida pueden cambiar. Su recuperaci\u00f3n puede requerir largas estancias en el hospital y procedimientos m\u00e9dicos extensos y dolorosos. Tambi\u00e9n es posible que necesite terapia para superar el trauma emocional y la ansiedad del accidente. Si su lesi\u00f3n le incapacita para trabajar, puede enfrentarse a importantes p\u00e9rdidas de ingresos y deudas.<\/p>\n<p>Una sentencia judicial favorable o un acuerdo extrajudicial podr\u00edan aliviar algunas de las presiones econ\u00f3micas que siente, permiti\u00e9ndole enfocar la atenci\u00f3n en su curaci\u00f3n f\u00edsica y emocional. Si cree que la negligencia, imprudencia o mala conducta intencionada de otra persona es responsable de sus lesiones, <a href=\"https:\/\/www.google.com\/maps?cid=14405082340285593325\" target=\"_blank\" rel=\"noopener\">los abogados especializados en lesiones personales de Castle Rock<\/a> podr\u00edan ayudarle.<\/p>\n<p>Nuestro equipo de abogados puede luchar para obtener justicia para usted y su familia y ayudarle a conseguir una indemnizaci\u00f3n justa. Llame a nuestro estudio de abogados hoy y programe su consulta gratuita.<\/p>\n<h2><b>Tipos comunes de demandas por lesiones personales en Castle Rock, CO<\/b><\/h2>\n<p>Cada vez que otra persona o una empresa perjudica a alguien, la parte perjudicada puede tener derecho a demandar por da\u00f1os y perjuicios en una demanda por lesiones personales. Para tener \u00e9xito en estos casos, una persona lesionada debe demostrar que el demandado caus\u00f3 el incidente o accidente que provoc\u00f3 sus lesiones y que estas podr\u00edan haberse evitado de no ser por la acci\u00f3n o inacci\u00f3n del demandado.<\/p>\n<p>Algunos de los tipos m\u00e1s comunes de incidentes que conducen a la mayor\u00eda de los reclamos por lesiones personales son los siguientes:<\/p>\n<ul>\n<li aria-level=\"1\">Accidentes automovil\u00edsticos<\/li>\n<li aria-level=\"1\">Resbalones, ca\u00eddas y otros accidentes de responsabilidad del local<\/li>\n<li aria-level=\"1\">Accidentes en obras de construcci\u00f3n y otros accidentes laborales<\/li>\n<li aria-level=\"1\">Errores m\u00e9dicos y quir\u00fargicos, que incluyen lesiones en el parto<\/li>\n<li aria-level=\"1\">Accidentes que causan lesiones por traumatismo craneoencef\u00e1lico<\/li>\n<li aria-level=\"1\">Mordeduras por ataques de animales<\/li>\n<li aria-level=\"1\">Productos peligrosos y defectuosos<\/li>\n<li aria-level=\"1\">Medicamentos de venta con y sin receta peligrosos<\/li>\n<li aria-level=\"1\">Muerte por negligencia<\/li>\n<\/ul>\n<p>Los abogados expertos en lesiones personales de la zona podr\u00edan escuchar al demandante y hacerle preguntas para hacerse una idea de lo que caus\u00f3 su lesi\u00f3n. Una vez que un profesional del derecho comprende lo sucedido, un abogado podr\u00eda identificar qui\u00e9n puede responsabilizarse legalmente de la lesi\u00f3n del demandante.<\/p>\n<p>Un abogado especializado en lesiones personales tambi\u00e9n podr\u00eda recopilar todas las pruebas pertinentes, que incluyen informes policiales, testimonios de testigos presenciales, historiales m\u00e9dicos, manuales del personal y manuales de dise\u00f1o de productos, para construir un caso contra todas las partes potencialmente responsables. Por \u00faltimo, su abogado le hablar\u00e1 sobre la ley de lesiones personales y responder\u00e1 a sus preguntas para que pueda entender mejor su caso.<\/p>\n<h2><b>Posibles da\u00f1os recuperables en demandas civiles<\/b><\/h2>\n<p>En un caso de lesiones personales, los demandantes pueden solicitar el resarcimiento de distintos tipos de da\u00f1os y perjuicios que compensen sus p\u00e9rdidas. En primer lugar, los demandantes pueden solicitar la recuperaci\u00f3n de sus da\u00f1os econ\u00f3micos. Estos da\u00f1os compensan a los demandantes por sus p\u00e9rdidas cuantificables y reales, como facturas m\u00e9dicas, salarios perdidos, p\u00e9rdida de capacidad de ganancia y cualquier futura medicaci\u00f3n o terapia.<\/p>\n<p>Los perjudicados tambi\u00e9n pueden reclamar el resarcimiento de p\u00e9rdidas no econ\u00f3micas, que son subjetivas en cada caso concreto. Algunos ejemplos de posibles da\u00f1os no econ\u00f3micos indemnizables pueden ser el dolor y el sufrimiento, la p\u00e9rdida del disfrute de la vida y la p\u00e9rdida de apoyo conyugal. Si un demandante puede demostrar que el demandado actu\u00f3 con dolo, fraude o malicia, tambi\u00e9n puede recibir una indemnizaci\u00f3n punitiva limitada.<\/p>\n<p>Es importante se\u00f1alar que la legislaci\u00f3n estatal no impone l\u00edmites legales a los da\u00f1os econ\u00f3micos, salvo en el caso de negligencia m\u00e9dica, en el que la recuperaci\u00f3n total de da\u00f1os econ\u00f3micos y no econ\u00f3micos est\u00e1 limitada a un mill\u00f3n de d\u00f3lares. Sin embargo, el Estado impone diversos grados de l\u00edmites legales en la mayor\u00eda de los casos de da\u00f1os no econ\u00f3micos. En consecuencia, es esencial que se re\u00fana con un abogado local que pueda explicarle los diferentes l\u00edmites de da\u00f1os y qu\u00e9 formas de indemnizaci\u00f3n pueden estar disponibles para su caso.<\/p>\n<h2><b>FAQ: Lesiones personales en Castle Rock<\/b><\/h2>\n<p><b>\u00bfCu\u00e1l es el plazo de prescripci\u00f3n para los casos de lesiones personales en Colorado?<\/b><br \/>\nEl plazo de prescripci\u00f3n de los <a href=\"https:\/\/springslawgroup.com\/es\/preguntas-frecuentes\/\">casos de lesiones personales<\/a> para residentes de Colorado es de dos a\u00f1os. Esto significa que tiene dos a\u00f1os desde la fecha del accidente para presentar un reclamo o iniciar acciones legales por los da\u00f1os. Por lo tanto, debe hablar con un abogado especializado en lesiones personales lo antes posible para iniciar el proceso de demanda antes de que finalice el plazo.<\/p>\n<p><b>\u00bfQu\u00e9 debo hacer si me llama la compa\u00f1\u00eda de seguros de la otra parte?<\/b><br \/>\nLa compa\u00f1\u00eda de seguros de la otra parte intentar\u00e1 que usted admita la culpa del accidente. Si admite la culpa, aunque sea parcial, podr\u00eda perder la indemnizaci\u00f3n. As\u00ed, si la compa\u00f1\u00eda de seguros intenta llamarle, podr\u00e1 darles sus datos b\u00e1sicos. Si el representante intenta hablar con usted sobre el accidente, rechace cort\u00e9smente hablar con \u00e9l. Solo hable con la compa\u00f1\u00eda de seguros tras consultar con su abogado.<\/p>\n<p><b>\u00bfQu\u00e9 es la Ley de negligencia comparativa de Colorado?<\/b><br \/>\nLa Ley de negligencia comparativa de Colorado determina qui\u00e9n es responsable de un accidente, lo que afecta a la cuant\u00eda de la indemnizaci\u00f3n que puede obtener por el siniestro. El juez examinar\u00e1 las acciones de ambas partes en un estado de negligencia comparativa. Si se determina que usted es parcialmente culpable del accidente, la cuant\u00eda de la indemnizaci\u00f3n que perciba se reducir\u00e1 en funci\u00f3n del porcentaje de da\u00f1os que haya causado.<\/p>\n<h2><b>Re\u00fanase hoy mismo con un abogado especializado en lesiones personales de Castle Rock<\/b><\/h2>\n<p>Si otra persona le caus\u00f3 da\u00f1os, debe hablar con un abogado experto en lesiones personales para ver si puede ayudarle a iniciar acciones legales. No tiene por qu\u00e9 enfrentarse solo a este dif\u00edcil momento. Nuestro dedicado equipo de abogados especializados en lesiones personales de Castle Rock trabaja con v\u00edctimas de lesiones personales para obtener el alivio monetario que necesita para sus lesiones personales relacionadas con accidentes automovil\u00edsticos u otros incidentes. Llame hoy mismo y programe su consulta gratuita.<\/p>\n<p><script type=\"application\/ld+json\">\n{\n  \"@context\": \"https:\/\/schema.org\",\n  \"@type\": \"FAQPage\",\n  \"mainEntity\": [{\n    \"@type\": \"Question\",\n    \"name\": \"What is the statute of limitations for personal injury cases in Colorado?\",\n    \"acceptedAnswer\": {\n      \"@type\": \"Answer\",\n      \"text\": \"The statute of limitations for personal injury cases for Colorado residents is two years. This means you have two years from the date of the accident to file a claim or seek legal action for your damages. Therefore, you must talk to a personal injury attorney as soon as possible to start the claims process before you miss the deadline.\"\n    }\n  },{\n    \"@type\": \"Question\",\n    \"name\": \"What should I do if the other party's insurance company calls me?\",\n    \"acceptedAnswer\": {\n      \"@type\": \"Answer\",\n      \"text\": \"The other party's insurance company will try to make you admit fault for the accident. If you admit even partial fault, you could end up losing compensation. So, if the insurance company tries to call you, you can give them your basic information. If the representative tries to talk to you about the accident, politely decline to speak to them. Only talk to the insurance company once you have consulted with your lawyer.\"\n    }\n  },{\n    \"@type\": \"Question\",\n    \"name\": \"What is Colorado's Comparative Negligence Law?\",\n    \"acceptedAnswer\": {\n      \"@type\": \"Answer\",\n      \"text\": \"Colorado's Comparative Negligence Law determines who is responsible for an accident, which affects how much compensation you can earn from the incident. The judge will look at both parties' actions in a comparative negligence state. If you are found to be partially at fault for the accident, the amount of compensation you earn will be reduced by the percentage of damage you caused.\"\n    }\n  }]\n}\n<\/script><\/p>\n","protected":false},"excerpt":{"rendered":"<p>Tras sufrir lesiones graves en un accidente, muchos aspectos de su vida pueden cambiar. Su recuperaci\u00f3n puede requerir largas estancias&nbsp;<a class=\"moretag\" href=\"https:\/\/springslawgroup.com\/es\/castle-rock-lesiones-personales\/\"> Read More&#8230;<\/a><\/p>\n","protected":false},"author":32,"featured_media":0,"parent":0,"menu_order":0,"comment_status":"closed","ping_status":"closed","template":"landingpage.php","meta":{"_acf_changed":false,"inline_featured_image":false,"footnotes":""},"categories":[],"tags":[],"class_list":["post-16335","page","type-page","status-publish","hentry"],"acf":{"key_takeaways":null,"_litigation_personal_injury_contents_new":{"_litigation_personal_injury_title_new":"","_litigation_personal_injury_discription_new":"","_litigation_personal_injury_discription_new_copy":"","_litigation_video_url_new":"","add_button":false},"_header_sub_header_content_new":null,"_litigation_frequently_asked_questions_new":null,"lawsuit_updates":null,"_litigation_related_posts_relation":null,"acf-references":""},"_links":{"self":[{"href":"https:\/\/springslawgroup.com\/es\/wp-json\/wp\/v2\/pages\/16335","targetHints":{"allow":["GET"]}}],"collection":[{"href":"https:\/\/springslawgroup.com\/es\/wp-json\/wp\/v2\/pages"}],"about":[{"href":"https:\/\/springslawgroup.com\/es\/wp-json\/wp\/v2\/types\/page"}],"author":[{"embeddable":true,"href":"https:\/\/springslawgroup.com\/es\/wp-json\/wp\/v2\/users\/32"}],"replies":[{"embeddable":true,"href":"https:\/\/springslawgroup.com\/es\/wp-json\/wp\/v2\/comments?post=16335"}],"version-history":[{"count":6,"href":"https:\/\/springslawgroup.com\/es\/wp-json\/wp\/v2\/pages\/16335\/revisions"}],"predecessor-version":[{"id":17320,"href":"https:\/\/springslawgroup.com\/es\/wp-json\/wp\/v2\/pages\/16335\/revisions\/17320"}],"wp:attachment":[{"href":"https:\/\/springslawgroup.com\/es\/wp-json\/wp\/v2\/media?parent=16335"}],"wp:term":[{"taxonomy":"category","embeddable":true,"href":"https:\/\/springslawgroup.com\/es\/wp-json\/wp\/v2\/categories?post=16335"},{"taxonomy":"post_tag","embeddable":true,"href":"https:\/\/springslawgroup.com\/es\/wp-json\/wp\/v2\/tags?post=16335"}],"curies":[{"name":"wp","href":"https:\/\/api.w.org\/{rel}","templated":true}]}}