{"id":16334,"date":"2020-09-29T20:32:40","date_gmt":"2020-09-30T03:32:40","guid":{"rendered":"https:\/\/springs.flywheelstaging.com\/2023-la-beca-de-conduccion-segura\/"},"modified":"2025-05-21T09:27:58","modified_gmt":"2025-05-21T16:27:58","slug":"2023-la-beca-de-conduccion-segura","status":"publish","type":"page","link":"https:\/\/springslawgroup.com\/es\/2023-la-beca-de-conduccion-segura\/","title":{"rendered":"The 2025 Safe Driving Scholarship"},"content":{"rendered":"<p>&nbsp;<\/p>\n<p>&nbsp;<\/p>\n","protected":false},"excerpt":{"rendered":"<p>&nbsp; &nbsp;<\/p>\n","protected":false},"author":26,"featured_media":0,"parent":0,"menu_order":0,"comment_status":"closed","ping_status":"closed","template":"","meta":{"_acf_changed":false,"inline_featured_image":false,"footnotes":""},"categories":[242],"tags":[],"class_list":["post-16334","page","type-page","status-publish","hentry","category-form-landing-page-es"],"acf":{"key_takeaways":null,"_litigation_personal_injury_contents_new":{"_litigation_personal_injury_title_new":"The deadline for applications for the 2025 Safe Driving Scholarship is May 31st, 2025.","_litigation_personal_injury_discription_new":"<p>En <a href=\"\/\">Springs Law Group<\/a>, nos apasiona asegurarnos de que las carreteras sean apropiadas para una conducci\u00f3n segura.<\/p>\n<p>En un mundo repleto de dispositivos electr\u00f3nicos, enviar mensajes de texto al volante es una de las principales causas de accidentes automovil\u00edsticos.<\/p>\n<p><strong>According to <a href=\"https:\/\/safer-america.com\/\">safer-america.com<\/a>:<\/strong><\/p>\n<ul>\n<li>\u201cOne of every four car accidents in the United States is caused by phone usage behind the wheel,\u201d; and<\/li>\n<li>\u201cDrivers under 20 years old have the highest proportion of fatal accidents related to distracted driving.\u201d<\/li>\n<\/ul>\n<p>That\u2019s why we are offering the <strong>Safe Driving Scholarship<\/strong> to help raise awareness of the dangers of distracted driving, especially when it involves young adults.<\/p>\n<p><strong>Nuestro bufete se complace en ofrecer esta beca de 1.000 d\u00f3lares. Est\u00e1 dirigida a estudiantes que quieran compartir sus ideas sobre las leyes vigentes en su estado en materia de mensajes de texto y conducci\u00f3n, como tambi\u00e9n de lo que podr\u00eda mejorarse para fomentar la seguridad en las carreteras.<\/strong><\/p>\n<h3>Admisibilidad<\/h3>\n<ul>\n<li>La Beca de conducci\u00f3n segura est\u00e1 disponible para estudiantes matriculados en cualquier instituto, colegio o universidad de Estados Unidos. Los estudiantes de escuelas secundarias deben estar en su \u00faltimo a\u00f1o educativo.<\/li>\n<li>Los candidatos que soliciten esta beca deben poseer Promedio de Calificaciones (GPA) igual o superior a 3,0.<\/li>\n<\/ul>\n<h3>Requisitos de solicitud<\/h3>\n<ul>\n<li>El candidato debe presentar un ensayo de 750 palabras en respuesta a la siguiente consigna: Analice las leyes vigentes en su estado sobre el env\u00edo de mensajes de texto y la conducci\u00f3n, y qu\u00e9 podr\u00eda mejorarse para fomentar la seguridad en las carreteras.<\/li>\n<li>El candidato deber\u00e1 presentar un Curr\u00edculum Vitae profesional en el que figure su experiencia profesional y acad\u00e9mica.<\/li>\n<li>El candidato deber\u00e1 presentar un expediente acad\u00e9mico de su centro de estudios actual para acreditar su promedio acad\u00e9mico.<\/li>\n<\/ul>\n<p>The winner of the Safe Driving Scholarship will be announced in June 2025.<\/p>\n<h3>Application Deadline:<\/h3>\n<p>To apply for this scholarship, candidates must <strong>use the form below to submit their full application<\/strong> (including the essay, resum\u00e9, and transcript) before <strong>May 31st, 2025<\/strong>.<\/p>\n<p>Any applications sent after <strong>May 31st, 2025<\/strong> will not be considered.<\/p>\n<h3>Submission Instructions:<\/h3>\n<p><strong>Scholarship applications should be sent with the subject line:<\/strong><\/p>\n<ul>\n<li>\u201c[Applicant\u2019s First and Last Name] - 2025 The Safe Driving Scholarship Application\u201d;<\/li>\n<li>Followed by the applicant\u2019s first initial and last name.<\/li>\n<\/ul>\n<p><strong>Example:<\/strong><\/p>\n<ul>\n<li>Jane Doe - 2025 The Safe Driving Scholarship Application - J. Doe<\/li>\n<\/ul>\n<p>For questions, please email <a href=\"mailto:scholarships@springslawgroup.com\">scholarships@springslawgroup.com<\/a>.<\/p>\n<p>Con los continuos avances tecnol\u00f3gicos, cada vez es m\u00e1s f\u00e1cil distraerse mientras se conduce.<\/p>\n<p>Springs Law Group anima a todos nuestros solicitantes a ser agentes de cambio en la lucha contra la conducci\u00f3n distra\u00edda.<\/p>","_litigation_personal_injury_discription_new_copy":"<h3>Scholarship Winners 2024<\/h3>\n<h4>Winner #1: <b>Lindsey Springer<\/b><\/h4>\n<ul>\n<li>Livonia, MI<\/li>\n<li>Grand Valley State University<\/li>\n<\/ul>\n<p><img class=\"alignnone wp-image-28606\" src=\"https:\/\/springslawgroup.com\/wp-content\/uploads\/2024\/07\/Lindsey-Springer-2024-Safe-Driving-Scholarship-Winner-768x1024.jpeg\" alt=\"Lindsey Springer - Springs Law Group 2024 Safe Driving Scholarship Winner\" width=\"600\" height=\"800\"><\/p>\n<p>My name is Lindsey Springer, and I am from Livonia Michigan.<\/p>\n<p>I am going to Grand Valley State University, pursuing a double major in elementary education PK-6 and special education K-12.<\/p>\n<p>I have always wanted to be a teacher, and this scholarship will help me get there by going towards my tuition costs.<\/p>\n<p>I have a passion for working with children, and have extensive experience as I participated in an internship my senior year in high school, and work as a tutor and preschool teacher at a daycare.<\/p>\n<p>All of these experiences have solidified my goals, and both Grand Valley and this safe driving scholarship are helping me achieve my dream!<\/p>\n<p>Aside from my career goals, I love to read, make art, and binge the latest shows on tv.<\/p>\n<p>During the summer, one of my favorite things to do is watch baseball, and most weekends you can find me at Comerica Park cheering on the Detroit Tigers!<\/p>\n<p>I am so appreciative to have received this scholarship, and I promise to put it to good use to achieve my goals!<\/p>\n<h4>Winner #2: <b>Kaleb Frost<\/b><\/h4>\n<ul>\n<li>Charleston, SC<\/li>\n<li>Mercer University<\/li>\n<\/ul>\n<p><img class=\"alignnone wp-image-28608 size-full\" src=\"https:\/\/springslawgroup.com\/wp-content\/uploads\/2024\/07\/Kaleb-Frost-2024-Safe-Driving-Scholarship-Winner-rotated.jpeg\" alt=\"Kaleb Frost - Springs Law Group 2024 Safe Driving Scholarship Winner\" width=\"480\" height=\"640\"><\/p>\n<p>My name is Kaleb Frost, and I am from Charleston, South Carolina.<\/p>\n<p>I am currently enrolled into Mercer University in Macon, Georgia.<\/p>\n<p>I am majoring in Early Education and aspire to become an educator for our next generation of students.<\/p>\n<p>I am also a member of the Mercer Football team.<\/p>\n<p>Along with playing football, I am also a United Way Read2Succeed Tutor and a member of Phi Eta Sigma, a prestigious society that recognizes and celebrates academic excellence.<\/p>\n<p>I will be using this scholarship to help pay for my tuition and to continue my journey to become a graduate from Mercer University.<\/p>\n<h3>Scholarship Winners 2023<\/h3>\n<h4>Winner #1: <strong>Logan Hart<\/strong><\/h4>\n<ul>\n<li>Long Valley, NJ<\/li>\n<li>Indiana University<\/li>\n<\/ul>\n<p><img class=\"alignnone wp-image-17829 size-full\" src=\"https:\/\/springslawgroup.com\/wp-content\/uploads\/2023\/09\/LoganHart.jpg\" alt=\"\" width=\"500\" height=\"500\"><\/p>\n<p>My name is Logan Hart and I am from Long Valley New Jersey.<\/p>\n<p>I am currently enrolled in the Kelley School of Business at Indiana University, with concentrations in information systems, business analytics, and economics.<\/p>\n<p>I am pursuing a career in actuarial science, and working in NYC for the summer as an actuarial intern for a health consulting company.<\/p>\n<p>This scholarship will be monumental in helping me minimize my student loans and pay for my exam fees and study material as I work to become a credentialed actuary.<\/p>\n<p>Additionally, it will help me focus more on my academics, extracurriculars and social skills as I actively work multiple jobs at school to fund my education.<\/p>\n<p>Outside of my professional aspirations, some of my passions include backpacking, deep-sea fishing, and snowboarding.<\/p>\n<p>A fun fact is that I once trekked for 2 weeks and roughly 100 miles through the rocky mountains with my scouting troop!<\/p>\n<p>Through the Boy Scouts, I earned my Eagle Scout designation, which is one of my proudest achievements.<\/p>\n<p>Scouting instilled valuable skills such as leadership and service that I will carry with me for the rest of my life.<\/p>\n<h4>Winner #2: <strong>Madeline Banks<\/strong><\/h4>\n<ul>\n<li>Orlando, FL<\/li>\n<li>University of Florida<\/li>\n<\/ul>\n<p><img class=\"alignnone size-full wp-image-17831\" src=\"https:\/\/springslawgroup.com\/wp-content\/uploads\/2023\/09\/Madeline-Banks.jpg\" alt=\"\" width=\"500\" height=\"500\"><\/p>\n<p>My name is Madeline Banks, and I am from Orlando, Florida.<\/p>\n<p>I will be going to the University of Florida in the fall to double major in biology and psychology with a specialization in cognitive and behavioral neuroscience on a pre-med track.<\/p>\n<p>I will use the scholarship money to help pay for textbooks during my first year of college.<\/p>","_litigation_video_url_new":"","add_button":""},"_header_sub_header_content_new":null,"_litigation_frequently_asked_questions_new":null,"lawsuit_updates":null,"_litigation_related_posts_relation":null,"acf-references":""},"_links":{"self":[{"href":"https:\/\/springslawgroup.com\/es\/wp-json\/wp\/v2\/pages\/16334","targetHints":{"allow":["GET"]}}],"collection":[{"href":"https:\/\/springslawgroup.com\/es\/wp-json\/wp\/v2\/pages"}],"about":[{"href":"https:\/\/springslawgroup.com\/es\/wp-json\/wp\/v2\/types\/page"}],"author":[{"embeddable":true,"href":"https:\/\/springslawgroup.com\/es\/wp-json\/wp\/v2\/users\/26"}],"replies":[{"embeddable":true,"href":"https:\/\/springslawgroup.com\/es\/wp-json\/wp\/v2\/comments?post=16334"}],"version-history":[{"count":5,"href":"https:\/\/springslawgroup.com\/es\/wp-json\/wp\/v2\/pages\/16334\/revisions"}],"predecessor-version":[{"id":31202,"href":"https:\/\/springslawgroup.com\/es\/wp-json\/wp\/v2\/pages\/16334\/revisions\/31202"}],"wp:attachment":[{"href":"https:\/\/springslawgroup.com\/es\/wp-json\/wp\/v2\/media?parent=16334"}],"wp:term":[{"taxonomy":"category","embeddable":true,"href":"https:\/\/springslawgroup.com\/es\/wp-json\/wp\/v2\/categories?post=16334"},{"taxonomy":"post_tag","embeddable":true,"href":"https:\/\/springslawgroup.com\/es\/wp-json\/wp\/v2\/tags?post=16334"}],"curies":[{"name":"wp","href":"https:\/\/api.w.org\/{rel}","templated":true}]}}