{"id":16332,"date":"2020-07-24T14:30:03","date_gmt":"2020-07-24T21:30:03","guid":{"rendered":"https:\/\/springs.flywheelstaging.com\/castle-rock-abogado-de-accidente-de-coche\/"},"modified":"2023-11-28T21:12:34","modified_gmt":"2023-11-29T04:12:34","slug":"castle-rock-abogado-de-accidente-de-coche","status":"publish","type":"page","link":"https:\/\/springslawgroup.com\/es\/castle-rock-lesiones-personales\/castle-rock-abogado-de-accidente-de-coche\/","title":{"rendered":"Abogado especializado en accidentes automovil\u00edsticos de Castle Rock"},"content":{"rendered":"<p>Las secuelas de un accidente automovil\u00edstico pueden ser estresantes y abrumadoras si las gestionas sin ayuda. Incluso cuando la gente sale de un accidente automovil\u00edstico con da\u00f1os leves en sus veh\u00edculos, lidiar con presupuestos de reparaci\u00f3n y reclamos al seguro sigue siendo una molestia. En el desafortunado caso de que se involucre en un accidente automovil\u00edstico que le cause graves lesiones corporales, es posible que tambi\u00e9n se enfrente a una dif\u00edcil recuperaci\u00f3n f\u00edsica y emocional.<\/p>\r\n<p>Si cree que un conductor negligente fue responsable de su accidente, puede tener derecho a una indemnizaci\u00f3n econ\u00f3mica por las lesiones sufridas. Un abogado especializado en accidentes automovil\u00edsticos de Castle Rock de nuestro equipo podr\u00eda reunirse con usted, escuchar con atenci\u00f3n su relato y aconsejarle si debe presentar una demanda por lesiones personales contra el otro conductor o no. Adem\u00e1s, nuestros <a href=\"https:\/\/springslawgroup.com\/es\/castle-rock-lesiones-personales\/\">abogados expertos en lesiones personales<\/a> podr\u00edan gestionar cualquier obst\u00e1culo legal mientras usted se concentra en su recuperaci\u00f3n legal.<\/p>\r\n<h2>Tipos comunes de accidentes automovil\u00edsticos en Castle Rock<\/h2>\r\n<p>Cada a\u00f1o, se producen muchos tipos diferentes de accidentes automovil\u00edsticos. Los siguientes tipos de colisiones se encuentran entre los m\u00e1s vistos:<\/p>\r\n<ul>\r\n<li>Choques traseros<\/li>\r\n<li>Colisiones frontales<\/li>\r\n<li>Accidentes de impacto lateral<\/li>\r\n<li>Colisiones en aparcamientos<\/li>\r\n<li>Accidentes de peatones, motocicletas o bicicletas<\/li>\r\n<li>Accidentes relacionados con el clima<\/li>\r\n<\/ul>\r\n<p>Nuestros abogados locales tienen experiencia con todos los diferentes tipos de accidentes automovil\u00edsticos y, por lo tanto, podr\u00edan desarrollar la estrategia legal que mejor se adapte a un caso particular. Entendemos tanto el proceso de reclamo de seguros como el procedimiento legal estatal. Como resultado, sabemos c\u00f3mo negociar acuerdos favorables con las compa\u00f1\u00edas de seguros.<\/p>\r\n<h2>Causas comunes de los accidentes automovil\u00edsticos<\/h2>\r\n<p>Los accidentes automovil\u00edsticos pueden ocurrir por muchas razones diferentes. Aun as\u00ed, la mayor\u00eda de las veces, el error del conductor no es la causa de colisiones graves con resultado de lesiones. Algunas conductas negligentes que pueden justificar una demanda civil tras un accidente de tr\u00e1fico son las siguientes:<\/p>\r\n<ul>\r\n<li>Conducci\u00f3n distra\u00edda, como enviar mensajes de texto al volante.<\/li>\r\n<li>Conducir un veh\u00edculo de motor bajo los efectos de las drogas o el alcohol.<\/li>\r\n<li>No respetar el derecho de paso y otras normas de tr\u00e1fico.<\/li>\r\n<li>Exceso de velocidad u otras formas de conducci\u00f3n imprudente.<\/li>\r\n<\/ul>\r\n<p>Nuestros abogados en Castle Rock podr\u00edan trabajar fervientemente para determinar la causa exacta de un accidente automovil\u00edstico y crear una estrategia legal eficaz. Podr\u00edamos visitar el lugar del accidente, tomar fotograf\u00edas y entrevistar a testigos para averiguar qu\u00e9 ocurri\u00f3 exactamente. Nuestros abogados tambi\u00e9n podr\u00edan revisar los informes policiales, las grabaciones de las c\u00e1maras de tr\u00e1fico, los historiales m\u00e9dicos y citar los registros del tel\u00e9fono m\u00f3vil del conductor o los resultados de las pruebas de alcoholemia si es necesario. Una vez que determinemos la causa del accidente, podr\u00edamos trabajar para identificar a todas las posibles partes responsables de quienes obtener una compensaci\u00f3n econ\u00f3mica.<\/p>\r\n<h2>Plazo para presentar una demanda por accidente automovil\u00edstico<\/h2>\r\n<p>Es esencial ponerse en contacto con un abogado cualificado lo antes posible tras un accidente automovil\u00edstico para asegurarse de que todas las pruebas siguen disponibles y viables. Adem\u00e1s, los demandantes no disponen de tiempo ilimitado para presentar una demanda. En Colorado, las personas lesionadas en un accidente automovil\u00edstico, por lo general, tienen tres a\u00f1os a partir de la fecha del accidente para presentar una demanda por lesiones personales, como se indica en los Estatutos Revisados de Colorado \u00a7 13-80-101. En caso de fallecimiento como consecuencia de un accidente automovil\u00edstico, la ley estatal exige que los familiares supervivientes presenten una demanda por homicidio culposo, generalmente, en un plazo de dos a\u00f1os desde la fecha del fallecimiento.<\/p>\r\n<h2>Hable con un abogado especializado en accidentes automovil\u00edsticos de Castle Rock hoy<\/h2>\r\n<p>Como abogados especializados en accidentes automovil\u00edsticos de Castle Rock, entendemos lo dif\u00edcil que puede ser el proceso de recuperaci\u00f3n f\u00edsica y emocional, por lo que queremos facilitar el aspecto legal de su recuperaci\u00f3n. Desde que se recogen las pruebas hasta el trato con los proveedores de seguros, podemos ayudarle en todo el proceso legal. P\u00f3ngase en contacto con un representante legal experto hoy para ver si usted es apto para obtener una indemnizaci\u00f3n por las lesiones que sufri\u00f3 en un accidente.<\/p>\r\n\r\n<p>&nbsp;<\/p>\r\n","protected":false},"excerpt":{"rendered":"<p>Las secuelas de un accidente automovil\u00edstico pueden ser estresantes y abrumadoras si las gestionas sin ayuda. Incluso cuando la gente&nbsp;<a class=\"moretag\" href=\"https:\/\/springslawgroup.com\/es\/castle-rock-lesiones-personales\/castle-rock-abogado-de-accidente-de-coche\/\"> Read More&#8230;<\/a><\/p>\n","protected":false},"author":32,"featured_media":0,"parent":16335,"menu_order":0,"comment_status":"closed","ping_status":"closed","template":"landingpage.php","meta":{"_acf_changed":false,"inline_featured_image":false,"footnotes":""},"categories":[],"tags":[],"class_list":["post-16332","page","type-page","status-publish","hentry"],"acf":{"key_takeaways":null,"_litigation_personal_injury_contents_new":{"_litigation_personal_injury_title_new":"","_litigation_personal_injury_discription_new":"","_litigation_personal_injury_discription_new_copy":"","_litigation_video_url_new":"","add_button":false},"_header_sub_header_content_new":null,"_litigation_frequently_asked_questions_new":null,"lawsuit_updates":null,"_litigation_related_posts_relation":null,"acf-references":""},"_links":{"self":[{"href":"https:\/\/springslawgroup.com\/es\/wp-json\/wp\/v2\/pages\/16332","targetHints":{"allow":["GET"]}}],"collection":[{"href":"https:\/\/springslawgroup.com\/es\/wp-json\/wp\/v2\/pages"}],"about":[{"href":"https:\/\/springslawgroup.com\/es\/wp-json\/wp\/v2\/types\/page"}],"author":[{"embeddable":true,"href":"https:\/\/springslawgroup.com\/es\/wp-json\/wp\/v2\/users\/32"}],"replies":[{"embeddable":true,"href":"https:\/\/springslawgroup.com\/es\/wp-json\/wp\/v2\/comments?post=16332"}],"version-history":[{"count":11,"href":"https:\/\/springslawgroup.com\/es\/wp-json\/wp\/v2\/pages\/16332\/revisions"}],"predecessor-version":[{"id":19444,"href":"https:\/\/springslawgroup.com\/es\/wp-json\/wp\/v2\/pages\/16332\/revisions\/19444"}],"up":[{"embeddable":true,"href":"https:\/\/springslawgroup.com\/es\/wp-json\/wp\/v2\/pages\/16335"}],"wp:attachment":[{"href":"https:\/\/springslawgroup.com\/es\/wp-json\/wp\/v2\/media?parent=16332"}],"wp:term":[{"taxonomy":"category","embeddable":true,"href":"https:\/\/springslawgroup.com\/es\/wp-json\/wp\/v2\/categories?post=16332"},{"taxonomy":"post_tag","embeddable":true,"href":"https:\/\/springslawgroup.com\/es\/wp-json\/wp\/v2\/tags?post=16332"}],"curies":[{"name":"wp","href":"https:\/\/api.w.org\/{rel}","templated":true}]}}