{"id":16331,"date":"2020-10-23T15:46:24","date_gmt":"2020-10-23T22:46:24","guid":{"rendered":"https:\/\/springs.flywheelstaging.com\/castle-rock-accidentes-de-coche-causados-por-mensajes-de-texto-y-la-conduccion\/"},"modified":"2023-10-20T14:04:52","modified_gmt":"2023-10-20T21:04:52","slug":"castle-rock-accidentes-de-coche-causados-por-mensajes-de-texto-y-la-conduccion","status":"publish","type":"page","link":"https:\/\/springslawgroup.com\/es\/castle-rock-lesiones-personales\/castle-rock-abogado-de-accidente-de-coche\/castle-rock-accidentes-de-coche-causados-por-mensajes-de-texto-y-la-conduccion\/","title":{"rendered":"Castle Rock Accidentes De Coche Causados Por Mensajes De Texto y Conducci\u00f3n"},"content":{"rendered":"<p>Enviar mensajes de texto mientras se conduce puede no parecer un riesgo importante para la seguridad de algunas personas. Al fin y al cabo, la mayor\u00eda de la gente puede leer o responder a un texto en cuesti\u00f3n de segundos. Sin embargo, esos segundos pueden derivar r\u00e1pidamente en un devastador accidente de tr\u00e1fico en las circunstancias equivocadas.<\/p>\n<p>Cuando un conductor que env\u00eda mensajes de texto provoca un accidente, cualquier persona que resulte herida por ello puede presentar un reclamo legal contra \u00e9l. Un abogado experto en accidentes de tr\u00e1fico podr\u00eda evaluar estos reclamos y asesorar al perjudicado sobre sus derechos legales.<\/p>\n<p>Aunque un conductor que env\u00eda mensajes de texto puede provocar un accidente, no siempre es f\u00e1cil demostrar la culpa. Por lo tanto, si usted estuvo en un accidente automovil\u00edstico en Castle Rock causado por enviar mensajes de texto y conducir, un <a href=\"https:\/\/springslawgroup.com\/es\/castle-rock-lesiones-personales\/castle-rock-abogado-de-accidente-de-coche\/\">abogado<\/a> local podr\u00eda ayudarle a construir un caso fuerte y prevalecer en el juicio contra el conductor negligente.<\/p>\n<h2>Leyes Sobre Mensajear Mientras Se Conduce En Castle Rock<\/h2>\n<p>En Castle Rock, las regulaciones sobre los mensajes de texto mientras se conduce caen bajo <a href=\"https:\/\/advance.lexis.com\/api\/document\/collection\/statutes-legislation\/id\/5X45-0DJ1-DYV0-G02D-00008-00?cite=C.R.S.%2042-4-239&amp;context=1000516\" target=\"_blank\" rel=\"noopener\">Colorado Revised Statute \u00a742-4-239<\/a>. Esta ley proh\u00edbe a los conductores enviar mensajes de texto al volante. Sin embargo, hay algunas excepciones importantes a esta regla. Un automovilista puede utilizar un tel\u00e9fono m\u00f3vil mientras conduce durante el transcurso de una emergencia o para ponerse en contacto con cualquier entidad de seguridad p\u00fablica.<\/p>\n<p>Estas normas pueden tener repercusiones en algo m\u00e1s que el historial de conducci\u00f3n de un automovilista. Si un conductor es condenado por enviar mensajes de texto mientras conduce en el momento de un accidente de veh\u00edculo, un abogado de Castle Rock podr\u00eda utilizar esa condena como prueba de negligencia en una demanda civil.<\/p>\n<h2>Demostrando Negligencia en un Caso de Mensajes de Texto y Conducci\u00f3n<\/h2>\n<p>Para probar la negligencia en el juicio, no es suficiente para un abogado de Castle Rock simplemente alegar que el acusado caus\u00f3 el accidente de coche porque estaban enviando mensajes de texto y conduciendo. Demostrar negligencia requiere algo m\u00e1s que alegaciones; requiere pruebas de algunos factores espec\u00edficos. Entre ellas se encuentran:<\/p>\n<ul>\n<li>Deber de diligencia para con el demandante<\/li>\n<li>Incumplimiento de dicha obligaci\u00f3n por la demandada<\/li>\n<li>Las lesiones derivadas de esa infracci\u00f3n<\/li>\n<li>Da\u00f1os indemnizables<\/li>\n<\/ul>\n<p>Todo automovilista tiene el deber de conducir con seguridad. El acto de enviar mensajes de texto mientras se conduce es un incumplimiento de ese deber. Algunas formas de evidencia que podr\u00edan establecer que un conductor estaba enviando mensajes de texto en el momento de un accidente pueden incluir el testimonio de testigos oculares o una admisi\u00f3n por parte del conductor. Aunque estas pruebas pueden influir en un jurado, los registros telef\u00f3nicos de la parte culpable son a menudo la prueba m\u00e1s poderosa disponible.<\/p>\n<p>Estos registros pueden mostrar la hora exacta en que una persona utiliz\u00f3 su tel\u00e9fono. Si estos tiempos coinciden con el momento del accidente, esto podr\u00eda demostrar que un acusado estaba enviando mensajes de texto y, por tanto, viol\u00f3 su obligaci\u00f3n legal de conducir con seguridad.<\/p>\n<h2>Hable con un abogado de Castle Rock para obtener m\u00e1s informaci\u00f3n acerca de los accidentes de coche causados por mensajes de texto y la conducci\u00f3n<\/h2>\n<p>Enviar mensajes de texto mientras se conduce es una actividad peligrosa que pone en peligro a otras personas. Si usted estuvo en un accidente de coche en Castle Rock causado por enviar mensajes de texto y conducir, usted podr\u00eda tener una fuerte demanda legal contra el automovilista descuidado.<\/p>\n<p>Un abogado puede ayudarle en todo el proceso de reclamo, desde la negociaci\u00f3n de un acuerdo hasta la presentaci\u00f3n de una demanda. Para iniciar el proceso de litigio, programe su consulta hoy mismo.<\/p>\n","protected":false},"excerpt":{"rendered":"<p>Enviar mensajes de texto mientras se conduce puede no parecer un riesgo importante para la seguridad de algunas personas. Al&nbsp;<a class=\"moretag\" href=\"https:\/\/springslawgroup.com\/es\/castle-rock-lesiones-personales\/castle-rock-abogado-de-accidente-de-coche\/castle-rock-accidentes-de-coche-causados-por-mensajes-de-texto-y-la-conduccion\/\"> Read More&#8230;<\/a><\/p>\n","protected":false},"author":26,"featured_media":0,"parent":16332,"menu_order":0,"comment_status":"closed","ping_status":"closed","template":"landingpage.php","meta":{"_acf_changed":false,"inline_featured_image":false,"footnotes":""},"categories":[],"tags":[],"class_list":["post-16331","page","type-page","status-publish","hentry"],"acf":{"key_takeaways":null,"_litigation_personal_injury_contents_new":{"_litigation_personal_injury_title_new":"","_litigation_personal_injury_discription_new":"","_litigation_personal_injury_discription_new_copy":"","_litigation_video_url_new":"","add_button":false},"_header_sub_header_content_new":null,"_litigation_frequently_asked_questions_new":null,"lawsuit_updates":null,"_litigation_related_posts_relation":null,"acf-references":""},"_links":{"self":[{"href":"https:\/\/springslawgroup.com\/es\/wp-json\/wp\/v2\/pages\/16331","targetHints":{"allow":["GET"]}}],"collection":[{"href":"https:\/\/springslawgroup.com\/es\/wp-json\/wp\/v2\/pages"}],"about":[{"href":"https:\/\/springslawgroup.com\/es\/wp-json\/wp\/v2\/types\/page"}],"author":[{"embeddable":true,"href":"https:\/\/springslawgroup.com\/es\/wp-json\/wp\/v2\/users\/26"}],"replies":[{"embeddable":true,"href":"https:\/\/springslawgroup.com\/es\/wp-json\/wp\/v2\/comments?post=16331"}],"version-history":[{"count":3,"href":"https:\/\/springslawgroup.com\/es\/wp-json\/wp\/v2\/pages\/16331\/revisions"}],"predecessor-version":[{"id":18033,"href":"https:\/\/springslawgroup.com\/es\/wp-json\/wp\/v2\/pages\/16331\/revisions\/18033"}],"up":[{"embeddable":true,"href":"https:\/\/springslawgroup.com\/es\/wp-json\/wp\/v2\/pages\/16332"}],"wp:attachment":[{"href":"https:\/\/springslawgroup.com\/es\/wp-json\/wp\/v2\/media?parent=16331"}],"wp:term":[{"taxonomy":"category","embeddable":true,"href":"https:\/\/springslawgroup.com\/es\/wp-json\/wp\/v2\/categories?post=16331"},{"taxonomy":"post_tag","embeddable":true,"href":"https:\/\/springslawgroup.com\/es\/wp-json\/wp\/v2\/tags?post=16331"}],"curies":[{"name":"wp","href":"https:\/\/api.w.org\/{rel}","templated":true}]}}