{"id":16330,"date":"2020-10-27T13:45:13","date_gmt":"2020-10-27T20:45:13","guid":{"rendered":"https:\/\/springs.flywheelstaging.com\/castle-rock-atropello-y-fuga-accidentes\/"},"modified":"2023-09-01T07:11:06","modified_gmt":"2023-09-01T14:11:06","slug":"castle-rock-atropello-y-fuga-accidentes","status":"publish","type":"page","link":"https:\/\/springslawgroup.com\/es\/castle-rock-lesiones-personales\/castle-rock-abogado-de-accidente-de-coche\/castle-rock-atropello-y-fuga-accidentes\/","title":{"rendered":"Accidentes de choque y fuga en Castle Rock"},"content":{"rendered":"<p>En la mayor\u00eda de los casos, tras una colisi\u00f3n de veh\u00edculos, la parte responsable deber\u00e1 responder econ\u00f3micamente por los da\u00f1os resultantes de su negligencia. Sin embargo, en un caso de choque y fuga, es frecuente que la parte responsable no se encuentre en el lugar, lo que hace que la restituci\u00f3n legal sea m\u00e1s dif\u00edcil.<\/p>\n<p>En Castle Rock, los accidentes de choque y fuga deben gestionarse por un <a href=\"https:\/\/springslawgroup.com\/es\/castle-rock-lesiones-personales\/castle-rock-abogado-de-accidente-de-coche\/\">abogado<\/a> especializado en lesiones con experiencia. Un dedicado profesional del Derecho podr\u00eda garantizarle una indemnizaci\u00f3n adecuada por sus p\u00e9rdidas, incluso si el demandado se dio a la fuga.<\/p>\n<h2>Aspectos singulares de accidentes por choque y fuga<\/h2>\n<p>Un automovilista puede huir del lugar del accidente si conduc\u00eda en estado de ebriedad o si no tiene seguro del veh\u00edculo. Tambi\u00e9n puede abandonar el lugar de la colisi\u00f3n si ya tiene una orden de detenci\u00f3n en su contra y teme ser detenido.<\/p>\n<p>Sin embargo, en Castle Rock, es un delito abandonar la escena de un accidente. Un delito menor de choque y fuga puede incluir 10 d\u00edas o m\u00e1s de c\u00e1rcel, una multa y la p\u00e9rdida de su licencia de conducir de Colorado. Adem\u00e1s, es dif\u00edcil recabar la informaci\u00f3n de la parte culpable, en especial de su seguro, que ser\u00eda necesario para ayudar a indemnizar a la parte perjudicada.<\/p>\n<h2>\u00bfQu\u00e9 debe hacer una persona tras verse implicada en un choque con fuga?<\/h2>\n<p>Tras ser atropellada por un motorista que se da a la fuga, lo primero que debe hacer la parte lesionada es ponerse en contacto con la polic\u00eda para que pueda hacer un informe del accidente. Este informe detallar\u00e1 lo ocurrido y podr\u00e1 utilizarse como prueba en una demanda posterior.<\/p>\n<p>A continuaci\u00f3n, es importante que tomen fotos del lugar de la colisi\u00f3n y hablen con los testigos, si los hay. El informe policial tambi\u00e9n recoger\u00e1 las declaraciones de los testigos y tomar\u00e1 nota de los da\u00f1os sufridos por el veh\u00edculo. Tambi\u00e9n es vital recibir tratamiento m\u00e9dico en un centro de urgencias inmediatamente despu\u00e9s de un accidente.<\/p>\n<p>Por \u00faltimo, una persona lesionada en un accidente por choque y fuga debe contactar a un estudio de abogados local especializado en lesiones para que puedan hablar de sus lesiones y su caso con ellos. Un abogado compasivo de Castle Rock podr\u00eda ayudarles a buscar una compensaci\u00f3n justa por los da\u00f1os sufridos.<\/p>\n<h2>Ventajas de un abogado local<\/h2>\n<p>Un abogado bien informado y con experiencia en el \u00e1rea de Castle Rock puede revisar el seguro de la parte lesionada para ver si tienen una cobertura contra motorista sin seguro o con seguro insuficiente. Esto es importante en un caso de choque y fuga porque la cobertura de motorista sin seguro, o cobertura UM, ayudar\u00e1 a asegurarse de que la parte lesionada reciba una indemnizaci\u00f3n por sus lesiones.<\/p>\n<p>Adem\u00e1s, un abogado local podr\u00eda ayudar a investigar la escena del accidente y revisar el informe policial para ver si hay alguna forma de encontrar al conductor que se dio a la fuga.<\/p>\n<p>Si se encuentra al conductor fugitivo, la parte perjudicada puede reclamar da\u00f1os econ\u00f3micos y no econ\u00f3micos a la parte responsable. Esto incluye el pago de las facturas m\u00e9dicas, los salarios perdidos y el dolor y el sufrimiento. Sin embargo, estas p\u00e9rdidas tambi\u00e9n podr\u00edan recuperarse a trav\u00e9s de la cobertura UM de la parte lesionada si la otra persona no puede encontrarse en el caso de choque y fuga.<\/p>\n<h2>Inf\u00f3rmese sobre accidentes de choque y fuga con un abogado de Castle Rock<\/h2>\n<p>Por suerte, las personas heridas en Castle Rock por accidentes de choque y fuga a\u00fan tienen opciones viables para el recurso financiero. Sin embargo, esto puede facilitarse con la ayuda de un profesional jur\u00eddico cualificado. Si usted se lesion\u00f3 en una colisi\u00f3n de auto donde el otro conductor huy\u00f3 de la escena, puede hablar con nuestro equipo dedicado y conocer sus opciones legales. Llame hoy mismo y programe su consulta inicial.<\/p>\n","protected":false},"excerpt":{"rendered":"<p>En la mayor\u00eda de los casos, tras una colisi\u00f3n de veh\u00edculos, la parte responsable deber\u00e1 responder econ\u00f3micamente por los da\u00f1os&nbsp;<a class=\"moretag\" href=\"https:\/\/springslawgroup.com\/es\/castle-rock-lesiones-personales\/castle-rock-abogado-de-accidente-de-coche\/castle-rock-atropello-y-fuga-accidentes\/\"> Read More&#8230;<\/a><\/p>\n","protected":false},"author":26,"featured_media":0,"parent":16332,"menu_order":0,"comment_status":"closed","ping_status":"closed","template":"landingpage.php","meta":{"_acf_changed":false,"inline_featured_image":false,"footnotes":""},"categories":[],"tags":[],"class_list":["post-16330","page","type-page","status-publish","hentry"],"acf":{"key_takeaways":null,"_litigation_personal_injury_contents_new":{"_litigation_personal_injury_title_new":"","_litigation_personal_injury_discription_new":"","_litigation_personal_injury_discription_new_copy":"","_litigation_video_url_new":"","add_button":false},"_header_sub_header_content_new":null,"_litigation_frequently_asked_questions_new":null,"lawsuit_updates":null,"_litigation_related_posts_relation":null,"acf-references":""},"_links":{"self":[{"href":"https:\/\/springslawgroup.com\/es\/wp-json\/wp\/v2\/pages\/16330","targetHints":{"allow":["GET"]}}],"collection":[{"href":"https:\/\/springslawgroup.com\/es\/wp-json\/wp\/v2\/pages"}],"about":[{"href":"https:\/\/springslawgroup.com\/es\/wp-json\/wp\/v2\/types\/page"}],"author":[{"embeddable":true,"href":"https:\/\/springslawgroup.com\/es\/wp-json\/wp\/v2\/users\/26"}],"replies":[{"embeddable":true,"href":"https:\/\/springslawgroup.com\/es\/wp-json\/wp\/v2\/comments?post=16330"}],"version-history":[{"count":2,"href":"https:\/\/springslawgroup.com\/es\/wp-json\/wp\/v2\/pages\/16330\/revisions"}],"predecessor-version":[{"id":17082,"href":"https:\/\/springslawgroup.com\/es\/wp-json\/wp\/v2\/pages\/16330\/revisions\/17082"}],"up":[{"embeddable":true,"href":"https:\/\/springslawgroup.com\/es\/wp-json\/wp\/v2\/pages\/16332"}],"wp:attachment":[{"href":"https:\/\/springslawgroup.com\/es\/wp-json\/wp\/v2\/media?parent=16330"}],"wp:term":[{"taxonomy":"category","embeddable":true,"href":"https:\/\/springslawgroup.com\/es\/wp-json\/wp\/v2\/categories?post=16330"},{"taxonomy":"post_tag","embeddable":true,"href":"https:\/\/springslawgroup.com\/es\/wp-json\/wp\/v2\/tags?post=16330"}],"curies":[{"name":"wp","href":"https:\/\/api.w.org\/{rel}","templated":true}]}}