{"id":16329,"date":"2020-08-05T14:19:34","date_gmt":"2020-08-05T21:19:34","guid":{"rendered":"https:\/\/springs.flywheelstaging.com\/castle-rock-abogado-de-accidente-de-bicicleta\/"},"modified":"2023-09-01T07:10:15","modified_gmt":"2023-09-01T14:10:15","slug":"castle-rock-abogado-de-accidente-de-bicicleta","status":"publish","type":"page","link":"https:\/\/springslawgroup.com\/es\/castle-rock-lesiones-personales\/castle-rock-abogado-de-accidente-de-bicicleta\/","title":{"rendered":"Abogados especializados en accidentes de bicicleta de Castle Rock"},"content":{"rendered":"<p>Colorado es un estado a favor de las bicicletas, con numerosos caminos y senderos. En consecuencia, muchos habitantes de la zona usan bicicletas para ir al trabajo o por diversi\u00f3n. Por desgracia, con tantos ciclistas en la carretera, pueden producirse accidentes.<\/p>\n<p>Tras un accidente de bicicleta, es posible que se enfrente a una larga batalla cuesta arriba en su camino hacia la recuperaci\u00f3n. Un acuerdo econ\u00f3mico de la parte culpable que le caus\u00f3 los da\u00f1os puede ser una gran ayuda. Aun as\u00ed, el proceso para obtener esta indemnizaci\u00f3n puede ser complejo. Por lo tanto, usted debe trabajar con un <a href=\"https:\/\/springslawgroup.com\/es\/castle-rock-lesiones-personales\/\">abogado especialista en lesiones personales<\/a> que pueda ayudarle en este proceso. Un abogado especializado en accidentes de bicicleta de Castle Rock con experiencia en este tipo de casos podr\u00eda ayudarle a superar este momento dif\u00edcil.<\/p>\n<h2>\u00bfQu\u00e9 tipo de lesiones pueden producirse tras un accidente de bicicleta?<\/h2>\n<p>A pesar del elevado volumen de bicicletas que circulan por las carreteras, el Estado no obliga a los ciclistas a llevar casco. En consecuencia, los traumatismos craneoencef\u00e1licos, que incluyen lesiones cerebrales traum\u00e1ticas graves, corren un mayor riesgo de producirse en este tipo de colisiones. Adem\u00e1s de lesiones en la cabeza, los ciclistas pueden sufrir fracturas, dislocaciones de huesos, lesiones medulares, lesiones internas, laceraciones y erupciones en la carretera. Nuestros experimentados abogados locales podr\u00edan revisar los registros m\u00e9dicos de la parte lesionada para asegurarse de que la demanda por indemnizaci\u00f3n sea la adecuada para cubrir el tratamiento de todas las lesiones que sufrieron en su accidente de bicicleta.<\/p>\n<h2>Razones comunes por las que accidentes de bicicleta se producen en Castle Rock<\/h2>\n<p>Los accidentes de bicicleta suelen producirse cuando hay tr\u00e1fico en el que participan varios coches y ciclistas. Seg\u00fan las causas de un accidente de bicicleta, un abogado en Castle Rock podr\u00eda determinar qui\u00e9n tiene la culpa y c\u00f3mo construir un caso.<\/p>\n<h3>Intersecciones<\/h3>\n<p>A menudo, se producen accidentes en las intersecciones, sobre todo cuando las bicicletas o los autom\u00f3viles intentan girar a la izquierda. Para los conductores y los ciclistas puede resultar dif\u00edcil determinar qui\u00e9n tiene el derecho de paso en una intersecci\u00f3n. Adem\u00e1s, puede ser dif\u00edcil para los conductores ver a los ciclistas que circulan por ella. Si los conductores detectan a los ciclistas, pueden calcular mal la distancia entre su autom\u00f3vil y la bicicleta o subestimar la velocidad a la que circula el ciclista.<\/p>\n<h3>Colisiones por corte de paso<\/h3>\n<p>Cuando no hay carriles exclusivos para bicicletas, automovilistas y ciclistas deben compartir las carreteras, aunque sean estrechas. A veces, por descuido o distracci\u00f3n, los conductores le cortan el paso a los ciclistas y les obligan a salirse de la calzada.<\/p>\n<h3>Colisi\u00f3n por puerta abierta<\/h3>\n<p>Otro tipo com\u00fan de accidente de bicicleta se produce cuando los conductores o pasajeros de un autom\u00f3vil estacionado abren la puerta sin ver al ciclista que se aproxima. Ser golpeado por la puerta de un autom\u00f3vil puede causar que un ciclista caiga de su bicicleta al tr\u00e1fico y provocar lesiones graves.<\/p>\n<h2>\u00bfC\u00f3mo se asigna la culpa en un caso de accidente de bicicleta?<\/h2>\n<p>Colorado es un estado que sigue la negligencia comparativa modificada, lo que significa que los tribunales tienen en cuenta si las acciones del demandante contribuyeron al accidente cuando calculan la cuant\u00eda de los da\u00f1os a conceder. El demandado podr\u00eda reducir el pago de da\u00f1os y perjuicios si puede presentar pruebas que demuestren que el demandante tiene alguna responsabilidad en el accidente o en la gravedad de sus lesiones. Por ejemplo, un demandado podr\u00eda tener que pagar una indemnizaci\u00f3n menor si puede demostrar que el demandante no llevaba casco, lo que le caus\u00f3 graves lesiones en la cabeza. Un abogado de la zona podr\u00eda explicar c\u00f3mo los tribunales estatales conceden indemnizaciones y ayudar al demandante a presentar su caso de accidente de bicicleta.<\/p>\n<h2>Llame hoy y hable con un abogado especializado en accidentes de bicicleta de Castle Rock<\/h2>\n<p>Si sufri\u00f3 un grave accidente de bicicleta, no tiene por qu\u00e9 afrontar las secuelas por su cuenta. Nuestro equipo de abogados podr\u00eda investigar el accidente, mantenerle informado a lo largo de cada paso del proceso legal y asesorarle sobre sus opciones. P\u00f3ngase en contacto con un abogado especialista en accidentes de bicicleta de Castle Rock hoy y comience con su caso.<\/p>\n","protected":false},"excerpt":{"rendered":"<p>Colorado es un estado a favor de las bicicletas, con numerosos caminos y senderos. En consecuencia, muchos habitantes de la&nbsp;<a class=\"moretag\" href=\"https:\/\/springslawgroup.com\/es\/castle-rock-lesiones-personales\/castle-rock-abogado-de-accidente-de-bicicleta\/\"> Read More&#8230;<\/a><\/p>\n","protected":false},"author":26,"featured_media":0,"parent":16335,"menu_order":0,"comment_status":"closed","ping_status":"closed","template":"landingpage.php","meta":{"_acf_changed":false,"inline_featured_image":false,"footnotes":""},"categories":[],"tags":[],"class_list":["post-16329","page","type-page","status-publish","hentry"],"acf":{"key_takeaways":null,"_litigation_personal_injury_contents_new":{"_litigation_personal_injury_title_new":"","_litigation_personal_injury_discription_new":"","_litigation_personal_injury_discription_new_copy":"","_litigation_video_url_new":"","add_button":false},"_header_sub_header_content_new":null,"_litigation_frequently_asked_questions_new":null,"lawsuit_updates":null,"_litigation_related_posts_relation":null,"acf-references":""},"_links":{"self":[{"href":"https:\/\/springslawgroup.com\/es\/wp-json\/wp\/v2\/pages\/16329","targetHints":{"allow":["GET"]}}],"collection":[{"href":"https:\/\/springslawgroup.com\/es\/wp-json\/wp\/v2\/pages"}],"about":[{"href":"https:\/\/springslawgroup.com\/es\/wp-json\/wp\/v2\/types\/page"}],"author":[{"embeddable":true,"href":"https:\/\/springslawgroup.com\/es\/wp-json\/wp\/v2\/users\/26"}],"replies":[{"embeddable":true,"href":"https:\/\/springslawgroup.com\/es\/wp-json\/wp\/v2\/comments?post=16329"}],"version-history":[{"count":3,"href":"https:\/\/springslawgroup.com\/es\/wp-json\/wp\/v2\/pages\/16329\/revisions"}],"predecessor-version":[{"id":17211,"href":"https:\/\/springslawgroup.com\/es\/wp-json\/wp\/v2\/pages\/16329\/revisions\/17211"}],"up":[{"embeddable":true,"href":"https:\/\/springslawgroup.com\/es\/wp-json\/wp\/v2\/pages\/16335"}],"wp:attachment":[{"href":"https:\/\/springslawgroup.com\/es\/wp-json\/wp\/v2\/media?parent=16329"}],"wp:term":[{"taxonomy":"category","embeddable":true,"href":"https:\/\/springslawgroup.com\/es\/wp-json\/wp\/v2\/categories?post=16329"},{"taxonomy":"post_tag","embeddable":true,"href":"https:\/\/springslawgroup.com\/es\/wp-json\/wp\/v2\/tags?post=16329"}],"curies":[{"name":"wp","href":"https:\/\/api.w.org\/{rel}","templated":true}]}}