{"id":16328,"date":"2020-10-28T12:58:41","date_gmt":"2020-10-28T19:58:41","guid":{"rendered":"https:\/\/springs.flywheelstaging.com\/accidentes-por-no-ceder-el-paso-en-castle-rock\/"},"modified":"2023-10-20T14:04:41","modified_gmt":"2023-10-20T21:04:41","slug":"accidentes-por-no-ceder-el-paso-en-castle-rock","status":"publish","type":"page","link":"https:\/\/springslawgroup.com\/es\/castle-rock-lesiones-personales\/castle-rock-abogado-de-accidente-de-coche\/accidentes-por-no-ceder-el-paso-en-castle-rock\/","title":{"rendered":"Accidentes Por No Ceder El Paso En Castle Rock"},"content":{"rendered":"<p>Por desgracia, si un conductor no cede el paso al tr\u00e1fico que circula en sentido contrario, los da\u00f1os resultantes pueden ser devastadores. Los accidentes por no ceder el paso en Castle Rock a menudo resultan en lesiones catastr\u00f3ficas e incluso muertes.<\/p>\n<p>Si usted fue atropellado por otro conductor cuando ten\u00eda el derecho de paso, usted podr\u00eda ser elegible para una compensaci\u00f3n financiera. Por esta raz\u00f3n, deber\u00eda considerar la posibilidad de hablar con un <a href=\"https:\/\/springslawgroup.com\/es\/castle-rock-lesiones-personales\/castle-rock-abogado-de-accidente-de-coche\/\">abogado<\/a> local cualificado que pueda revisar su caso y ayudarle a decidir cu\u00e1l es la mejor manera de seguir adelante con su reclamo.<\/p>\n<h2>Definici\u00f3n De No Ceder El Paso Y Derecho De Paso<\/h2>\n<p>Castle Rock sigue la ley del estado de Colorado. De acuerdo con el Estatuto Revisado de Colorado 42-4-703, si un conductor se ve implicado en una colisi\u00f3n con un veh\u00edculo en la intersecci\u00f3n o cruce de carreteras despu\u00e9s de pasar por el lado de ceda el paso sin detenerse, dichas colisiones se considerar\u00e1n una prueba de que el conductor no ha cedido el derecho de paso.<\/p>\n<p>Adem\u00e1s, en ese mismo estatuto se establece que el conductor del veh\u00edculo que se aproxima a la se\u00f1al de ceda el paso en obediencia a dicha se\u00f1al deber\u00e1 reducir a una velocidad razonable para las condiciones existentes. Si es necesario para la seguridad de parar, un automovilista debe parar en una l\u00ednea de parada claramente marcada o antes de entrar en el paso de peatones en el lado cercano de la intersecci\u00f3n. El conductor tiene entonces una visi\u00f3n del tr\u00e1fico que se aproxima en una calzada de intersecci\u00f3n antes de entrar en ella, lo que constituye que tiene el derecho de paso.<\/p>\n<h2>Desaf\u00edos En Los Casos De Incumplimiento De La Obligaci\u00f3n De Ceder El Paso<\/h2>\n<p>A veces, un automovilista puede no ceder el paso debido a que los sem\u00e1foros o las se\u00f1ales de ceda el paso no funcionan o est\u00e1n mal colocadas. Esto puede dar lugar a que un motorista entre en una intersecci\u00f3n sin luz verde o intente girar a la izquierda sin ceder el paso al tr\u00e1fico que se aproxima. Adem\u00e1s, a veces la visi\u00f3n de un conductor puede quedar oscurecida o bloqueada por otros veh\u00edculos, arbustos o edificios, lo que hace que se cruce con el tr\u00e1fico que circula en sentido contrario.<\/p>\n<p>La mayor complicaci\u00f3n en estos casos van a ser los duelos entre ambas partes, porque las dos alegar\u00e1n que la otra caus\u00f3 la colisi\u00f3n. Por ejemplo, una de las partes puede alegar que el otro conductor se salt\u00f3 la se\u00f1al de ceda el paso sin detenerse o que el conductor que circulaba en sentido contrario iba a gran velocidad.<\/p>\n<p>Una forma eficaz en que un abogado local podr\u00eda investigar un caso de incumplimiento de ceder el paso es contratar lo que se llama un experto en reconstrucci\u00f3n de accidentes. Un experto en reconstrucci\u00f3n puede identificar cuestiones como la velocidad a la que conduc\u00eda cada persona en el accidente, la gravedad del choque, si el ceda el paso era el adecuado en funci\u00f3n de las condiciones del momento y los comportamientos de los conductores durante el accidente.<\/p>\n<h2>Determinaci\u00f3n De La Responsabilidad<\/h2>\n<p>Determinar la responsabilidad en un caso de ceda el paso implicar\u00e1 cuestiones de hecho, ya que la parte perjudicada y la parte culpable tendr\u00e1n opiniones diferentes sobre lo ocurrido. Dado que sus historias pueden competir entre s\u00ed, el tribunal tendr\u00e1 que examinar todos los hechos individuales y la credibilidad de los testigos que se presenten para determinar la responsabilidad.<\/p>\n<p>El papel de una compa\u00f1\u00eda de seguros es intentar negar cualquier indemnizaci\u00f3n al perjudicado. Lo que van a hacer es esforzarse por todos los medios en decir que el perjudicado tuvo la culpa, o al menos tiene alg\u00fan porcentaje de responsabilidad. Especialmente aqu\u00ed en Colorado, las aseguradoras declarar\u00edan que esa persona ten\u00eda al menos el 50% de responsabilidad, por lo que entonces nadie cobra. La defensa va a hacer todo lo posible para encontrar agujeros en la historia de la parte lesionada en ese caso de derecho de paso, por lo que es imperativo trabajar con un abogado en Castle Rock que podr\u00eda construir una fuerte demanda.<\/p>\n<h2>Trabaje Con Un Abogado De Castle Rock Despu\u00e9s De Un Accidente Por No Ceder El Paso<\/h2>\n<p>Trabajar con un equipo legal capacitado es muy \u00fatil despu\u00e9s de un accidente por no ceder el paso en Castle Rock, porque entonces usted tiene un equipo de personas de su lado para ayudarle. Ese grupo de profesionales dedicados podr\u00eda trabajar duro para ayudarle a construir un caso s\u00f3lido.<\/p>\n<p>Necesita un equipo que se comunique con usted en todo momento. Ya sea por correo electr\u00f3nico o por tel\u00e9fono, nuestro equipo puede informarle sobre cada paso del proceso, desde la obtenci\u00f3n de tratamiento m\u00e9dico, la presentaci\u00f3n de la demanda, la negociaci\u00f3n, hasta incluso la posibilidad de presentar un litigio e ir a juicio. Llame hoy mismo para empezar.<\/p>\n","protected":false},"excerpt":{"rendered":"<p>Por desgracia, si un conductor no cede el paso al tr\u00e1fico que circula en sentido contrario, los da\u00f1os resultantes pueden&nbsp;<a class=\"moretag\" href=\"https:\/\/springslawgroup.com\/es\/castle-rock-lesiones-personales\/castle-rock-abogado-de-accidente-de-coche\/accidentes-por-no-ceder-el-paso-en-castle-rock\/\"> Read More&#8230;<\/a><\/p>\n","protected":false},"author":26,"featured_media":0,"parent":16332,"menu_order":0,"comment_status":"closed","ping_status":"closed","template":"landingpage.php","meta":{"_acf_changed":false,"inline_featured_image":false,"footnotes":""},"categories":[],"tags":[],"class_list":["post-16328","page","type-page","status-publish","hentry"],"acf":{"key_takeaways":null,"_litigation_personal_injury_contents_new":{"_litigation_personal_injury_title_new":"","_litigation_personal_injury_discription_new":"","_litigation_personal_injury_discription_new_copy":"","_litigation_video_url_new":"","add_button":false},"_header_sub_header_content_new":null,"_litigation_frequently_asked_questions_new":null,"lawsuit_updates":null,"_litigation_related_posts_relation":null,"acf-references":""},"_links":{"self":[{"href":"https:\/\/springslawgroup.com\/es\/wp-json\/wp\/v2\/pages\/16328","targetHints":{"allow":["GET"]}}],"collection":[{"href":"https:\/\/springslawgroup.com\/es\/wp-json\/wp\/v2\/pages"}],"about":[{"href":"https:\/\/springslawgroup.com\/es\/wp-json\/wp\/v2\/types\/page"}],"author":[{"embeddable":true,"href":"https:\/\/springslawgroup.com\/es\/wp-json\/wp\/v2\/users\/26"}],"replies":[{"embeddable":true,"href":"https:\/\/springslawgroup.com\/es\/wp-json\/wp\/v2\/comments?post=16328"}],"version-history":[{"count":2,"href":"https:\/\/springslawgroup.com\/es\/wp-json\/wp\/v2\/pages\/16328\/revisions"}],"predecessor-version":[{"id":18030,"href":"https:\/\/springslawgroup.com\/es\/wp-json\/wp\/v2\/pages\/16328\/revisions\/18030"}],"up":[{"embeddable":true,"href":"https:\/\/springslawgroup.com\/es\/wp-json\/wp\/v2\/pages\/16332"}],"wp:attachment":[{"href":"https:\/\/springslawgroup.com\/es\/wp-json\/wp\/v2\/media?parent=16328"}],"wp:term":[{"taxonomy":"category","embeddable":true,"href":"https:\/\/springslawgroup.com\/es\/wp-json\/wp\/v2\/categories?post=16328"},{"taxonomy":"post_tag","embeddable":true,"href":"https:\/\/springslawgroup.com\/es\/wp-json\/wp\/v2\/tags?post=16328"}],"curies":[{"name":"wp","href":"https:\/\/api.w.org\/{rel}","templated":true}]}}