{"id":16327,"date":"2020-04-23T14:30:25","date_gmt":"2020-04-23T21:30:25","guid":{"rendered":"https:\/\/springs.flywheelstaging.com\/recogida-de-pruebas-en-casos-de-accidente-de-coche-de-colorado-springs\/"},"modified":"2023-09-01T07:13:25","modified_gmt":"2023-09-01T14:13:25","slug":"recogida-de-pruebas-en-casos-de-accidente-de-coche-de-colorado-springs","status":"publish","type":"page","link":"https:\/\/springslawgroup.com\/es\/colorado-springs-abogado-de-accidente-de-auto\/recogida-de-pruebas-en-casos-de-accidente-de-coche-de-colorado-springs\/","title":{"rendered":"Recopilaci\u00f3n de Pruebas en Casos de Accidentes de Coche en Colorado Springs"},"content":{"rendered":"<p>En un bufete de abogados de lesiones personales t\u00edpico, tanto los abogados como su personal hablar\u00e1n con usted sobre su caso, al tiempo que realizan una recopilaci\u00f3n b\u00e1sica de pruebas. Durante este proceso, un representante legal podr\u00eda obtener informaci\u00f3n como los nombres de las partes implicadas, sus compa\u00f1\u00edas de seguros y p\u00f3lizas espec\u00edficas, e informes policiales.<\/p>\n<p>Una vez que <a href=\"https:\/\/springslawgroup.com\/es\/colorado-springs-car-accident-lawyer-5\/\">un abogado de accidentes de coche<\/a> re\u00fane toda esta informaci\u00f3n, puede revisar la documentaci\u00f3n y determinar la mejor manera de apoyar un caso. Este proceso de recogida de pruebas es un componente crucial de cualquier caso de accidente de coche en Colorado Springs.<\/p>\n<h2>\u00bfQu\u00e9 Tipo De Pruebas Busca Un Abogado En Un Reclamo Por Accidente De Tr\u00e1fico?<\/h2>\n<p>En cualquier caso de accidente de coche, los abogados en Colorado Springs van a buscar pruebas que apoyen sus argumentos para el caso en cuesti\u00f3n. Por lo general, este argumento consiste en que el demandante ha sufrido lesiones por causas ajenas a su voluntad, y que la culpa es del demandado o de otra parte.<\/p>\n<p>Estas pruebas pueden consistir en una visita al lugar del accidente, el examen del atestado policial y una evaluaci\u00f3n de los historiales m\u00e9dicos que describan las lesiones relacionadas con el accidente, as\u00ed como las dolencias preexistentes. Algunas formas de prueba tambi\u00e9n pueden requerir que un abogado hable con expertos como m\u00e9dicos y otros profesionales de la medicina.<\/p>\n<h2>El Proceso Para Recopilar Pruebas En Los Casos De Colorado Springs<\/h2>\n<p>El proceso de recopilaci\u00f3n de pruebas es espec\u00edfico de cada caso, pero tambi\u00e9n es algo en lo que el abogado querr\u00e1 establecer una base con relativa rapidez. Por ejemplo, una vez que un lesionado empieza a recibir <a href=\"https:\/\/springslawgroup.com\/es\/colorado-springs-abogado-de-accidente-de-auto\/tratamiento-medico-despues-de-un-accidente-de-coche-en-colorado-springs\/\">tratamiento<\/a>, las principales pruebas que van a empezar a recopilar y utilizar son los historiales m\u00e9dicos y las facturas del tratamiento.<\/p>\n<p>Despu\u00e9s, pruebas como los informes m\u00e9dicos pueden ayudar a corroborar las conclusiones de los historiales m\u00e9dicos. Adem\u00e1s, una vez que el conductor lesionado presenta su demanda, un abogado debe revisar las respuestas de la parte contraria y sus objeciones. Al hacer esto, un abogado puede buscar pruebas que puedan servir para rebatir esas afirmaciones.<\/p>\n<h2>\u00bfCu\u00e1les Son Los Procedimientos Prejudiciales Tras La Obtenci\u00f3n De Pruebas En Un Caso De Accidente De Tr\u00e1fico?<\/h2>\n<p>Despu\u00e9s de que un abogado de Colorado Springs completa la recopilaci\u00f3n de pruebas para un caso de accidente de coche, hay algunos pasos que pueden tomar antes de presentar su caso ante el tribunal. Normalmente, se revisan las pruebas en s\u00ed y, a continuaci\u00f3n, un abogado puede guiar al demandante a trav\u00e9s de los distintos tipos de pruebas de su caso. Adem\u00e1s, un abogado puede llevar sus pruebas y realizar un simulacro de juicio con jurado y testimonio con el demandante.<\/p>\n<p>La mayor\u00eda de los tribunales tienen plazos para que las partes intercambien las pruebas que van a presentar ante el tribunal. Cada parte debe saber de antemano qu\u00e9 es lo que la otra parte va a presentar como prueba, aunque puede que no sepa cu\u00e1l es su teor\u00eda exacta o cu\u00e1l puede ser su argumento principal. De cualquier forma, despu\u00e9s de que se produzca ese proceso de descubrimiento, las partes pueden presentar objeciones para cualquier prueba y cualquier moci\u00f3n relacionada con esto.<\/p>\n<h2>Aprenda M\u00e1s Sobre La Recopilaci\u00f3n De Evidencia En Demandas Por Accidentes De Coche En Colorado Springs<\/h2>\n<p>La recopilaci\u00f3n de pruebas en los casos de accidente de coche en Colorado Springs var\u00eda dependiendo de la situaci\u00f3n, y como resultado, puede llegar a ser lento y tedioso. A menudo, dependiendo del volumen de informaci\u00f3n disponible para un caso, el proceso de obtenci\u00f3n de pruebas puede ser largo debido a la cantidad de documentos que recibir\u00e1 una parte.<\/p>\n<p>Adem\u00e1s, leer y comprender todas las pruebas puede ser extremadamente complicado, ya que muchos de los documentos est\u00e1n relacionados con cuestiones m\u00e9dicas. A la luz de todo esto, las pruebas generalmente necesitan ser le\u00eddas espec\u00edficamente, peinadas e interpretadas por un abogado experto en lesiones personales. Si necesita ayuda para preparar su reclamo, llame hoy mismo.<\/p>\n","protected":false},"excerpt":{"rendered":"<p>En un bufete de abogados de lesiones personales t\u00edpico, tanto los abogados como su personal hablar\u00e1n con usted sobre su&nbsp;<a class=\"moretag\" href=\"https:\/\/springslawgroup.com\/es\/colorado-springs-abogado-de-accidente-de-auto\/recogida-de-pruebas-en-casos-de-accidente-de-coche-de-colorado-springs\/\"> Read More&#8230;<\/a><\/p>\n","protected":false},"author":32,"featured_media":0,"parent":16694,"menu_order":0,"comment_status":"closed","ping_status":"closed","template":"landingpage.php","meta":{"_acf_changed":false,"inline_featured_image":false,"footnotes":""},"categories":[],"tags":[],"class_list":["post-16327","page","type-page","status-publish","hentry"],"acf":{"key_takeaways":null,"_litigation_personal_injury_contents_new":{"_litigation_personal_injury_title_new":"","_litigation_personal_injury_discription_new":"","_litigation_personal_injury_discription_new_copy":"","_litigation_video_url_new":"","add_button":false},"_header_sub_header_content_new":null,"_litigation_frequently_asked_questions_new":null,"lawsuit_updates":null,"_litigation_related_posts_relation":null,"acf-references":""},"_links":{"self":[{"href":"https:\/\/springslawgroup.com\/es\/wp-json\/wp\/v2\/pages\/16327","targetHints":{"allow":["GET"]}}],"collection":[{"href":"https:\/\/springslawgroup.com\/es\/wp-json\/wp\/v2\/pages"}],"about":[{"href":"https:\/\/springslawgroup.com\/es\/wp-json\/wp\/v2\/types\/page"}],"author":[{"embeddable":true,"href":"https:\/\/springslawgroup.com\/es\/wp-json\/wp\/v2\/users\/32"}],"replies":[{"embeddable":true,"href":"https:\/\/springslawgroup.com\/es\/wp-json\/wp\/v2\/comments?post=16327"}],"version-history":[{"count":2,"href":"https:\/\/springslawgroup.com\/es\/wp-json\/wp\/v2\/pages\/16327\/revisions"}],"predecessor-version":[{"id":17756,"href":"https:\/\/springslawgroup.com\/es\/wp-json\/wp\/v2\/pages\/16327\/revisions\/17756"}],"up":[{"embeddable":true,"href":"https:\/\/springslawgroup.com\/es\/wp-json\/wp\/v2\/pages\/16694"}],"wp:attachment":[{"href":"https:\/\/springslawgroup.com\/es\/wp-json\/wp\/v2\/media?parent=16327"}],"wp:term":[{"taxonomy":"category","embeddable":true,"href":"https:\/\/springslawgroup.com\/es\/wp-json\/wp\/v2\/categories?post=16327"},{"taxonomy":"post_tag","embeddable":true,"href":"https:\/\/springslawgroup.com\/es\/wp-json\/wp\/v2\/tags?post=16327"}],"curies":[{"name":"wp","href":"https:\/\/api.w.org\/{rel}","templated":true}]}}