{"id":16326,"date":"2020-08-10T15:37:41","date_gmt":"2020-08-10T22:37:41","guid":{"rendered":"https:\/\/springs.flywheelstaging.com\/abogado-de-accidente-de-ceder-el-paso-en-fort-carson\/"},"modified":"2023-09-01T07:09:37","modified_gmt":"2023-09-01T14:09:37","slug":"abogado-de-accidente-de-ceder-el-paso-en-fort-carson","status":"publish","type":"page","link":"https:\/\/springslawgroup.com\/es\/fort-carson-lesiones-personales\/fort-carson-abogado-de-accidente-de-coche\/abogado-de-accidente-de-ceder-el-paso-en-fort-carson\/","title":{"rendered":"Abogado especializado en accidentes por no ceder el paso de Fort Carson"},"content":{"rendered":"<p>Los conductores deben conocer las leyes sobre el derecho de paso, porque no respetar estas normas de circulaci\u00f3n podr\u00eda provocar un accidente grave. Si un automovilista negligente no cedi\u00f3 el paso correctamente, la parte lesionada puede ser capaz de hacerlos legalmente responsables de sus <a href=\"https:\/\/springslawgroup.com\/es\/fort-carson-lesiones-personales\/fort-carson-abogado-de-accidente-de-coche\/danos-recuperables-despues-de-un-accidente-de-coche-fort-carson\/\">da\u00f1os<\/a> con una demanda civil. Si usted estuvo involucrado en un accidente de esta naturaleza, debe ponerse en contacto con un abogado especializado en accidentes por no ceder el paso de Fort Carson. Uno de nuestros <a href=\"https:\/\/springslawgroup.com\/es\/fort-carson-lesiones-personales\/fort-carson-abogado-de-accidente-de-coche\/\">abogados expertos en accidentes automovil\u00edsticos<\/a> podr\u00eda asesorarle sobre sus derechos y trabajar para obtener la indemnizaci\u00f3n que necesita.<\/p>\n<h2>Ejemplos de accidentes por no ceder el paso<\/h2>\n<p>La mayor\u00eda de los accidentes por no ceder el paso implican a conductores imprudentes o negligentes, aunque las circunstancias var\u00edan mucho. Algunas causas comunes de estas colisiones pueden ser las siguientes:<\/p>\n<ul>\n<li>Incorporarse a otro carril, lo que corta el paso de un automovilista que ya est\u00e1 en la carretera<\/li>\n<li>Girar a la izquierda en sentido contrario sin la se\u00f1al o el espacio adecuados para completar el giro con seguridad.<\/li>\n<li>Salir de una calzada o de una calle lateral sin ceder el paso al tr\u00e1fico que se aproxima.<\/li>\n<li>No detenerse ante un peat\u00f3n que cruza por un paso de peatones.<\/li>\n<li>No visualizar una se\u00f1al de ceda el paso por <a href=\"https:\/\/springslawgroup.com\/es\/fort-carson-lesiones-personales\/fort-carson-abogado-de-accidente-de-coche\/abogado-de-conduccion-distraida-de-fort-carson\/\">distracci\u00f3n<\/a> o ebriedad<\/li>\n<\/ul>\n<p>Los conductores o peatones involucrados en accidentes por no ceder el paso deben contactar a un abogado de Fort Carson para discutir sus casos espec\u00edficos.<\/p>\n<h2>\u00bfQui\u00e9n debe cederle el paso a qui\u00e9n en las carreteras de Fort Carson?<\/h2>\n<p>Las leyes de tr\u00e1fico son espec\u00edficas en cuanto a qui\u00e9n le cede el paso a qui\u00e9n cuando hay conductores y peatones en la calzada. El primer veh\u00edculo en llegar a la intersecci\u00f3n de una parada de cuatro v\u00edas tiene el derecho de paso sobre los coches en la intersecci\u00f3n. Si dos automovilistas llegan a la intersecci\u00f3n simult\u00e1neamente, el automovilista de la derecha tiene derecho a seguir adelante. Los conductores que giran a la izquierda deben ceder el paso al tr\u00e1fico que circula en sentido contrario si no hay un sem\u00e1foro que controle el flujo de tr\u00e1fico. Los automovilistas siempre deben cederle el paso a los peatones en las sendas peatonales.<\/p>\n<h2>Determinaci\u00f3n de la negligencia<\/h2>\n<p>Cuando un conductor no cede el paso a otro automovilista, la parte perjudicada debe probar la negligencia para interponer una demanda civil. Los conductores tienen el deber de evitar acciones que puedan poner en peligro a otras personas en la carretera. Cuando un conductor incumple este deber y, como consecuencia, se produce un accidente, puede incurrir en negligencia legal. Un ejemplo de negligencia que puede ocurrir en un accidente por no ceder el paso ocurre cuando un conductor gira a la izquierda delante de un coche que se aproxima y que tiene el derecho de paso.<\/p>\n<p>Entonces, se produce un accidente en el que ambos conductores resultan heridos y ambos sufren da\u00f1os. En el informe policial se afirma que el conductor que gir\u00f3 a la izquierda caus\u00f3 el accidente porque, de no haber sido por sus acciones, el accidente no se habr\u00eda producido. En este caso, el conductor con preferencia de paso resulta lesionado y, probablemente, podr\u00eda prevalecer en una demanda por lesiones personales por negligencia contra la otra parte. Un abogado local especializado en accidentes automovil\u00edsticos podr\u00eda ayudar a alguien a establecer la negligencia en un caso de no ceder el paso.<\/p>\n<h2>Contacte a un abogado especializado en accidentes por no ceder el paso de Fort Carson<\/h2>\n<p>Quiz\u00e1s merezca una indemnizaci\u00f3n por sus lesiones si fueron causadas por un automovilista que hizo caso omiso del derecho de paso. Nuestro equipo podr\u00eda guiarle a trav\u00e9s del proceso legal y ayudarle a construir su caso contra el automovilista negligente. Llame hoy, programe su consulta e inicie su caso.<\/p>\n","protected":false},"excerpt":{"rendered":"<p>Los conductores deben conocer las leyes sobre el derecho de paso, porque no respetar estas normas de circulaci\u00f3n podr\u00eda provocar&nbsp;<a class=\"moretag\" href=\"https:\/\/springslawgroup.com\/es\/fort-carson-lesiones-personales\/fort-carson-abogado-de-accidente-de-coche\/abogado-de-accidente-de-ceder-el-paso-en-fort-carson\/\"> Read More&#8230;<\/a><\/p>\n","protected":false},"author":32,"featured_media":0,"parent":16341,"menu_order":0,"comment_status":"closed","ping_status":"closed","template":"landingpage.php","meta":{"_acf_changed":false,"inline_featured_image":false,"footnotes":""},"categories":[],"tags":[],"class_list":["post-16326","page","type-page","status-publish","hentry"],"acf":{"key_takeaways":null,"_litigation_personal_injury_contents_new":{"_litigation_personal_injury_title_new":"","_litigation_personal_injury_discription_new":"","_litigation_personal_injury_discription_new_copy":"","_litigation_video_url_new":"","add_button":false},"_header_sub_header_content_new":null,"_litigation_frequently_asked_questions_new":null,"lawsuit_updates":null,"_litigation_related_posts_relation":null,"acf-references":""},"_links":{"self":[{"href":"https:\/\/springslawgroup.com\/es\/wp-json\/wp\/v2\/pages\/16326","targetHints":{"allow":["GET"]}}],"collection":[{"href":"https:\/\/springslawgroup.com\/es\/wp-json\/wp\/v2\/pages"}],"about":[{"href":"https:\/\/springslawgroup.com\/es\/wp-json\/wp\/v2\/types\/page"}],"author":[{"embeddable":true,"href":"https:\/\/springslawgroup.com\/es\/wp-json\/wp\/v2\/users\/32"}],"replies":[{"embeddable":true,"href":"https:\/\/springslawgroup.com\/es\/wp-json\/wp\/v2\/comments?post=16326"}],"version-history":[{"count":2,"href":"https:\/\/springslawgroup.com\/es\/wp-json\/wp\/v2\/pages\/16326\/revisions"}],"predecessor-version":[{"id":17120,"href":"https:\/\/springslawgroup.com\/es\/wp-json\/wp\/v2\/pages\/16326\/revisions\/17120"}],"up":[{"embeddable":true,"href":"https:\/\/springslawgroup.com\/es\/wp-json\/wp\/v2\/pages\/16341"}],"wp:attachment":[{"href":"https:\/\/springslawgroup.com\/es\/wp-json\/wp\/v2\/media?parent=16326"}],"wp:term":[{"taxonomy":"category","embeddable":true,"href":"https:\/\/springslawgroup.com\/es\/wp-json\/wp\/v2\/categories?post=16326"},{"taxonomy":"post_tag","embeddable":true,"href":"https:\/\/springslawgroup.com\/es\/wp-json\/wp\/v2\/tags?post=16326"}],"curies":[{"name":"wp","href":"https:\/\/api.w.org\/{rel}","templated":true}]}}