{"id":16325,"date":"2020-04-27T14:50:14","date_gmt":"2020-04-27T21:50:14","guid":{"rendered":"https:\/\/springs.flywheelstaging.com\/colorado-springs-accidentes-de-motocicleta-lesiones\/"},"modified":"2023-10-20T14:12:28","modified_gmt":"2023-10-20T21:12:28","slug":"colorado-springs-accidentes-de-motocicleta-lesiones","status":"publish","type":"page","link":"https:\/\/springslawgroup.com\/es\/colorado-springs-abogado-de-accidente-de-motocicleta\/colorado-springs-accidentes-de-motocicleta-lesiones\/","title":{"rendered":"Lesiones por Accidentes de Motocicleta en Colorado Springs"},"content":{"rendered":"<p>Las lesiones por accidentes de motocicleta en Colorado Springs suelen ser m\u00e1s graves que en otras colisiones de veh\u00edculos de motor, porque los motociclistas carecen de protecci\u00f3n contra el impacto de un coche. Por ello, las lesiones sufridas por los motoristas suelen tener secuelas permanentes y requieren tratamiento m\u00e9dico o rehabilitaci\u00f3n continuos.<\/p>\n<p>Entre las lesiones m\u00e1s frecuentes en los accidentes de moto se encuentran las fracturas \u00f3seas, los traumatismos, las laceraciones, las contusiones y las lesiones de tejidos blandos. Afortunadamente, un <a href=\"https:\/\/springslawgroup.com\/es\/colorado-springs-abogado-de-accidente-de-motocicleta\/\">abogado experto en colisiones de motocicletas<\/a> podr\u00eda ayudarle a recuperar los gastos en los que haya incurrido como consecuencia de la negligencia de otro motorista.<\/p>\n<h2>Traumatismo Craneoencef\u00e1lico Grave<\/h2>\n<p>El tipo de lesi\u00f3n m\u00e1s devastador en un accidente de moto es el traumatismo craneoencef\u00e1lico grave, que puede alterar fundamentalmente la personalidad de un individuo y su forma de relacionarse con el mundo. La ley estatal de Colorado no define expl\u00edcitamente una lesi\u00f3n cerebral traum\u00e1tica (LCT), pero la ciencia m\u00e9dica la define como una lesi\u00f3n no degenerativa. En otras palabras, la lesi\u00f3n no es resultado de la vejez ni del desgaste del cerebro, ni tampoco es cong\u00e9nita, sino que procede de una fuerza externa.<\/p>\n<p>Una lesi\u00f3n cerebral traum\u00e1tica puede provocar un deterioro temporal o permanente de las funciones cognitivas, as\u00ed como una incapacidad para realizar tareas f\u00edsicas y psicosociales. Una LCT tambi\u00e9n puede asociarse a un estado de consciencia disminuido o alterado.<\/p>\n<p>Las LCT se producen principalmente en accidentes en los que la cabeza de un motorista sufre un impacto directo contra el pavimento, el bordillo u otro veh\u00edculo. La cabeza de un motorista est\u00e1 mucho m\u00e1s expuesta durante una colisi\u00f3n que la de un conductor de un veh\u00edculo de motor, por lo que el da\u00f1o cerebral traum\u00e1tico es un riesgo especialmente importante para los motoristas.<\/p>\n<h2>Huesos Rotos<\/h2>\n<p>Las fracturas \u00f3seas pueden producirse como resultado del impacto del cuerpo de un motorista contra otros veh\u00edculos, el suelo, bordillos, postes de la luz u otros objetos en la carretera o sus alrededores. Sufrir uno o m\u00e1s huesos rotos en un accidente de motocicleta en Colorado Springs puede tener graves consecuencias dependiendo de qu\u00e9 huesos se rompen, c\u00f3mo se fracturan, y si necesitan cirug\u00eda para ser reparados.<\/p>\n<p>Por ejemplo, el tobillo es una localizaci\u00f3n com\u00fan de las fracturas \u00f3seas en los accidentes de motocicleta, y la curaci\u00f3n de este tipo de lesi\u00f3n a menudo requiere la inserci\u00f3n quir\u00fargica de tornillos y varillas para mantener las piezas del hueso roto en su lugar. Puede ser necesario realizar varias intervenciones quir\u00fargicas para instalar y retirar los herrajes, e incluso una vez que el hueso se ha curado, puede haber efectos permanentes en forma de dolor continuo, limitaci\u00f3n de la amplitud de movimiento y debilidad en esa zona.<\/p>\n<h2>Consecuencias a Corto y Largo Plazo<\/h2>\n<p>Mientras que los efectos inmediatos de una lesi\u00f3n catastr\u00f3fica pueden ser obvios, el impacto total de un accidente de moto puede no estar claro hasta meses o incluso a\u00f1os <a href=\"https:\/\/springslawgroup.com\/es\/colorado-springs-abogado-de-accidente-de-motocicleta\/que-hacer-despues-de-un-accidente-de-motocicleta-en-colorado-springs\/\">despu\u00e9s del incidente<\/a>. Las importantes consecuencias a largo plazo, como la disminuci\u00f3n de la amplitud de movimiento, la p\u00e9rdida de fuerza y las cicatrices permanentes, pueden afectar todos los aspectos de la vida de un motorista lesionado, incluidas sus opciones profesionales e incluso la imagen que tiene de s\u00ed mismo.<\/p>\n<p>Adem\u00e1s de identificar los tipos de lesiones y da\u00f1os por los que un demandante podr\u00eda reclamar una indemnizaci\u00f3n, un abogado experto tambi\u00e9n podr\u00eda determinar si es necesario el testimonio de un profesional para demostrar el alcance de las lesiones de un motorista y relacionarlas con el accidente espec\u00edfico en cuesti\u00f3n.<\/p>\n<p>Por ejemplo, puede citarse a un traumat\u00f3logo para analizar los efectos de una fractura de tobillo y la intervenci\u00f3n m\u00e9dica necesaria para arreglarlo. Una persona lesionada en un accidente de motocicleta en Colorado Springs tambi\u00e9n podr\u00eda necesitar un economista o experto en rehabilitaci\u00f3n profesional para hablar sobre el efecto de la lesi\u00f3n ha tenido o tendr\u00e1 en su empleo y la capacidad de obtener ingresos.<\/p>\n<h2>Buscando Compensaci\u00f3n por Lesiones de Accidente de Motocicleta en Colorado Springs<\/h2>\n<p>La mejor manera para que alguien herido en un accidente de motocicleta en Colorado Springs documente los efectos de sus lesiones es ver a un proveedor de atenci\u00f3n m\u00e9dica calificada o visitar una sala de emergencias o centro de atenci\u00f3n de urgencia. Los registros de los proveedores m\u00e9dicos son a menudo mucho m\u00e1s persuasivos en un tribunal civil que el propio testimonio de una persona lesionada, aunque un diario o un diario de dolor puede ser \u00fatil para establecer las p\u00e9rdidas personales asociadas con un accidente de motocicleta.<\/p>\n<p>Sin embargo, el paso m\u00e1s importante que deben dar los motociclistas lesionados es contratar a un profesional jur\u00eddico especializado que pueda ayudarles a comprender sus opciones y a dar los pasos necesarios para obtener una indemnizaci\u00f3n. Llame hoy para averiguar c\u00f3mo un abogado de accidente de motocicleta de nuestra firma podr\u00eda ayudarle a buscar la recuperaci\u00f3n de sus lesiones y p\u00e9rdidas.<\/p>\n","protected":false},"excerpt":{"rendered":"<p>Las lesiones por accidentes de motocicleta en Colorado Springs suelen ser m\u00e1s graves que en otras colisiones de veh\u00edculos de&nbsp;<a class=\"moretag\" href=\"https:\/\/springslawgroup.com\/es\/colorado-springs-abogado-de-accidente-de-motocicleta\/colorado-springs-accidentes-de-motocicleta-lesiones\/\"> Read More&#8230;<\/a><\/p>\n","protected":false},"author":32,"featured_media":0,"parent":16695,"menu_order":0,"comment_status":"closed","ping_status":"closed","template":"landingpage.php","meta":{"_acf_changed":false,"inline_featured_image":false,"footnotes":""},"categories":[],"tags":[],"class_list":["post-16325","page","type-page","status-publish","hentry"],"acf":{"key_takeaways":null,"_litigation_personal_injury_contents_new":{"_litigation_personal_injury_title_new":"","_litigation_personal_injury_discription_new":"","_litigation_personal_injury_discription_new_copy":"","_litigation_video_url_new":"","add_button":false},"_header_sub_header_content_new":null,"_litigation_frequently_asked_questions_new":null,"lawsuit_updates":null,"_litigation_related_posts_relation":null,"acf-references":""},"_links":{"self":[{"href":"https:\/\/springslawgroup.com\/es\/wp-json\/wp\/v2\/pages\/16325","targetHints":{"allow":["GET"]}}],"collection":[{"href":"https:\/\/springslawgroup.com\/es\/wp-json\/wp\/v2\/pages"}],"about":[{"href":"https:\/\/springslawgroup.com\/es\/wp-json\/wp\/v2\/types\/page"}],"author":[{"embeddable":true,"href":"https:\/\/springslawgroup.com\/es\/wp-json\/wp\/v2\/users\/32"}],"replies":[{"embeddable":true,"href":"https:\/\/springslawgroup.com\/es\/wp-json\/wp\/v2\/comments?post=16325"}],"version-history":[{"count":3,"href":"https:\/\/springslawgroup.com\/es\/wp-json\/wp\/v2\/pages\/16325\/revisions"}],"predecessor-version":[{"id":18047,"href":"https:\/\/springslawgroup.com\/es\/wp-json\/wp\/v2\/pages\/16325\/revisions\/18047"}],"up":[{"embeddable":true,"href":"https:\/\/springslawgroup.com\/es\/wp-json\/wp\/v2\/pages\/16695"}],"wp:attachment":[{"href":"https:\/\/springslawgroup.com\/es\/wp-json\/wp\/v2\/media?parent=16325"}],"wp:term":[{"taxonomy":"category","embeddable":true,"href":"https:\/\/springslawgroup.com\/es\/wp-json\/wp\/v2\/categories?post=16325"},{"taxonomy":"post_tag","embeddable":true,"href":"https:\/\/springslawgroup.com\/es\/wp-json\/wp\/v2\/tags?post=16325"}],"curies":[{"name":"wp","href":"https:\/\/api.w.org\/{rel}","templated":true}]}}