{"id":16324,"date":"2020-08-11T13:34:00","date_gmt":"2020-08-11T20:34:00","guid":{"rendered":"https:\/\/springs.flywheelstaging.com\/castle-rock-abogado-de-accidente-de-motocicleta\/"},"modified":"2023-11-28T21:09:13","modified_gmt":"2023-11-29T04:09:13","slug":"castle-rock-abogado-de-accidente-de-motocicleta","status":"publish","type":"page","link":"https:\/\/springslawgroup.com\/es\/castle-rock-lesiones-personales\/castle-rock-abogado-de-accidente-de-motocicleta\/","title":{"rendered":"Abogado especializado en accidentes de motocicleta de Castle Rock"},"content":{"rendered":"<p>Un accidente de moto puede cambiar por completo la vida de una persona. Estos accidentes pueden dejar numerosas secuelas f\u00edsicas y emocionales en los supervivientes. Adem\u00e1s, la recuperaci\u00f3n puede requerir extensos procedimientos m\u00e9dicos, estancias en el hospital y terapia, lo que puede suponer una enorme carga para la econom\u00eda del perjudicado. Por suerte, cuenta con nuestra ayuda.<\/p>\n<p>Si usted perdi\u00f3 a un ser querido o sufri\u00f3 lesiones en este tipo de accidente, un abogado especializado en accidentes de motocicleta de Castle Rock podr\u00eda ayudarle a obtener un acuerdo financiero de la persona que caus\u00f3 sus p\u00e9rdidas. Nuestro equipo de <a href=\"https:\/\/springslawgroup.com\/es\/castle-rock-lesiones-personales\/\">abogados<\/a> podr\u00eda revisar los detalles de su caso e informarle sus mejores opciones para reclamar una indemnizaci\u00f3n.<\/p>\n<h2>Causas de accidentes de moto<\/h2>\n<p>Los automovilistas deben compartir las carreteras con los motociclistas de forma segura. Sin embargo, esto no siempre es as\u00ed. Dado que los motoristas pueden ser m\u00e1s dif\u00edciles de ver, pueden producirse colisiones entre estas dos partes si uno no est\u00e1 lo suficientemente atento y si la motocicleta circula por el punto ciego del autom\u00f3vil. En consecuencia, el error humano es responsable de la mayor\u00eda de los accidentes de motocicletas. Adem\u00e1s de conductores negligentes, estos accidentes pueden producirse por imprudencias del motorista, del mec\u00e1nico del veh\u00edculo, del fabricante del veh\u00edculo o de otras partes. Algunos de los factores que contribuyen a los accidentes de moto son los siguientes:<\/p>\n<ul>\n<li>Conducci\u00f3n imprudente<\/li>\n<li>Conducir con exceso de velocidad.<\/li>\n<li>Conducci\u00f3n alcoholizada<\/li>\n<li>Conducir con distracciones.<\/li>\n<li>No ceder el paso en intersecciones y otros derechos de paso<\/li>\n<li>Cambios de carril imprudentes<\/li>\n<li>Giros a la izquierda imprudentes<\/li>\n<li>Piezas defectuosas del veh\u00edculo<\/li>\n<li>Calzadas inseguras causadas por baches u otros obst\u00e1culos en la calzada<\/li>\n<li>Problemas relacionados con el clima, como resbalones o carreteras heladas<\/li>\n<\/ul>\n<p>Despu\u00e9s de un accidente, es crucial determinar la causa y qui\u00e9n es legalmente culpable. En algunas situaciones, m\u00e1s de una parte puede tener responsabilidad legal en el accidente. Un abogado local con experiencia podr\u00eda ayudar a determinar la causalidad y demostrar la responsabilidad en un accidente de motocicleta. En el caso de que m\u00e1s de una persona sean los posibles causantes del accidente, un abogado podr\u00eda reunirse y negociar con varias compa\u00f1\u00edas de seguros y presentar una demanda legal contra todas las partes responsables para maximizar las posibilidades de una indemnizaci\u00f3n por da\u00f1os y perjuicios favorable.<\/p>\n<h2>\u00bfQu\u00e9 ocurre cuando un motorista tiene parte de la culpa en un accidente?<\/h2>\n<p>La ley estatal exige que los conductores obedezcan las normas espec\u00edficas para motocicletas, adem\u00e1s de las normas estatales generales de circulaci\u00f3n. Los tribunales estatales pueden reducir la cuant\u00eda de los da\u00f1os indemnizables si el demandado puede demostrar que el demandante infringi\u00f3 la ley y que esta infracci\u00f3n contribuy\u00f3 al accidente en s\u00ed o al grado de gravedad de las lesiones sufridas.<\/p>\n<p>Por ejemplo, es ilegal dividir carriles con un autom\u00f3vil en Colorado. Si el demandado puede demostrar que choc\u00f3 accidentalmente con el demandante porque este intent\u00f3 adelantar ilegalmente al autom\u00f3vil por el mismo carril, un tribunal puede prohibir o limitar totalmente la indemnizaci\u00f3n por da\u00f1os y perjuicios del motociclista. El tribunal podr\u00eda prohibir la indemnizaci\u00f3n por da\u00f1os y perjuicios al motociclista si determina que el incumplimiento de la ley de esa parte fue responsable del accidente en m\u00e1s de un 50%. Si el tribunal determina que el intento de paso ilegal por parte del motorista fue menos del 50% de la causa del accidente, puede conceder una indemnizaci\u00f3n por da\u00f1os y perjuicios. Sin embargo, en esta situaci\u00f3n, el tribunal puede reducir los da\u00f1os indemnizables del motorista en funci\u00f3n de su porcentaje de culpa. Comprender las complejidades de la culpa comparativa puede ser dif\u00edcil, por lo que trabajar con un abogado dedicado en Castle Rock puede ser muy valioso despu\u00e9s de un accidente de motocicleta.<\/p>\n<h2>Contacte a los abogados especializados en accidentes de motocicleta de Castle Rock Hoy<\/h2>\n<p>Despu\u00e9s de un accidente dif\u00edcil, lo \u00faltimo que deber\u00eda preocuparle es su bienestar financiero. Usted debe centrarse en su curaci\u00f3n f\u00edsica y emocional, y dejar que un abogado especializado en accidentes de motocicleta de Castle Rock gestione las v\u00edas legales y financieras. Comience hoy mismo el proceso de recuperaci\u00f3n al solicitar una consulta inicial.<\/p>\n","protected":false},"excerpt":{"rendered":"<p>Un accidente de moto puede cambiar por completo la vida de una persona. Estos accidentes pueden dejar numerosas secuelas f\u00edsicas&nbsp;<a class=\"moretag\" href=\"https:\/\/springslawgroup.com\/es\/castle-rock-lesiones-personales\/castle-rock-abogado-de-accidente-de-motocicleta\/\"> Read More&#8230;<\/a><\/p>\n","protected":false},"author":32,"featured_media":0,"parent":16335,"menu_order":0,"comment_status":"closed","ping_status":"closed","template":"landingpage.php","meta":{"_acf_changed":false,"inline_featured_image":false,"footnotes":""},"categories":[],"tags":[],"class_list":["post-16324","page","type-page","status-publish","hentry"],"acf":{"key_takeaways":null,"_litigation_personal_injury_contents_new":{"_litigation_personal_injury_title_new":"","_litigation_personal_injury_discription_new":"","_litigation_personal_injury_discription_new_copy":"","_litigation_video_url_new":"","add_button":false},"_header_sub_header_content_new":null,"_litigation_frequently_asked_questions_new":null,"lawsuit_updates":null,"_litigation_related_posts_relation":null,"acf-references":""},"_links":{"self":[{"href":"https:\/\/springslawgroup.com\/es\/wp-json\/wp\/v2\/pages\/16324","targetHints":{"allow":["GET"]}}],"collection":[{"href":"https:\/\/springslawgroup.com\/es\/wp-json\/wp\/v2\/pages"}],"about":[{"href":"https:\/\/springslawgroup.com\/es\/wp-json\/wp\/v2\/types\/page"}],"author":[{"embeddable":true,"href":"https:\/\/springslawgroup.com\/es\/wp-json\/wp\/v2\/users\/32"}],"replies":[{"embeddable":true,"href":"https:\/\/springslawgroup.com\/es\/wp-json\/wp\/v2\/comments?post=16324"}],"version-history":[{"count":4,"href":"https:\/\/springslawgroup.com\/es\/wp-json\/wp\/v2\/pages\/16324\/revisions"}],"predecessor-version":[{"id":19441,"href":"https:\/\/springslawgroup.com\/es\/wp-json\/wp\/v2\/pages\/16324\/revisions\/19441"}],"up":[{"embeddable":true,"href":"https:\/\/springslawgroup.com\/es\/wp-json\/wp\/v2\/pages\/16335"}],"wp:attachment":[{"href":"https:\/\/springslawgroup.com\/es\/wp-json\/wp\/v2\/media?parent=16324"}],"wp:term":[{"taxonomy":"category","embeddable":true,"href":"https:\/\/springslawgroup.com\/es\/wp-json\/wp\/v2\/categories?post=16324"},{"taxonomy":"post_tag","embeddable":true,"href":"https:\/\/springslawgroup.com\/es\/wp-json\/wp\/v2\/tags?post=16324"}],"curies":[{"name":"wp","href":"https:\/\/api.w.org\/{rel}","templated":true}]}}