{"id":16323,"date":"2020-04-29T14:28:05","date_gmt":"2020-04-29T21:28:05","guid":{"rendered":"https:\/\/springs.flywheelstaging.com\/la-presentacion-de-un-caso-de-accidente-de-coche-en-colorado-springs\/"},"modified":"2023-09-01T07:13:24","modified_gmt":"2023-09-01T14:13:24","slug":"la-presentacion-de-un-caso-de-accidente-de-coche-en-colorado-springs","status":"publish","type":"page","link":"https:\/\/springslawgroup.com\/es\/colorado-springs-abogado-de-accidente-de-auto\/la-presentacion-de-un-caso-de-accidente-de-coche-en-colorado-springs\/","title":{"rendered":"Presentar Un Caso De Accidente De Coche En Colorado Springs"},"content":{"rendered":"<p>La presentaci\u00f3n de un caso de accidente de coche en Colorado Springs significa que un reclamo est\u00e1 m\u00e1s all\u00e1 del punto en que un acuerdo podr\u00eda suceder. Si el proceso de negociaci\u00f3n se ha roto y las dos partes no pueden llegar a un acuerdo, el perjudicado puede presentar una denuncia contra la parte culpable, siempre que a\u00fan est\u00e9 dentro del plazo de <a href=\"https:\/\/springslawgroup.com\/es\/colorado-springs-abogado-de-accidente-de-auto\/estatuto-de-limitaciones-para-los-casos-del-accidente-de-coche-de-colorado-springs\/\">prescripci\u00f3n.<\/a><\/p>\n<p>Con el fin de recuperar la indemnizaci\u00f3n en estas circunstancias, una persona lesionada en un accidente de coche en Colorado Springs debe tener un <a href=\"https:\/\/springslawgroup.com\/es\/colorado-springs-car-accident-lawyer-5\/\">abogado<\/a> para presentar una demanda en su nombre. En la demanda, van a hacer alegaciones generales, declarar informaci\u00f3n sobre ellos mismos y el demandado, y pedir una cantidad por da\u00f1os y perjuicios por la supuesta mala conducta del demandado.<\/p>\n<h2>\u00bfQu\u00e9 Implica Presentar Un Reclamo Por Accidente Automovil\u00edstico En Colorado Springs?<\/h2>\n<p>Una queja t\u00edpica en un caso de accidente automovil\u00edstico en Colorado Springs proporcionar\u00e1 un desglose de los hechos, hablar\u00e1 sobre qui\u00e9n es responsable por la colisi\u00f3n en cuesti\u00f3n y cuestiones similares. Al final de la demanda, el demandante y su abogado formular\u00edan su pretensi\u00f3n de reparaci\u00f3n legal.<\/p>\n<p>Muchas veces, un reclamo legal <a href=\"https:\/\/springslawgroup.com\/es\/colorado-springs-abogado-de-accidente-de-auto\/danos-recuperables-despues-de-un-accidente-de-coche-en-colorado-springs\/\">por da\u00f1os<\/a> se basa en la negligencia. De ello se desprende que la presentaci\u00f3n de un caso de colisi\u00f3n de autom\u00f3viles en Colorado Springs requiere una comprensi\u00f3n de las leyes estatales pertinentes en materia de <a href=\"https:\/\/springslawgroup.com\/es\/colorado-springs-abogado-de-accidente-de-auto\/abogado-de-negligencia-comparativa-en-colorado-springs\/\">negligencia legal<\/a> y opciones para la recuperaci\u00f3n. Tambi\u00e9n es necesario proporcionar una lista detallada de las indemnizaciones que desean por da\u00f1os espec\u00edficos.<\/p>\n<p>En la mayor\u00eda de los casos, esto incluir\u00eda da\u00f1os econ\u00f3micos y no econ\u00f3micos, honorarios de abogados y costas judiciales, intereses previos y posteriores a la sentencia y gastos similares. Un demandante tambi\u00e9n puede solicitar un juicio con jurado dentro del estado de Colorado al presentar una demanda legal formal.<\/p>\n<h2>Pasos A Seguir Antes De Presentar Una Acci\u00f3n<\/h2>\n<p>Antes de presentar la demanda, los abogados suelen intentar reunirse con los clientes antes de que las negociaciones activas se hayan roto y las partes no puedan llegar a un acuerdo. Durante esta reuni\u00f3n, hablar\u00edan francamente sobre el litigio y c\u00f3mo es, adem\u00e1s de revisar todo lo que han recibido en t\u00e9rminos de pruebas hasta ese momento del caso, como <a href=\"https:\/\/springslawgroup.com\/es\/colorado-springs-abogado-de-accidente-de-auto\/tratamiento-medico-despues-de-un-accidente-de-coche-en-colorado-springs\/\">historiales m\u00e9dicos<\/a>, facturas m\u00e9dicas, informes policiales, fotograf\u00edas y declaraciones de testigos.<\/p>\n<p><a href=\"https:\/\/springslawgroup.com\/es\/colorado-springs-abogado-de-accidente-de-auto\/recogida-de-pruebas-en-casos-de-accidente-de-coche-de-colorado-springs\/\">Bas\u00e1ndose en las pruebas recopiladas<\/a> hasta la fecha, abogados y demandantes pueden realizar juntos un an\u00e1lisis coste-beneficio de acudir a los tribunales frente a ir a juicio. En ambos casos, el cliente participa en cada paso del proceso y, antes de presentar la denuncia, tiene la oportunidad de revisarla, hacer preguntas y asegurarse de que la informaci\u00f3n es correcta.<\/p>\n<h2>Lo Que Hay Que Saber Sobre El Proceso De Presentaci\u00f3n<\/h2>\n<p>En Colorado Springs, las demandas por accidente de coche se presentan en un tribunal de distrito para el Cuarto Distrito Judicial. Hay dos condados en el cuarto distrito judicial -el condado de El Paso y el condado de Teller- y cada uno tiene su propio tribunal de distrito.<\/p>\n<p>Despu\u00e9s de que un demandante presente una demanda, no pierde sus derechos a negociar fuera de los tribunales. Las negociaciones pueden continuar, y a menudo contin\u00faan, incluso despu\u00e9s de que se haya archivado el caso, y el hecho de que se haya archivado no significa que siempre se vaya a llegar a juicio. Muchas veces, los casos se resuelven incluso despu\u00e9s de presentar una denuncia.<\/p>\n<p>Dicho esto, es importante contratar a un abogado con experiencia en Colorado Springs al presentar una demanda por accidente de coche, porque los abogados litigantes de Colorado Springs est\u00e1n en la corte todo el tiempo. Conocen a los jueces, entienden el proceso y hablan el lenguaje del tribunal que se utiliza cuando se intenta admitir una prueba o hacer una objeci\u00f3n permanente. Esa es una habilidad espec\u00edfica que tiene un abogado litigante y que un demandante individual no suele tener.<\/p>\n<h2>El Papel Que Los Abogados Juegan En Presentar Demandas Del Accidente De Coche En Colorado Springs<\/h2>\n<p>Si usted intenta presentar un reclamo para su caso de <a href=\"https:\/\/springslawgroup.com\/es\/blog\/que-debo-hacer-si-me-lesiono-en-un-accidente-automovilistico-en-colorado-y-vivo-en-otro-estado\/\">accidente de coche en <\/a>Colorado Springs por su lado, puede ser un proceso muy dif\u00edcil e intimidante, por eso la ayuda de un abogado puede ser muy beneficiosa dentro y fuera de la sala de tribunal. Mientras que las partes individuales se centran en los problemas de sus casos, los abogados se centran en lograr un resultado positivo para sus clientes.<\/p>\n<p>Los abogados cualificados saben c\u00f3mo trabajar los casos, conocen la ley y conocen los hechos. Hablan el idioma y entienden el proceso, mientras que una parte sin abogado tendr\u00eda que aprender todo eso por su cuenta. S\u00f3lo por eso, en casi todas las circunstancias se recomienda contratar a un abogado antes de presentar un reclamo.<\/p>\n","protected":false},"excerpt":{"rendered":"<p>La presentaci\u00f3n de un caso de accidente de coche en Colorado Springs significa que un reclamo est\u00e1 m\u00e1s all\u00e1 del&nbsp;<a class=\"moretag\" href=\"https:\/\/springslawgroup.com\/es\/colorado-springs-abogado-de-accidente-de-auto\/la-presentacion-de-un-caso-de-accidente-de-coche-en-colorado-springs\/\"> Read More&#8230;<\/a><\/p>\n","protected":false},"author":32,"featured_media":0,"parent":16694,"menu_order":0,"comment_status":"closed","ping_status":"closed","template":"landingpage.php","meta":{"_acf_changed":false,"inline_featured_image":false,"footnotes":""},"categories":[],"tags":[],"class_list":["post-16323","page","type-page","status-publish","hentry"],"acf":{"key_takeaways":null,"_litigation_personal_injury_contents_new":{"_litigation_personal_injury_title_new":"","_litigation_personal_injury_discription_new":"","_litigation_personal_injury_discription_new_copy":"","_litigation_video_url_new":"","add_button":false},"_header_sub_header_content_new":null,"_litigation_frequently_asked_questions_new":null,"lawsuit_updates":null,"_litigation_related_posts_relation":null,"acf-references":""},"_links":{"self":[{"href":"https:\/\/springslawgroup.com\/es\/wp-json\/wp\/v2\/pages\/16323","targetHints":{"allow":["GET"]}}],"collection":[{"href":"https:\/\/springslawgroup.com\/es\/wp-json\/wp\/v2\/pages"}],"about":[{"href":"https:\/\/springslawgroup.com\/es\/wp-json\/wp\/v2\/types\/page"}],"author":[{"embeddable":true,"href":"https:\/\/springslawgroup.com\/es\/wp-json\/wp\/v2\/users\/32"}],"replies":[{"embeddable":true,"href":"https:\/\/springslawgroup.com\/es\/wp-json\/wp\/v2\/comments?post=16323"}],"version-history":[{"count":2,"href":"https:\/\/springslawgroup.com\/es\/wp-json\/wp\/v2\/pages\/16323\/revisions"}],"predecessor-version":[{"id":17755,"href":"https:\/\/springslawgroup.com\/es\/wp-json\/wp\/v2\/pages\/16323\/revisions\/17755"}],"up":[{"embeddable":true,"href":"https:\/\/springslawgroup.com\/es\/wp-json\/wp\/v2\/pages\/16694"}],"wp:attachment":[{"href":"https:\/\/springslawgroup.com\/es\/wp-json\/wp\/v2\/media?parent=16323"}],"wp:term":[{"taxonomy":"category","embeddable":true,"href":"https:\/\/springslawgroup.com\/es\/wp-json\/wp\/v2\/categories?post=16323"},{"taxonomy":"post_tag","embeddable":true,"href":"https:\/\/springslawgroup.com\/es\/wp-json\/wp\/v2\/tags?post=16323"}],"curies":[{"name":"wp","href":"https:\/\/api.w.org\/{rel}","templated":true}]}}