{"id":16322,"date":"2020-08-12T14:58:38","date_gmt":"2020-08-12T21:58:38","guid":{"rendered":"https:\/\/springs.flywheelstaging.com\/castle-rock-abogado-de-accidente-de-peatones\/"},"modified":"2023-09-01T07:10:11","modified_gmt":"2023-09-01T14:10:11","slug":"castle-rock-abogado-de-accidente-de-peatones","status":"publish","type":"page","link":"https:\/\/springslawgroup.com\/es\/castle-rock-lesiones-personales\/castle-rock-abogado-de-accidente-de-peatones\/","title":{"rendered":"Abogado especializado en accidentes de peatones de Castle Rock"},"content":{"rendered":"<p>Rara vez, la gente teme por su seguridad cuando sale a pasear tranquilamente, sobre todo si utiliza aceras, pasos de peatones u otros espacios aptos para peatones. Por desgracia, siguen produci\u00e9ndose accidentes con peatones implicados. Cuando ocurren, se generan v\u00edctimas graves o mortales, porque la gente no tiene nada para protegerse de toda la fuerza de un veh\u00edculo que se aproxima.<\/p>\n<p>Si sospecha que el automovilista que lo atropell\u00f3 a usted o a su ser querido conduc\u00eda de forma imprudente o negligente, es posible que desee presentar una <a href=\"https:\/\/springslawgroup.com\/es\/castle-rock-lesiones-personales\/\">demanda por lesiones personales.<\/a> Un abogado especializado en accidentes de peatones de Castle Rock de nuestro estudio est\u00e1 listo para ayudarle a obtener la compensaci\u00f3n que necesita.<\/p>\n<h2>Por qu\u00e9 se producen los accidentes con peatones implicados<\/h2>\n<p>Los accidentes suelen producirse cuando los conductores no se fijan en los peatones. Esto suele ocurrir cuando los automovilistas est\u00e1n impacientes y conducen demasiado r\u00e1pido o de forma agresiva. Tambi\u00e9n puede ocurrir cuando los conductores est\u00e1n intoxicados o distra\u00eddos con su celular. Muchas de estas colisiones se producen en pasos de peatones u otros lugares donde se supone que el peat\u00f3n tiene derecho de paso.<\/p>\n<p>Nuestros abogados de Castle Rock podr\u00edan investigar la escena de un accidente peatonal para determinar si el conductor tiene responsabilidad legal por el accidente. Si el accidente se produjo en una intersecci\u00f3n, examinar\u00edan las grabaciones de las c\u00e1maras de tr\u00e1fico. Tambi\u00e9n podr\u00edan revisar el informe policial y cualquier testimonio de testigos presenciales. Si es necesario, podr\u00edan seguir los cauces procesales adecuados para obtener registros del proveedor del celular del conductor para ver si lo estaba utilizando al momento del accidente. Tambi\u00e9n podr\u00edan examinar las pruebas de alcoholemia del culpable si el demandante tiene motivos para sospechar que estaba ebrio o intoxicado.<\/p>\n<h2>Lesiones que puede sufrir un peat\u00f3n en un accidente con un veh\u00edculo de motor<\/h2>\n<p>Como nada protege a una persona del impacto de un choque cuando un autom\u00f3vil la golpea, puede sufrir lesiones graves como las siguientes:<\/p>\n<ul>\n<li>Traumatismos craneoencef\u00e1licos, incluso lesiones cerebrales<\/li>\n<li>Lesiones de cuello y espalda, incluso da\u00f1os en la m\u00e9dula espinal que pueden provocar par\u00e1lisis.<\/li>\n<li>Rotura de huesos que puede provocar amputaciones<\/li>\n<li>Laceraciones que pueden provocar cicatrices permanentes<\/li>\n<li>Da\u00f1os en \u00f3rganos internos<\/li>\n<\/ul>\n<p>Despu\u00e9s de sufrir un grave accidente de peat\u00f3n, muchas personas tienen que soportar largas estancias en el hospital, m\u00faltiples procedimientos m\u00e9dicos, cirug\u00edas y extensos programas de rehabilitaci\u00f3n. Durante su rehabilitaci\u00f3n, es posible que no puedan volver a trabajar, lo que puede suponer una p\u00e9rdida de ingresos y una enorme merma de sus ahorros econ\u00f3micos. Adem\u00e1s de sufrir lesiones f\u00edsicas y perjuicios econ\u00f3micos, los accidentes de peatones tambi\u00e9n pueden causar graves traumas emocionales y psicol\u00f3gicos. Las personas que sobreviven a estos accidentes pueden sufrir depresi\u00f3n, ansiedad y estr\u00e9s postraum\u00e1tico. Un abogado local podr\u00eda ayudar a un superviviente de un accidente de peat\u00f3n a recuperar los da\u00f1os para aliviar su carga financiera, lo que le permitir\u00eda centrarse en su recuperaci\u00f3n f\u00edsica y emocional.<\/p>\n<h2>Posibles da\u00f1os recuperables<\/h2>\n<p>Abogados expertos en la zona podr\u00edan reclamar da\u00f1os y perjuicios para compensar a los perjudicados por todos los da\u00f1os sufridos en su accidente de peat\u00f3n. Los demandantes pueden tener derecho a una indemnizaci\u00f3n por da\u00f1os y perjuicios econ\u00f3micos que les compense por las p\u00e9rdidas monetarias reales y previstas, como los gastos m\u00e9dicos, la p\u00e9rdida de ingresos y la p\u00e9rdida de capacidad de ganancia. La legislaci\u00f3n estatal tambi\u00e9n permite recuperar los da\u00f1os no econ\u00f3micos que compensan a los demandantes por sus p\u00e9rdidas no cuantificables, como el dolor y el sufrimiento, la p\u00e9rdida del disfrute de la vida, la ansiedad emocional y la p\u00e9rdida de consorcio. En determinadas circunstancias limitadas, un demandante puede recuperar da\u00f1os punitivos contra un demandado. La legislaci\u00f3n estatal suele limitar los importes de recuperaci\u00f3n a distintos niveles seg\u00fan las circunstancias.<\/p>\n<h2>Contacte a un abogado especializado en accidentes de peatones en Castle Rock hoy<\/h2>\n<p>Aunque un acuerdo legal no puede devolverle la salud pose\u00eda antes de su accidente, un abogado especializado en accidentes de peatones de Castle Rock podr\u00eda ayudarle a iniciar el camino hacia la recuperaci\u00f3n financiera. Podr\u00edamos revisar su caso y determinar sus mejores opciones legales seg\u00fan las circunstancias. Solicite una consulta hoy mismo.<\/p>\n","protected":false},"excerpt":{"rendered":"<p>Rara vez, la gente teme por su seguridad cuando sale a pasear tranquilamente, sobre todo si utiliza aceras, pasos de&nbsp;<a class=\"moretag\" href=\"https:\/\/springslawgroup.com\/es\/castle-rock-lesiones-personales\/castle-rock-abogado-de-accidente-de-peatones\/\"> Read More&#8230;<\/a><\/p>\n","protected":false},"author":32,"featured_media":0,"parent":16335,"menu_order":0,"comment_status":"closed","ping_status":"closed","template":"landingpage.php","meta":{"_acf_changed":false,"inline_featured_image":false,"footnotes":""},"categories":[],"tags":[],"class_list":["post-16322","page","type-page","status-publish","hentry"],"acf":{"key_takeaways":null,"_litigation_personal_injury_contents_new":{"_litigation_personal_injury_title_new":"","_litigation_personal_injury_discription_new":"","_litigation_personal_injury_discription_new_copy":"","_litigation_video_url_new":"","add_button":false},"_header_sub_header_content_new":null,"_litigation_frequently_asked_questions_new":null,"lawsuit_updates":null,"_litigation_related_posts_relation":null,"acf-references":""},"_links":{"self":[{"href":"https:\/\/springslawgroup.com\/es\/wp-json\/wp\/v2\/pages\/16322","targetHints":{"allow":["GET"]}}],"collection":[{"href":"https:\/\/springslawgroup.com\/es\/wp-json\/wp\/v2\/pages"}],"about":[{"href":"https:\/\/springslawgroup.com\/es\/wp-json\/wp\/v2\/types\/page"}],"author":[{"embeddable":true,"href":"https:\/\/springslawgroup.com\/es\/wp-json\/wp\/v2\/users\/32"}],"replies":[{"embeddable":true,"href":"https:\/\/springslawgroup.com\/es\/wp-json\/wp\/v2\/comments?post=16322"}],"version-history":[{"count":3,"href":"https:\/\/springslawgroup.com\/es\/wp-json\/wp\/v2\/pages\/16322\/revisions"}],"predecessor-version":[{"id":17218,"href":"https:\/\/springslawgroup.com\/es\/wp-json\/wp\/v2\/pages\/16322\/revisions\/17218"}],"up":[{"embeddable":true,"href":"https:\/\/springslawgroup.com\/es\/wp-json\/wp\/v2\/pages\/16335"}],"wp:attachment":[{"href":"https:\/\/springslawgroup.com\/es\/wp-json\/wp\/v2\/media?parent=16322"}],"wp:term":[{"taxonomy":"category","embeddable":true,"href":"https:\/\/springslawgroup.com\/es\/wp-json\/wp\/v2\/categories?post=16322"},{"taxonomy":"post_tag","embeddable":true,"href":"https:\/\/springslawgroup.com\/es\/wp-json\/wp\/v2\/tags?post=16322"}],"curies":[{"name":"wp","href":"https:\/\/api.w.org\/{rel}","templated":true}]}}