{"id":16321,"date":"2020-05-11T14:28:49","date_gmt":"2020-05-11T21:28:49","guid":{"rendered":"https:\/\/springs.flywheelstaging.com\/seguro-de-salud-en-colorado-springs-accidentes-de-motocicleta\/"},"modified":"2023-10-20T14:19:50","modified_gmt":"2023-10-20T21:19:50","slug":"seguro-de-salud-en-colorado-springs-accidentes-de-motocicleta","status":"publish","type":"page","link":"https:\/\/springslawgroup.com\/es\/colorado-springs-abogado-de-accidente-de-motocicleta\/seguro-de-salud-en-colorado-springs-accidentes-de-motocicleta\/","title":{"rendered":"Seguro de Salud en Colorado Springs tras Accidentes de Motocicleta"},"content":{"rendered":"<p>El seguro m\u00e9dico puede ser extremadamente \u00fatil tras un accidente de moto, especialmente cuando alguien es parcial o totalmente culpable de la colisi\u00f3n. Si eres responsable de tus propias lesiones en un 50 % o m\u00e1s, tendr\u00e1s que pagar t\u00fa mismo el tratamiento m\u00e9dico si no lo cubre tu seguro m\u00e9dico.<\/p>\n<p>Aunque usted tenga menos del 50 % de la culpa del accidente, la indemnizaci\u00f3n de la compa\u00f1\u00eda de seguros puede verse reducida. Por estas y muchas otras razones, el seguro de salud juega un papel crucial en muchos <a href=\"https:\/\/springslawgroup.com\/es\/colorado-springs-abogado-de-accidente-de-motocicleta\/\">casos de accidentes de motocicleta<\/a> en Colorado Springs.<\/p>\n<h2>\u00bfC\u00f3mo Podr\u00eda el Seguro de Salud Limitar la Recuperaci\u00f3n Legal?<\/h2>\n<p>Dependiendo de su p\u00f3liza de seguro de salud, as\u00ed como de la legislaci\u00f3n local y federal, una v\u00edctima de accidente de motocicleta puede tener que pagar a su compa\u00f1\u00eda de seguros de salud parte de su liquidaci\u00f3n una vez que se les reembolsa por sus gastos m\u00e9dicos.<\/p>\n<p>Si el proveedor de cobertura de alguien paga su factura de urgencias y posteriormente recibe una indemnizaci\u00f3n a trav\u00e9s de un litigio civil, tiene que devolver el dinero a ese seguro m\u00e9dico pr\u00e1cticamente el 100%. Esto, a su vez, limita su recuperaci\u00f3n civil, pero un abogado experto puede ser capaz de negociar con las compa\u00f1\u00edas de seguros de salud y posiblemente reducir la cantidad que un motociclista lesionado le debe.<\/p>\n<h3>\u00bfCu\u00e1nto Suelen Pedir las Aseguradoras?<\/h3>\n<p>Las compa\u00f1\u00edas de seguros m\u00e9dicos siempre piden el reembolso del 100% de lo que han pagado, y corresponde al asegurado negociar con ellas para reducir ese porcentaje. Algunas leyes de seguros de Colorado contradicen ciertas leyes federales, por lo que es importante discutir estos procedimientos y obligaciones con un abogado experimentado de Colorado Springs que est\u00e9 familiarizado con el papel del seguro de salud en accidentes de motocicleta.<\/p>\n<p>Con el fin de ayudar eficazmente a una v\u00edctima de accidente de motocicleta, un abogado tendr\u00eda que determinar el tipo de plan de seguro que tienen y si se rige por la ley estatal o federal, ya que esta informaci\u00f3n indicar\u00eda qu\u00e9 opciones est\u00e1n disponibles para reducir potencialmente la cantidad de reembolso que deben. Aunque un motorista lesionado debe esperar que su proveedor de cobertura le pida que se lo devuelva todo, puede solicitar reducciones si est\u00e1 debidamente informado y bien equipado.<\/p>\n<h2>Qu\u00e9 Ocurre en los Accidentes de Moto con Conductores sin Seguro<\/h2>\n<p>Cuando alguien est\u00e1 involucrado en un accidente de motocicleta con un conductor sin seguro, es posible que su propia compa\u00f1\u00eda de seguros cubra sus <a href=\"https:\/\/springslawgroup.com\/es\/colorado-springs-abogado-de-accidente-de-motocicleta\/colorado-springs-accidentes-de-motocicleta-lesiones\/\">lesiones<\/a> y da\u00f1os si tiene cobertura de motorista sin seguro. Si no tienen cobertura de motorista sin seguro, suelen tener que pagar sus propios da\u00f1os.<\/p>\n<p>Dicho esto, si alguien es atropellado por un conductor sin seguro, el motorista lesionado puede demandar al conductor para recuperar los da\u00f1os. Sin embargo, la mayor\u00eda de los conductores sin seguro carecen de cobertura porque no tienen fondos suficientes para pagar el seguro, por lo que es probable que tampoco tengan para pagar las facturas m\u00e9dicas del demandante.<\/p>\n<p>En ese caso, otra opci\u00f3n para recuperar ciertas facturas es a trav\u00e9s de la fiscal\u00eda local, el fondo de compensaci\u00f3n para motoristas o una causa civil. Mediante una demanda civil que prospere, el conductor demandado puede ser condenado a pagar los da\u00f1os del motorista.<\/p>\n<h2>Pregunte a un Abogado Sobre el Seguro de Salud en Colorado Springs por Accidentes de Motocicleta<\/h2>\n<p>Mucho antes de verse implicado en un accidente de moto, deber\u00eda revisar su p\u00f3liza de seguro para ver qu\u00e9 cubre en caso de accidente. Tambi\u00e9n debe ponerse en contacto con su compa\u00f1\u00eda de seguros si le deniegan el pago tras un accidente, porque a veces lo hacen por motivos injustificables.<\/p>\n<p>Si no sabe qu\u00e9 factores se aplican a su situaci\u00f3n o cu\u00e1ndo pueden ser aplicables, puede acabar esperando demasiado para resolver un problema o no resolverlo correctamente, y eso podr\u00eda limitar la recuperaci\u00f3n que puede necesitar desesperadamente. En \u00faltima instancia, le corresponde a usted asegurarse de obtener todos los beneficios que pag\u00f3 de su compa\u00f1\u00eda de seguros de salud, por lo que si tiene alguna pregunta sobre c\u00f3mo el seguro de salud podr\u00eda afectar su caso de accidente de motocicleta, debe comunicarse con un abogado de Colorado Springs lo antes posible.<\/p>\n","protected":false},"excerpt":{"rendered":"<p>El seguro m\u00e9dico puede ser extremadamente \u00fatil tras un accidente de moto, especialmente cuando alguien es parcial o totalmente culpable&nbsp;<a class=\"moretag\" href=\"https:\/\/springslawgroup.com\/es\/colorado-springs-abogado-de-accidente-de-motocicleta\/seguro-de-salud-en-colorado-springs-accidentes-de-motocicleta\/\"> Read More&#8230;<\/a><\/p>\n","protected":false},"author":32,"featured_media":0,"parent":16695,"menu_order":0,"comment_status":"closed","ping_status":"closed","template":"landingpage.php","meta":{"_acf_changed":false,"inline_featured_image":false,"footnotes":""},"categories":[],"tags":[],"class_list":["post-16321","page","type-page","status-publish","hentry"],"acf":{"key_takeaways":null,"_litigation_personal_injury_contents_new":{"_litigation_personal_injury_title_new":"","_litigation_personal_injury_discription_new":"","_litigation_personal_injury_discription_new_copy":"","_litigation_video_url_new":"","add_button":""},"_header_sub_header_content_new":null,"_litigation_frequently_asked_questions_new":null,"lawsuit_updates":null,"_litigation_related_posts_relation":null,"acf-references":""},"_links":{"self":[{"href":"https:\/\/springslawgroup.com\/es\/wp-json\/wp\/v2\/pages\/16321","targetHints":{"allow":["GET"]}}],"collection":[{"href":"https:\/\/springslawgroup.com\/es\/wp-json\/wp\/v2\/pages"}],"about":[{"href":"https:\/\/springslawgroup.com\/es\/wp-json\/wp\/v2\/types\/page"}],"author":[{"embeddable":true,"href":"https:\/\/springslawgroup.com\/es\/wp-json\/wp\/v2\/users\/32"}],"replies":[{"embeddable":true,"href":"https:\/\/springslawgroup.com\/es\/wp-json\/wp\/v2\/comments?post=16321"}],"version-history":[{"count":3,"href":"https:\/\/springslawgroup.com\/es\/wp-json\/wp\/v2\/pages\/16321\/revisions"}],"predecessor-version":[{"id":18068,"href":"https:\/\/springslawgroup.com\/es\/wp-json\/wp\/v2\/pages\/16321\/revisions\/18068"}],"up":[{"embeddable":true,"href":"https:\/\/springslawgroup.com\/es\/wp-json\/wp\/v2\/pages\/16695"}],"wp:attachment":[{"href":"https:\/\/springslawgroup.com\/es\/wp-json\/wp\/v2\/media?parent=16321"}],"wp:term":[{"taxonomy":"category","embeddable":true,"href":"https:\/\/springslawgroup.com\/es\/wp-json\/wp\/v2\/categories?post=16321"},{"taxonomy":"post_tag","embeddable":true,"href":"https:\/\/springslawgroup.com\/es\/wp-json\/wp\/v2\/tags?post=16321"}],"curies":[{"name":"wp","href":"https:\/\/api.w.org\/{rel}","templated":true}]}}