{"id":16320,"date":"2020-08-13T15:07:48","date_gmt":"2020-08-13T22:07:48","guid":{"rendered":"https:\/\/springs.flywheelstaging.com\/castle-rock-abogado-de-responsabilidad-de-locales\/"},"modified":"2023-09-01T07:10:14","modified_gmt":"2023-09-01T14:10:14","slug":"castle-rock-abogado-de-responsabilidad-de-locales","status":"publish","type":"page","link":"https:\/\/springslawgroup.com\/es\/castle-rock-lesiones-personales\/castle-rock-abogado-de-responsabilidad-de-locales\/","title":{"rendered":"Abogado especializado en responsabilidad del local de Castle Rock"},"content":{"rendered":"<p>La ley estatal obliga a los propietarios a proteger a sus hu\u00e9spedes, clientes y visitantes de da\u00f1os innecesarios. Los peligros ocultos en una propiedad pueden causar lesiones devastadoras que pueden acarrear dificultades econ\u00f3micas. Por suerte, existe ayuda jur\u00eddica.<\/p>\n<p>Si usted sufri\u00f3 lesiones mientras se encontraba en la propiedad de otra persona, puede ser elegible para recibir compensaci\u00f3n por sus lesiones por parte del due\u00f1o de la propiedad en una <a href=\"https:\/\/springslawgroup.com\/es\/castle-rock-lesiones-personales\/\">demanda por lesiones personales<\/a>. Un abogado especializado en responsabilidad del local de Castle Rock podr\u00eda reunirse con usted para discutir su accidente y determinar si la presentaci\u00f3n de una demanda es una buena opci\u00f3n para su situaci\u00f3n.<\/p>\n<h2>\u00bfD\u00f3nde pueden producirse incidentes de responsabilidad del local?<\/h2>\n<p>La responsabilidad del local es un concepto jur\u00eddico que interviene en determinadas demandas por lesiones personales cuando los peligros existentes en una propiedad causan lesiones graves a alguien. Estas lesiones pueden producirse tanto en residencias privadas como en propiedades comerciales. En general, los tribunales exigen a los propietarios de locales comerciales que observen un alto nivel de diligencia para proteger a sus clientes, hu\u00e9spedes y visitantes de las condiciones peligrosas en sus instalaciones. Estos incidentes pueden producirse en los siguientes lugares comerciales:<\/p>\n<ul>\n<li>Supermercados<\/li>\n<li>Tiendas y centros comerciales<\/li>\n<li>Edificios de oficinas<\/li>\n<li>Gimnasios<\/li>\n<li>Obras de construcci\u00f3n<\/li>\n<li>Hoteles<\/li>\n<li>Restaurantes<\/li>\n<li>Hospitales, oficinas m\u00e9dicas y residencias para gente mayor<\/li>\n<li>Parques de atracciones<\/li>\n<li>Estadios, parques y otros recintos deportivos y de ocio<\/li>\n<\/ul>\n<p>Nuestros abogados de Castle Rock tienen una amplia experiencia con accidentes que ocurren en todos estos lugares y podr\u00edan trabajar para demostrar que el due\u00f1o de la propiedad tiene la responsabilidad legal en un caso de responsabilidad del local.<\/p>\n<h2>Tipos de incidentes que pueden dar lugar a acciones de responsabilidad del local<\/h2>\n<p>Siempre que exista un peligro en una propiedad, puede producirse un accidente. Las demandas por responsabilidad de los locales pueden implicar lo siguiente:<\/p>\n<ul>\n<li><a href=\"https:\/\/springslawgroup.com\/es\/castle-rock-lesiones-personales\/castle-rock-resbalon-y-caida-abogado\/\">Accidentes por resbalones o ca\u00eddas<\/a><\/li>\n<li>Suelos mojados<\/li>\n<li>Nieve y hielo en aceras, calzadas y aparcamientos<\/li>\n<li>Seguridad o iluminaci\u00f3n deficientes, que podr\u00edan dar lugar a agresiones<\/li>\n<li>Mordeduras de perro<\/li>\n<li>Incendios<\/li>\n<li>Lesiones en juegos de parques de atracciones<\/li>\n<li>Piscinas sin vallar<\/li>\n<li>Fugas de gas<\/li>\n<li>Escaleras o barandillas rotas<\/li>\n<li>Accidentes en ascensores o escaleras mec\u00e1nicas<\/li>\n<li>Intoxicaci\u00f3n por mon\u00f3xido de carbono<\/li>\n<\/ul>\n<p>Nuestros abogados locales podr\u00edan investigar a fondo un caso de responsabilidad del local y determinar el mejor curso de acci\u00f3n legal, seg\u00fan las circunstancias. Podr\u00edamos revisar todos los historiales m\u00e9dicos, informes policiales y testimonios de testigos oculares en un esfuerzo por demostrar que la culpa es del propietario.<\/p>\n<h2>Determinaci\u00f3n de la negligencia en una demanda por responsabilidad del local<\/h2>\n<p>Para prevalecer en una demanda por responsabilidad del local, el demandante debe demostrar que la negligencia del propietario caus\u00f3 directamente sus lesiones. Para ello, tendr\u00eda que demostrar que el propietario no conserv\u00f3 adecuadamente ni mantuvo razonablemente su propiedad. Adem\u00e1s, un demandante perjudicado tendr\u00eda que demostrar que el propietario conoc\u00eda o deber\u00eda haber conocido la existencia de una situaci\u00f3n peligrosa en la propiedad y que no elimin\u00f3 el peligro reparando el problema ni advirti\u00f3 a los visitantes de su existencia. Tambi\u00e9n tendr\u00edan que demostrar que la condici\u00f3n peligrosa les caus\u00f3 lesiones graves. Los abogados de la zona que tienen experiencia en demandas por responsabilidad de los locales podr\u00edan ayudar con la revisi\u00f3n del estado de la propiedad. Podr\u00edan averiguar cu\u00e1nto tiempo llevaba all\u00ed el peligro y presentar pruebas para demostrar que otro propietario razonable lo habr\u00eda retirado antes de que se produjera un accidente similar.<\/p>\n<h2>Llame a un abogado especializado en responsabilidad del local de Castle Rock<\/h2>\n<p>Nuestro equipo de abogados especializados podr\u00eda asesorarle, explicarle las leyes pertinentes y ayudarle a tomar decisiones informadas sobre su caso. Podr\u00edamos acompa\u00f1arle en cada paso del proceso legal, desde la presentaci\u00f3n inicial hasta la negociaci\u00f3n de ofertas de acuerdo. Si llega una oferta de acuerdo, un abogado especializado en responsabilidad del local de Castle Rock podr\u00eda ayudarle a determinar si la cantidad ofrecida representa justamente sus p\u00e9rdidas. P\u00f3ngase en contacto con nuestra oficina hoy mismo para empezar.<\/p>\n","protected":false},"excerpt":{"rendered":"<p>La ley estatal obliga a los propietarios a proteger a sus hu\u00e9spedes, clientes y visitantes de da\u00f1os innecesarios. Los peligros&nbsp;<a class=\"moretag\" href=\"https:\/\/springslawgroup.com\/es\/castle-rock-lesiones-personales\/castle-rock-abogado-de-responsabilidad-de-locales\/\"> Read More&#8230;<\/a><\/p>\n","protected":false},"author":32,"featured_media":0,"parent":16335,"menu_order":0,"comment_status":"closed","ping_status":"closed","template":"landingpage.php","meta":{"_acf_changed":false,"inline_featured_image":false,"footnotes":""},"categories":[],"tags":[],"class_list":["post-16320","page","type-page","status-publish","hentry"],"acf":{"key_takeaways":null,"_litigation_personal_injury_contents_new":{"_litigation_personal_injury_title_new":"","_litigation_personal_injury_discription_new":"","_litigation_personal_injury_discription_new_copy":"","_litigation_video_url_new":"","add_button":false},"_header_sub_header_content_new":null,"_litigation_frequently_asked_questions_new":null,"lawsuit_updates":null,"_litigation_related_posts_relation":null,"acf-references":""},"_links":{"self":[{"href":"https:\/\/springslawgroup.com\/es\/wp-json\/wp\/v2\/pages\/16320","targetHints":{"allow":["GET"]}}],"collection":[{"href":"https:\/\/springslawgroup.com\/es\/wp-json\/wp\/v2\/pages"}],"about":[{"href":"https:\/\/springslawgroup.com\/es\/wp-json\/wp\/v2\/types\/page"}],"author":[{"embeddable":true,"href":"https:\/\/springslawgroup.com\/es\/wp-json\/wp\/v2\/users\/32"}],"replies":[{"embeddable":true,"href":"https:\/\/springslawgroup.com\/es\/wp-json\/wp\/v2\/comments?post=16320"}],"version-history":[{"count":3,"href":"https:\/\/springslawgroup.com\/es\/wp-json\/wp\/v2\/pages\/16320\/revisions"}],"predecessor-version":[{"id":17219,"href":"https:\/\/springslawgroup.com\/es\/wp-json\/wp\/v2\/pages\/16320\/revisions\/17219"}],"up":[{"embeddable":true,"href":"https:\/\/springslawgroup.com\/es\/wp-json\/wp\/v2\/pages\/16335"}],"wp:attachment":[{"href":"https:\/\/springslawgroup.com\/es\/wp-json\/wp\/v2\/media?parent=16320"}],"wp:term":[{"taxonomy":"category","embeddable":true,"href":"https:\/\/springslawgroup.com\/es\/wp-json\/wp\/v2\/categories?post=16320"},{"taxonomy":"post_tag","embeddable":true,"href":"https:\/\/springslawgroup.com\/es\/wp-json\/wp\/v2\/tags?post=16320"}],"curies":[{"name":"wp","href":"https:\/\/api.w.org\/{rel}","templated":true}]}}