{"id":16319,"date":"2020-08-24T14:33:40","date_gmt":"2020-08-24T21:33:40","guid":{"rendered":"https:\/\/springs.flywheelstaging.com\/accidentes-del-resbalon-y-de-la-caida-que-implican-nieve-o-hielo-en-colorado-springs\/"},"modified":"2023-10-20T14:13:51","modified_gmt":"2023-10-20T21:13:51","slug":"accidentes-del-resbalon-y-de-la-caida-que-implican-nieve-o-hielo-en-colorado-springs","status":"publish","type":"page","link":"https:\/\/springslawgroup.com\/es\/colorado-springs-resbalon-y-caida-abogado\/accidentes-del-resbalon-y-de-la-caida-que-implican-nieve-o-hielo-en-colorado-springs\/","title":{"rendered":"Accidentes de Resbal\u00f3n y Ca\u00edda que Implican Nieve o Hielo en Colorado Springs"},"content":{"rendered":"<p>El invierno en Colorado significa nieve y hielo. En muchas partes del estado, la nieve invernal es un espect\u00e1culo bienvenido para los deportes de invierno y el turismo. Pero tambi\u00e9n significa que es m\u00e1s probable que se produzcan resbalones y ca\u00eddas. Cuando alguien resbala en una acera helada o se cae a causa de la nieve derretida, puede sufrir lesiones personales graves o catastr\u00f3ficas, como traumatismos craneoencef\u00e1licos, lesiones medulares y fracturas \u00f3seas. Este es un tipo de caso de responsabilidad de los locales que puede permitir a alguien obtener una indemnizaci\u00f3n por da\u00f1os personales, tales como dolor y sufrimiento, p\u00e9rdida de salarios, gastos m\u00e9dicos y otros da\u00f1os. No obstante, es importante se\u00f1alar que no todos los <a href=\"https:\/\/springslawgroup.com\/es\/colorado-springs-resbalon-y-caida-abogado\/\">accidentes por resbalones y ca\u00eddas<\/a> dan lugar a responsabilidad civil. Como resultado, si usted sufri\u00f3 un accidente de resbal\u00f3n y ca\u00edda con nieve o hielo en Colorado Springs, debe buscar la ayuda de un abogado con experiencia en lesiones personales.<\/p>\n<h2>Responsabilidad de los Propietarios en Accidentes de Ca\u00edda por Hielo o Nieve<\/h2>\n<p>Las personas que resbalaron y cayeron en la pista de nieve pueden ser capaces de obtener una indemnizaci\u00f3n si pueden determinar que el propietario demandado, poseedor, mantenedor, u otra persona o empresa en el control no mantuvo sus instalaciones razonablemente seguras dadas las circunstancias. La ley estatal exige a los propietarios de negocios que mantengan sus locales libres de defectos, condiciones peligrosas, situaciones de riesgo u otras situaciones potencialmente perjudiciales para los clientes previsibles.<\/p>\n<p>La nieve acumulada o las aceras heladas representan una situaci\u00f3n peligrosa que los propietarios de terrenos y negocios tienen la obligaci\u00f3n legal de hacer segura. Por lo tanto, las personas que resbalan y caen sobre nieve o hielo derretidos pueden tener derecho a una indemnizaci\u00f3n por la negligencia del propietario de un terreno o negocio si no cumpli\u00f3 esta obligaci\u00f3n legal. Seguir en la nieve que se derrite es peligroso por varias razones, entre ellas:<\/p>\n<ul>\n<li>La permanencia en la nieve suele realizarse a la entrada o salida de una tienda, lo que significa que se trata de un punto en el que lo m\u00e1s probable es que los clientes est\u00e9n cerca<\/li>\n<li>Permanecer en la nieve que se derrite pueden hacer m\u00e1s dif\u00edcil para una persona ver y por lo tanto resbalar<\/li>\n<li>La nieve derretida podr\u00eda ser resbaladiza en determinadas superficies, como el lin\u00f3leo o la madera pintada, que son superficies de suelo habituales.<\/li>\n<li>Permanecer en la nieve pueden hacer que una persona resbale y caiga cerca de estanter\u00edas u otros muebles, lo que puede provocar lesiones en la cabeza<\/li>\n<\/ul>\n<p>Por lo tanto, los clientes o invitados a tiendas, negocios, casas, apartamentos y otras propiedades tienen derecho a un local razonablemente mantenido libre de condiciones peligrosas. La nieve derretida resbaladiza y dif\u00edcil de ver es un defecto peligroso que puede ocasionar lesiones graves a una persona que, conforme a la legislaci\u00f3n estatal, tiene derecho a una indemnizaci\u00f3n.<\/p>\n<h2>P\u00f3ngase en Contacto con Nuestros Abogados de Colorado Springs Despu\u00e9s de un Accidente de Resbal\u00f3n y Ca\u00edda Causada por la Nieve o el Hielo<\/h2>\n<p>Las personas lesionadas por pisar nieve o aceras heladas pueden sufrir <a href=\"https:\/\/springslawgroup.com\/es\/colorado-springs-resbalon-y-caida-abogado\/\">lesiones personales graves o catastr\u00f3ficas<\/a>. En estas situaciones, los perjudicados y sus familias pueden tener derecho a una indemnizaci\u00f3n.<\/p>\n<p>Aqu\u00ed en Springs Law Group, nuestros profesionales del derecho saben c\u00f3mo probar la responsabilidad y los da\u00f1os en un caso de responsabilidad de las premisas que implican una acera helada o virada en la nieve. Podr\u00edamos trabajar con sus proveedores m\u00e9dicos y podr\u00edamos contratar a otros expertos para ayudar a proteger su reclamo y establecer la responsabilidad. Si usted o un ser querido resultaron gravemente heridos en un accidente de resbal\u00f3n y ca\u00edda con nieve o hielo, pida a nuestros abogados en Colorado Springs una consulta gratuita para saber cu\u00e1les pueden ser sus derechos a una indemnizaci\u00f3n en virtud de la ley estatal.<\/p>\n","protected":false},"excerpt":{"rendered":"<p>El invierno en Colorado significa nieve y hielo. En muchas partes del estado, la nieve invernal es un espect\u00e1culo bienvenido&nbsp;<a class=\"moretag\" href=\"https:\/\/springslawgroup.com\/es\/colorado-springs-resbalon-y-caida-abogado\/accidentes-del-resbalon-y-de-la-caida-que-implican-nieve-o-hielo-en-colorado-springs\/\"> Read More&#8230;<\/a><\/p>\n","protected":false},"author":32,"featured_media":0,"parent":16698,"menu_order":0,"comment_status":"closed","ping_status":"closed","template":"landingpage.php","meta":{"_acf_changed":false,"inline_featured_image":false,"footnotes":""},"categories":[],"tags":[],"class_list":["post-16319","page","type-page","status-publish","hentry"],"acf":{"key_takeaways":null,"_litigation_personal_injury_contents_new":{"_litigation_personal_injury_title_new":"","_litigation_personal_injury_discription_new":"","_litigation_personal_injury_discription_new_copy":"","_litigation_video_url_new":"","add_button":false},"_header_sub_header_content_new":null,"_litigation_frequently_asked_questions_new":null,"lawsuit_updates":null,"_litigation_related_posts_relation":null,"acf-references":""},"_links":{"self":[{"href":"https:\/\/springslawgroup.com\/es\/wp-json\/wp\/v2\/pages\/16319","targetHints":{"allow":["GET"]}}],"collection":[{"href":"https:\/\/springslawgroup.com\/es\/wp-json\/wp\/v2\/pages"}],"about":[{"href":"https:\/\/springslawgroup.com\/es\/wp-json\/wp\/v2\/types\/page"}],"author":[{"embeddable":true,"href":"https:\/\/springslawgroup.com\/es\/wp-json\/wp\/v2\/users\/32"}],"replies":[{"embeddable":true,"href":"https:\/\/springslawgroup.com\/es\/wp-json\/wp\/v2\/comments?post=16319"}],"version-history":[{"count":3,"href":"https:\/\/springslawgroup.com\/es\/wp-json\/wp\/v2\/pages\/16319\/revisions"}],"predecessor-version":[{"id":18052,"href":"https:\/\/springslawgroup.com\/es\/wp-json\/wp\/v2\/pages\/16319\/revisions\/18052"}],"up":[{"embeddable":true,"href":"https:\/\/springslawgroup.com\/es\/wp-json\/wp\/v2\/pages\/16698"}],"wp:attachment":[{"href":"https:\/\/springslawgroup.com\/es\/wp-json\/wp\/v2\/media?parent=16319"}],"wp:term":[{"taxonomy":"category","embeddable":true,"href":"https:\/\/springslawgroup.com\/es\/wp-json\/wp\/v2\/categories?post=16319"},{"taxonomy":"post_tag","embeddable":true,"href":"https:\/\/springslawgroup.com\/es\/wp-json\/wp\/v2\/tags?post=16319"}],"curies":[{"name":"wp","href":"https:\/\/api.w.org\/{rel}","templated":true}]}}