{"id":16318,"date":"2020-06-03T13:53:47","date_gmt":"2020-06-03T20:53:47","guid":{"rendered":"https:\/\/springs.flywheelstaging.com\/errores-a-evitar-durante-un-caso-de-accidente-de-coche-en-pueblo\/"},"modified":"2023-10-20T14:08:14","modified_gmt":"2023-10-20T21:08:14","slug":"errores-a-evitar-durante-un-caso-de-accidente-de-coche-en-pueblo","status":"publish","type":"page","link":"https:\/\/springslawgroup.com\/es\/pueblo-abogado-de-lesiones-personales\/abogado-de-accidentes-de-coche-en-pueblo\/errores-a-evitar-durante-un-caso-de-accidente-de-coche-en-pueblo\/","title":{"rendered":"Errores a Evitar Durante un Caso de Accidente de Coche en Pueblo"},"content":{"rendered":"<p>Como seres humanos, casi todo el mundo quiere ser educado y amable, por lo que puede parecer una cortes\u00eda decir: \u00abLo siento, ha sido culpa m\u00eda\u00bb, despu\u00e9s de un accidente de tr\u00e1fico. Sin embargo, esto no es algo que los abogados nunca aconsejan hacer en la escena de un accidente, porque incluso un simple \u00ablo siento\u00bb, podr\u00eda ser mal interpretado como una admisi\u00f3n de culpa que en \u00faltima instancia puede volver a morder en la corte.<\/p>\n<p>\u00c9sta es s\u00f3lo una de las formas en que los posibles demandantes pueden obstaculizar inadvertidamente cualquier reclamaci\u00f3n por <a href=\"https:\/\/springslawgroup.com\/es\/pueblo-abogado-de-lesiones-personales\/abogado-de-accidentes-de-coche-en-pueblo\/danos-recuperables-despues-de-un-accidente-de-coche-pueblo\/\">da\u00f1os y perjuicios<\/a> que quieran presentar m\u00e1s adelante. La contrataci\u00f3n de un <a href=\"https:\/\/springslawgroup.com\/es\/pueblo-abogado-de-lesiones-personales\/abogado-de-accidentes-de-coche-en-pueblo\/\">abogado<\/a> es una de las mejores maneras de evitar cometer estos errores en los casos de accidentes de coche Pueblo.<\/p>\n<h2>\u00bfPor qu\u00e9 rechazar un tratamiento m\u00e9dico es un error?<\/h2>\n<p>Lo primero que debe hacer cualquier persona tras sufrir un accidente de tr\u00e1fico es buscar tratamiento m\u00e9dico inmediato. No buscar o rechazar el tratamiento inmediato puede ser un error despu\u00e9s de un accidente de coche en Pueblo, porque la compa\u00f1\u00eda de seguros o el tribunal puede ver esto como una se\u00f1al de que el demandante no estaba tan mal como dicen estar.<\/p>\n<p>Adem\u00e1s, es importante cumplir las \u00f3rdenes del m\u00e9dico siguiendo un tratamiento inmediato, porque es la mejor manera de maximizar la recuperaci\u00f3n de las lesiones sufridas en un accidente. Si el m\u00e9dico le dice a un lesionado que vaya a ver a un especialista y \u00e9ste no lo hace, entonces no s\u00f3lo est\u00e1 desobedeciendo las \u00f3rdenes de su m\u00e9dico, sino que b\u00e1sicamente le est\u00e1 diciendo a la defensa que no est\u00e1 tan lesionado como dicen los proveedores m\u00e9dicos.<\/p>\n<h2>Evite hablar con representantes de seguros antes de hablar con un abogado<\/h2>\n<p>Uno de los mayores peligros de hacer una declaraci\u00f3n grabada a la compa\u00f1\u00eda de seguros del otro conductor es decir demasiado. Algo que grabe la compa\u00f1\u00eda de seguros del otro conductor puede utilizarse posteriormente en su contra en los tribunales. Las compa\u00f1\u00edas de seguros buscan espec\u00edficamente cosas que puedan utilizar para proteger a sus clientes, no para ayudar al perjudicado. Por este motivo, una persona lesionada debe consultar con un abogado especializado en accidentes de tr\u00e1fico antes de hacer una declaraci\u00f3n grabada a la compa\u00f1\u00eda de seguros del conductor culpable.<\/p>\n<h2>Cobro anticipado de un cheque del seguro<\/h2>\n<p>Uno de los escenarios comunes que los abogados de accidentes con experiencia en Pueblo ver es la compa\u00f1\u00eda de seguros del conductor culpable inmediatamente ofreciendo un cheque a la parte lesionada, junto con una liberaci\u00f3n para resolver todas las reclamaciones. Tras un accidente de tr\u00e1fico, los lesionados deben evitar aceptar este dinero porque, si no han completado el tratamiento, pueden estar aceptando una oferta que no cubra el importe total de su atenci\u00f3n m\u00e9dica.<\/p>\n<p>Las compa\u00f1\u00edas de seguros a menudo intentan dar dinero a los demandantes lo antes posible, pero esta cantidad casi nunca es suficiente para cubrir todas sus p\u00e9rdidas, y la liberaci\u00f3n que conlleva significa que no pueden hacer nada para buscar una recuperaci\u00f3n adicional despu\u00e9s. Teniendo esto en cuenta, los demandantes no deber\u00edan firmar estos descargos ni cobrar este dinero antes de consultar con un abogado especializado en accidentes de tr\u00e1fico.<\/p>\n<h2>Hable con un abogado de Pueblo para evitar cometer errores despu\u00e9s de un accidente de coche<\/h2>\n<p>Uno de los mayores errores a evitar despu\u00e9s de un accidente de coche en Pueblo es no ponerse en contacto con un abogado. Podr\u00eda acabar firmando documentos, aceptando cheques o haciendo declaraciones grabadas para la compa\u00f1\u00eda de seguros del conductor culpable que podr\u00edan poner en peligro su reclamaci\u00f3n. Sobre todo, es posible que no entienda el proceso de c\u00f3mo funciona este tipo de caso.<\/p>\n<p>El seguro del conductor culpable ser\u00e1 amable y educado contigo porque quiere que les hagas una declaraci\u00f3n grabada, firmes un descargo de responsabilidad y cojas un cheque antes de lo debido. Por eso es importante contar con un abogado especializado, para asegurarse de que no se aprovechan de usted.<\/p>\n","protected":false},"excerpt":{"rendered":"<p>Como seres humanos, casi todo el mundo quiere ser educado y amable, por lo que puede parecer una cortes\u00eda decir:&nbsp;<a class=\"moretag\" href=\"https:\/\/springslawgroup.com\/es\/pueblo-abogado-de-lesiones-personales\/abogado-de-accidentes-de-coche-en-pueblo\/errores-a-evitar-durante-un-caso-de-accidente-de-coche-en-pueblo\/\"> Read More&#8230;<\/a><\/p>\n","protected":false},"author":32,"featured_media":0,"parent":16983,"menu_order":0,"comment_status":"closed","ping_status":"closed","template":"landingpage.php","meta":{"_acf_changed":false,"inline_featured_image":false,"footnotes":""},"categories":[],"tags":[],"class_list":["post-16318","page","type-page","status-publish","hentry"],"acf":{"key_takeaways":null,"_litigation_personal_injury_contents_new":{"_litigation_personal_injury_title_new":"","_litigation_personal_injury_discription_new":"","_litigation_personal_injury_discription_new_copy":"","_litigation_video_url_new":"","add_button":false},"_header_sub_header_content_new":null,"_litigation_frequently_asked_questions_new":null,"lawsuit_updates":null,"_litigation_related_posts_relation":null,"acf-references":""},"_links":{"self":[{"href":"https:\/\/springslawgroup.com\/es\/wp-json\/wp\/v2\/pages\/16318","targetHints":{"allow":["GET"]}}],"collection":[{"href":"https:\/\/springslawgroup.com\/es\/wp-json\/wp\/v2\/pages"}],"about":[{"href":"https:\/\/springslawgroup.com\/es\/wp-json\/wp\/v2\/types\/page"}],"author":[{"embeddable":true,"href":"https:\/\/springslawgroup.com\/es\/wp-json\/wp\/v2\/users\/32"}],"replies":[{"embeddable":true,"href":"https:\/\/springslawgroup.com\/es\/wp-json\/wp\/v2\/comments?post=16318"}],"version-history":[{"count":2,"href":"https:\/\/springslawgroup.com\/es\/wp-json\/wp\/v2\/pages\/16318\/revisions"}],"predecessor-version":[{"id":18039,"href":"https:\/\/springslawgroup.com\/es\/wp-json\/wp\/v2\/pages\/16318\/revisions\/18039"}],"up":[{"embeddable":true,"href":"https:\/\/springslawgroup.com\/es\/wp-json\/wp\/v2\/pages\/16983"}],"wp:attachment":[{"href":"https:\/\/springslawgroup.com\/es\/wp-json\/wp\/v2\/media?parent=16318"}],"wp:term":[{"taxonomy":"category","embeddable":true,"href":"https:\/\/springslawgroup.com\/es\/wp-json\/wp\/v2\/categories?post=16318"},{"taxonomy":"post_tag","embeddable":true,"href":"https:\/\/springslawgroup.com\/es\/wp-json\/wp\/v2\/tags?post=16318"}],"curies":[{"name":"wp","href":"https:\/\/api.w.org\/{rel}","templated":true}]}}