{"id":16317,"date":"2020-06-04T15:11:17","date_gmt":"2020-06-04T22:11:17","guid":{"rendered":"https:\/\/springs.flywheelstaging.com\/fort-carson-abogado-de-accidente-de-autobus\/"},"modified":"2023-09-01T07:09:39","modified_gmt":"2023-09-01T14:09:39","slug":"fort-carson-abogado-de-accidente-de-autobus","status":"publish","type":"page","link":"https:\/\/springslawgroup.com\/es\/fort-carson-lesiones-personales\/fort-carson-abogado-de-accidente-de-autobus\/","title":{"rendered":"Abogado especializado en accidentes de autob\u00fas de Fort Carson"},"content":{"rendered":"<p>Los autobuses son un medio habitual para el transporte p\u00fablico, las escuelas, los transportes interurbanos, etc. El n\u00famero total de accidentes de autob\u00fas es relativamente bajo. Sin embargo, un accidente grave de autob\u00fas puede poner en peligro muchas vidas. Las personas que sufren lesiones en un accidente relacionado con un autob\u00fas pueden tener derecho a una indemnizaci\u00f3n importante.<\/p>\n<p>Por lo tanto, si usted se involucr\u00f3 en este tipo de accidentes de veh\u00edculo de motor, debe consultar con un abogado especializado en accidentes de autob\u00fas de Fort Carson. Nuestro equipo de <a href=\"https:\/\/springslawgroup.com\/es\/fort-carson-lesiones-personales\/\">abogados especializados en lesiones personales<\/a> podr\u00eda guiarle a trav\u00e9s de sus opciones legales y gestionar cualquier complicaci\u00f3n que pueda afectar a su posible indemnizaci\u00f3n compensatoria.<\/p>\n<h2>Causas comunes de accidentes de autob\u00fas en Fort Carson<\/h2>\n<p>Los autobuses circulan a menudo por zonas urbanas con mucho tr\u00e1fico, lo que puede aumentar la probabilidad de accidentes. Hay otros factores que tambi\u00e9n pueden provocar accidentes de autobuses. Un abogado de Fort Carson que est\u00e9 familiarizado con casos de accidentes de autob\u00fas podr\u00eda desarrollar un plan de acci\u00f3n basado en la causa del incidente en cuesti\u00f3n. Otras posibles causas de estos accidentes pueden ser las siguientes:<\/p>\n<ul>\n<li>Un conductor de autob\u00fas que utiliza el tel\u00e9fono al volante<\/li>\n<li>Un conductor de autob\u00fas que conduzca bajo los efectos del alcohol o las drogas<\/li>\n<li>Falta de revisi\u00f3n o mantenimiento adecuado del veh\u00edculo<\/li>\n<li>Pieza defectuosa o alg\u00fan fallo en el sistema<\/li>\n<li>Acci\u00f3n negligente cometida por otro automovilista<\/li>\n<li>Problemas con los pasajeros al subir o bajar del autob\u00fas<\/li>\n<\/ul>\n<h2>Demandas contra el transporte p\u00fablico<\/h2>\n<p>Un reto \u00fanico en los casos de accidentes de autob\u00fas es que pueden implicar la b\u00fasqueda de una indemnizaci\u00f3n de una entidad gubernamental. Las agencias del gobierno reciben protecci\u00f3n frente a demandas civiles con base en la inmunidad soberana. En Colorado, estos casos est\u00e1n sujetos a la Ley de Inmunidad Gubernamental.<\/p>\n<p>Aunque la ley estatal exige que se mantenga un fondo de gesti\u00f3n de riesgos para pagar los reclamos por responsabilidad civil, la demanda civil de un particular puede ser impugnada o denegada. Aquellos que persiguen una demanda contra una agencia gubernamental despu\u00e9s de un accidente de autob\u00fas deben consultar con un abogado experimentado de Fort Carson antes de tomar cualquier acci\u00f3n.<\/p>\n<h2>Tipos de da\u00f1os indemnizables en Fort Carson<\/h2>\n<p>Tras un accidente grave de autob\u00fas, una persona puede tener derecho a varias formas de indemnizaci\u00f3n. El primer tipo son los da\u00f1os econ\u00f3micos, que pueden cubrir la atenci\u00f3n m\u00e9dica pasada o futura, as\u00ed como las facturas hospitalarias. Los que no pueden trabajar debido a sus lesiones tambi\u00e9n pueden recuperar da\u00f1os econ\u00f3micos por los salarios perdidos y la reducci\u00f3n de la capacidad de ganancia. Los da\u00f1os no econ\u00f3micos no conllevan una cuant\u00eda cuantificable y, por lo tanto, pueden incluir una indemnizaci\u00f3n por dolor y sufrimiento o por angustia mental.<\/p>\n<p>En ciertos casos, los demandantes perjudicados pueden solicitar tambi\u00e9n da\u00f1os punitivos. Esta forma de indemnizaci\u00f3n tiene por objeto castigar al demandado y solo aplica en situaciones en las que la parte culpable actu\u00f3 con dolo o intenci\u00f3n. Por ejemplo, un conductor de autob\u00fas que se emborrach\u00f3 al volante podr\u00eda pagar da\u00f1os punitivos a los perjudicados. Por lo general, las indemnizaciones por da\u00f1os punitivos no pueden superar el n\u00famero de indemnizaciones recuperadas en un caso. Un abogado de Fort Carson podr\u00eda evaluar el caso de accidente de autob\u00fas de un individuo y determinar qu\u00e9 formas de compensaci\u00f3n podr\u00edan obtener.<\/p>\n<h2>P\u00f3ngase en contacto con un abogado especializado en accidentes de autob\u00fas d Fort Carson<\/h2>\n<p>Los accidentes de autob\u00fas pueden tener consecuencias especialmente devastadoras para los pasajeros, los dem\u00e1s veh\u00edculos y los peatones. Si usted o un ser querido estuvo en una colisi\u00f3n que implica un autob\u00fas, debe hablar con un abogado especializado en accidentes de autob\u00fas de Fort Carson. Uno de los miembros de nuestro equipo podr\u00eda ayudarle a preparar su caso para que pueda centrarse en su recuperaci\u00f3n f\u00edsica. Para obtener m\u00e1s informaci\u00f3n, llame hoy mismo.<\/p>\n","protected":false},"excerpt":{"rendered":"<p>Los autobuses son un medio habitual para el transporte p\u00fablico, las escuelas, los transportes interurbanos, etc. El n\u00famero total de&nbsp;<a class=\"moretag\" href=\"https:\/\/springslawgroup.com\/es\/fort-carson-lesiones-personales\/fort-carson-abogado-de-accidente-de-autobus\/\"> Read More&#8230;<\/a><\/p>\n","protected":false},"author":32,"featured_media":0,"parent":16343,"menu_order":0,"comment_status":"closed","ping_status":"closed","template":"landingpage.php","meta":{"_acf_changed":false,"inline_featured_image":false,"footnotes":""},"categories":[],"tags":[],"class_list":["post-16317","page","type-page","status-publish","hentry"],"acf":{"key_takeaways":null,"_litigation_personal_injury_contents_new":{"_litigation_personal_injury_title_new":"","_litigation_personal_injury_discription_new":"","_litigation_personal_injury_discription_new_copy":"","_litigation_video_url_new":"","add_button":false},"_header_sub_header_content_new":null,"_litigation_frequently_asked_questions_new":null,"lawsuit_updates":null,"_litigation_related_posts_relation":null,"acf-references":""},"_links":{"self":[{"href":"https:\/\/springslawgroup.com\/es\/wp-json\/wp\/v2\/pages\/16317","targetHints":{"allow":["GET"]}}],"collection":[{"href":"https:\/\/springslawgroup.com\/es\/wp-json\/wp\/v2\/pages"}],"about":[{"href":"https:\/\/springslawgroup.com\/es\/wp-json\/wp\/v2\/types\/page"}],"author":[{"embeddable":true,"href":"https:\/\/springslawgroup.com\/es\/wp-json\/wp\/v2\/users\/32"}],"replies":[{"embeddable":true,"href":"https:\/\/springslawgroup.com\/es\/wp-json\/wp\/v2\/comments?post=16317"}],"version-history":[{"count":2,"href":"https:\/\/springslawgroup.com\/es\/wp-json\/wp\/v2\/pages\/16317\/revisions"}],"predecessor-version":[{"id":17111,"href":"https:\/\/springslawgroup.com\/es\/wp-json\/wp\/v2\/pages\/16317\/revisions\/17111"}],"up":[{"embeddable":true,"href":"https:\/\/springslawgroup.com\/es\/wp-json\/wp\/v2\/pages\/16343"}],"wp:attachment":[{"href":"https:\/\/springslawgroup.com\/es\/wp-json\/wp\/v2\/media?parent=16317"}],"wp:term":[{"taxonomy":"category","embeddable":true,"href":"https:\/\/springslawgroup.com\/es\/wp-json\/wp\/v2\/categories?post=16317"},{"taxonomy":"post_tag","embeddable":true,"href":"https:\/\/springslawgroup.com\/es\/wp-json\/wp\/v2\/tags?post=16317"}],"curies":[{"name":"wp","href":"https:\/\/api.w.org\/{rel}","templated":true}]}}