{"id":16316,"date":"2020-08-25T09:21:42","date_gmt":"2020-08-25T16:21:42","guid":{"rendered":"https:\/\/springs.flywheelstaging.com\/abogado-de-accidente-de-coche-de-conduccion-distraida-de-monument\/"},"modified":"2023-09-01T07:12:44","modified_gmt":"2023-09-01T14:12:44","slug":"abogado-de-accidente-de-coche-de-conduccion-distraida-de-monument","status":"publish","type":"page","link":"https:\/\/springslawgroup.com\/es\/monument-lesiones-personales\/abogado-de-accidentes-de-coche-en-monument\/abogado-de-accidente-de-coche-de-conduccion-distraida-de-monument\/","title":{"rendered":"Abogado especializado en accidentes por conducci\u00f3n distra\u00edda de Monument"},"content":{"rendered":"<p>La realidad es que, cada d\u00eda, muchos conductores apartan la vista de la carretera durante un largo periodo. Cuando se circula a gran velocidad, si el conductor no presta atenci\u00f3n, un accidente grave puede ocurrir en cuesti\u00f3n de segundos.<\/p>\n<p>Cuando una persona aparta la vista de la carretera por cualquier motivo, pone en peligro a todos los que circulan por ella. Otros automovilistas o peatones podr\u00edan cruzarse en su camino o un conductor podr\u00eda salirse de la carretera tras una mala maniobra.<\/p>\n<p>Independientemente de las circunstancias, un <a href=\"https:\/\/springslawgroup.com\/es\/monument-lesiones-personales\/abogado-de-accidentes-de-coche-en-monument\/\">abogado especializado en accidentes automovil\u00edsticos<\/a> podr\u00eda ayudarle a responsabilizar a un conductor distra\u00eddo por un accidente. Durante una consulta inicial, un abogado especializado en accidentes por conducci\u00f3n distra\u00edda de Monument podr\u00eda evaluar su demanda y ayudarle a tomar acciones legales.<\/p>\n<h2>\u00bfC\u00f3mo puede distraerse un conductor?<\/h2>\n<p>Son innumerables los factores que pueden distraer a una persona al volante. Algunas de ellas son leer un mensaje de texto, ajustar la radio o hablar con un pasajero. Aunque los factores individuales que conducen a la distracci\u00f3n son demasiado numerosos para contarlos, cada uno de ellos se engloba en unas pocas categor\u00edas generales. Estas categor\u00edas incluyen distracciones visuales, manuales y mentales.<\/p>\n<p>Las distracciones visuales implican cualquier cosa que aparte los ojos del conductor de la carretera, como la reproducci\u00f3n de un v\u00eddeo o el env\u00edo de mensajes de texto por celular. Las distracciones manuales implican cualquier acci\u00f3n que aparte las manos de una persona del volante. Podr\u00eda decirse que la distracci\u00f3n manual m\u00e1s habitual es enviar mensajes de texto o correos electr\u00f3nicos mientras se conduce. Este tipo de distracciones tambi\u00e9n pueden consistir en comer, buscar un objeto en la guantera o meter la mano en el asiento trasero para tomar un objeto.<\/p>\n<p>Las distracciones mentales incluyen cualquier acci\u00f3n que desv\u00ede la atenci\u00f3n del conductor de la conducci\u00f3n, como so\u00f1ar despierto o escuchar la radio. Otro ejemplo puede ser mantener una conversaci\u00f3n con un pasajero. Los mensajes de texto son los culpables m\u00e1s comunes, porque apartan la atenci\u00f3n, los ojos y la mano del conductor del volante. Otros ejemplos comunes son los siguientes:<\/p>\n<ul>\n<li>Uso del celular<\/li>\n<li>Utilizar la radio<\/li>\n<li>Leer un mapa<\/li>\n<li>Comer.<\/li>\n<li>Maquillarse<\/li>\n<li>Utilizar una tableta<\/li>\n<li>Utilizar una laptop<\/li>\n<li>Configurar el GPS<\/li>\n<\/ul>\n<p>Cualquiera de estas distracciones podr\u00eda provocar un accidente en la situaci\u00f3n equivocada. Un abogado de Monument puede ayudar a una persona lesionada en un accidente de tr\u00e1fico por conducci\u00f3n distra\u00edda a reclamar una indemnizaci\u00f3n a la parte culpable.<\/p>\n<h2>Asignaci\u00f3n de la responsabilidad de un accidente por conducci\u00f3n distra\u00edda<\/h2>\n<p>Hay dos maneras de determinar la responsabilidad de un accidente por conducci\u00f3n distra\u00edda. La forma m\u00e1s com\u00fan es demostrar que el otro automovilista fue negligente en el uso o manejo de su veh\u00edculo. Esto significa demostrar que el demandado no tuvo un cuidado razonable al conducir un veh\u00edculo y expuso al demandante a un da\u00f1o innecesario. Es probable que un automovilista que conduce mientras est\u00e1 distra\u00eddo con un celular, radio, comida, tableta, laptop o alg\u00fan otro dispositivo se considere un conductor imprudente, descuidado y negligente.<\/p>\n<p>La siguiente forma m\u00e1s com\u00fan es a trav\u00e9s de la violaci\u00f3n de una ley. Seg\u00fan <a href=\"https:\/\/codes.findlaw.com\/co\/title-42-vehicles-and-traffic\/co-rev-st-sect-42-4-239.html\" target=\"_blank\" rel=\"noopener\">el art\u00edculo 42-4-239 de los Estatutos Revisados de Colorado<\/a>, est\u00e1 prohibido enviar mensajes de texto mientras se conduce. Adem\u00e1s, el uso del celular mientras se conduce est\u00e1 prohibido para cualquier persona menor de 18 a\u00f1os. Un acusado que causa un accidente automovil\u00edstico por enviar mensajes de texto mientras conduce puede considerarse autom\u00e1ticamente responsable de violar un estatuto que causa da\u00f1o a una persona inocente.<\/p>\n<h2>Fecha l\u00edmite para presentar una demanda por conducci\u00f3n distra\u00edda en Monument<\/h2>\n<p>En muchos casos, la compensaci\u00f3n monetaria en un accidente por conducci\u00f3n distra\u00edda solo aplica mediante la presentaci\u00f3n de una demanda. Hay varias directrices que un demandante debe cumplir durante el proceso de demanda, pero pocas son tan importantes como la prescripci\u00f3n.<\/p>\n<p>La prescripci\u00f3n es el plazo legal para presentar una demanda. Si el plazo expira, el tribunal podr\u00eda impedir que una persona presente su caso. Seg\u00fan la ley estatal, el perjudicado debe presentar la demanda en un plazo de dos a\u00f1os a partir de la fecha del accidente. Un abogado de Monument podr\u00eda ayudar a alguien a presentar una demanda por accidente automovil\u00edstico antes de la fecha l\u00edmite legal si se involucr\u00f3 en un accidente por conducci\u00f3n distra\u00edda.<\/p>\n<h2>Contacte a un abogado especializado en accidentes por conducci\u00f3n distra\u00edda de Monument<\/h2>\n<p>Si sufri\u00f3 lesiones en un accidente por conducci\u00f3n distra\u00edda, podr\u00eda buscar una compensaci\u00f3n monetaria. Sin embargo, el derecho a demandar por da\u00f1os y perjuicios no garantiza que vaya a obtener la compensaci\u00f3n.<\/p>\n<p>Para maximizar la oportunidad de compensaci\u00f3n financiera, debe consultar con un abogado especializado en accidentes por conducci\u00f3n distra\u00edda de Monument. P\u00f3ngase en contacto con nosotros de inmediato y <a href=\"https:\/\/springslawgroup.com\/es\/contacto\/\">programe una evaluaci\u00f3n de su caso<\/a>.<\/p>\n","protected":false},"excerpt":{"rendered":"<p>La realidad es que, cada d\u00eda, muchos conductores apartan la vista de la carretera durante un largo periodo. Cuando se&nbsp;<a class=\"moretag\" href=\"https:\/\/springslawgroup.com\/es\/monument-lesiones-personales\/abogado-de-accidentes-de-coche-en-monument\/abogado-de-accidente-de-coche-de-conduccion-distraida-de-monument\/\"> Read More&#8230;<\/a><\/p>\n","protected":false},"author":32,"featured_media":0,"parent":16850,"menu_order":0,"comment_status":"closed","ping_status":"closed","template":"landingpage.php","meta":{"_acf_changed":false,"inline_featured_image":false,"footnotes":""},"categories":[],"tags":[],"class_list":["post-16316","page","type-page","status-publish","hentry"],"acf":{"key_takeaways":null,"_litigation_personal_injury_contents_new":{"_litigation_personal_injury_title_new":"","_litigation_personal_injury_discription_new":"","_litigation_personal_injury_discription_new_copy":"","_litigation_video_url_new":"","add_button":false},"_header_sub_header_content_new":null,"_litigation_frequently_asked_questions_new":null,"lawsuit_updates":null,"_litigation_related_posts_relation":null,"acf-references":""},"_links":{"self":[{"href":"https:\/\/springslawgroup.com\/es\/wp-json\/wp\/v2\/pages\/16316","targetHints":{"allow":["GET"]}}],"collection":[{"href":"https:\/\/springslawgroup.com\/es\/wp-json\/wp\/v2\/pages"}],"about":[{"href":"https:\/\/springslawgroup.com\/es\/wp-json\/wp\/v2\/types\/page"}],"author":[{"embeddable":true,"href":"https:\/\/springslawgroup.com\/es\/wp-json\/wp\/v2\/users\/32"}],"replies":[{"embeddable":true,"href":"https:\/\/springslawgroup.com\/es\/wp-json\/wp\/v2\/comments?post=16316"}],"version-history":[{"count":3,"href":"https:\/\/springslawgroup.com\/es\/wp-json\/wp\/v2\/pages\/16316\/revisions"}],"predecessor-version":[{"id":17235,"href":"https:\/\/springslawgroup.com\/es\/wp-json\/wp\/v2\/pages\/16316\/revisions\/17235"}],"up":[{"embeddable":true,"href":"https:\/\/springslawgroup.com\/es\/wp-json\/wp\/v2\/pages\/16850"}],"wp:attachment":[{"href":"https:\/\/springslawgroup.com\/es\/wp-json\/wp\/v2\/media?parent=16316"}],"wp:term":[{"taxonomy":"category","embeddable":true,"href":"https:\/\/springslawgroup.com\/es\/wp-json\/wp\/v2\/categories?post=16316"},{"taxonomy":"post_tag","embeddable":true,"href":"https:\/\/springslawgroup.com\/es\/wp-json\/wp\/v2\/tags?post=16316"}],"curies":[{"name":"wp","href":"https:\/\/api.w.org\/{rel}","templated":true}]}}