{"id":16315,"date":"2020-06-05T14:19:18","date_gmt":"2020-06-05T21:19:18","guid":{"rendered":"https:\/\/springs.flywheelstaging.com\/seguridad-y-medidas-preventivas-en-accidentes-de-motocicleta-en-colorado-springs\/"},"modified":"2023-10-20T14:16:26","modified_gmt":"2023-10-20T21:16:26","slug":"seguridad-y-medidas-preventivas-en-accidentes-de-motocicleta-en-colorado-springs","status":"publish","type":"page","link":"https:\/\/springslawgroup.com\/es\/colorado-springs-abogado-de-accidente-de-motocicleta\/seguridad-y-medidas-preventivas-en-accidentes-de-motocicleta-en-colorado-springs\/","title":{"rendered":"Seguridad y Medidas Preventivas para Accidentes de Motocicleta en Colorado Springs"},"content":{"rendered":"<p>Una de las medidas de seguridad m\u00e1s importantes que la gente puede tomar para prevenir accidentes de motocicleta en Colorado Springs es simplemente ser conscientes de que otros veh\u00edculos tienden a no ver las motocicletas, as\u00ed como ven los coches, camiones y otros veh\u00edculos. Eso no significa que los dem\u00e1s conductores no tengan que estar atentos a los motociclistas, s\u00f3lo que las motocicletas son m\u00e1s peque\u00f1as y a menudo m\u00e1s dif\u00edciles de detectar.<\/p>\n<p>Los motoristas se hacen un favor a s\u00ed mismos cuando est\u00e1n m\u00e1s alerta y son conscientes de que los dem\u00e1s conductores no pueden verles tan f\u00e1cilmente. Desde el punto de vista pr\u00e1ctico, hay varios comportamientos espec\u00edficos que los motoristas deber\u00edan adoptar para ayudarse a s\u00ed mismos en este sentido y minimizar sus probabilidades de necesitar llamar a un <a href=\"https:\/\/springslawgroup.com\/es\/colorado-springs-abogado-de-accidente-de-motocicleta\/\">abogado especializado en accidentes de moto<\/a>.<\/p>\n<h2>Medidas de Seguridad Antes de Conducir<\/h2>\n<p>Antes de conducir una motocicleta, el conductor debe comprobar todos los componentes que comprobar\u00eda en un veh\u00edculo normal, incluidas las luces, los intermitentes y los mandos de direcci\u00f3n. Aunque no son necesarios cuando se conduce un veh\u00edculo cerrado, tambi\u00e9n ayuda que los motoristas lleven ropa reflectante y casco mientras viajan.<\/p>\n<p>En comparaci\u00f3n con los conductores de veh\u00edculos de motor, los motoristas deben ser adem\u00e1s m\u00e1s conscientes de las condiciones de la carretera que pueden encontrarse. Como viajan sobre dos ruedas en lugar de cuatro, es m\u00e1s f\u00e1cil que pierdan el control del veh\u00edculo en condiciones desfavorables.<\/p>\n<p>En Colorado Springs, una medida preventiva que todos los conductores deben tomar es mantener el control de su veh\u00edculo de forma segura sin importar el clima. Ya sea reduciendo la velocidad cuando las carreteras est\u00e1n cubiertas de nieve o hielo, circulando a menor velocidad o dejando una mayor distancia entre ellos y los dem\u00e1s veh\u00edculos, los motoristas deben ser conscientes de las condiciones meteorol\u00f3gicas y modificar su comportamiento en consecuencia.<\/p>\n<h3>Posiciones Recomendadas en la Carretera para Motociclistas de Colorado Springs<\/h3>\n<p>En lo que se refiere al derecho de paso y a mantener su carril, las mismas <a href=\"https:\/\/springslawgroup.com\/es\/colorado-springs-abogado-de-accidente-de-motocicleta\/leyes-para-motociclistas-en-colorado-springs\/\">leyes de<\/a> tr\u00e1fico que se aplican a los coches y camiones tambi\u00e9n se aplican a los motoristas. Sin embargo, dado que las motocicletas son m\u00e1s dif\u00edciles de ver que los t\u00edpicos coches de cercan\u00edas, los motoristas deben ser siempre conscientes, por su propia seguridad, de que no pueden ser vistos desde el punto ciego tan f\u00e1cilmente como un veh\u00edculo m\u00e1s grande.<\/p>\n<p>Por esta raz\u00f3n, un motorista suele estar m\u00e1s seguro si circula detr\u00e1s del lado del conductor de otros coches, para poder ser visto m\u00e1s f\u00e1cilmente por los espejos laterales y retrovisores. Esa parte de la carretera tambi\u00e9n suele tener menos aceite, gravilla, arena y agua de lluvia, lo que mejora la tracci\u00f3n. Sin embargo, en caso de tr\u00e1fico denso, los motoristas pueden alternar entre las v\u00edas izquierda y derecha para atraer la atenci\u00f3n de otros conductores, siempre que puedan hacerlo de forma segura respetando los \u00e1ngulos muertos de los dem\u00e1s conductores.<\/p>\n<h2>Medidas Proactivas a Tomar Despu\u00e9s de un Accidente en Colorado Springs<\/h2>\n<p>Lo primero que debe hacer una persona <a href=\"https:\/\/springslawgroup.com\/es\/colorado-springs-abogado-de-accidente-de-motocicleta\/que-hacer-despues-de-un-accidente-de-motocicleta-en-colorado-springs\/\">tras un accidente de moto<\/a> es asegurarse de que est\u00e1 a salvo. Si se produce un accidente de moto en medio de la carretera, el motorista debe apartarse de la calzada y llamar a las fuerzas del orden.<\/p>\n<p>Resulta especialmente \u00fatil contar con la presencia de las fuerzas del orden en el lugar de los hechos si la parte perjudicada desea posteriormente determinar la culpa civil. Las fuerzas del orden pueden llevar a cabo una investigaci\u00f3n neutral para garantizar que el reclamo subsiguiente no sea la palabra del perjudicado contra la del otro conductor, lo que facilita la determinaci\u00f3n objetiva de la culpa.<\/p>\n<p>Otra medida de seguridad que los motociclistas de Colorado Springs deben tomar es anotar en alg\u00fan lugar su grupo sangu\u00edneo, informaci\u00f3n m\u00e9dica, alergias y contactos de emergencia en caso de accidente. Si est\u00e1n inconscientes tras un accidente, esta informaci\u00f3n permite a los equipos de emergencia proporcionarles la atenci\u00f3n que necesitan.<\/p>\n<h3>\u00bfDeben Llevar los Motoristas una C\u00e1mara en el Casco?<\/h3>\n<p>Si la c\u00e1mara est\u00e1 conectada de forma segura y funciona correctamente, las im\u00e1genes de un accidente pueden ayudar a demostrar que la culpa es de otra persona. Adem\u00e1s, si alguien dice que el motorista hizo algo mal, tener un v\u00eddeo que demuestre lo contrario podr\u00eda ayudar a reforzar su reclamo.<\/p>\n<p>La desventaja potencial de esto es que si un motorista lesionado no entiende lo que ocurri\u00f3 en su accidente o minti\u00f3 al respecto, las pruebas de video pueden contradecir su versi\u00f3n del suceso. Dicho esto, siempre que un motorista se abstenga de hacer denuncias falsas, una c\u00e1mara de video que est\u00e9 correctamente instalada y operativa es un beneficio para ellos y para el p\u00fablico.<\/p>\n<h2>Contacte a los Abogados de Colorado Springs para Aprender m\u00e1s sobre la Prevenci\u00f3n de Accidentes de Motocicleta<\/h2>\n<p>Observar comportamientos seguros puede ayudar mucho a prevenir accidentes de motocicleta en Colorado Springs, pero desafortunadamente, ning\u00fan m\u00e9todo es infalible. Si acaba lesionado por la conducta negligente de otra persona, puede que no le quede m\u00e1s remedio que presentar una demanda si quiere resarcirse por los da\u00f1os sufridos.<\/p>\n<p>En este caso, la ayuda de un abogado experto en accidentes de motocicleta puede resultar inestimable. Si usted cree que puede tener un caso, llame hoy para programar una consulta y comenzar a explorar sus opciones legales.<\/p>\n","protected":false},"excerpt":{"rendered":"<p>Una de las medidas de seguridad m\u00e1s importantes que la gente puede tomar para prevenir accidentes de motocicleta en Colorado&nbsp;<a class=\"moretag\" href=\"https:\/\/springslawgroup.com\/es\/colorado-springs-abogado-de-accidente-de-motocicleta\/seguridad-y-medidas-preventivas-en-accidentes-de-motocicleta-en-colorado-springs\/\"> Read More&#8230;<\/a><\/p>\n","protected":false},"author":32,"featured_media":0,"parent":16695,"menu_order":0,"comment_status":"closed","ping_status":"closed","template":"landingpage.php","meta":{"_acf_changed":false,"inline_featured_image":false,"footnotes":""},"categories":[],"tags":[],"class_list":["post-16315","page","type-page","status-publish","hentry"],"acf":{"key_takeaways":null,"_litigation_personal_injury_contents_new":{"_litigation_personal_injury_title_new":"","_litigation_personal_injury_discription_new":"","_litigation_personal_injury_discription_new_copy":"","_litigation_video_url_new":"","add_button":false},"_header_sub_header_content_new":null,"_litigation_frequently_asked_questions_new":null,"lawsuit_updates":null,"_litigation_related_posts_relation":null,"acf-references":""},"_links":{"self":[{"href":"https:\/\/springslawgroup.com\/es\/wp-json\/wp\/v2\/pages\/16315","targetHints":{"allow":["GET"]}}],"collection":[{"href":"https:\/\/springslawgroup.com\/es\/wp-json\/wp\/v2\/pages"}],"about":[{"href":"https:\/\/springslawgroup.com\/es\/wp-json\/wp\/v2\/types\/page"}],"author":[{"embeddable":true,"href":"https:\/\/springslawgroup.com\/es\/wp-json\/wp\/v2\/users\/32"}],"replies":[{"embeddable":true,"href":"https:\/\/springslawgroup.com\/es\/wp-json\/wp\/v2\/comments?post=16315"}],"version-history":[{"count":3,"href":"https:\/\/springslawgroup.com\/es\/wp-json\/wp\/v2\/pages\/16315\/revisions"}],"predecessor-version":[{"id":18057,"href":"https:\/\/springslawgroup.com\/es\/wp-json\/wp\/v2\/pages\/16315\/revisions\/18057"}],"up":[{"embeddable":true,"href":"https:\/\/springslawgroup.com\/es\/wp-json\/wp\/v2\/pages\/16695"}],"wp:attachment":[{"href":"https:\/\/springslawgroup.com\/es\/wp-json\/wp\/v2\/media?parent=16315"}],"wp:term":[{"taxonomy":"category","embeddable":true,"href":"https:\/\/springslawgroup.com\/es\/wp-json\/wp\/v2\/categories?post=16315"},{"taxonomy":"post_tag","embeddable":true,"href":"https:\/\/springslawgroup.com\/es\/wp-json\/wp\/v2\/tags?post=16315"}],"curies":[{"name":"wp","href":"https:\/\/api.w.org\/{rel}","templated":true}]}}