{"id":16314,"date":"2020-06-09T15:30:05","date_gmt":"2020-06-09T22:30:05","guid":{"rendered":"https:\/\/springs.flywheelstaging.com\/la-solucion-de-un-caso-de-accidente-de-coche-en-colorado-springs\/"},"modified":"2023-10-20T13:50:54","modified_gmt":"2023-10-20T20:50:54","slug":"la-solucion-de-un-caso-de-accidente-de-coche-en-colorado-springs","status":"publish","type":"page","link":"https:\/\/springslawgroup.com\/es\/colorado-springs-abogado-de-accidente-de-auto\/la-solucion-de-un-caso-de-accidente-de-coche-en-colorado-springs\/","title":{"rendered":"Arreglar un Caso de Accidente de Coche en Colorado Springs"},"content":{"rendered":"<p>Un acuerdo es una forma de resolver un caso sin llegar a un litigio o juicio. Por el contrario, los resultados de mutuo acuerdo son el resultado de una discusi\u00f3n entre el perjudicado y la parte culpable.<\/p>\n<p>Hay que examinar muchos factores para analizar la oferta u ofertas presentadas durante la negociaci\u00f3n del acuerdo, incluidas las coberturas del seguro y los l\u00edmites de la p\u00f3liza, las facturas m\u00e9dicas, los gastos m\u00e9dicos futuros, el dolor y el sufrimiento, y los salarios perdidos. Un <a href=\"https:\/\/springslawgroup.com\/es\/colorado-springs-car-accident-lawyer-5\/\">abogado<\/a> bien informado podr\u00eda trabajar con un individuo para negociar un acuerdo justo al resolver un caso de accidente de coche en Colorado Springs.<\/p>\n<h2>Qu\u00e9 Llevar a la Consulta Inicial<\/h2>\n<p>Una persona lesionada debe llevar tanto informaci\u00f3n como preguntas a la consulta inicial con un abogado especializado en accidentes de tr\u00e1fico. Esta informaci\u00f3n debe incluir datos sobre el accidente, informaci\u00f3n sobre el seguro, documentaci\u00f3n sobre cualquier <a href=\"https:\/\/springslawgroup.com\/es\/colorado-springs-abogado-de-accidente-de-auto\/tratamiento-medico-despues-de-un-accidente-de-coche-en-colorado-springs\/\">tratamiento m\u00e9dico<\/a> recibido en el lugar del accidente, declaraciones de testigos, fotos y el informe policial si est\u00e1 disponible.<\/p>\n<p>Las preguntas que debe hacer un demandante son espec\u00edficas de la situaci\u00f3n y, por lo general, deben estar relacionadas con el proceso del caso. El \u00abproceso\u00bb en este contexto puede incluir tanto el proceso de conciliaci\u00f3n como el litigio, as\u00ed como los honorarios del abogado y los roles de todas las partes involucradas en el caso del accidente automovil\u00edstico de la parte lesionada.<\/p>\n<h2>Decidir Si Llegar a un Acuerdo o No<\/h2>\n<p>En Colorado Springs, es siempre la decisi\u00f3n del demandante si quieren tratar de resolver su caso de accidente de coche o llevarlo a un juicio con jurado. Un abogado puede ofrecer orientaci\u00f3n y asesoramiento, pero la decisi\u00f3n final de llegar a un acuerdo o ir a juicio corresponde siempre al demandante.<\/p>\n<p>A menudo, las razones de una persona para llegar a un acuerdo en lugar de ir a juicio son personales; por ejemplo, puede que simplemente necesite fondos cuanto antes. Tambi\u00e9n podr\u00eda ser una decisi\u00f3n emocional, basada en la sensaci\u00f3n de que quieren que el proceso del caso termine y no quieren seguir adelante con un juicio largo y prolongado.<\/p>\n<p>Sin embargo, una de las razones m\u00e1s comunes para rechazar una oferta de acuerdo de la compa\u00f1\u00eda de seguros del conductor culpable es porque acepta una indemnizaci\u00f3n baja o injusta. Desgraciadamente, las compa\u00f1\u00edas de seguros casi siempre ofrecen precios bajos a los demandantes al principio de los casos, especialmente si no tienen representaci\u00f3n legal.<\/p>\n<h2>El Proceso de Arreglo en Colorado Springs<\/h2>\n<p>El proceso de liquidaci\u00f3n para un caso de accidente de coche en Colorado Springs comienza con la parte da\u00f1ada que presenta un paquete de la demanda al portador de seguro del conductor culpable. El paquete de demanda tendr\u00e1 los registros m\u00e9dicos y facturas del cliente y har\u00e1 una \u00abdemanda de acuerdo\u00bb. Esa demanda debe ser una cifra cuantitativa en d\u00f3lares que tenga en cuenta todas las p\u00e9rdidas econ\u00f3micas y no econ\u00f3micas.<\/p>\n<p>As\u00ed comienza el proceso de negociaci\u00f3n. Durante las negociaciones, las partes van y vienen hasta que llegan a un acuerdo. No siempre se llega a un acuerdo, pero el objetivo de la negociaci\u00f3n es intentar alcanzar una cantidad justa y evitar un juicio con jurado.<\/p>\n<h2>C\u00f3mo un Abogado Podr\u00eda Ayudar a Resolver un Caso de Accidente de Coche en Colorado Springs<\/h2>\n<p>Un abogado experimentado podr\u00eda ayudar a alguien que busca resolver un caso de accidente de coche en Colorado Springs, centr\u00e1ndose en los hechos del caso y no en las emociones. Por lo general, los perjudicados van a estar emocionados, pero un abogado puede desentenderse de la situaci\u00f3n y centrarse en los hechos del caso y en el objetivo final de <a href=\"https:\/\/springslawgroup.com\/es\/colorado-springs-abogado-de-accidente-de-auto\/danos-recuperables-despues-de-un-accidente-de-coche-en-colorado-springs\/\">obtener una indemnizaci\u00f3n.<\/a><\/p>\n<p>Adem\u00e1s, muchos abogados experimentados han entablado relaciones con peritos de seguros y abogados de la parte contraria, lo que puede ser de gran ayuda a la hora de llegar a un acuerdo. Para saber c\u00f3mo un abogado experimentado podr\u00eda ayudarle con su caso, llame hoy mismo.<\/p>\n","protected":false},"excerpt":{"rendered":"<p>Un acuerdo es una forma de resolver un caso sin llegar a un litigio o juicio. Por el contrario, los&nbsp;<a class=\"moretag\" href=\"https:\/\/springslawgroup.com\/es\/colorado-springs-abogado-de-accidente-de-auto\/la-solucion-de-un-caso-de-accidente-de-coche-en-colorado-springs\/\"> Read More&#8230;<\/a><\/p>\n","protected":false},"author":32,"featured_media":0,"parent":16694,"menu_order":0,"comment_status":"closed","ping_status":"closed","template":"landingpage.php","meta":{"_acf_changed":false,"inline_featured_image":false,"footnotes":""},"categories":[],"tags":[],"class_list":["post-16314","page","type-page","status-publish","hentry"],"acf":{"key_takeaways":null,"_litigation_personal_injury_contents_new":{"_litigation_personal_injury_title_new":"","_litigation_personal_injury_discription_new":"","_litigation_personal_injury_discription_new_copy":"","_litigation_video_url_new":"","add_button":false},"_header_sub_header_content_new":null,"_litigation_frequently_asked_questions_new":null,"lawsuit_updates":null,"_litigation_related_posts_relation":null,"acf-references":""},"_links":{"self":[{"href":"https:\/\/springslawgroup.com\/es\/wp-json\/wp\/v2\/pages\/16314","targetHints":{"allow":["GET"]}}],"collection":[{"href":"https:\/\/springslawgroup.com\/es\/wp-json\/wp\/v2\/pages"}],"about":[{"href":"https:\/\/springslawgroup.com\/es\/wp-json\/wp\/v2\/types\/page"}],"author":[{"embeddable":true,"href":"https:\/\/springslawgroup.com\/es\/wp-json\/wp\/v2\/users\/32"}],"replies":[{"embeddable":true,"href":"https:\/\/springslawgroup.com\/es\/wp-json\/wp\/v2\/comments?post=16314"}],"version-history":[{"count":3,"href":"https:\/\/springslawgroup.com\/es\/wp-json\/wp\/v2\/pages\/16314\/revisions"}],"predecessor-version":[{"id":18020,"href":"https:\/\/springslawgroup.com\/es\/wp-json\/wp\/v2\/pages\/16314\/revisions\/18020"}],"up":[{"embeddable":true,"href":"https:\/\/springslawgroup.com\/es\/wp-json\/wp\/v2\/pages\/16694"}],"wp:attachment":[{"href":"https:\/\/springslawgroup.com\/es\/wp-json\/wp\/v2\/media?parent=16314"}],"wp:term":[{"taxonomy":"category","embeddable":true,"href":"https:\/\/springslawgroup.com\/es\/wp-json\/wp\/v2\/categories?post=16314"},{"taxonomy":"post_tag","embeddable":true,"href":"https:\/\/springslawgroup.com\/es\/wp-json\/wp\/v2\/tags?post=16314"}],"curies":[{"name":"wp","href":"https:\/\/api.w.org\/{rel}","templated":true}]}}