{"id":16313,"date":"2020-08-31T15:34:35","date_gmt":"2020-08-31T22:34:35","guid":{"rendered":"https:\/\/springs.flywheelstaging.com\/accidentes-de-escalera-en-colorado-springs\/"},"modified":"2023-10-20T14:20:21","modified_gmt":"2023-10-20T21:20:21","slug":"accidentes-de-escalera-en-colorado-springs","status":"publish","type":"page","link":"https:\/\/springslawgroup.com\/es\/colorado-springs-resbalon-y-caida-abogado\/accidentes-de-escalera-en-colorado-springs\/","title":{"rendered":"Accidentes de Escalera en Colorado Springs"},"content":{"rendered":"<p>Las escaleras pueden volverse peligrosas si no se cuidan adecuadamente. Aunque esto parece obvio para la mayor\u00eda de nosotros, por desgracia demasiados propietarios y empresas no mantienen sus escaleras razonablemente seguras. Esto significa que demasiadas personas inocentes tropiezan y se caen en las escaleras, y sufren graves lesiones como consecuencia de ello. Afortunadamente, nuestros <a href=\"https:\/\/springslawgroup.com\/es\/colorado-springs-resbalon-y-caida-abogado\/\">abogados de resbalones y ca\u00eddas<\/a> podr\u00edan ayudarle a presentar un reclamo de indemnizaci\u00f3n si usted tuvo un accidente de escaleras en la propiedad de otra persona en Colorado Springs.<\/p>\n<p>Sabemos c\u00f3mo elaborar una demanda que ayude a los perjudicados a recuperar la indemnizaci\u00f3n que necesitan tras un accidente por resbal\u00f3n y ca\u00edda. Esto incluye trabajar con expertos m\u00e9dicos y de ingenier\u00eda para demostrar los da\u00f1os y establecer la responsabilidad contra un terrateniente o empresario negligente. No tiene por qu\u00e9 enfrentarse solo al confuso proceso legal. Nuestro atento equipo est\u00e1 aqu\u00ed para ayudarle a que pueda centrarse en su recuperaci\u00f3n f\u00edsica.<\/p>\n<h2>\u00bfC\u00f3mo se Producen los Accidentes de Escalera?<\/h2>\n<p>Estos incidentes suelen ser innecesarios y evitables si el propietario, inquilino, arrendatario u otra persona mantiene sus instalaciones razonablemente seguras. Aun as\u00ed, hay muchas formas en que una persona puede sufrir lesiones graves por caerse por las escaleras. Algunas de las causas m\u00e1s comunes de accidentes de escaleras en Colorado Springs incluyen:<\/p>\n<ul>\n<li>Escaleras rotas<\/li>\n<li>Sin pasamanos<\/li>\n<li>Iluminaci\u00f3n tenue o inadecuada<\/li>\n<li>Acumulaci\u00f3n de <a href=\"https:\/\/springslawgroup.com\/es\/colorado-springs-resbalon-y-caida-abogado\/accidentes-del-resbalon-y-de-la-caida-que-implican-nieve-o-hielo-en-colorado-springs\/\">nieve y hielo<\/a> (para escaleras exteriores)<\/li>\n<li>Barandilla rota<\/li>\n<li>Escaleras irregulares<\/li>\n<li>Sin aterrizaje o con un aterrizaje peque\u00f1o<\/li>\n<li>Escombros acumulados como suciedad, piedras o basura<\/li>\n<li>Escaleras de madera pintada sin bandas de fricci\u00f3n<\/li>\n<li>Escaleras mojadas o resbaladizas<\/li>\n<\/ul>\n<p>Un abogado experto podr\u00eda ayudar a alguien a preparar un reclamo basado en la causa de su accidente.<\/p>\n<h2>Responsabilidad por Caerse por las Escaleras en Colorado Springs<\/h2>\n<p>El propietario de un inmueble o negocio debe mantener sus instalaciones en condiciones razonablemente seguras dadas las circunstancias. Esto significa que deben mantener sus instalaciones libres de condiciones peligrosas y solucionar cualquier peligro potencial en un plazo de tiempo razonable. Si un propietario no puede arreglar inmediatamente un peligro, como una escalera rota, debe advertir a todos los hu\u00e9spedes de esta condici\u00f3n insegura en su propiedad. Siempre que sea posible, el propietario de un terreno o de un negocio debe hacer que los hu\u00e9spedes eviten una condici\u00f3n potencialmente peligrosa o defectuosa en su propiedad. Por ejemplo, si falta una barandilla en una escalera, el propietario debe impedir el uso de ese tramo.<\/p>\n<p>Por lo tanto, si una persona resbala y se cae por el hueco de una escalera, y el propietario del terreno o del negocio conoc\u00eda o deber\u00eda haber conocido el estado de la misma, la parte perjudicada puede tener derecho a una indemnizaci\u00f3n en virtud de la legislaci\u00f3n estatal.<\/p>\n<h2>Pida a Nuestros Abogados de Colorado Springs Ayuda luego de un Accidente de Escalera<\/h2>\n<p>Si usted o un ser querido tuvo un accidente de escalera en Colorado Springs dentro de la propiedad de otro, usted puede tener derecho a una indemnizaci\u00f3n por sus lesiones graves, incluyendo dolor y sufrimiento, salarios perdidos, facturas m\u00e9dicas, y cualquier otro gasto debido al accidente. Solicite a Springs Law Group una consulta gratuita para saber c\u00f3mo podr\u00edamos ayudarle a luchar por su derecho a una indemnizaci\u00f3n conforme a la ley estatal. P\u00f3ngase en contacto con nosotros hoy mismo para saber c\u00f3mo podr\u00edamos ayudarle con su caso.<\/p>\n","protected":false},"excerpt":{"rendered":"<p>Las escaleras pueden volverse peligrosas si no se cuidan adecuadamente. Aunque esto parece obvio para la mayor\u00eda de nosotros, por&nbsp;<a class=\"moretag\" href=\"https:\/\/springslawgroup.com\/es\/colorado-springs-resbalon-y-caida-abogado\/accidentes-de-escalera-en-colorado-springs\/\"> Read More&#8230;<\/a><\/p>\n","protected":false},"author":32,"featured_media":0,"parent":16698,"menu_order":0,"comment_status":"closed","ping_status":"closed","template":"landingpage.php","meta":{"_acf_changed":false,"inline_featured_image":false,"footnotes":""},"categories":[],"tags":[],"class_list":["post-16313","page","type-page","status-publish","hentry"],"acf":{"key_takeaways":null,"_litigation_personal_injury_contents_new":{"_litigation_personal_injury_title_new":"","_litigation_personal_injury_discription_new":"","_litigation_personal_injury_discription_new_copy":"","_litigation_video_url_new":"","add_button":false},"_header_sub_header_content_new":null,"_litigation_frequently_asked_questions_new":null,"lawsuit_updates":null,"_litigation_related_posts_relation":null,"acf-references":""},"_links":{"self":[{"href":"https:\/\/springslawgroup.com\/es\/wp-json\/wp\/v2\/pages\/16313","targetHints":{"allow":["GET"]}}],"collection":[{"href":"https:\/\/springslawgroup.com\/es\/wp-json\/wp\/v2\/pages"}],"about":[{"href":"https:\/\/springslawgroup.com\/es\/wp-json\/wp\/v2\/types\/page"}],"author":[{"embeddable":true,"href":"https:\/\/springslawgroup.com\/es\/wp-json\/wp\/v2\/users\/32"}],"replies":[{"embeddable":true,"href":"https:\/\/springslawgroup.com\/es\/wp-json\/wp\/v2\/comments?post=16313"}],"version-history":[{"count":3,"href":"https:\/\/springslawgroup.com\/es\/wp-json\/wp\/v2\/pages\/16313\/revisions"}],"predecessor-version":[{"id":18070,"href":"https:\/\/springslawgroup.com\/es\/wp-json\/wp\/v2\/pages\/16313\/revisions\/18070"}],"up":[{"embeddable":true,"href":"https:\/\/springslawgroup.com\/es\/wp-json\/wp\/v2\/pages\/16698"}],"wp:attachment":[{"href":"https:\/\/springslawgroup.com\/es\/wp-json\/wp\/v2\/media?parent=16313"}],"wp:term":[{"taxonomy":"category","embeddable":true,"href":"https:\/\/springslawgroup.com\/es\/wp-json\/wp\/v2\/categories?post=16313"},{"taxonomy":"post_tag","embeddable":true,"href":"https:\/\/springslawgroup.com\/es\/wp-json\/wp\/v2\/tags?post=16313"}],"curies":[{"name":"wp","href":"https:\/\/api.w.org\/{rel}","templated":true}]}}