{"id":16312,"date":"2020-06-10T13:29:27","date_gmt":"2020-06-10T20:29:27","guid":{"rendered":"https:\/\/springs.flywheelstaging.com\/leyes-de-trafico-para-motociclistas-en-pueblo\/"},"modified":"2023-10-20T14:14:25","modified_gmt":"2023-10-20T21:14:25","slug":"leyes-de-trafico-para-motociclistas-en-pueblo","status":"publish","type":"page","link":"https:\/\/springslawgroup.com\/es\/pueblo-abogado-de-lesiones-personales\/abogado-de-accidentes-de-motocicleta-en-pueblo\/leyes-de-trafico-para-motociclistas-en-pueblo\/","title":{"rendered":"Leyes de Tr\u00e1fico para Motociclistas en Pueblo"},"content":{"rendered":"<p>En Pueblo, las leyes de tr\u00e1fico se aplican a los motociclistas de la misma manera que se aplican a otros conductores que utilizan las v\u00edas p\u00fablicas. Las \u00fanicas leyes que son espec\u00edficas para los motoristas son las normativas exclusivas para el manejo de una motocicleta, como las leyes sobre el casco y las aprobaciones del casco.<\/p>\n<p>Por lo dem\u00e1s, todas las normas relativas a las pautas de circulaci\u00f3n, los sem\u00e1foros, el ceda el paso y otros comportamientos al volante se aplican por igual a las motocicletas y a los dem\u00e1s veh\u00edculos de motor que circulan por las carreteras. Sin embargo, conocer las leyes espec\u00edficas aplicables a los motoristas, as\u00ed como la forma de respetar las leyes de tr\u00e1fico universales mientras se conduce, puede ser importante para mitigar el riesgo de un <a href=\"https:\/\/springslawgroup.com\/es\/pueblo-abogado-de-lesiones-personales\/abogado-de-accidentes-de-motocicleta-en-pueblo\/\">accidente grave.<\/a><\/p>\n<h2>La Importancia de Respetar las Normas de Tr\u00e1fico al Conducir una Motocicleta<\/h2>\n<p>La raz\u00f3n m\u00e1s importante por la que un motociclista debe seguir las leyes de tr\u00e1fico en Pueblo es que las motocicletas son m\u00e1s dif\u00edciles de ver que el t\u00edpico coche de cercan\u00edas. Por ello, los motoristas deben asegurarse de no circular por lugares en los que otros conductores no puedan verlos ni adoptar comportamientos de riesgo con el mismo resultado. Por ejemplo, los motociclistas no deben circular entre carriles, o desviarse del carril, para adelantar a varios veh\u00edculos a la vez.<\/p>\n<p>Dicho esto, aunque conducir de forma segura y mantener la visibilidad es una buena decisi\u00f3n para un motorista en t\u00e9rminos de su salud y seguridad, ser especialmente cuidadoso no es algo que la ley exija espec\u00edficamente a los motoristas. Los agentes de tr\u00e1fico en Pueblo hacen cumplir las infracciones de tr\u00e1fico contra los motociclistas de la misma manera que hacen cumplir otras infracciones de tr\u00e1fico contra los conductores en la v\u00eda p\u00fablica.<\/p>\n<h2>El Impacto que las Infracciones de Tr\u00e1fico Pueden Tener en los Casos Civiles<\/h2>\n<p>En Colorado, cuando alguien tiene parte de culpa en un accidente, el grado de culpa puede reducir sus da\u00f1os, independientemente de si conduc\u00eda un coche, una moto o un cami\u00f3n. Por lo tanto, si alguien tiene un 25 por ciento de culpa en un accidente, s\u00f3lo podr\u00e1 recuperar el 75 por ciento del total de sus da\u00f1os.<\/p>\n<p>Sin embargo, es importante se\u00f1alar que, con arreglo a la legislaci\u00f3n estatal, los da\u00f1os y perjuicios del demandante s\u00f3lo se reducen al 50%. Si la culpa del demandante es del 50% o m\u00e1s, no puede obtener indemnizaci\u00f3n alguna.<\/p>\n<p>Por ello, las compa\u00f1\u00edas de seguros pueden ser agresivas a la hora de atribuir la culpa a los demandantes lesionados en un intento de reducir la cantidad que tienen que pagar. Por ejemplo, si alguien que conduce una motocicleta atraviesa una intersecci\u00f3n y un conductor gira a la izquierda delante de \u00e9l y le golpea, la compa\u00f1\u00eda de seguros del conductor culpable puede alegar que el motorista deber\u00eda haber visto venir el veh\u00edculo o que atraves\u00f3 la intersecci\u00f3n demasiado r\u00e1pido. Su objetivo es pagar al motorista el menor dinero posible, por lo que resulta \u00fatil la representaci\u00f3n de un abogado experto en accidentes de moto.<\/p>\n<h2>Entender las Nuevas Leyes de Motocicleta en Pueblo<\/h2>\n<p>Cuando una ley de tr\u00e1fico que se aplica a la operaci\u00f3n de una motocicleta cambia, la polic\u00eda local no est\u00e1 obligada a anunciar los cambios. Un motociclista debe conocer la ley cuando est\u00e1n operando un veh\u00edculo de motor en Colorado.<\/p>\n<p>Las personas en Pueblo que buscan mantenerse al d\u00eda sobre las nuevas leyes de motocicletas que podr\u00edan afectarles pueden comprobar los cambios en la ley a trav\u00e9s de la p\u00e1gina web del Secretario de Estado de Colorado o la p\u00e1gina web del gobierno estatal. Los medios de comunicaci\u00f3n son otras buenas fuentes.<\/p>\n<h2>Seguir las Leyes de Tr\u00e1fico de Pueblo Puede ser Crucial para un Caso de Accidente de Motocicleta<\/h2>\n<p>Una de las mejores maneras para que un motociclista en Pueblo evite complicar su demanda por accidente es seguir todas las leyes de tr\u00e1fico aplicables. Aunque llevar casco no es obligatorio por ley, s\u00ed lo es respetar las mismas normas que los conductores normales.<\/p>\n<p>Conocer las normas que se le aplican como motorista puede ayudarle a evitar accidentes y, en caso de que ocurra uno, a tener m\u00e1s argumentos para reclamar una indemnizaci\u00f3n. P\u00f3ngase en contacto con un abogado experto en accidentes de motocicleta si tiene alguna duda sobre qu\u00e9 normas y reglamentos pueden ser relevantes para usted o su caso.<\/p>\n","protected":false},"excerpt":{"rendered":"<p>En Pueblo, las leyes de tr\u00e1fico se aplican a los motociclistas de la misma manera que se aplican a otros&nbsp;<a class=\"moretag\" href=\"https:\/\/springslawgroup.com\/es\/pueblo-abogado-de-lesiones-personales\/abogado-de-accidentes-de-motocicleta-en-pueblo\/leyes-de-trafico-para-motociclistas-en-pueblo\/\"> Read More&#8230;<\/a><\/p>\n","protected":false},"author":32,"featured_media":0,"parent":16997,"menu_order":0,"comment_status":"closed","ping_status":"closed","template":"landingpage.php","meta":{"_acf_changed":false,"inline_featured_image":false,"footnotes":""},"categories":[],"tags":[],"class_list":["post-16312","page","type-page","status-publish","hentry"],"acf":{"key_takeaways":null,"_litigation_personal_injury_contents_new":{"_litigation_personal_injury_title_new":"","_litigation_personal_injury_discription_new":"","_litigation_personal_injury_discription_new_copy":"","_litigation_video_url_new":"","add_button":false},"_header_sub_header_content_new":null,"_litigation_frequently_asked_questions_new":null,"lawsuit_updates":null,"_litigation_related_posts_relation":null,"acf-references":""},"_links":{"self":[{"href":"https:\/\/springslawgroup.com\/es\/wp-json\/wp\/v2\/pages\/16312","targetHints":{"allow":["GET"]}}],"collection":[{"href":"https:\/\/springslawgroup.com\/es\/wp-json\/wp\/v2\/pages"}],"about":[{"href":"https:\/\/springslawgroup.com\/es\/wp-json\/wp\/v2\/types\/page"}],"author":[{"embeddable":true,"href":"https:\/\/springslawgroup.com\/es\/wp-json\/wp\/v2\/users\/32"}],"replies":[{"embeddable":true,"href":"https:\/\/springslawgroup.com\/es\/wp-json\/wp\/v2\/comments?post=16312"}],"version-history":[{"count":2,"href":"https:\/\/springslawgroup.com\/es\/wp-json\/wp\/v2\/pages\/16312\/revisions"}],"predecessor-version":[{"id":18055,"href":"https:\/\/springslawgroup.com\/es\/wp-json\/wp\/v2\/pages\/16312\/revisions\/18055"}],"up":[{"embeddable":true,"href":"https:\/\/springslawgroup.com\/es\/wp-json\/wp\/v2\/pages\/16997"}],"wp:attachment":[{"href":"https:\/\/springslawgroup.com\/es\/wp-json\/wp\/v2\/media?parent=16312"}],"wp:term":[{"taxonomy":"category","embeddable":true,"href":"https:\/\/springslawgroup.com\/es\/wp-json\/wp\/v2\/categories?post=16312"},{"taxonomy":"post_tag","embeddable":true,"href":"https:\/\/springslawgroup.com\/es\/wp-json\/wp\/v2\/tags?post=16312"}],"curies":[{"name":"wp","href":"https:\/\/api.w.org\/{rel}","templated":true}]}}