{"id":16310,"date":"2020-06-11T14:12:11","date_gmt":"2020-06-11T21:12:11","guid":{"rendered":"https:\/\/springs.flywheelstaging.com\/fort-carson-abogado-de-accidente-de-camion\/"},"modified":"2023-09-01T07:09:40","modified_gmt":"2023-09-01T14:09:40","slug":"fort-carson-abogado-de-accidente-de-camion","status":"publish","type":"page","link":"https:\/\/springslawgroup.com\/es\/fort-carson-lesiones-personales\/fort-carson-abogado-de-accidente-de-camion\/","title":{"rendered":"Abogado especializado en accidentes de cami\u00f3n de Fort Carson"},"content":{"rendered":"<p>Los camiones comerciales pueden ser algunos de los veh\u00edculos m\u00e1s peligrosos de la carretera. Estos veh\u00edculos de gran tama\u00f1o pueden aplastar a un autom\u00f3vil promedio sin mucha fuerza. Por eso, los ocupantes de autom\u00f3viles m\u00e1s peque\u00f1os corren un mayor riesgo de sufrir lesiones catastr\u00f3ficas en caso de choque con un cami\u00f3n. Si se involucr\u00f3 en un accidente con un semirremolque, debe reclamar una indemnizaci\u00f3n por todas sus p\u00e9rdidas.<\/p>\n<p>Sin embargo, negociar con grandes empresas de transporte por carretera en un caso de lesiones personales puede ser intimidante. Por suerte, un abogado experto en accidentes de cami\u00f3n de Fort Carson podr\u00eda ayudarle a enfrentarlas y obtener la compensaci\u00f3n que necesita. Hablar con un <a href=\"https:\/\/springslawgroup.com\/es\/fort-carson-lesiones-personales\/\">abogado especializado en lesiones personales<\/a> en nuestro estudio podr\u00eda mejorar las posibilidades de \u00e9xito de su demanda.<\/p>\n<h2>\u00bfQui\u00e9nes son las posibles partes negligentes en un accidente de cami\u00f3n?<\/h2>\n<p>En algunos casos, la responsabilidad por un accidente de cami\u00f3n puede determinarse con facilidad. Si el conductor de un cami\u00f3n circula con exceso de velocidad, ignora las se\u00f1ales de tr\u00e1fico o conduce de forma imprudente, lo m\u00e1s probable es que sea la principal parte negligente en un accidente. Sin embargo, tambi\u00e9n puede ser posible presentar una demanda contra el empleador del camionero por no mantener pr\u00e1cticas seguras de contrataci\u00f3n ni de formaci\u00f3n. Seg\u00fan la doctrina de la <em>responsabilidad indirecta<\/em>, los empleadores pueden considerarse responsables del accionar de sus empleados en el trabajo.<\/p>\n<p>Si la empresa oblig\u00f3 a un conductor a ignorar la normativa federal en relaci\u00f3n con las horas de conducci\u00f3n y los periodos de descanso, este empleador tambi\u00e9n podr\u00eda tener responsabilidad directa del accidente. Adem\u00e1s, una empresa fabricante podr\u00eda ser negligente si un fallo mec\u00e1nico caus\u00f3 el accidente. Un abogado local podr\u00eda trabajar con la parte lesionada para identificar a la parte o partes responsables en su caso de accidente de cami\u00f3n y litigar en consecuencia.<\/p>\n<h2>Posibles obst\u00e1culos para la recuperaci\u00f3n civil en Fort Carson<\/h2>\n<p>Dadas las graves lesiones que pueden causar los accidentes de cami\u00f3n, es importante que los demandantes reclamen una indemnizaci\u00f3n por las p\u00e9rdidas econ\u00f3micas y no econ\u00f3micas pasadas y futuras. Sin embargo, hay varias leyes estatales que pueden obstaculizar los esfuerzos de alguien para recuperar los da\u00f1os.<\/p>\n<h3>Negligencia comparativa<\/h3>\n<p>El <a href=\"https:\/\/advance.lexis.com\/documentpage\/?pdmfid=1000516&amp;crid=4292ea4c-f5e5-4254-abc1-7aec01cb7d25&amp;config=014FJAAyNGJkY2Y4Zi1mNjgyLTRkN2YtYmE4OS03NTYzNzYzOTg0OGEKAFBvZENhdGFsb2d592qv2Kywlf8caKqYROP5&amp;pddocfullpath=%2Fshared%2Fdocument%2Fstatutes-legislation%2Furn%3AcontentItem%3A5YWF-4WB1-JFSV-G3XC-00008-00&amp;pdcontentcomponentid=234176&amp;pdteaserkey=sr0&amp;pditab=allpods&amp;ecomp=f5w_kkk&amp;earg=sr0&amp;prid=04a212f6-3c94-48c8-b2b7-4ea84fff71b4\" target=\"_blank\" rel=\"noopener\">art\u00edculo 13-21-111 de los C.R.S.<\/a> proh\u00edbe a los demandantes cobrar una indemnizaci\u00f3n si tienen el 50% o m\u00e1s de la culpa de su accidente. Este estatuto tambi\u00e9n permite a los tribunales reducir proporcionalmente la indemnizaci\u00f3n total por da\u00f1os y perjuicios de un demandante si su responsabilidad es inferior al 50%.<\/p>\n<h3>L\u00edmite de da\u00f1os<\/h3>\n<p>Seg\u00fan <a href=\"https:\/\/advance.lexis.com\/documentpage\/?pdmfid=1000516&amp;crid=1aeb19ba-0787-4bcf-b48d-d8882192856d&amp;config=014FJAAyNGJkY2Y4Zi1mNjgyLTRkN2YtYmE4OS03NTYzNzYzOTg0OGEKAFBvZENhdGFsb2d592qv2Kywlf8caKqYROP5&amp;pddocfullpath=%2Fshared%2Fdocument%2Fstatutes-legislation%2Furn%3AcontentItem%3A5YWF-4WG1-JC5P-G44T-00008-00&amp;pdcontentcomponentid=234176&amp;pdteaserkey=sr0&amp;pditab=allpods&amp;ecomp=f5w_kkk&amp;earg=sr0&amp;prid=3e73d8d3-4651-4782-9478-f48684f73ce0\" target=\"_blank\" rel=\"noopener\">el art\u00edculo \u00a713-21-102.5 de los C.R.S.<\/a>, tambi\u00e9n existe un l\u00edmite en la cuant\u00eda que un demandante puede recuperar por da\u00f1os no econ\u00f3micos. A partir del 1 de enero de 2020, el l\u00edmite para la mayor\u00eda de los casos es de 613.760 d\u00f3lares. En caso de p\u00e9rdidas graves, este l\u00edmite puede elevarse a 1.227.530 d\u00f3lares.<\/p>\n<h3>\u00bfCu\u00e1l es el plazo de prescripci\u00f3n de un caso de accidente de cami\u00f3n?<\/h3>\n<p>Hay un plazo de presentaci\u00f3n para cada caso civil relacionado con un accidente automovil\u00edstico. De acuerdo con <a href=\"https:\/\/advance.lexis.com\/documentpage\/?pdmfid=1000516&amp;crid=28223e8c-91f7-4965-83f7-f28e2643f597&amp;config=014FJAAyNGJkY2Y4Zi1mNjgyLTRkN2YtYmE4OS03NTYzNzYzOTg0OGEKAFBvZENhdGFsb2d592qv2Kywlf8caKqYROP5&amp;pddocfullpath=%2Fshared%2Fdocument%2Fstatutes-legislation%2Furn%3AcontentItem%3A5YWF-4WD1-FCSB-S28F-00008-00&amp;pdcontentcomponentid=234176&amp;pdteaserkey=sr0&amp;pditab=allpods&amp;ecomp=f5w_kkk&amp;earg=sr0&amp;prid=67548d8e-aa1a-45d1-933f-69da561b6496\" target=\"_blank\" rel=\"noopener\">el art\u00edculo \u00a713-80-101 de los Estatutos Revisados de Colorado<\/a>, por lo general, alguien que se lesion\u00f3 en un accidente de cami\u00f3n tiene tres a\u00f1os a partir de la fecha del accidente para presentar su reclamo de indemnizaci\u00f3n. Un abogado diligente en la zona podr\u00eda ayudar a la parte lesionada a sortear estos posibles obst\u00e1culos al presentar un caso de accidente de semirremolque.<\/p>\n<h2>Contacte hoy mismo a un abogado especializado en accidentes de cami\u00f3n de Fort Carson<\/h2>\n<p>El proceso de presentaci\u00f3n de una demanda civil es largo y complicado. Es posible que sea dif\u00edcil pasar por todo este proceso sin ayuda. Sin embargo, si contrata a un asesor jur\u00eddico cualificado, podr\u00eda estar en mejores condiciones para reclamar la indemnizaci\u00f3n que necesita y conseguir una recuperaci\u00f3n econ\u00f3mica completa.<\/p>\n<p>Un abogado especializado en accidentes de cami\u00f3n de Fort Carson podr\u00eda ser un aliado en su lucha por justicia. Llame hoy mismo a nuestras oficinas y programe una consulta inicial.<\/p>\n","protected":false},"excerpt":{"rendered":"<p>Los camiones comerciales pueden ser algunos de los veh\u00edculos m\u00e1s peligrosos de la carretera. Estos veh\u00edculos de gran tama\u00f1o pueden&nbsp;<a class=\"moretag\" href=\"https:\/\/springslawgroup.com\/es\/fort-carson-lesiones-personales\/fort-carson-abogado-de-accidente-de-camion\/\"> Read More&#8230;<\/a><\/p>\n","protected":false},"author":32,"featured_media":0,"parent":16343,"menu_order":0,"comment_status":"closed","ping_status":"closed","template":"landingpage.php","meta":{"_acf_changed":false,"inline_featured_image":false,"footnotes":""},"categories":[],"tags":[],"class_list":["post-16310","page","type-page","status-publish","hentry"],"acf":{"key_takeaways":null,"_litigation_personal_injury_contents_new":{"_litigation_personal_injury_title_new":"","_litigation_personal_injury_discription_new":"","_litigation_personal_injury_discription_new_copy":"","_litigation_video_url_new":"","add_button":false},"_header_sub_header_content_new":null,"_litigation_frequently_asked_questions_new":null,"lawsuit_updates":null,"_litigation_related_posts_relation":null,"acf-references":""},"_links":{"self":[{"href":"https:\/\/springslawgroup.com\/es\/wp-json\/wp\/v2\/pages\/16310","targetHints":{"allow":["GET"]}}],"collection":[{"href":"https:\/\/springslawgroup.com\/es\/wp-json\/wp\/v2\/pages"}],"about":[{"href":"https:\/\/springslawgroup.com\/es\/wp-json\/wp\/v2\/types\/page"}],"author":[{"embeddable":true,"href":"https:\/\/springslawgroup.com\/es\/wp-json\/wp\/v2\/users\/32"}],"replies":[{"embeddable":true,"href":"https:\/\/springslawgroup.com\/es\/wp-json\/wp\/v2\/comments?post=16310"}],"version-history":[{"count":3,"href":"https:\/\/springslawgroup.com\/es\/wp-json\/wp\/v2\/pages\/16310\/revisions"}],"predecessor-version":[{"id":17229,"href":"https:\/\/springslawgroup.com\/es\/wp-json\/wp\/v2\/pages\/16310\/revisions\/17229"}],"up":[{"embeddable":true,"href":"https:\/\/springslawgroup.com\/es\/wp-json\/wp\/v2\/pages\/16343"}],"wp:attachment":[{"href":"https:\/\/springslawgroup.com\/es\/wp-json\/wp\/v2\/media?parent=16310"}],"wp:term":[{"taxonomy":"category","embeddable":true,"href":"https:\/\/springslawgroup.com\/es\/wp-json\/wp\/v2\/categories?post=16310"},{"taxonomy":"post_tag","embeddable":true,"href":"https:\/\/springslawgroup.com\/es\/wp-json\/wp\/v2\/tags?post=16310"}],"curies":[{"name":"wp","href":"https:\/\/api.w.org\/{rel}","templated":true}]}}