{"id":16308,"date":"2020-09-25T15:30:36","date_gmt":"2020-09-25T22:30:36","guid":{"rendered":"https:\/\/springs.flywheelstaging.com\/seguridad-y-medidas-preventivas-para-los-accidentes-de-bicicleta-en-colorado-springs\/"},"modified":"2023-10-20T13:46:54","modified_gmt":"2023-10-20T20:46:54","slug":"seguridad-y-medidas-preventivas-para-los-accidentes-de-bicicleta-en-colorado-springs","status":"publish","type":"page","link":"https:\/\/springslawgroup.com\/es\/abogado-de-accidentes-de-bicicleta-en-colorado-springs\/seguridad-y-medidas-preventivas-para-los-accidentes-de-bicicleta-en-colorado-springs\/","title":{"rendered":"Seguridad y Medidas Preventivas para los Accidentes de Bicicleta en Colorado Springs"},"content":{"rendered":"<p>Hay varias medidas de seguridad y preventivas que los ciclistas pueden tomar para evitar un accidente de bicicleta en Colorado Springs. Algunas precauciones que pueden tomar los ciclistas son asegurarse de que su bicicleta es del tama\u00f1o adecuado para ellos y respetar las leyes de tr\u00e1fico. Los ciclistas tambi\u00e9n deben realizar un mantenimiento adecuado de su bicicleta, asegurarse de que los neum\u00e1ticos est\u00e1n en buen estado y de que los frenos funcionan correctamente. Por \u00faltimo, los motoristas deben asegurarse de llevar ropa adecuada y casco. A pesar de tomar estas precauciones, algunos accidentes son inevitables. Por lo tanto, si usted estuvo en un accidente grave mientras conduc\u00eda su bicicleta, p\u00f3ngase en contacto con nuestros <a href=\"https:\/\/springslawgroup.com\/es\/abogado-de-accidentes-de-bicicleta-en-colorado-springs\/\">abogados<\/a> dedicados.<\/p>\n<h2>\u00bfCu\u00e1les Son Las Leyes De Tr\u00e1fico Para Los Ciclistas En Colorado Springs?<\/h2>\n<p>Una de las medidas de seguridad m\u00e1s importantes que un ciclista en Colorado Springs puede tomar para evitar un accidente es seguir todas las <a href=\"https:\/\/springslawgroup.com\/es\/abogado-de-accidentes-de-bicicleta-en-colorado-springs\/leyes-para-ciclistas-en-colorado-springs\/\">leyes de tr\u00e1fico.<\/a> De acuerdo con la ley estatal, toda persona que conduzca una bicicleta en una calzada debe circular lo m\u00e1s cerca posible del lado derecho de la calzada, excepto cuando se disponga a girar a la izquierda en una intersecci\u00f3n o hacia una calzada o entrada privada.<\/p>\n<p>Adem\u00e1s, las se\u00f1ales de mano deben utilizarse como se\u00f1ales de giro y de parada. Hay muchos recursos en Internet que ense\u00f1an a los conductores a utilizar correctamente las se\u00f1ales manuales. Es importante se\u00f1alar que el hecho de que un ciclista retire la mano para se\u00f1alar su pr\u00f3ximo movimiento no se considera una pr\u00e1ctica ciclista insegura. En cualquier otro momento fuera de la se\u00f1alizaci\u00f3n, ambas manos deben estar en los manillares de la bicicleta.<\/p>\n<p>El conocimiento es poder. Cuando los ciclistas conocen las leyes del estado, son capaces de tomar decisiones mientras conducen sin hacer conjeturas. Si un ciclista tiene que adivinar y no est\u00e1 concentrado en la conducci\u00f3n, en \u00faltima instancia se convierte en un ciclista distra\u00eddo.<\/p>\n<h2>Precauciones Que Pueden Tomar Otros Conductores Para Evitar Un Accidente<\/h2>\n<p>Quien conduce un coche o un cami\u00f3n debe asegurarse de que respeta las leyes de tr\u00e1fico. Por ello, los veh\u00edculos de motor deben dejar un metro de espacio al adelantar a una bicicleta. Adem\u00e1s, los automovilistas deben conducir teniendo en cuenta a quienes les rodean, incluidos los ciclistas.<\/p>\n<h2>\u00bfC\u00f3mo Se Pueden Evitar Lesiones Graves Con El Uso Del Casco?<\/h2>\n<p>No existe ninguna ley estatal que obligue a los ciclistas a llevar casco cuando montan en bicicleta, sin embargo, siempre se recomienda que los ciclistas lleven casco para protegerse de <a href=\"https:\/\/springslawgroup.com\/es\/abogado-de-accidentes-de-bicicleta-en-colorado-springs\/lesiones-por-accidente-de-bicicleta-en-colorado-springs\/\">lesiones<\/a> graves en la cabeza.<\/p>\n<p>Aunque no existe una ley que exija el uso del casco, se podr\u00eda argumentar que llevarlo habr\u00eda evitado ciertas lesiones en la cabeza. Por lo tanto, recomendamos a quienes montan en bicicleta que lleven casco, no s\u00f3lo para evitar lesiones, sino tambi\u00e9n para favorecer su caso en caso de accidente.<\/p>\n<h2>Medidas De Seguridad Tras Un Accidente De Bicicleta<\/h2>\n<p>Si se lesiona, el ciclista debe acudir a un centro de urgencias o a un hospital y buscar el tratamiento adecuado, que puede ser desde fisioterapia hasta cirug\u00eda quiropr\u00e1ctica si el accidente es grave. Los ciclistas deben llevar siempre consigo su documento de identidad. Adem\u00e1s, los ciclistas deben llevar consigo informaci\u00f3n m\u00e9dica y sus datos de contacto en caso de accidente.<\/p>\n<h2>P\u00f3ngase en Contacto con un Abogado para Obtener M\u00e1s Informaci\u00f3n sobre Seguridad y Medidas Preventivas para los Accidentes de Bicicleta en Colorado Springs<\/h2>\n<p>Las diversas medidas de seguridad y preventivas que un ciclista podr\u00eda tomar para evitar un accidente de bicicleta en Colorado Springs puede no ser suficiente en algunas situaciones. Si te has visto implicado en un accidente de bicicleta, ponte en contacto con nuestro equipo hoy mismo. Podr\u00edamos revisar tu caso y argumentar que tomaste todas las precauciones para evitar una colisi\u00f3n<\/p>\n","protected":false},"excerpt":{"rendered":"<p>Hay varias medidas de seguridad y preventivas que los ciclistas pueden tomar para evitar un accidente de bicicleta en Colorado&nbsp;<a class=\"moretag\" href=\"https:\/\/springslawgroup.com\/es\/abogado-de-accidentes-de-bicicleta-en-colorado-springs\/seguridad-y-medidas-preventivas-para-los-accidentes-de-bicicleta-en-colorado-springs\/\"> Read More&#8230;<\/a><\/p>\n","protected":false},"author":32,"featured_media":0,"parent":16681,"menu_order":0,"comment_status":"closed","ping_status":"closed","template":"landingpage.php","meta":{"_acf_changed":false,"inline_featured_image":false,"footnotes":""},"categories":[],"tags":[],"class_list":["post-16308","page","type-page","status-publish","hentry"],"acf":{"key_takeaways":null,"_litigation_personal_injury_contents_new":{"_litigation_personal_injury_title_new":"","_litigation_personal_injury_discription_new":"","_litigation_personal_injury_discription_new_copy":"","_litigation_video_url_new":"","add_button":false},"_header_sub_header_content_new":null,"_litigation_frequently_asked_questions_new":null,"lawsuit_updates":null,"_litigation_related_posts_relation":null,"acf-references":""},"_links":{"self":[{"href":"https:\/\/springslawgroup.com\/es\/wp-json\/wp\/v2\/pages\/16308","targetHints":{"allow":["GET"]}}],"collection":[{"href":"https:\/\/springslawgroup.com\/es\/wp-json\/wp\/v2\/pages"}],"about":[{"href":"https:\/\/springslawgroup.com\/es\/wp-json\/wp\/v2\/types\/page"}],"author":[{"embeddable":true,"href":"https:\/\/springslawgroup.com\/es\/wp-json\/wp\/v2\/users\/32"}],"replies":[{"embeddable":true,"href":"https:\/\/springslawgroup.com\/es\/wp-json\/wp\/v2\/comments?post=16308"}],"version-history":[{"count":4,"href":"https:\/\/springslawgroup.com\/es\/wp-json\/wp\/v2\/pages\/16308\/revisions"}],"predecessor-version":[{"id":18011,"href":"https:\/\/springslawgroup.com\/es\/wp-json\/wp\/v2\/pages\/16308\/revisions\/18011"}],"up":[{"embeddable":true,"href":"https:\/\/springslawgroup.com\/es\/wp-json\/wp\/v2\/pages\/16681"}],"wp:attachment":[{"href":"https:\/\/springslawgroup.com\/es\/wp-json\/wp\/v2\/media?parent=16308"}],"wp:term":[{"taxonomy":"category","embeddable":true,"href":"https:\/\/springslawgroup.com\/es\/wp-json\/wp\/v2\/categories?post=16308"},{"taxonomy":"post_tag","embeddable":true,"href":"https:\/\/springslawgroup.com\/es\/wp-json\/wp\/v2\/tags?post=16308"}],"curies":[{"name":"wp","href":"https:\/\/api.w.org\/{rel}","templated":true}]}}