{"id":16307,"date":"2020-06-15T14:50:07","date_gmt":"2020-06-15T21:50:07","guid":{"rendered":"https:\/\/springs.flywheelstaging.com\/abogado-de-lesiones-catastroficas-de-fort-carson\/"},"modified":"2023-09-01T07:08:52","modified_gmt":"2023-09-01T14:08:52","slug":"abogado-de-lesiones-catastroficas-de-fort-carson","status":"publish","type":"page","link":"https:\/\/springslawgroup.com\/es\/fort-carson-lesiones-personales\/abogado-de-lesiones-catastroficas-de-fort-carson\/","title":{"rendered":"Abogado especializado en lesiones catastr\u00f3ficas de Fort Carson"},"content":{"rendered":"<p>Cualquier <a href=\"https:\/\/springslawgroup.com\/es\/fort-carson-lesiones-personales\/\">lesi\u00f3n personal<\/a> puede arruinar sus planes para el futuro, pero las lesiones catastr\u00f3ficas son especialmente devastadoras. Cuando alguien resulta gravemente herido en un accidente, suele necesitar costosos cuidados m\u00e9dicos para el resto de su vida.<\/p>\n<p>Si sufri\u00f3 lesiones catastr\u00f3ficas por la negligencia de otra persona, podr\u00eda tomar acciones legales. La contrataci\u00f3n de un abogado con experiencia en lesiones catastr\u00f3ficas de Fort Carson podr\u00eda aumentar sus posibilidades de recibir una indemnizaci\u00f3n por sus p\u00e9rdidas.<\/p>\n<h2>\u00bfQu\u00e9 hace que una lesi\u00f3n sea \u00abcatastr\u00f3fica\u00bb?<\/h2>\n<p>Por lesi\u00f3n \u00abcatastr\u00f3fica\u00bb se entiende, por lo general, a la que tiene efectos permanentes y debilitantes. En otras palabras, una persona que sufre lesiones catastr\u00f3ficas puede no ser capaz de volver a su estado f\u00edsico anterior al accidente. Este tipo de lesiones limitan significativamente la movilidad f\u00edsica, la funci\u00f3n cognitiva o la capacidad para mantener un empleo.<\/p>\n<p>Algunos ejemplos de lesiones catastr\u00f3ficas son los siguientes:<\/p>\n<ul>\n<li>P\u00e9rdida de un miembro del cuerpo<\/li>\n<li>P\u00e9rdida significativa de la capacidad sensorial<\/li>\n<li>Da\u00f1os graves en uno o varios \u00f3rganos internos<\/li>\n<li>Par\u00e1lisis total o parcial<\/li>\n<li>Traumatismo craneoencef\u00e1lico (TCE)<\/li>\n<\/ul>\n<p>Un abogado local podr\u00eda ayudar a la parte lesionada a determinar si una demanda por lesiones catastr\u00f3ficas es apropiada seg\u00fan su situaci\u00f3n.<\/p>\n<h2>Recuperaci\u00f3n de da\u00f1os monetarios en Fort Carson<\/h2>\n<p>Las demandas por lesiones personales deben tener en cuenta tanto las p\u00e9rdidas a corto como a largo plazo. Los da\u00f1os econ\u00f3micos en las demandas por lesiones catastr\u00f3ficas podr\u00edan cubrir todos los gastos m\u00e9dicos pasados y futuros y los salarios perdidos. Los da\u00f1os no econ\u00f3micos en estos casos pueden incluir lo siguiente:<\/p>\n<ul>\n<li>Dolor y sufrimiento<\/li>\n<li>P\u00e9rdida del disfrute de la vida<\/li>\n<li>P\u00e9rdida del apoyo conyugal<\/li>\n<li>Da\u00f1os relacionados con una incapacidad permanente o desfiguraci\u00f3n<\/li>\n<\/ul>\n<h3>Culpa parcial en un caso de lesiones personales<\/h3>\n<p>Como en la mayor\u00eda de los casos civiles, el demandante puede sufrir la reducci\u00f3n de su indemnizaci\u00f3n si se le considera parcialmente responsable del accidente. De acuerdo con el <a href=\"https:\/\/advance.lexis.com\/documentpage\/?pdmfid=1000516&amp;crid=3d78224c-5886-49ee-ae7a-0812e8d2a192&amp;config=014FJAAyNGJkY2Y4Zi1mNjgyLTRkN2YtYmE4OS03NTYzNzYzOTg0OGEKAFBvZENhdGFsb2d592qv2Kywlf8caKqYROP5&amp;pddocfullpath=%2Fshared%2Fdocument%2Fstatutes-legislation%2Furn%3AcontentItem%3A5YWF-4WB1-JFSV-G3XC-00008-00&amp;pdcontentcomponentid=234176&amp;pdteaserkey=sr0&amp;pditab=allpods&amp;ecomp=f5w_kkk&amp;earg=sr0&amp;prid=c6474b36-2c2e-450a-b0d5-eb66f764d144\" target=\"_blank\" rel=\"noopener\">art\u00edculo 13-21-111 de los C. R. S.<\/a>, un demandante que tenga m\u00e1s del 50% de culpa por su accidente no podr\u00e1 obtener una indemnizaci\u00f3n por da\u00f1os y perjuicios. Adem\u00e1s, el tribunal puede reducir proporcionalmente la indemnizaci\u00f3n del demandante en funci\u00f3n del porcentaje de culpa que se le atribuya.<\/p>\n<h3>\u00bfExisten l\u00edmites de indemnizaci\u00f3n en casos de lesiones catastr\u00f3ficas?<\/h3>\n<p>Existen l\u00edmites a la cuant\u00eda de los da\u00f1os y perjuicios que puede recibir un demandante, aunque no sea culpable. A partir del 1 de enero de 2020, el <a href=\"https:\/\/advance.lexis.com\/documentpage\/?pdmfid=1000516&amp;crid=10b30e68-9962-4d7b-8a25-9d6e118fb013&amp;pdistocdocslideraccess=true&amp;config=014FJAAyNGJkY2Y4Zi1mNjgyLTRkN2YtYmE4OS03NTYzNzYzOTg0OGEKAFBvZENhdGFsb2d592qv2Kywlf8caKqYROP5&amp;pddocfullpath=%2Fshared%2Fdocument%2Fstatutes-legislation%2Furn%3AcontentItem%3A5YWF-4WG1-JC5P-G44T-00008-00&amp;pdcomponentid=234177&amp;pdtocnodeidentifier=AANAAHAABAABAAD&amp;ecomp=y3_dkkk&amp;prid=3ade4cbf-8d50-4f42-b8c7-3d15af89adef\" target=\"_blank\" rel=\"noopener\">art\u00edculo \u00a713-21-102.5 de los Estatutos Revisados de Colorado<\/a> establece que el l\u00edmite de da\u00f1os es de 613.760 d\u00f3lares para la mayor\u00eda de las lesiones. Sin embargo, este l\u00edmite puede aumentar hasta un m\u00e1ximo de 1.227.530 d\u00f3lares si existen \u00abpruebas claras y convincentes\u00bb de da\u00f1os catastr\u00f3ficos. Un abogado experto de la zona podr\u00eda ayudar a un perjudicado a obtener una indemnizaci\u00f3n justa por todas sus lesiones catastr\u00f3ficas.<\/p>\n<h2>Contacte a un abogado especializado en lesiones catastr\u00f3ficas de Fort Carson<\/h2>\n<p>Si hace poco sufri\u00f3 una lesi\u00f3n permanente en un accidente, es probable que est\u00e9 lidiando con una enorme cantidad de dolor f\u00edsico, angustia emocional y estr\u00e9s financiero. Presentar una demanda por lesiones personales podr\u00eda ayudarle a obtener la indemnizaci\u00f3n que necesita para su recuperaci\u00f3n, pero no debe intentar llevar el caso sin ayuda.<\/p>\n<p>Recurrir a asistencia jur\u00eddica podr\u00eda garantizarle una mejor posici\u00f3n para tener \u00e9xito con su demanda. Los abogados especializados en lesiones catastr\u00f3ficas de Fort Carson de nuestro estudio podr\u00edan trabajar incansablemente para apoyarle a lo largo de su caso. Llame hoy mismo, programe una cita y hable con un abogado sobre su situaci\u00f3n.<\/p>\n","protected":false},"excerpt":{"rendered":"<p>Cualquier lesi\u00f3n personal puede arruinar sus planes para el futuro, pero las lesiones catastr\u00f3ficas son especialmente devastadoras. Cuando alguien resulta&nbsp;<a class=\"moretag\" href=\"https:\/\/springslawgroup.com\/es\/fort-carson-lesiones-personales\/abogado-de-lesiones-catastroficas-de-fort-carson\/\"> Read More&#8230;<\/a><\/p>\n","protected":false},"author":32,"featured_media":0,"parent":16343,"menu_order":0,"comment_status":"closed","ping_status":"closed","template":"landingpage.php","meta":{"_acf_changed":false,"inline_featured_image":false,"footnotes":""},"categories":[],"tags":[],"class_list":["post-16307","page","type-page","status-publish","hentry"],"acf":{"key_takeaways":null,"_litigation_personal_injury_contents_new":{"_litigation_personal_injury_title_new":"","_litigation_personal_injury_discription_new":"","_litigation_personal_injury_discription_new_copy":"","_litigation_video_url_new":"","add_button":false},"_header_sub_header_content_new":null,"_litigation_frequently_asked_questions_new":null,"lawsuit_updates":null,"_litigation_related_posts_relation":null,"acf-references":""},"_links":{"self":[{"href":"https:\/\/springslawgroup.com\/es\/wp-json\/wp\/v2\/pages\/16307","targetHints":{"allow":["GET"]}}],"collection":[{"href":"https:\/\/springslawgroup.com\/es\/wp-json\/wp\/v2\/pages"}],"about":[{"href":"https:\/\/springslawgroup.com\/es\/wp-json\/wp\/v2\/types\/page"}],"author":[{"embeddable":true,"href":"https:\/\/springslawgroup.com\/es\/wp-json\/wp\/v2\/users\/32"}],"replies":[{"embeddable":true,"href":"https:\/\/springslawgroup.com\/es\/wp-json\/wp\/v2\/comments?post=16307"}],"version-history":[{"count":2,"href":"https:\/\/springslawgroup.com\/es\/wp-json\/wp\/v2\/pages\/16307\/revisions"}],"predecessor-version":[{"id":17115,"href":"https:\/\/springslawgroup.com\/es\/wp-json\/wp\/v2\/pages\/16307\/revisions\/17115"}],"up":[{"embeddable":true,"href":"https:\/\/springslawgroup.com\/es\/wp-json\/wp\/v2\/pages\/16343"}],"wp:attachment":[{"href":"https:\/\/springslawgroup.com\/es\/wp-json\/wp\/v2\/media?parent=16307"}],"wp:term":[{"taxonomy":"category","embeddable":true,"href":"https:\/\/springslawgroup.com\/es\/wp-json\/wp\/v2\/categories?post=16307"},{"taxonomy":"post_tag","embeddable":true,"href":"https:\/\/springslawgroup.com\/es\/wp-json\/wp\/v2\/tags?post=16307"}],"curies":[{"name":"wp","href":"https:\/\/api.w.org\/{rel}","templated":true}]}}